{"id":1109,"date":"2013-03-29T12:20:10","date_gmt":"2013-03-29T11:20:10","guid":{"rendered":"http:\/\/www.capenergie.fr\/catalogue\/?page_id=1109"},"modified":"2021-03-12T11:06:01","modified_gmt":"2021-03-12T10:06:01","slug":"borne-de-recharge-pour-vehicule-electrique","status":"publish","type":"page","link":"http:\/\/dev.capenergie.fr\/catalogue\/borne-de-recharge-pour-vehicule-electrique.html","title":{"rendered":"Borne de recharge pour v\u00e9hicule \u00e9lectrique"},"content":{"rendered":"<p><img decoding=\"async\" alt=\"Borne de recharge pour v\u00e9hicule \u00e9lectrique\" src=\"http:\/\/images.capenergie.fr\/produit\/mobilite-electrique\/borne-vehicule-electrique.jpg\" class=\"alignleft\" width=\"125\" height=\"125\" \/><\/p>\n<p><strong>Cap Energie propose une gamme compl\u00e8te de <a href=\"\/\" title=\"Borne de recharge pour v\u00e9hicule \u00e9lectrique\">borne de recharge pour v\u00e9hicule \u00e9lectrique<\/a> et de Carports photovolta\u00efques pour assurer l&rsquo;approvisionnement d&rsquo;\u00e9nergie pour les voitures \u00e9lectrique.<\/strong><br \/> <br \/>\nDu simple boitier int\u00e9rieur ou ext\u00e9rieur pour particulier \u00e0 la borne de voirie avec gestion mon\u00e9tique, Cap Energie offre un ensemble de solutions compl\u00e8tes de <strong>borne de recharge pour v\u00e9hicule \u00e9lectrique<\/strong> avec l&rsquo;ensemble des types de prise et <a href=\"http:\/\/pdf.capenergie.fr\/voiture-electrique\/evlink-mode-de-charge.pdf\">mode de charge<\/a> selon les normes actuelles. Outre la connectique et la gestion de recharge, Capenergie distributeur photovolta\u00efque depuis de longues ann\u00e9es offre des solutions de production pour le parc automobile \u00e9lectrique de particuliers comme pour les professionnels avec des <a href=\"http:\/\/www.capenergie.fr\/catalogue\/carport-photovoltaique.html\" title=\"carports photovolta\u00efques\">carports photovolta\u00efques<\/a> haute fiabilit\u00e9 con\u00e7u par de  grandes marques du solaire.<\/p>\n<h2>La prime pour l&rsquo;installation d&rsquo;une borne de recharge<\/h2>\n<p>Sont \u00e9ligibles \u00e0 la prime du programme  ADVENIR allant jusqu&rsquo;\u00e0 50% :<\/p>\n<ul>\n<li>les bornes de recharge implant\u00e9s sur le parc de stationnement d&rsquo;une entreprise, accessibles aux salari\u00e9s et aux flottes de v\u00e9hicules<\/li>\n<li>les bornes de recharge accessibles au public implant\u00e9s sur des espaces priv\u00e9s (parc de stationnement de b\u00e2timents commerciaux, services publics, parking en ouvrage\u2026)<\/li>\n<li>les bornes de recharge implant\u00e9s en logement collectif, individuels ou collectifs, via les particuliers, les bailleurs sociaux, les administrateurs ou les propri\u00e9taires et co-propri\u00e9taires priv\u00e9s<\/li>\n<\/ul>\n<p>Toutes les informations relatives \u00e0 cette prime du programme ADVENIR sur <a href=\"http:\/\/www.avere-france.org\/Site\/Article\/?article_id=6469\" target=\"_blank\" rel=\"noopener noreferrer\">Avere France<br \/>\n<\/a><br \/>\nInformations concernant le <a href=\"https:\/\/advenir.mobi\/deposer-une-demande\/\">d\u00e9pot d&rsquo; une demande de prime ADVENIR<\/a>.<\/p>\n<h3>A t\u00e9l\u00e9charger<\/h3>\n<p>Le <a href=\"https:\/\/advenir.mobi\/wp-content\/uploads\/2020\/07\/ADVENIR-Tutoriel-installateur_compressed.pdf\" target=\"_blank\" rel=\"noopener noreferrer\">Guide Installateurs  D\u00e9poser une demande de labellisation d\u2019offre  commerciale et\/ou une demande de prime <\/a><\/p>\n<p>  A consulter en bas de page, les documentations relatives aux diff\u00e9rents crit\u00e8res de s\u00e9lection de la <strong>borne de recharge pour voiture \u00e9lectrique<\/strong>, des diff\u00e9rents types de prise et modes de charge, des diff\u00e9rents modes de supervision et communication, et autres brochures&#8230;<\/p>\n<h2>La gamme de borne de recharge pour v\u00e9hicule \u00e9lectrique<\/h2>\n<p><a href=\"http:\/\/pdf.capenergie.fr\/voiture-electrique\/evlink.pdf\" title=\"evlink\" target=\"_blank\" rel=\"noopener noreferrer\"><\/a><\/p>\n<p><a href=\"http:\/\/pdf.capenergie.fr\/voiture-electrique\/evlink.pdf\" title=\"evlink\" target=\"_blank\" rel=\"noopener noreferrer\"><\/p>\n<div id=\"doc-pdf\"><\/div>\n<p><\/a><\/p>\n<p><a href=\"https:\/\/www.document.schneider-electric.fr\/catalog\/evlink\/index.htm#page\/1\" title=\"evlink\" target=\"_blank\" rel=\"noopener noreferrer\">Catalogue EVlink<\/a><\/p>\n<p><?php\n  include(\"includes\/tablo-evlink.php\");\n  ?><\/p>\n<div align=\"center\" class=\"butt-prod1\" id=\"butt\">\n\t\t\t<a href=\"http:\/\/borne-de-recharge.net\/\" target=\"_blank\" title=\"borne de recharge Schneider\" rel=\"noopener noreferrer\">D\u00e9couvrir nos bornes de recharge<\/a>\n<\/div>\n<div style=\"clear:both\">&nbsp;<\/div>\n<h2>Les Diff\u00e9rents type de recharge pour v\u00e9hicule \u00e9lectrique<\/h2>\n<p>La gamme de <strong>borne de recharge pour v\u00e9hicule \u00e9lectrique<\/strong> Cap Energie propose les 3 types de charge existant sur le march\u00e9 :<br \/>\n  &#8226; Charge Normale<br \/>\n  &#8226; Charge Semi-rapide<br \/>\n&#8226; Charge Rapide<\/p>\n<p>Le temps de charge selon le type de <strong>recharge pour v\u00e9hicule \u00e9lectrique<\/strong> varie de 30 minutes pour la charge rapide \u00e0 6 heures pour la charge normale. <\/p>\n<h4>Simulez le temps de charge de votre v\u00e9hicule<\/h4>\n<p>Le site automobile-propre propose un simulateur de temps de charge par mod\u00e8le de v\u00e9hicule sur ce <a href=\"https:\/\/www.automobile-propre.com\/simulateur-temps-de-recharge-voiture-electrique\/jaguar-f-pace-hybride-rechargeable\/\" target=\"_blank\" rel=\"noopener\">lien<\/a>. Le temps de charge de la voiture, les puissances de recharge accept\u00e9es par le v\u00e9hicule&#8230;tout y est.\n<\/p>\n<h2>Les Diff\u00e9rents mode de recharge pour v\u00e9hicule \u00e9lectrique<\/h2>\n<p>La gamme de <strong>borne de recharge pour v\u00e9hicule \u00e9lectrique<\/strong> Cap Energie propose les 4 modes de charge existant sur le march\u00e9 allant du mode de charge muni d&rsquo;une prise non d\u00e9di\u00e9e sans contr\u00f4le de charge au mode de charge le plus sophistiqu\u00e9 avec dispositif de contr\u00f4le et protection int\u00e9gr\u00e9e \u00e0 l\u2019infrastructure et Convertisseur AC \/ DC externe&#8230;<\/p>\n<h3>Sch\u00e9ma des diff\u00e9rents mode de charge d\u00e9di\u00e9e au borne de recharge pour v\u00e9hicule \u00e9lectrique<\/h3>\n<p><img decoding=\"async\" src=\"http:\/\/images.capenergie.fr\/produit\/mobilite-electrique\/mode-borne-de-recharge-pour-vehicule-electrique.jpg\" width=\"100%\"><\/p>\n<h2>Professionnels et Administration, identification et facturation<\/h2>\n<p>Cap Energie propose de nombreuses solutions d&rsquo;identification et paiement pour les abonnements aux diff\u00e9rents type de <strong>borne de recharge pour v\u00e9hicule \u00e9lectrique<\/strong> comme les monnayeurs, les terminaux de paiement par Carte Bancaire, service SMS, syst\u00e8me badges NFC, digicode, clefs et serveur vocale de gestion interactive.<\/p>\n<h2>Les Diff\u00e9rents type de prise de recharge pour v\u00e9hicule \u00e9lectrique<\/h2>\n<p>La gamme de <strong>borne de recharge pour v\u00e9hicule \u00e9lectrique<\/strong> Capenergie propose des prises allant d&rsquo;une puissance de 3 \u00e0 50 Kw offrant la possibilit\u00e9 d&rsquo;utilis\u00e9 les 4 modes de charges propos\u00e9s dans le sch\u00e9ma ci-dessus. L&rsquo;ensemble des prises pour <a href=\"http:\/\/www.chic-et-viril.com\/automobile.html\" title=\"automobile\" target=\"_blank\" rel=\"noopener noreferrer\">automobile<\/a> \u00e9lectrique propos\u00e9es respecte la Norme CEI 62 196-2 de marque Yazaki, Mennekes&#8230;<\/p>\n<p><img decoding=\"async\" src=\"http:\/\/images.capenergie.fr\/produit\/mobilite-electrique\/prise-vehicule-electrique.jpg\" width=\"100%\"><\/p>\n<h2>Les Diff\u00e9rentes Bornes de Recharge pour v\u00e9hicule \u00e9lectrique<\/h2>\n<p>Merci de bien vouloir nous contacter via ce <a href=\"http:\/\/www.capenergie.fr\/catalogue\/contact.html\" target=\"_blank\" rel=\"noopener noreferrer\">formulaire de contact<\/a> pour obtenir le listing des derni\u00e8res g\u00e9n\u00e9rations de bornes de recharge <\/p>\n<div align=\"center\" class=\"butt-prod1\" id=\"butt\">\n\t\t\t<a href=\"http:\/\/borne-de-recharge.net\/\" target=\"_blank\" title=\"borne de recharge Schneider\" rel=\"noopener noreferrer\">D\u00e9couvrir nos bornes de recharge<\/a>\n<\/div>\n<div style=\"clear:both\">&nbsp;<\/div>\n<h2>Documentation techniques<\/h2>\n<table id=\"tab-list-prod\" width=\"100%%\" border=\"0\">\n<tr id=\"rang-prod\">\n<td>\n   \t\t  <a href=\"http:\/\/pdf.capenergie.fr\/voiture-electrique\/evlink-guide-2021.pdf\" title=\"Borne de recharge EVLink\" target=\"_blank\" rel=\"noopener noreferrer\"><\/p>\n<div id=\"doc-pdf\"><\/div>\n<p>\t  Guide Borne de recharge EVLink<\/a><\/td>\n<\/tr>\n<tr id=\"rang-prod\">\n<td>\n   \t\t  <a href=\"http:\/\/pdf.capenergie.fr\/voiture-electrique\/evlink-criteres-de-selection.pdf\" title=\"Crit\u00e8res de s\u00e9lection d'une borne de recharge EVLink\" target=\"_blank\" rel=\"noopener noreferrer\"><\/p>\n<div id=\"doc-pdf\"><\/div>\n<p>\t\t  Crit\u00e8res de s\u00e9lection d&rsquo;une borne de recharge EVLink<\/a><\/td>\n<\/tr>\n<tr id=\"rang-prod\">\n<td>\n   \t\t  <a href=\"http:\/\/pdf.capenergie.fr\/voiture-electrique\/evlink-mode-de-charge.pdf\" title=\"Les modes de charge des bornes de recharge EVLink\" target=\"_blank\" rel=\"noopener noreferrer\"><\/p>\n<div id=\"doc-pdf\"><\/div>\n<p>\t\t  Les modes de charge des bornes de recharge EVLink<\/a><\/td>\n<\/tr>\n<tr id=\"rang-prod\">\n<td>\n   \t\t  <a href=\"http:\/\/pdf.capenergie.fr\/voiture-electrique\/evlink-supervision.pdf\" title=\"Guide de supervision pour bornes de recharge EVLink\" target=\"_blank\" rel=\"noopener noreferrer\"><\/p>\n<div id=\"doc-pdf\"><\/div>\n<p>\t\t  Guide de supervision pour bornes de recharge EVLink<\/a><\/td>\n<\/tr>\n<tr id=\"rang-prod\">\n<td>\n   \t\t  <a href=\"http:\/\/pdf.capenergie.fr\/voiture-electrique\/evlink-brochure-wallbox.pdf\" title=\"Brochure borne de recharge EVLink Wallbox\" target=\"_blank\" rel=\"noopener noreferrer\"><\/p>\n<div id=\"doc-pdf\"><\/div>\n<p>\t\t  Brochure borne de recharge EVLink Wallbox<\/a><\/td>\n<\/tr>\n<tr id=\"rang-prod\">\n<td>\n   \t\t  <a href=\"http:\/\/pdf.capenergie.fr\/voiture-electrique\/evlink-brochure-smart-wallbox.pdf\" title=\"Brochure borne de recharge EVLink Smart Wallbox\" target=\"_blank\" rel=\"noopener noreferrer\"><\/p>\n<div id=\"doc-pdf\"><\/div>\n<p>\t\t  Brochure borne de recharge EVLink Smart Wallbox<\/a><\/td>\n<\/tr>\n<\/table>\n","protected":false},"excerpt":{"rendered":"<p>Cap Energie propose une gamme compl\u00e8te de borne de recharge pour v\u00e9hicule \u00e9lectrique et de Carports photovolta\u00efques pour assurer l&rsquo;approvisionnement d&rsquo;\u00e9nergie pour les voitures \u00e9lectrique. Du simple boitier int\u00e9rieur ou ext\u00e9rieur pour particulier \u00e0 la borne de voirie avec gestion mon\u00e9tique, Cap Energie offre un ensemble de solutions compl\u00e8tes de borne de recharge pour v\u00e9hicule [&hellip;]<\/p>\n","protected":false},"author":1,"featured_media":0,"parent":0,"menu_order":0,"comment_status":"closed","ping_status":"closed","template":"","meta":{"ngg_post_thumbnail":0,"footnotes":""},"class_list":["post-1109","page","type-page","status-publish","hentry"],"yoast_head":"<!-- This site is optimized with the Yoast SEO plugin v26.8 - https:\/\/yoast.com\/product\/yoast-seo-wordpress\/ -->\n<title>Borne de recharge pour v\u00e9hicule \u00e9lectrique borne voiture \u00e9lectrique<\/title>\n<meta name=\"description\" content=\"Borne de recharge pour v\u00e9hicule \u00e9lectrique, Capenergie propose une gamme compl\u00e8te de solution pour la recharge de voiture \u00e9lectrique avec une Borne de recharge pour v\u00e9hicule \u00e9lectrique correspondant aux diverses normes, les carports photovolta\u00efques....\" \/>\n<meta name=\"robots\" content=\"noindex, follow, max-snippet:-1, max-image-preview:large, max-video-preview:-1\" \/>\n<meta property=\"og:locale\" content=\"fr_FR\" \/>\n<meta property=\"og:type\" content=\"article\" \/>\n<meta property=\"og:title\" content=\"Borne de recharge pour v\u00e9hicule \u00e9lectrique borne voiture \u00e9lectrique\" \/>\n<meta property=\"og:description\" content=\"Borne de recharge pour v\u00e9hicule \u00e9lectrique, Capenergie propose une gamme compl\u00e8te de solution pour la recharge de voiture \u00e9lectrique avec une Borne de recharge pour v\u00e9hicule \u00e9lectrique correspondant aux diverses normes, les carports photovolta\u00efques....\" \/>\n<meta property=\"og:url\" content=\"http:\/\/dev.capenergie.fr\/catalogue\/borne-de-recharge-pour-vehicule-electrique.html\" \/>\n<meta property=\"article:modified_time\" content=\"2021-03-12T10:06:01+00:00\" \/>\n<meta property=\"og:image\" content=\"http:\/\/images.capenergie.fr\/produit\/mobilite-electrique\/borne-vehicule-electrique.jpg\" \/>\n<meta name=\"twitter:label1\" content=\"Dur\u00e9e de lecture estim\u00e9e\" \/>\n\t<meta name=\"twitter:data1\" content=\"4 minutes\" \/>\n<script type=\"application\/ld+json\" class=\"yoast-schema-graph\">{\"@context\":\"https:\/\/schema.org\",\"@graph\":[{\"@type\":\"WebPage\",\"@id\":\"http:\/\/dev.capenergie.fr\/catalogue\/borne-de-recharge-pour-vehicule-electrique.html\",\"url\":\"http:\/\/dev.capenergie.fr\/catalogue\/borne-de-recharge-pour-vehicule-electrique.html\",\"name\":\"Borne de recharge pour v\u00e9hicule \u00e9lectrique borne voiture \u00e9lectrique\",\"isPartOf\":{\"@id\":\"http:\/\/dev.capenergie.fr\/catalogue\/#website\"},\"primaryImageOfPage\":{\"@id\":\"http:\/\/dev.capenergie.fr\/catalogue\/borne-de-recharge-pour-vehicule-electrique.html#primaryimage\"},\"image\":{\"@id\":\"http:\/\/dev.capenergie.fr\/catalogue\/borne-de-recharge-pour-vehicule-electrique.html#primaryimage\"},\"thumbnailUrl\":\"http:\/\/images.capenergie.fr\/produit\/mobilite-electrique\/borne-vehicule-electrique.jpg\",\"datePublished\":\"2013-03-29T11:20:10+00:00\",\"dateModified\":\"2021-03-12T10:06:01+00:00\",\"description\":\"Borne de recharge pour v\u00e9hicule \u00e9lectrique, Capenergie propose une gamme compl\u00e8te de solution pour la recharge de voiture \u00e9lectrique avec une Borne de recharge pour v\u00e9hicule \u00e9lectrique correspondant aux diverses normes, les carports photovolta\u00efques....\",\"breadcrumb\":{\"@id\":\"http:\/\/dev.capenergie.fr\/catalogue\/borne-de-recharge-pour-vehicule-electrique.html#breadcrumb\"},\"inLanguage\":\"fr-FR\",\"potentialAction\":[{\"@type\":\"ReadAction\",\"target\":[\"http:\/\/dev.capenergie.fr\/catalogue\/borne-de-recharge-pour-vehicule-electrique.html\"]}]},{\"@type\":\"ImageObject\",\"inLanguage\":\"fr-FR\",\"@id\":\"http:\/\/dev.capenergie.fr\/catalogue\/borne-de-recharge-pour-vehicule-electrique.html#primaryimage\",\"url\":\"http:\/\/images.capenergie.fr\/produit\/mobilite-electrique\/borne-vehicule-electrique.jpg\",\"contentUrl\":\"http:\/\/images.capenergie.fr\/produit\/mobilite-electrique\/borne-vehicule-electrique.jpg\"},{\"@type\":\"BreadcrumbList\",\"@id\":\"http:\/\/dev.capenergie.fr\/catalogue\/borne-de-recharge-pour-vehicule-electrique.html#breadcrumb\",\"itemListElement\":[{\"@type\":\"ListItem\",\"position\":1,\"name\":\"Accueil\",\"item\":\"http:\/\/dev.capenergie.fr\/catalogue\/\"},{\"@type\":\"ListItem\",\"position\":2,\"name\":\"Borne de recharge pour v\u00e9hicule \u00e9lectrique\"}]},{\"@type\":\"WebSite\",\"@id\":\"http:\/\/dev.capenergie.fr\/catalogue\/#website\",\"url\":\"http:\/\/dev.capenergie.fr\/catalogue\/\",\"name\":\"\",\"description\":\"\",\"potentialAction\":[{\"@type\":\"SearchAction\",\"target\":{\"@type\":\"EntryPoint\",\"urlTemplate\":\"http:\/\/dev.capenergie.fr\/catalogue\/?s={search_term_string}\"},\"query-input\":{\"@type\":\"PropertyValueSpecification\",\"valueRequired\":true,\"valueName\":\"search_term_string\"}}],\"inLanguage\":\"fr-FR\"}]}<\/script>\n<!-- \/ Yoast SEO plugin. -->","yoast_head_json":{"title":"Borne de recharge pour v\u00e9hicule \u00e9lectrique borne voiture \u00e9lectrique","description":"Borne de recharge pour v\u00e9hicule \u00e9lectrique, Capenergie propose une gamme compl\u00e8te de solution pour la recharge de voiture \u00e9lectrique avec une Borne de recharge pour v\u00e9hicule \u00e9lectrique correspondant aux diverses normes, les carports photovolta\u00efques....","robots":{"index":"noindex","follow":"follow","max-snippet":"max-snippet:-1","max-image-preview":"max-image-preview:large","max-video-preview":"max-video-preview:-1"},"og_locale":"fr_FR","og_type":"article","og_title":"Borne de recharge pour v\u00e9hicule \u00e9lectrique borne voiture \u00e9lectrique","og_description":"Borne de recharge pour v\u00e9hicule \u00e9lectrique, Capenergie propose une gamme compl\u00e8te de solution pour la recharge de voiture \u00e9lectrique avec une Borne de recharge pour v\u00e9hicule \u00e9lectrique correspondant aux diverses normes, les carports photovolta\u00efques....","og_url":"http:\/\/dev.capenergie.fr\/catalogue\/borne-de-recharge-pour-vehicule-electrique.html","article_modified_time":"2021-03-12T10:06:01+00:00","og_image":[{"url":"http:\/\/images.capenergie.fr\/produit\/mobilite-electrique\/borne-vehicule-electrique.jpg","type":"","width":"","height":""}],"twitter_misc":{"Dur\u00e9e de lecture estim\u00e9e":"4 minutes"},"schema":{"@context":"https:\/\/schema.org","@graph":[{"@type":"WebPage","@id":"http:\/\/dev.capenergie.fr\/catalogue\/borne-de-recharge-pour-vehicule-electrique.html","url":"http:\/\/dev.capenergie.fr\/catalogue\/borne-de-recharge-pour-vehicule-electrique.html","name":"Borne de recharge pour v\u00e9hicule \u00e9lectrique borne voiture \u00e9lectrique","isPartOf":{"@id":"http:\/\/dev.capenergie.fr\/catalogue\/#website"},"primaryImageOfPage":{"@id":"http:\/\/dev.capenergie.fr\/catalogue\/borne-de-recharge-pour-vehicule-electrique.html#primaryimage"},"image":{"@id":"http:\/\/dev.capenergie.fr\/catalogue\/borne-de-recharge-pour-vehicule-electrique.html#primaryimage"},"thumbnailUrl":"http:\/\/images.capenergie.fr\/produit\/mobilite-electrique\/borne-vehicule-electrique.jpg","datePublished":"2013-03-29T11:20:10+00:00","dateModified":"2021-03-12T10:06:01+00:00","description":"Borne de recharge pour v\u00e9hicule \u00e9lectrique, Capenergie propose une gamme compl\u00e8te de solution pour la recharge de voiture \u00e9lectrique avec une Borne de recharge pour v\u00e9hicule \u00e9lectrique correspondant aux diverses normes, les carports photovolta\u00efques....","breadcrumb":{"@id":"http:\/\/dev.capenergie.fr\/catalogue\/borne-de-recharge-pour-vehicule-electrique.html#breadcrumb"},"inLanguage":"fr-FR","potentialAction":[{"@type":"ReadAction","target":["http:\/\/dev.capenergie.fr\/catalogue\/borne-de-recharge-pour-vehicule-electrique.html"]}]},{"@type":"ImageObject","inLanguage":"fr-FR","@id":"http:\/\/dev.capenergie.fr\/catalogue\/borne-de-recharge-pour-vehicule-electrique.html#primaryimage","url":"http:\/\/images.capenergie.fr\/produit\/mobilite-electrique\/borne-vehicule-electrique.jpg","contentUrl":"http:\/\/images.capenergie.fr\/produit\/mobilite-electrique\/borne-vehicule-electrique.jpg"},{"@type":"BreadcrumbList","@id":"http:\/\/dev.capenergie.fr\/catalogue\/borne-de-recharge-pour-vehicule-electrique.html#breadcrumb","itemListElement":[{"@type":"ListItem","position":1,"name":"Accueil","item":"http:\/\/dev.capenergie.fr\/catalogue\/"},{"@type":"ListItem","position":2,"name":"Borne de recharge pour v\u00e9hicule \u00e9lectrique"}]},{"@type":"WebSite","@id":"http:\/\/dev.capenergie.fr\/catalogue\/#website","url":"http:\/\/dev.capenergie.fr\/catalogue\/","name":"","description":"","potentialAction":[{"@type":"SearchAction","target":{"@type":"EntryPoint","urlTemplate":"http:\/\/dev.capenergie.fr\/catalogue\/?s={search_term_string}"},"query-input":{"@type":"PropertyValueSpecification","valueRequired":true,"valueName":"search_term_string"}}],"inLanguage":"fr-FR"}]}},"_links":{"self":[{"href":"http:\/\/dev.capenergie.fr\/catalogue\/wp-json\/wp\/v2\/pages\/1109","targetHints":{"allow":["GET"]}}],"collection":[{"href":"http:\/\/dev.capenergie.fr\/catalogue\/wp-json\/wp\/v2\/pages"}],"about":[{"href":"http:\/\/dev.capenergie.fr\/catalogue\/wp-json\/wp\/v2\/types\/page"}],"author":[{"embeddable":true,"href":"http:\/\/dev.capenergie.fr\/catalogue\/wp-json\/wp\/v2\/users\/1"}],"replies":[{"embeddable":true,"href":"http:\/\/dev.capenergie.fr\/catalogue\/wp-json\/wp\/v2\/comments?post=1109"}],"version-history":[{"count":55,"href":"http:\/\/dev.capenergie.fr\/catalogue\/wp-json\/wp\/v2\/pages\/1109\/revisions"}],"predecessor-version":[{"id":4576,"href":"http:\/\/dev.capenergie.fr\/catalogue\/wp-json\/wp\/v2\/pages\/1109\/revisions\/4576"}],"wp:attachment":[{"href":"http:\/\/dev.capenergie.fr\/catalogue\/wp-json\/wp\/v2\/media?parent=1109"}],"curies":[{"name":"wp","href":"https:\/\/api.w.org\/{rel}","templated":true}]}}