{"id":1158,"date":"2013-04-18T12:17:21","date_gmt":"2013-04-18T10:17:21","guid":{"rendered":"http:\/\/www.capenergie.fr\/catalogue\/?page_id=1158"},"modified":"2019-06-25T10:21:13","modified_gmt":"2019-06-25T08:21:13","slug":"sundaya","status":"publish","type":"page","link":"http:\/\/dev.capenergie.fr\/catalogue\/site-isole\/sundaya.html","title":{"rendered":"Sundaya"},"content":{"rendered":"<p><script>\nwindow.setTimeout(\"location=('http:\/\/www.capenergie.fr\/catalogue\/kit-eclairage-solaire-autonome.html');\",10000);\n<\/script><br \/>\n<img decoding=\"async\" alt=\"sundaya\" src=\"http:\/\/images.capenergie.fr\/produit\/site-isole\/sundaya\/sundaya.jpg\" class=\"alignleft\" width=\"125\" height=\"125\" \/><\/p>\n<p><strong>Cap Energie a stopp\u00e9 la distribution des  syst\u00e8me site isol\u00e9 <a href=\"\/catalogue\/site-isole.html\" title=\"Sundaya\">Sundaya<\/a> compos\u00e9 d&rsquo;une gamme de kit solaire d&rsquo;\u00e9clairage. Ceci sont remplac\u00e9s dans notre catalogue par la gamme <a href=\"\/catalogue\/kit-eclairage-solaire-autonome.html\" title=\"Mobiya\">Mobiya<\/a> de Schneider Electric. Vous serez redirig\u00e9 automatiquement dans quelques secondes sur ces produits Mobiya.<\/strong><br \/>\nR\u00e9f\u00e9rence mondiale dans l&rsquo;\u00e9clairage en site isol\u00e9 depuis de longues ann\u00e9es, sundaya propose une multitude de solutions sous forme de Kit. Cap Energie  s\u00e9lectionne les derniers kits les plus performants en mati\u00e8re d&rsquo;autonomie et d&rsquo;\u00e9clairage.<br \/>\nLes Kits Sundaya sont compos\u00e9 de modules photovolta\u00efques de diff\u00e9rentes puissances selon le nombre de lampe souhait\u00e9e, de batterie pour le stockage de l&rsquo;\u00e9nergie, d&rsquo;Ampoule type LED et de la connectique entre chaque \u00e9l\u00e9ments du Kit.<br \/>\nLes Kits d&rsquo;\u00e9clairage solaire Sundaya s&rsquo;utilisent pour une habitation, un abri jardin, un refuge, un chalet, mobil home, camping car&#8230; et bien d&rsquo;autres applications fixes ou mobiles.<\/p>\n<h2>Principe de fonctionnement des Kits d&rsquo;\u00e9clairage solaire Sundaya<\/h2>\n<div align=\"center\" style=\"width:100%\"><iframe width=\"560\" height=\"315\" src=\"http:\/\/www.youtube.com\/embed\/XKmhfGka_RI\" frameborder=\"0\" allowfullscreen><\/iframe><\/div>\n<p>&nbsp;<\/p>\n<h2>Kit \u00e9clairage solaire Ulitium Sundaya<\/h2>\n<div style=\"float:right; margin-left:15px; margin-top:5px; margin-bottom:15px\">\n  <img decoding=\"async\" alt=\"kit eclairage solaire sundaya ulitium\" src=\"http:\/\/images.capenergie.fr\/produit\/site-isole\/sundaya\/sundaya-ulitium.jpg\" width=\"256\" height=\"150\" \/>\n<\/div>\n<p><strong>Jouissant d&rsquo;un montage relativement simplifi\u00e9, le kit d&rsquo;\u00e9clairage solaire Sundaya Ulitium <\/strong>est compos\u00e9 d&rsquo;un panneau photovolta\u00efque, d&rsquo;une boite de jonction et connectique, d&rsquo;une ou plusieurs ampoules \u00e0 Led selon le package choisi. Le stockage au lithium et le r\u00e9gulateur de charge sont int\u00e9gr\u00e9s directement dans l&rsquo;ampoule dont l&rsquo;\u00e9clairage est activ\u00e9 gr\u00e2ce \u00e0 son commutateur int\u00e9gr\u00e9. Ce commutateur permet une variation de l&rsquo;\u00e9clairage gr\u00e2ce \u00e0 une tirette qui offre la possibilit\u00e9 d&rsquo;obtenir un \u00e9clairage maximum, 50% ou 10%.<\/p>\n<h3> <br \/>\nDonn\u00e9es techniques \u00e9clairage<\/h3>\n<table width=\"100%\" border=\"0\">\n<tr>\n<td>\n<p>Autonomie pour une journ\u00e9e d&rsquo;ensoleillement de 7 heures :<br \/>\n&#8226; 6 heures avec une intensit\u00e9 d&rsquo;\u00e9clairage \u00e0 100%<br \/>\n&#8226; 12 heures avec une intensit\u00e9 d&rsquo;\u00e9clairage \u00e0 50%<br \/>\n&#8226; 60 heures avec une intensit\u00e9 d&rsquo;\u00e9clairage \u00e0 10%<\/p>\n<\/td>\n<td>\n<p>Caract\u00e9ristiques de l&rsquo;\u00e9clairage :<br \/>\n&#8226;  \u00e0 100% lumi\u00e8re de 240 Lumens<br \/>\n&#8226; \u00e0 50% lumi\u00e8re de 120 Lumens<br \/>\n&#8226; \u00e0 30% lumi\u00e8re de 25 Lumens<\/p>\n<\/td>\n<\/tr>\n<tr>\n<td>\n<p><a href=\"http:\/\/pdf.capenergie.fr\/doc-site-isole\/sundaya-plaquette-eclairage.pdf\" title=\"kits \u00e9clairage Sundaya Ulitium\" target=\"_blank\" rel=\"noopener noreferrer\"><\/p>\n<div id=\"doc-pdf\"><\/div>\n<p>Brochures kits \u00e9clairage Sundaya Ulitium<\/a><\/p>\n<\/td>\n<td>&nbsp;<\/td>\n<\/tr>\n<\/table>\n<h2>Kit \u00e9clairage solaire Tlite Sundaya<\/h2>\n<div style=\"float:right; margin-left:15px; margin-top:5px; margin-bottom:15px\">\n  <img decoding=\"async\" alt=\"kit eclairage solaire sundaya ulitium\" src=\"http:\/\/images.capenergie.fr\/produit\/site-isole\/sundaya\/sundaya-t-lite.jpg\" width=\"256\" height=\"150\" \/>\n<\/div>\n<p><strong>Jouissant d&rsquo;un montage relativement simplifi\u00e9, le kit d&rsquo;\u00e9clairage solaire Sundaya Tlite <\/strong>est compos\u00e9 d&rsquo;un panneau photovolta\u00efque, d&rsquo;une boite de jonction et connectique, d&rsquo;une ou plusieurs ampoules torche \u00e0 Led selon le package choisi. Le stokage au lithium et le r\u00e9gulateur de charge sont int\u00e9gr\u00e9s directement dans l&rsquo;ampoule dont l&rsquo;\u00e9clairage est activ\u00e9 gr\u00e2ce \u00e0 son commutateur int\u00e9gr\u00e9. Ce commutateur int\u00e9gr\u00e9 permet une variation de l&rsquo;\u00e9clairage  qui offre la possibilit\u00e9 d&rsquo;obtenir un \u00e9clairage maximum, 50% ou 10%.<\/p>\n<h3> <br \/>\nDonn\u00e9es techniques \u00e9clairage<\/h3>\n<table width=\"100%\" border=\"0\">\n<tr>\n<td>\n<p>Autonomie pour une journ\u00e9e d&rsquo;ensoleillement de 7 heures :<br \/>\n&#8226; 7,5 heures avec une intensit\u00e9 d&rsquo;\u00e9clairage \u00e0 100%<br \/>\n&#8226; 15 heures avec une intensit\u00e9 d&rsquo;\u00e9clairage \u00e0 50%<br \/>\n&#8226; 75 heures avec une intensit\u00e9 d&rsquo;\u00e9clairage \u00e0 10%<\/p>\n<\/td>\n<td>\n<p>Caract\u00e9ristiques de l&rsquo;\u00e9clairage :<br \/>\n&#8226;  \u00e0 100% lumi\u00e8re de 180 Lumens<br \/>\n&#8226; \u00e0 50% lumi\u00e8re de 90 Lumens<br \/>\n&#8226; \u00e0 30% lumi\u00e8re de 15 Lumens<\/p>\n<\/td>\n<\/tr>\n<tr>\n<td>\n<p><a href=\"http:\/\/pdf.capenergie.fr\/doc-site-isole\/sundaya-plaquette-eclairage.pdf\" title=\"lampadaires solaires Street Lamp\" target=\"_blank\" rel=\"noopener noreferrer\"><\/p>\n<div id=\"doc-pdf\"><\/div>\n<p>    Brochures kits \u00e9clairage Sundaya TLite<\/a><\/p>\n<\/td>\n<td>&nbsp;<\/td>\n<\/tr>\n<\/table>\n","protected":false},"excerpt":{"rendered":"<p>Cap Energie a stopp\u00e9 la distribution des syst\u00e8me site isol\u00e9 Sundaya compos\u00e9 d&rsquo;une gamme de kit solaire d&rsquo;\u00e9clairage. Ceci sont remplac\u00e9s dans notre catalogue par la gamme Mobiya de Schneider Electric. Vous serez redirig\u00e9 automatiquement dans quelques secondes sur ces produits Mobiya. R\u00e9f\u00e9rence mondiale dans l&rsquo;\u00e9clairage en site isol\u00e9 depuis de longues ann\u00e9es, sundaya propose [&hellip;]<\/p>\n","protected":false},"author":1,"featured_media":0,"parent":84,"menu_order":0,"comment_status":"closed","ping_status":"closed","template":"","meta":{"ngg_post_thumbnail":0,"footnotes":""},"class_list":["post-1158","page","type-page","status-publish","hentry"],"yoast_head":"<!-- This site is optimized with the Yoast SEO plugin v26.8 - https:\/\/yoast.com\/product\/yoast-seo-wordpress\/ -->\n<title>Sundaya les Kit \u00e9clairage solaire Sundaya<\/title>\n<meta name=\"description\" content=\"Sundaya, Kit \u00e9clairage solaire Sundaya, Cap Energie officiellement distributeur des syst\u00e8me site isol\u00e9 Sundaya compos\u00e9 d&#039;une gamme de kit solaire d&#039;\u00e9clairage , r\u00e9f\u00e9rence mondiale\" \/>\n<meta name=\"robots\" content=\"noindex, follow, max-snippet:-1, max-image-preview:large, max-video-preview:-1\" \/>\n<meta property=\"og:locale\" content=\"fr_FR\" \/>\n<meta property=\"og:type\" content=\"article\" \/>\n<meta property=\"og:title\" content=\"Sundaya les Kit \u00e9clairage solaire Sundaya\" \/>\n<meta property=\"og:description\" content=\"Sundaya, Kit \u00e9clairage solaire Sundaya, Cap Energie officiellement distributeur des syst\u00e8me site isol\u00e9 Sundaya compos\u00e9 d&#039;une gamme de kit solaire d&#039;\u00e9clairage , r\u00e9f\u00e9rence mondiale\" \/>\n<meta property=\"og:url\" content=\"http:\/\/dev.capenergie.fr\/catalogue\/site-isole\/sundaya.html\" \/>\n<meta property=\"article:modified_time\" content=\"2019-06-25T08:21:13+00:00\" \/>\n<meta property=\"og:image\" content=\"http:\/\/images.capenergie.fr\/produit\/site-isole\/sundaya\/sundaya.jpg\" \/>\n<meta name=\"twitter:label1\" content=\"Dur\u00e9e de lecture estim\u00e9e\" \/>\n\t<meta name=\"twitter:data1\" content=\"2 minutes\" \/>\n<script type=\"application\/ld+json\" class=\"yoast-schema-graph\">{\"@context\":\"https:\/\/schema.org\",\"@graph\":[{\"@type\":\"WebPage\",\"@id\":\"http:\/\/dev.capenergie.fr\/catalogue\/site-isole\/sundaya.html\",\"url\":\"http:\/\/dev.capenergie.fr\/catalogue\/site-isole\/sundaya.html\",\"name\":\"Sundaya les Kit \u00e9clairage solaire Sundaya\",\"isPartOf\":{\"@id\":\"http:\/\/dev.capenergie.fr\/catalogue\/#website\"},\"primaryImageOfPage\":{\"@id\":\"http:\/\/dev.capenergie.fr\/catalogue\/site-isole\/sundaya.html#primaryimage\"},\"image\":{\"@id\":\"http:\/\/dev.capenergie.fr\/catalogue\/site-isole\/sundaya.html#primaryimage\"},\"thumbnailUrl\":\"http:\/\/images.capenergie.fr\/produit\/site-isole\/sundaya\/sundaya.jpg\",\"datePublished\":\"2013-04-18T10:17:21+00:00\",\"dateModified\":\"2019-06-25T08:21:13+00:00\",\"description\":\"Sundaya, Kit \u00e9clairage solaire Sundaya, Cap Energie officiellement distributeur des syst\u00e8me site isol\u00e9 Sundaya compos\u00e9 d'une gamme de kit solaire d'\u00e9clairage , r\u00e9f\u00e9rence mondiale\",\"breadcrumb\":{\"@id\":\"http:\/\/dev.capenergie.fr\/catalogue\/site-isole\/sundaya.html#breadcrumb\"},\"inLanguage\":\"fr-FR\",\"potentialAction\":[{\"@type\":\"ReadAction\",\"target\":[\"http:\/\/dev.capenergie.fr\/catalogue\/site-isole\/sundaya.html\"]}]},{\"@type\":\"ImageObject\",\"inLanguage\":\"fr-FR\",\"@id\":\"http:\/\/dev.capenergie.fr\/catalogue\/site-isole\/sundaya.html#primaryimage\",\"url\":\"http:\/\/images.capenergie.fr\/produit\/site-isole\/sundaya\/sundaya.jpg\",\"contentUrl\":\"http:\/\/images.capenergie.fr\/produit\/site-isole\/sundaya\/sundaya.jpg\"},{\"@type\":\"BreadcrumbList\",\"@id\":\"http:\/\/dev.capenergie.fr\/catalogue\/site-isole\/sundaya.html#breadcrumb\",\"itemListElement\":[{\"@type\":\"ListItem\",\"position\":1,\"name\":\"Accueil\",\"item\":\"http:\/\/dev.capenergie.fr\/catalogue\/\"},{\"@type\":\"ListItem\",\"position\":2,\"name\":\"Equipements pour site isol\u00e9\",\"item\":\"http:\/\/dev.capenergie.fr\/catalogue\/site-isole.html\"},{\"@type\":\"ListItem\",\"position\":3,\"name\":\"Sundaya\"}]},{\"@type\":\"WebSite\",\"@id\":\"http:\/\/dev.capenergie.fr\/catalogue\/#website\",\"url\":\"http:\/\/dev.capenergie.fr\/catalogue\/\",\"name\":\"\",\"description\":\"\",\"potentialAction\":[{\"@type\":\"SearchAction\",\"target\":{\"@type\":\"EntryPoint\",\"urlTemplate\":\"http:\/\/dev.capenergie.fr\/catalogue\/?s={search_term_string}\"},\"query-input\":{\"@type\":\"PropertyValueSpecification\",\"valueRequired\":true,\"valueName\":\"search_term_string\"}}],\"inLanguage\":\"fr-FR\"}]}<\/script>\n<!-- \/ Yoast SEO plugin. -->","yoast_head_json":{"title":"Sundaya les Kit \u00e9clairage solaire Sundaya","description":"Sundaya, Kit \u00e9clairage solaire Sundaya, Cap Energie officiellement distributeur des syst\u00e8me site isol\u00e9 Sundaya compos\u00e9 d'une gamme de kit solaire d'\u00e9clairage , r\u00e9f\u00e9rence mondiale","robots":{"index":"noindex","follow":"follow","max-snippet":"max-snippet:-1","max-image-preview":"max-image-preview:large","max-video-preview":"max-video-preview:-1"},"og_locale":"fr_FR","og_type":"article","og_title":"Sundaya les Kit \u00e9clairage solaire Sundaya","og_description":"Sundaya, Kit \u00e9clairage solaire Sundaya, Cap Energie officiellement distributeur des syst\u00e8me site isol\u00e9 Sundaya compos\u00e9 d'une gamme de kit solaire d'\u00e9clairage , r\u00e9f\u00e9rence mondiale","og_url":"http:\/\/dev.capenergie.fr\/catalogue\/site-isole\/sundaya.html","article_modified_time":"2019-06-25T08:21:13+00:00","og_image":[{"url":"http:\/\/images.capenergie.fr\/produit\/site-isole\/sundaya\/sundaya.jpg","type":"","width":"","height":""}],"twitter_misc":{"Dur\u00e9e de lecture estim\u00e9e":"2 minutes"},"schema":{"@context":"https:\/\/schema.org","@graph":[{"@type":"WebPage","@id":"http:\/\/dev.capenergie.fr\/catalogue\/site-isole\/sundaya.html","url":"http:\/\/dev.capenergie.fr\/catalogue\/site-isole\/sundaya.html","name":"Sundaya les Kit \u00e9clairage solaire Sundaya","isPartOf":{"@id":"http:\/\/dev.capenergie.fr\/catalogue\/#website"},"primaryImageOfPage":{"@id":"http:\/\/dev.capenergie.fr\/catalogue\/site-isole\/sundaya.html#primaryimage"},"image":{"@id":"http:\/\/dev.capenergie.fr\/catalogue\/site-isole\/sundaya.html#primaryimage"},"thumbnailUrl":"http:\/\/images.capenergie.fr\/produit\/site-isole\/sundaya\/sundaya.jpg","datePublished":"2013-04-18T10:17:21+00:00","dateModified":"2019-06-25T08:21:13+00:00","description":"Sundaya, Kit \u00e9clairage solaire Sundaya, Cap Energie officiellement distributeur des syst\u00e8me site isol\u00e9 Sundaya compos\u00e9 d'une gamme de kit solaire d'\u00e9clairage , r\u00e9f\u00e9rence mondiale","breadcrumb":{"@id":"http:\/\/dev.capenergie.fr\/catalogue\/site-isole\/sundaya.html#breadcrumb"},"inLanguage":"fr-FR","potentialAction":[{"@type":"ReadAction","target":["http:\/\/dev.capenergie.fr\/catalogue\/site-isole\/sundaya.html"]}]},{"@type":"ImageObject","inLanguage":"fr-FR","@id":"http:\/\/dev.capenergie.fr\/catalogue\/site-isole\/sundaya.html#primaryimage","url":"http:\/\/images.capenergie.fr\/produit\/site-isole\/sundaya\/sundaya.jpg","contentUrl":"http:\/\/images.capenergie.fr\/produit\/site-isole\/sundaya\/sundaya.jpg"},{"@type":"BreadcrumbList","@id":"http:\/\/dev.capenergie.fr\/catalogue\/site-isole\/sundaya.html#breadcrumb","itemListElement":[{"@type":"ListItem","position":1,"name":"Accueil","item":"http:\/\/dev.capenergie.fr\/catalogue\/"},{"@type":"ListItem","position":2,"name":"Equipements pour site isol\u00e9","item":"http:\/\/dev.capenergie.fr\/catalogue\/site-isole.html"},{"@type":"ListItem","position":3,"name":"Sundaya"}]},{"@type":"WebSite","@id":"http:\/\/dev.capenergie.fr\/catalogue\/#website","url":"http:\/\/dev.capenergie.fr\/catalogue\/","name":"","description":"","potentialAction":[{"@type":"SearchAction","target":{"@type":"EntryPoint","urlTemplate":"http:\/\/dev.capenergie.fr\/catalogue\/?s={search_term_string}"},"query-input":{"@type":"PropertyValueSpecification","valueRequired":true,"valueName":"search_term_string"}}],"inLanguage":"fr-FR"}]}},"_links":{"self":[{"href":"http:\/\/dev.capenergie.fr\/catalogue\/wp-json\/wp\/v2\/pages\/1158","targetHints":{"allow":["GET"]}}],"collection":[{"href":"http:\/\/dev.capenergie.fr\/catalogue\/wp-json\/wp\/v2\/pages"}],"about":[{"href":"http:\/\/dev.capenergie.fr\/catalogue\/wp-json\/wp\/v2\/types\/page"}],"author":[{"embeddable":true,"href":"http:\/\/dev.capenergie.fr\/catalogue\/wp-json\/wp\/v2\/users\/1"}],"replies":[{"embeddable":true,"href":"http:\/\/dev.capenergie.fr\/catalogue\/wp-json\/wp\/v2\/comments?post=1158"}],"version-history":[{"count":16,"href":"http:\/\/dev.capenergie.fr\/catalogue\/wp-json\/wp\/v2\/pages\/1158\/revisions"}],"predecessor-version":[{"id":3800,"href":"http:\/\/dev.capenergie.fr\/catalogue\/wp-json\/wp\/v2\/pages\/1158\/revisions\/3800"}],"up":[{"embeddable":true,"href":"http:\/\/dev.capenergie.fr\/catalogue\/wp-json\/wp\/v2\/pages\/84"}],"wp:attachment":[{"href":"http:\/\/dev.capenergie.fr\/catalogue\/wp-json\/wp\/v2\/media?parent=1158"}],"curies":[{"name":"wp","href":"https:\/\/api.w.org\/{rel}","templated":true}]}}