{"id":1305,"date":"2013-09-16T13:05:43","date_gmt":"2013-09-16T11:05:43","guid":{"rendered":"http:\/\/www.capenergie.fr\/catalogue\/?page_id=1305"},"modified":"2025-02-20T14:55:44","modified_gmt":"2025-02-20T13:55:44","slug":"autoconsommation-photovoltaique","status":"publish","type":"page","link":"http:\/\/dev.capenergie.fr\/catalogue\/photovoltaique\/autoconsommation-photovoltaique.html","title":{"rendered":"Autoconsommation photovolta\u00efque"},"content":{"rendered":"<p><img decoding=\"async\" alt=\"autoconsommation photovolta\u00efque\" src=\"http:\/\/images.capenergie.fr\/produit\/photovoltaique\/autoconsommation\/autoconsommation-photovoltaique.jpg\" class=\"alignleft\" width=\"125\" height=\"125\" \/><\/p>\n<p><strong>Cap Energie propose une gamme compl\u00e8te de <a href=\"\/\" title=\"Kit autoconsommation\">Kit autoconsommation photovolta\u00efque<\/a> permettant aux particuliers comme aux professionnels de r\u00e9duire leur facture \u00e9nerg\u00e9tique.<\/strong><br \/>\n  L&rsquo;installation d&rsquo;un syst\u00e8me <strong>Kit autoconsommation photovolta\u00efque<\/strong> rentre dans le domaine du rentable lorsque l&rsquo;habitation r\u00e9sidentielle est occup\u00e9e par ses propri\u00e9taires en journ\u00e9e mais \u00e9galement pour des PME, centre commerciaux ou autres entreprises permettant ainsi une synchronisation entre la  consommation et la production d&rsquo;\u00e9nergie. Cette synchronisation  provient du fait que la principale activit\u00e9 et d\u00e9pense d&rsquo;\u00e9nergie de ces b\u00e2timents co\u00efncident souvent avec la production d&rsquo;\u00e9nergie solaire et permet ainsi de consommer la quasi-totalit\u00e9 de l&rsquo;\u00e9nergie. A l&rsquo;inverse, un habitat occup\u00e9e uniquement le soir par ses propri\u00e9taire ne consommera pas la totalit\u00e9 de la  production g\u00e9n\u00e9r\u00e9e par le Kit autoconsommation et d\u00e9coulera sur un amortissement bien plus long de l&rsquo;installation.<br \/>\n  <em>L&rsquo;importance d&rsquo;un  dimensionnement optimal de l&rsquo;installation permet une rentabilit\u00e9 acc\u00e9l\u00e9r\u00e9e.<\/em><\/p>\n<p>Cap Energie propose un ensemble de <strong><a href=\"\/catalogue\/photovoltaique\/autoconsommation-photovoltaique.html\" title=\"Kit autoconsommation photovolta\u00efque\" target=\"_blank\" rel=\"noopener noreferrer\">Kit autoconsommation photovolta\u00efque<\/a><\/strong> pr\u00e9-dimensionn\u00e9 mais \u00e9galement offre la possibilit\u00e9 d&rsquo;obtenir son <strong>Kit autoconsommation photovolta\u00efque conformes RT2012 &#8211; RT2018 &#8211; RT2020 <\/strong> sur-mesure gr\u00e2ce \u00e0 l&rsquo;ensemble des produits de la gamme Cap Energie qui compose les <strong>Kits autoconsommation photovolta\u00efque<\/strong>  : des panneaux photovolta\u00efques au choix,les coffrets, les batteries de diff\u00e9rentes capacit\u00e9, les syst\u00e8me de contr\u00f4le et  syst\u00e8me de fixation ou d&rsquo;int\u00e9gration en toiture.<\/p>\n<h2>Composition d&rsquo;un Kit autoconsommation photovolta\u00efque<\/h2>\n<p><strong><a href=\"http:\/\/www.site-isole.fr\/25-kit-solaire-photovoltaique\" title=\"kit solaire photovoltaique\" target=\"_blank\" rel=\"noopener noreferrer\">Kit autoconsommation photovolta\u00efque simple<\/a><\/strong><br \/>\n  &#8226; Panneaux photovolta\u00efques<br \/>\n  &#8226; Onduleur ou Micro-Onduleur<br \/>\n&#8226; Coffret AC et C\u00e2bles de raccordement<br \/>\n&#8226; Syst\u00e8me de fixation en toiture<\/p>\n<p>(Ces kits d&rsquo;une puissance de 500W \u00e0 1000W offre une solution <strong>autoconsommation  RT2012 &#8211; RT2018 &#8211; RT2020<\/strong> totalement conforme au r\u00e9glementation thermique du moment)<\/p>\n<p>  <strong>Kit autoconsommation photovolta\u00efque stockage<\/strong><br \/>\n  &#8226; Panneaux photovolta\u00efques<br \/>\n  &#8226; Onduleur ou Micro-Onduleur<br \/>\n  &#8226; Coffret \u00e9lectrique et C\u00e2bles de raccordement<br \/>\n  &#8226; Convertisseur \/ Chargeur<br \/>\n  &#8226; Batteries<br \/>\n  &#8226; Syst\u00e8me de fixation en toiture<br \/>\n  &#8226; Syst\u00e8me de communication en option<\/p>\n<h2>Autoconsommation RT2012 &#8211; RT2018 &#8211; RT2020<\/h2>\n<p>Dans le cadre des derni\u00e8res <strong>r\u00e9glementations thermiques<\/strong> Cap Energie propose une gamme de Kits complets conformes <strong>RT2012 &#8211; RT2018 &#8211; RT2020<\/strong>. Plaquette \u00e0 t\u00e9l\u00e9charger sur ce lien : <strong><a href=\"http:\/\/pdf.capenergie.fr\/cata\/catalogue-pv-2020.pdf\">Kit autoconsommation photovolta\u00efque RT 2012 &#8211; RT2018 &#8211; RT2020<\/a><\/strong>.<\/p>\n<h2>Stockage autoconsommation<\/h2>\n<p>Capenergie propose plusieurs solutions de <a href=\"\/catalogue\/photovoltaique\/autoconsommation-photovoltaique\/stockage-lithium-weco.html\" title=\"stockage autoconsommation\">stockage autoconsommation<\/a> avec notamment le syst\u00e8me Weco TK+A-Koll All In One triphas\u00e9e, une armoire ultra-s\u00e9curis\u00e9e tout en une, compos\u00e9e d&rsquo;onduleur hybride 25 \u00e0 100 kWh, BESS au Lithium refroidies par air, syst\u00e8me de s\u00e9curit\u00e9 et pr\u00e9cablage pouvant permettre une capacit\u00e9 de stockage \u00e9volutive. Notre gamme comprend \u00e9galement le syst\u00e8me <a href=\"http:\/\/www.capenergie.fr\/catalogue\/photovoltaique\/autoconsommation-photovoltaique\/solution-stockage-tesvolt.html\" title=\"stockage autoconsommation Tesvolt\">stockage autoconsommation Tesvolt<\/a>   pouvant permettre une capacit\u00e9 de stockage \u00e9volutive allant de 14.4 kWh \u00e0 48.0 kWh, voir de plus grande capacit\u00e9 avec le concept Tesvolt TS Flex. Capenergie propose \u00e9galement le <a href=\"http:\/\/www.capenergie.fr\/catalogue\/photovoltaique\/autoconsommation-photovoltaique\/stockage-batterie-byd.html\" title=\"Stockage autoconsommation BYD\" target=\"_blank\" rel=\"noopener noreferrer\">Stockage autoconsommation BYD<\/a> pouvant permettre une capacit\u00e9 de stockage \u00e9volutive allant de 3.5 kWh \u00e0 441.6 kWh.<\/p>\n<h2> Power Reducer optimise l&rsquo;autoconsommation vers le chauffe-eau<\/h2>\n<p>Power Reducer est une box qui permet de stocker le surplus d\u2019\u00e9nergie g\u00e9n\u00e9r\u00e9e par l&rsquo;installation photovolta\u00efque en eau chaude dans le cumulus.<br \/>\n  Envoyer le surplus d&rsquo;\u00e9nergie vers le<br \/>\ncumulus plut\u00f4t que de l&rsquo;injecter gratuitement dans le r\u00e9seau permet une une optimisation de l\u2019auto-consommation.<\/p>\n<p>Le Power Reducer est un contr\u00f4leur proportionnel<br \/>\n  con\u00e7u pour d\u00e9vier automatiquement le surplus  d\u2019\u00e9nergie vers un chauffe eau ou r\u00e9sistance  jusqu\u2019\u00e0 3 kw.<br \/>\n  En auto-consommant intelligemment son  \u00e9nergie et en g\u00e9n\u00e9rant de l\u2019eau chaude gratuite,  le Power Reducer va augmenter le retour sur  investissement de l&rsquo; installation PV de vos clients et   aider ainsi \u00e0 r\u00e9duire leurs factures EDF !<\/p>\n<p>  D\u00e9couvrir <a href=\"\/catalogue\/photovoltaique\/autoconsommation-photovoltaique\/power-reducer.html\" title=\"Power Reducer\">Power Reducer<\/a><\/p>\n<h2> IndepBoxpower optimise l&rsquo;autoconsommation<\/h2>\n<p>IndepBoxpower est une box con\u00e7ue sp\u00e9cifiquement pour les syst\u00e8mes autoconsommation, permettant d&rsquo;optimiser la d\u00e9pense d&rsquo;\u00e9nergie tout en \u00e9cartant les exc\u00e8s de consommation par une r\u00e9gulation des \u00e9nergies selon l&rsquo;usage des habitants du logement.<br \/>\n  Ajoutez 20% d&rsquo;\u00e9conomies suppl\u00e9mentaires au syst\u00e8me autoconsommation de vos clients ! D\u00e9couvrir <a href=\"\/catalogue\/photovoltaique\/autoconsommation-photovoltaique\/indepbox.html\" title=\"IndepBoxpower\">IndepBoxpower<\/a>.<\/p>\n<table>\n<tr id=\"rang-prod\">\n<td colspan=\"2\">\n<h3>Documentation Autoconsommation<\/h3>\n<\/td>\n<\/tr>\n<tr id=\"rang-prod\">\n<td colspan=\"2\"><a href=\"http:\/\/pdf.capenergie.fr\/doc-photovoltaique\/power-reducer-avantages.pdf\" target=\"_blank\" rel=\"noopener noreferrer\"><\/p>\n<div id=\"doc-pdf\"><\/div>\n<p>\t\tAvantage Power Reducer<\/a><\/td>\n<\/tr>\n<tr id=\"rang-prod\">\n<td colspan=\"2\"><a href=\"http:\/\/pdf.capenergie.fr\/doc-photovoltaique\/power-reducer-principe.pdf\" target=\"_blank\" rel=\"noopener noreferrer\"><\/p>\n<div id=\"doc-pdf\"><\/div>\n<p>\t    Principe Power Reducer<\/a><\/td>\n<\/tr>\n<tr id=\"rang-prod\">\n<td colspan=\"2\"><a href=\"http:\/\/pdf.capenergie.fr\/doc-photovoltaique\/power-reducer-installation.pdf\" target=\"_blank\" rel=\"noopener noreferrer\"><\/p>\n<div id=\"doc-pdf\"><\/div>\n<p>\t    Notice installation Power Reducer<\/a><\/td>\n<\/tr>\n<\/table>\n","protected":false},"excerpt":{"rendered":"<p>Cap Energie propose une gamme compl\u00e8te de Kit autoconsommation photovolta\u00efque permettant aux particuliers comme aux professionnels de r\u00e9duire leur facture \u00e9nerg\u00e9tique. L&rsquo;installation d&rsquo;un syst\u00e8me Kit autoconsommation photovolta\u00efque rentre dans le domaine du rentable lorsque l&rsquo;habitation r\u00e9sidentielle est occup\u00e9e par ses propri\u00e9taires en journ\u00e9e mais \u00e9galement pour des PME, centre commerciaux ou autres entreprises permettant ainsi [&hellip;]<\/p>\n","protected":false},"author":1,"featured_media":0,"parent":2,"menu_order":0,"comment_status":"closed","ping_status":"closed","template":"","meta":{"ngg_post_thumbnail":0,"footnotes":""},"class_list":["post-1305","page","type-page","status-publish","hentry"],"yoast_head":"<!-- This site is optimized with the Yoast SEO plugin v26.8 - https:\/\/yoast.com\/product\/yoast-seo-wordpress\/ -->\n<title>Distributeur Kit autoconsommation photovolta\u00efque RT2018 - RT2020<\/title>\n<meta name=\"description\" content=\"Cap Energie propose une gamme compl\u00e8te de Kit autoconsommation photovolta\u00efque RT2018 - RT2020 avec stockage permettant aux particuliers comme aux professionnels de r\u00e9duire leur facture \u00e9nerg\u00e9tique.\" \/>\n<meta name=\"robots\" content=\"noindex, follow, max-snippet:-1, max-image-preview:large, max-video-preview:-1\" \/>\n<meta property=\"og:locale\" content=\"fr_FR\" \/>\n<meta property=\"og:type\" content=\"article\" \/>\n<meta property=\"og:title\" content=\"Distributeur Kit autoconsommation photovolta\u00efque RT2018 - RT2020\" \/>\n<meta property=\"og:description\" content=\"Cap Energie propose une gamme compl\u00e8te de Kit autoconsommation photovolta\u00efque RT2018 - RT2020 avec stockage permettant aux particuliers comme aux professionnels de r\u00e9duire leur facture \u00e9nerg\u00e9tique.\" \/>\n<meta property=\"og:url\" content=\"http:\/\/dev.capenergie.fr\/catalogue\/photovoltaique\/autoconsommation-photovoltaique.html\" \/>\n<meta property=\"article:modified_time\" content=\"2025-02-20T13:55:44+00:00\" \/>\n<meta property=\"og:image\" content=\"http:\/\/images.capenergie.fr\/produit\/photovoltaique\/autoconsommation\/autoconsommation-photovoltaique.jpg\" \/>\n<meta name=\"twitter:label1\" content=\"Dur\u00e9e de lecture estim\u00e9e\" \/>\n\t<meta name=\"twitter:data1\" content=\"4 minutes\" \/>\n<script type=\"application\/ld+json\" class=\"yoast-schema-graph\">{\"@context\":\"https:\/\/schema.org\",\"@graph\":[{\"@type\":\"WebPage\",\"@id\":\"http:\/\/dev.capenergie.fr\/catalogue\/photovoltaique\/autoconsommation-photovoltaique.html\",\"url\":\"http:\/\/dev.capenergie.fr\/catalogue\/photovoltaique\/autoconsommation-photovoltaique.html\",\"name\":\"Distributeur Kit autoconsommation photovolta\u00efque RT2018 - RT2020\",\"isPartOf\":{\"@id\":\"http:\/\/dev.capenergie.fr\/catalogue\/#website\"},\"primaryImageOfPage\":{\"@id\":\"http:\/\/dev.capenergie.fr\/catalogue\/photovoltaique\/autoconsommation-photovoltaique.html#primaryimage\"},\"image\":{\"@id\":\"http:\/\/dev.capenergie.fr\/catalogue\/photovoltaique\/autoconsommation-photovoltaique.html#primaryimage\"},\"thumbnailUrl\":\"http:\/\/images.capenergie.fr\/produit\/photovoltaique\/autoconsommation\/autoconsommation-photovoltaique.jpg\",\"datePublished\":\"2013-09-16T11:05:43+00:00\",\"dateModified\":\"2025-02-20T13:55:44+00:00\",\"description\":\"Cap Energie propose une gamme compl\u00e8te de Kit autoconsommation photovolta\u00efque RT2018 - RT2020 avec stockage permettant aux particuliers comme aux professionnels de r\u00e9duire leur facture \u00e9nerg\u00e9tique.\",\"breadcrumb\":{\"@id\":\"http:\/\/dev.capenergie.fr\/catalogue\/photovoltaique\/autoconsommation-photovoltaique.html#breadcrumb\"},\"inLanguage\":\"fr-FR\",\"potentialAction\":[{\"@type\":\"ReadAction\",\"target\":[\"http:\/\/dev.capenergie.fr\/catalogue\/photovoltaique\/autoconsommation-photovoltaique.html\"]}]},{\"@type\":\"ImageObject\",\"inLanguage\":\"fr-FR\",\"@id\":\"http:\/\/dev.capenergie.fr\/catalogue\/photovoltaique\/autoconsommation-photovoltaique.html#primaryimage\",\"url\":\"http:\/\/images.capenergie.fr\/produit\/photovoltaique\/autoconsommation\/autoconsommation-photovoltaique.jpg\",\"contentUrl\":\"http:\/\/images.capenergie.fr\/produit\/photovoltaique\/autoconsommation\/autoconsommation-photovoltaique.jpg\"},{\"@type\":\"BreadcrumbList\",\"@id\":\"http:\/\/dev.capenergie.fr\/catalogue\/photovoltaique\/autoconsommation-photovoltaique.html#breadcrumb\",\"itemListElement\":[{\"@type\":\"ListItem\",\"position\":1,\"name\":\"Accueil\",\"item\":\"http:\/\/dev.capenergie.fr\/catalogue\/\"},{\"@type\":\"ListItem\",\"position\":2,\"name\":\"Distributeur Photovolta\u00efque\",\"item\":\"http:\/\/dev.capenergie.fr\/catalogue\/photovoltaique.html\"},{\"@type\":\"ListItem\",\"position\":3,\"name\":\"Autoconsommation photovolta\u00efque\"}]},{\"@type\":\"WebSite\",\"@id\":\"http:\/\/dev.capenergie.fr\/catalogue\/#website\",\"url\":\"http:\/\/dev.capenergie.fr\/catalogue\/\",\"name\":\"\",\"description\":\"\",\"potentialAction\":[{\"@type\":\"SearchAction\",\"target\":{\"@type\":\"EntryPoint\",\"urlTemplate\":\"http:\/\/dev.capenergie.fr\/catalogue\/?s={search_term_string}\"},\"query-input\":{\"@type\":\"PropertyValueSpecification\",\"valueRequired\":true,\"valueName\":\"search_term_string\"}}],\"inLanguage\":\"fr-FR\"}]}<\/script>\n<!-- \/ Yoast SEO plugin. -->","yoast_head_json":{"title":"Distributeur Kit autoconsommation photovolta\u00efque RT2018 - RT2020","description":"Cap Energie propose une gamme compl\u00e8te de Kit autoconsommation photovolta\u00efque RT2018 - RT2020 avec stockage permettant aux particuliers comme aux professionnels de r\u00e9duire leur facture \u00e9nerg\u00e9tique.","robots":{"index":"noindex","follow":"follow","max-snippet":"max-snippet:-1","max-image-preview":"max-image-preview:large","max-video-preview":"max-video-preview:-1"},"og_locale":"fr_FR","og_type":"article","og_title":"Distributeur Kit autoconsommation photovolta\u00efque RT2018 - RT2020","og_description":"Cap Energie propose une gamme compl\u00e8te de Kit autoconsommation photovolta\u00efque RT2018 - RT2020 avec stockage permettant aux particuliers comme aux professionnels de r\u00e9duire leur facture \u00e9nerg\u00e9tique.","og_url":"http:\/\/dev.capenergie.fr\/catalogue\/photovoltaique\/autoconsommation-photovoltaique.html","article_modified_time":"2025-02-20T13:55:44+00:00","og_image":[{"url":"http:\/\/images.capenergie.fr\/produit\/photovoltaique\/autoconsommation\/autoconsommation-photovoltaique.jpg","type":"","width":"","height":""}],"twitter_misc":{"Dur\u00e9e de lecture estim\u00e9e":"4 minutes"},"schema":{"@context":"https:\/\/schema.org","@graph":[{"@type":"WebPage","@id":"http:\/\/dev.capenergie.fr\/catalogue\/photovoltaique\/autoconsommation-photovoltaique.html","url":"http:\/\/dev.capenergie.fr\/catalogue\/photovoltaique\/autoconsommation-photovoltaique.html","name":"Distributeur Kit autoconsommation photovolta\u00efque RT2018 - RT2020","isPartOf":{"@id":"http:\/\/dev.capenergie.fr\/catalogue\/#website"},"primaryImageOfPage":{"@id":"http:\/\/dev.capenergie.fr\/catalogue\/photovoltaique\/autoconsommation-photovoltaique.html#primaryimage"},"image":{"@id":"http:\/\/dev.capenergie.fr\/catalogue\/photovoltaique\/autoconsommation-photovoltaique.html#primaryimage"},"thumbnailUrl":"http:\/\/images.capenergie.fr\/produit\/photovoltaique\/autoconsommation\/autoconsommation-photovoltaique.jpg","datePublished":"2013-09-16T11:05:43+00:00","dateModified":"2025-02-20T13:55:44+00:00","description":"Cap Energie propose une gamme compl\u00e8te de Kit autoconsommation photovolta\u00efque RT2018 - RT2020 avec stockage permettant aux particuliers comme aux professionnels de r\u00e9duire leur facture \u00e9nerg\u00e9tique.","breadcrumb":{"@id":"http:\/\/dev.capenergie.fr\/catalogue\/photovoltaique\/autoconsommation-photovoltaique.html#breadcrumb"},"inLanguage":"fr-FR","potentialAction":[{"@type":"ReadAction","target":["http:\/\/dev.capenergie.fr\/catalogue\/photovoltaique\/autoconsommation-photovoltaique.html"]}]},{"@type":"ImageObject","inLanguage":"fr-FR","@id":"http:\/\/dev.capenergie.fr\/catalogue\/photovoltaique\/autoconsommation-photovoltaique.html#primaryimage","url":"http:\/\/images.capenergie.fr\/produit\/photovoltaique\/autoconsommation\/autoconsommation-photovoltaique.jpg","contentUrl":"http:\/\/images.capenergie.fr\/produit\/photovoltaique\/autoconsommation\/autoconsommation-photovoltaique.jpg"},{"@type":"BreadcrumbList","@id":"http:\/\/dev.capenergie.fr\/catalogue\/photovoltaique\/autoconsommation-photovoltaique.html#breadcrumb","itemListElement":[{"@type":"ListItem","position":1,"name":"Accueil","item":"http:\/\/dev.capenergie.fr\/catalogue\/"},{"@type":"ListItem","position":2,"name":"Distributeur Photovolta\u00efque","item":"http:\/\/dev.capenergie.fr\/catalogue\/photovoltaique.html"},{"@type":"ListItem","position":3,"name":"Autoconsommation photovolta\u00efque"}]},{"@type":"WebSite","@id":"http:\/\/dev.capenergie.fr\/catalogue\/#website","url":"http:\/\/dev.capenergie.fr\/catalogue\/","name":"","description":"","potentialAction":[{"@type":"SearchAction","target":{"@type":"EntryPoint","urlTemplate":"http:\/\/dev.capenergie.fr\/catalogue\/?s={search_term_string}"},"query-input":{"@type":"PropertyValueSpecification","valueRequired":true,"valueName":"search_term_string"}}],"inLanguage":"fr-FR"}]}},"_links":{"self":[{"href":"http:\/\/dev.capenergie.fr\/catalogue\/wp-json\/wp\/v2\/pages\/1305","targetHints":{"allow":["GET"]}}],"collection":[{"href":"http:\/\/dev.capenergie.fr\/catalogue\/wp-json\/wp\/v2\/pages"}],"about":[{"href":"http:\/\/dev.capenergie.fr\/catalogue\/wp-json\/wp\/v2\/types\/page"}],"author":[{"embeddable":true,"href":"http:\/\/dev.capenergie.fr\/catalogue\/wp-json\/wp\/v2\/users\/1"}],"replies":[{"embeddable":true,"href":"http:\/\/dev.capenergie.fr\/catalogue\/wp-json\/wp\/v2\/comments?post=1305"}],"version-history":[{"count":27,"href":"http:\/\/dev.capenergie.fr\/catalogue\/wp-json\/wp\/v2\/pages\/1305\/revisions"}],"predecessor-version":[{"id":5445,"href":"http:\/\/dev.capenergie.fr\/catalogue\/wp-json\/wp\/v2\/pages\/1305\/revisions\/5445"}],"up":[{"embeddable":true,"href":"http:\/\/dev.capenergie.fr\/catalogue\/wp-json\/wp\/v2\/pages\/2"}],"wp:attachment":[{"href":"http:\/\/dev.capenergie.fr\/catalogue\/wp-json\/wp\/v2\/media?parent=1305"}],"curies":[{"name":"wp","href":"https:\/\/api.w.org\/{rel}","templated":true}]}}