{"id":1501,"date":"2014-05-21T11:35:10","date_gmt":"2014-05-21T09:35:10","guid":{"rendered":"http:\/\/www.capenergie.fr\/catalogue\/?page_id=1501"},"modified":"2014-05-21T12:36:44","modified_gmt":"2014-05-21T10:36:44","slug":"equipement-nautique-autonomie-energetique","status":"publish","type":"page","link":"http:\/\/dev.capenergie.fr\/catalogue\/site-isole\/equipement-nautique-autonomie-energetique.html","title":{"rendered":"Equipement nautique pour l&rsquo;autonomie \u00e9nerg\u00e9tique"},"content":{"rendered":"<p><strong>Cap Energie, sp\u00e9cialiste depuis 2006 des solutions ENR autonomes, propose une gamme compl\u00e8te d&rsquo;<a href=\"\/catalogue\/site-isole.html\" title=\"\u00e9quipement nautique pour l'autonomie \u00e9nerg\u00e9tiques\">\u00e9quipement nautique pour l&rsquo;autonomie \u00e9nerg\u00e9tiques<\/a> aux professionnels de la navigation<\/strong>. Architecte naval, ing\u00e9nieur naval, service de maintenance de bateau de plaisance, chantier naval et construction de yachts, catamarans, bateaux \u00e0 moteur ou voilier, Cap Energie offre une multitude de solutions de qualit\u00e9 premium dans l&rsquo;<strong>\u00e9quipement nautique pour autonomie \u00e9nerg\u00e9tiques<\/strong> avec une large gamme d&rsquo;\u00e9oliennes marines, panneaux photovolta\u00efques, batteries de stockage, r\u00e9gulateurs, chargeurs, convertisseurs et onduleurs mais \u00e9galement des terminaux 12V comme des r\u00e9frig\u00e9rateur 12V, ampoules, ventilateurs&#8230;<\/p>\n<div class=\"extrait-article\">\n<h2><a title=\"Eolienne Marine\" rel=\"bookmark\" href=\"\/catalogue\/eolienne.html\">Eolienne Marine<\/a><\/h2>\n<p><img decoding=\"async\" width=\"125\" height=\"125\" alt=\"Eolienne Air\" src=\"http:\/\/images.capenergie.fr\/produit\/eolienne\/air.png\" title=\"Eolienne Air\" class=\"img-article\"><\/p>\n<p>Cap Energie importateur europ\u00e9en exclusif de la gamme d&rsquo;\u00e9olienne Whisper et distributeur officiel de la game d\u2019Eolienne Air, recommande particuli\u00e8rement les r\u00e9f\u00e9rences Whisper 100, 200 et 500 mais \u00e9galement la r\u00e9f\u00e9rence Air Breeze Marine pour les applications nautiques :<br \/>\n  <a href=\"\/catalogue\/eolienne\/air.html\">D\u00e9couvrir Air Breeze Marine<\/a><br \/>\n   <a href=\"\/catalogue\/eolienne\/whisper.html\">D\u00e9couvrir Whisper Marine<\/a>\n  <\/p>\n<\/div>\n<div class=\"extrait-article\">\n<h2><a title=\"panneau solaire bateau\" rel=\"bookmark\" href=\"\/catalogue\/site-isole\/installation-solaire-autonome\/panneau-solaire-autonome.html\">panneau solaire bateau<\/a><\/h2>\n<p> <img decoding=\"async\" width=\"125\" height=\"125\" alt=\"panneau solaire autonome &ndash; site isol\u00e9\" src=\"http:\/\/images.capenergie.fr\/produit\/site-isole\/installation-solaire-autonome\/panneau-solaire-autonome.jpg\" title=\"panneau solaire autonome &ndash; site isol\u00e9\" class=\"img-article\"><\/p>\n<p>Cap Energie officiellement distributeur de panneau solaire pour syst\u00e8me nautique offre une gamme compl\u00e8te de <strong>panneau solaire bateau<\/strong>.<br \/>\n  La gamme de <strong>panneaux solaires bateaux<\/strong> d\u00e9di\u00e9e au nautisme et site isol\u00e9 est compos\u00e9e de panneaux photovolta\u00efques 12V ou 24 V de marque premium reconnues dans le secteur des ENR et du nautisme.<\/p>\n<p><a href=\"http:\/\/www.capenergie.fr\/catalogue\/site-isole\/installation-solaire-autonome\/panneau-solaire-autonome.html\" title=\"panneau solaire bateau\">D\u00e9couvrir la gamme panneau solaire bateau <span class=\"meta-nav\"><\/span><\/a><\/p>\n<\/div>\n<div class=\"extrait-article\">\n<h2><a title=\"R\u00e9gulateur de Charge bateau\" rel=\"bookmark\" href=\"http:\/\/www.capenergie.fr\/catalogue\/site-isole\/installation-solaire-autonome\/regulateur-de-charge.html\">R\u00e9gulateur de Charge bateau<\/a><\/h2>\n<p> <img decoding=\"async\" width=\"125\" height=\"125\" alt=\"R\u00e9gulateur de Charge &ndash; site isol\u00e9\" src=\"http:\/\/images.capenergie.fr\/produit\/site-isole\/installation-solaire-autonome\/regulateur.jpg\" title=\"R\u00e9gulateur de Charge &ndash; site isol\u00e9\" class=\"img-article\"><\/p>\n<p>Cap Energie officiellement distributeur de r\u00e9gulateur de Charge pour nautisme et site isol\u00e9 propose les plus grandes marques du march\u00e9 au professionnels du nautisme.    Indispensable pour les installations solaire nautique, les r\u00e9gulateurs de charge permettent de r\u00e9guler la tension en fonction de la charge et du voltage des stockeurs batteries et d\u2019optimiser ainsi la dur\u00e9e de vie  (\u2026)<\/p>\n<p> <a href=\"http:\/\/www.capenergie.fr\/catalogue\/site-isole\/installation-solaire-autonome\/regulateur-de-charge.html\" title=\"r\u00e9gulateur de charge pour bateau\">D\u00e9couvrir la gamme de r\u00e9gulateur de charge pour bateau<span class=\"meta-nav\"><\/span><\/a><\/p>\n<\/div>\n<div class=\"extrait-article\">\n<h2><a title=\"Chargeur de batterie pour bateau\" rel=\"bookmark\" href=\"http:\/\/www.capenergie.fr\/catalogue\/site-isole\/installation-solaire-autonome\/chargeur-de-batterie.html\">Chargeur de batterie pour bateau<\/a><\/h2>\n<p><img loading=\"lazy\" decoding=\"async\" width=\"125\" height=\"125\" alt=\"Chargeur de batterie\" src=\"http:\/\/images.capenergie.fr\/produit\/site-isole\/installation-solaire-autonome\/chargeur.jpg\" title=\"Chargeur de batterie\" class=\"img-article\"><\/p>\n<p>Cap Energie officiellement distributeur de Chargeur batterie pour application nautique et site isol\u00e9 propose une gamme de chargeur de batterie pour bateau professionnels, loisir et plaisance. Con\u00e7u pour un usage sp\u00e9cifique, la gamme de chargeur de batteries nautique est permet de charger \u00e0 partir d\u2019une source de courant alternantif et sans surcharge, les batteries pour bateau  (\u2026)<\/p>\n<p> <a href=\"http:\/\/www.capenergie.fr\/catalogue\/site-isole\/installation-solaire-autonome\/chargeur-de-batterie.html\" title=\"chargeur de batteries pour bateau\">D\u00e9couvrir la gamme de chargeur de batteries pour bateau<span class=\"meta-nav\"><\/span><\/a><\/p>\n<\/div>\n<div class=\"extrait-article\">\n<h2><a title=\"Batterie pour bateau\" rel=\"bookmark\" href=\"http:\/\/www.capenergie.fr\/catalogue\/site-isole\/installation-solaire-autonome\/batterie.html\">Batterie pour bateau<\/a><\/h2>\n<p><img loading=\"lazy\" decoding=\"async\" width=\"125\" height=\"125\" alt=\"Batterie pour site isol\u00e9\" src=\"http:\/\/images.capenergie.fr\/produit\/site-isole\/installation-solaire-autonome\/batterie.jpg\" title=\"Batterie pour site isol\u00e9\" class=\"img-article\"><\/p>\n<p>Cap Energie officiellement distributeur de batterie pour solution \u00e9nerg\u00e9tique pour bateau et site isol\u00e9 propose une s\u00e9lection de batteries premium pour le nautisme et les applications \u00e9oliennes et solaires autonomes.<br \/>\n  Toute installation nautique utilise une ou des batteries solaires autonome pour le stockage de l&rsquo;\u00e9lectricit\u00e9 produite par panneaux photovolta\u00efques ou \u00e9olienne. <\/p>\n<p> <a href=\"http:\/\/www.capenergie.fr\/catalogue\/site-isole\/installation-solaire-autonome\/batterie.html\" title=\"batteries pour bateau\">D\u00e9couvrir la gamme de batteries pour bateau<span class=\"meta-nav\"><\/span><\/a><\/p>\n<\/div>\n<div class=\"extrait-article\">\n<h2><a title=\"Onduleur Chargeur pour bateau\" rel=\"bookmark\" href=\"http:\/\/www.capenergie.fr\/catalogue\/site-isole\/installation-solaire-autonome\/onduleur-chargeur.html\">Onduleur Chargeur pour bateau<\/a><\/h2>\n<p><img loading=\"lazy\" decoding=\"async\" width=\"125\" height=\"125\" alt=\"Onduleur Chargeur site isol\u00e9\" src=\"http:\/\/images.capenergie.fr\/produit\/site-isole\/installation-solaire-autonome\/onduleur-chargeur.png\" title=\"Onduleur Chargeur site isol\u00e9\" class=\"img-article\"><\/p>\n<p>Cap Energie officiellement distributeur d\u2019Onduleur Chargeur pour application nautique et site isol\u00e9 propose les fabricants les plus fiables du march\u00e9 sur ce secteur au professionnels du nautisme. La fonction de l\u2019onduleur et onduleur chargeur nautique et site isol\u00e9 consiste \u00e0 convertir le courant continu en sortie de batterie en courant alternatif pour une utilisation avec diff\u00e9rents terminaux.<\/p>\n<p> <a href=\"http:\/\/www.capenergie.fr\/catalogue\/site-isole\/installation-solaire-autonome\/onduleur-chargeur.html\" title=\"Onduleur chargeur pour bateau\">D\u00e9couvrir la gamme onduleur chargeur pour bateau<span class=\"meta-nav\"><\/span><\/a><\/p>\n<\/div>\n<div class=\"extrait-article\">\n<h2><a title=\"Recepteur site isol\u00e9 et nautisme solaire autonome\" rel=\"bookmark\" href=\"http:\/\/www.capenergie.fr\/catalogue\/site-isole\/installation-solaire-autonome\/consommable-site-isole.html\">Recepteur site isol\u00e9 et nautisme solaire autonome<\/a><\/h2>\n<p><img loading=\"lazy\" decoding=\"async\" width=\"125\" height=\"125\" alt=\"Recepteur site isol\u00e9 et consommable solaire autonome\" src=\"http:\/\/images.capenergie.fr\/produit\/site-isole\/installation-solaire-autonome\/consommable.png\" title=\"Recepteur site isol\u00e9 et consommable solaire autonome\" class=\"img-article\"><\/p>\n<p>Cap Energie officiellement distributeur de r\u00e9cepteur et terminaux pour application nautique et  site isol\u00e9 avec une gamme de consommables pour installation \u00e9olienne ou solaire autonome se positionne en leader de la commercialisation d\u2019\u00e9quipement nautique.<br \/>\n  <a href=\"http:\/\/www.capenergie.fr\/catalogue\/site-isole\/installation-solaire-autonome\/consommable-site-isole.html\" title=\"recepteur nautisme solaire autonome\">D\u00e9couvrir tous les recepteur nautisme solaire autonome<span class=\"meta-nav\"><\/span><\/a><\/p>\n<\/div>\n","protected":false},"excerpt":{"rendered":"<p>Cap Energie, sp\u00e9cialiste depuis 2006 des solutions ENR autonomes, propose une gamme compl\u00e8te d&rsquo;\u00e9quipement nautique pour l&rsquo;autonomie \u00e9nerg\u00e9tiques aux professionnels de la navigation. Architecte naval, ing\u00e9nieur naval, service de maintenance de bateau de plaisance, chantier naval et construction de yachts, catamarans, bateaux \u00e0 moteur ou voilier, Cap Energie offre une multitude de solutions de qualit\u00e9 [&hellip;]<\/p>\n","protected":false},"author":1,"featured_media":0,"parent":84,"menu_order":0,"comment_status":"closed","ping_status":"closed","template":"sidebar-page.php","meta":{"ngg_post_thumbnail":0,"footnotes":""},"class_list":["post-1501","page","type-page","status-publish","hentry"],"yoast_head":"<!-- This site is optimized with the Yoast SEO plugin v26.8 - https:\/\/yoast.com\/product\/yoast-seo-wordpress\/ -->\n<title>Equipement nautique et autonomie \u00e9nerg\u00e9tique pour bateau<\/title>\n<meta name=\"description\" content=\"Cap Energie propose depuis 2006 une gamme d&#039;\u00e9quipement nautique permettant une autonomie \u00e9nerg\u00e9tique pour bateau avec des \u00e9oliennes et panneaux photovolta\u00efques haut de gamme pour une s\u00e9curit\u00e9 maximale en mer\" \/>\n<meta name=\"robots\" content=\"noindex, follow, max-snippet:-1, max-image-preview:large, max-video-preview:-1\" \/>\n<meta property=\"og:locale\" content=\"fr_FR\" \/>\n<meta property=\"og:type\" content=\"article\" \/>\n<meta property=\"og:title\" content=\"Equipement nautique et autonomie \u00e9nerg\u00e9tique pour bateau\" \/>\n<meta property=\"og:description\" content=\"Cap Energie propose depuis 2006 une gamme d&#039;\u00e9quipement nautique permettant une autonomie \u00e9nerg\u00e9tique pour bateau avec des \u00e9oliennes et panneaux photovolta\u00efques haut de gamme pour une s\u00e9curit\u00e9 maximale en mer\" \/>\n<meta property=\"og:url\" content=\"http:\/\/dev.capenergie.fr\/catalogue\/site-isole\/equipement-nautique-autonomie-energetique.html\" \/>\n<meta property=\"article:modified_time\" content=\"2014-05-21T10:36:44+00:00\" \/>\n<meta property=\"og:image\" content=\"http:\/\/images.capenergie.fr\/produit\/eolienne\/air.png\" \/>\n<meta name=\"twitter:label1\" content=\"Dur\u00e9e de lecture estim\u00e9e\" \/>\n\t<meta name=\"twitter:data1\" content=\"3 minutes\" \/>\n<script type=\"application\/ld+json\" class=\"yoast-schema-graph\">{\"@context\":\"https:\/\/schema.org\",\"@graph\":[{\"@type\":\"WebPage\",\"@id\":\"http:\/\/dev.capenergie.fr\/catalogue\/site-isole\/equipement-nautique-autonomie-energetique.html\",\"url\":\"http:\/\/dev.capenergie.fr\/catalogue\/site-isole\/equipement-nautique-autonomie-energetique.html\",\"name\":\"Equipement nautique et autonomie \u00e9nerg\u00e9tique pour bateau\",\"isPartOf\":{\"@id\":\"http:\/\/dev.capenergie.fr\/catalogue\/#website\"},\"primaryImageOfPage\":{\"@id\":\"http:\/\/dev.capenergie.fr\/catalogue\/site-isole\/equipement-nautique-autonomie-energetique.html#primaryimage\"},\"image\":{\"@id\":\"http:\/\/dev.capenergie.fr\/catalogue\/site-isole\/equipement-nautique-autonomie-energetique.html#primaryimage\"},\"thumbnailUrl\":\"http:\/\/images.capenergie.fr\/produit\/eolienne\/air.png\",\"datePublished\":\"2014-05-21T09:35:10+00:00\",\"dateModified\":\"2014-05-21T10:36:44+00:00\",\"description\":\"Cap Energie propose depuis 2006 une gamme d'\u00e9quipement nautique permettant une autonomie \u00e9nerg\u00e9tique pour bateau avec des \u00e9oliennes et panneaux photovolta\u00efques haut de gamme pour une s\u00e9curit\u00e9 maximale en mer\",\"breadcrumb\":{\"@id\":\"http:\/\/dev.capenergie.fr\/catalogue\/site-isole\/equipement-nautique-autonomie-energetique.html#breadcrumb\"},\"inLanguage\":\"fr-FR\",\"potentialAction\":[{\"@type\":\"ReadAction\",\"target\":[\"http:\/\/dev.capenergie.fr\/catalogue\/site-isole\/equipement-nautique-autonomie-energetique.html\"]}]},{\"@type\":\"ImageObject\",\"inLanguage\":\"fr-FR\",\"@id\":\"http:\/\/dev.capenergie.fr\/catalogue\/site-isole\/equipement-nautique-autonomie-energetique.html#primaryimage\",\"url\":\"http:\/\/images.capenergie.fr\/produit\/eolienne\/air.png\",\"contentUrl\":\"http:\/\/images.capenergie.fr\/produit\/eolienne\/air.png\"},{\"@type\":\"BreadcrumbList\",\"@id\":\"http:\/\/dev.capenergie.fr\/catalogue\/site-isole\/equipement-nautique-autonomie-energetique.html#breadcrumb\",\"itemListElement\":[{\"@type\":\"ListItem\",\"position\":1,\"name\":\"Accueil\",\"item\":\"http:\/\/dev.capenergie.fr\/catalogue\/\"},{\"@type\":\"ListItem\",\"position\":2,\"name\":\"Equipements pour site isol\u00e9\",\"item\":\"http:\/\/dev.capenergie.fr\/catalogue\/site-isole.html\"},{\"@type\":\"ListItem\",\"position\":3,\"name\":\"Equipement nautique pour l&rsquo;autonomie \u00e9nerg\u00e9tique\"}]},{\"@type\":\"WebSite\",\"@id\":\"http:\/\/dev.capenergie.fr\/catalogue\/#website\",\"url\":\"http:\/\/dev.capenergie.fr\/catalogue\/\",\"name\":\"\",\"description\":\"\",\"potentialAction\":[{\"@type\":\"SearchAction\",\"target\":{\"@type\":\"EntryPoint\",\"urlTemplate\":\"http:\/\/dev.capenergie.fr\/catalogue\/?s={search_term_string}\"},\"query-input\":{\"@type\":\"PropertyValueSpecification\",\"valueRequired\":true,\"valueName\":\"search_term_string\"}}],\"inLanguage\":\"fr-FR\"}]}<\/script>\n<!-- \/ Yoast SEO plugin. -->","yoast_head_json":{"title":"Equipement nautique et autonomie \u00e9nerg\u00e9tique pour bateau","description":"Cap Energie propose depuis 2006 une gamme d'\u00e9quipement nautique permettant une autonomie \u00e9nerg\u00e9tique pour bateau avec des \u00e9oliennes et panneaux photovolta\u00efques haut de gamme pour une s\u00e9curit\u00e9 maximale en mer","robots":{"index":"noindex","follow":"follow","max-snippet":"max-snippet:-1","max-image-preview":"max-image-preview:large","max-video-preview":"max-video-preview:-1"},"og_locale":"fr_FR","og_type":"article","og_title":"Equipement nautique et autonomie \u00e9nerg\u00e9tique pour bateau","og_description":"Cap Energie propose depuis 2006 une gamme d'\u00e9quipement nautique permettant une autonomie \u00e9nerg\u00e9tique pour bateau avec des \u00e9oliennes et panneaux photovolta\u00efques haut de gamme pour une s\u00e9curit\u00e9 maximale en mer","og_url":"http:\/\/dev.capenergie.fr\/catalogue\/site-isole\/equipement-nautique-autonomie-energetique.html","article_modified_time":"2014-05-21T10:36:44+00:00","og_image":[{"url":"http:\/\/images.capenergie.fr\/produit\/eolienne\/air.png","type":"","width":"","height":""}],"twitter_misc":{"Dur\u00e9e de lecture estim\u00e9e":"3 minutes"},"schema":{"@context":"https:\/\/schema.org","@graph":[{"@type":"WebPage","@id":"http:\/\/dev.capenergie.fr\/catalogue\/site-isole\/equipement-nautique-autonomie-energetique.html","url":"http:\/\/dev.capenergie.fr\/catalogue\/site-isole\/equipement-nautique-autonomie-energetique.html","name":"Equipement nautique et autonomie \u00e9nerg\u00e9tique pour bateau","isPartOf":{"@id":"http:\/\/dev.capenergie.fr\/catalogue\/#website"},"primaryImageOfPage":{"@id":"http:\/\/dev.capenergie.fr\/catalogue\/site-isole\/equipement-nautique-autonomie-energetique.html#primaryimage"},"image":{"@id":"http:\/\/dev.capenergie.fr\/catalogue\/site-isole\/equipement-nautique-autonomie-energetique.html#primaryimage"},"thumbnailUrl":"http:\/\/images.capenergie.fr\/produit\/eolienne\/air.png","datePublished":"2014-05-21T09:35:10+00:00","dateModified":"2014-05-21T10:36:44+00:00","description":"Cap Energie propose depuis 2006 une gamme d'\u00e9quipement nautique permettant une autonomie \u00e9nerg\u00e9tique pour bateau avec des \u00e9oliennes et panneaux photovolta\u00efques haut de gamme pour une s\u00e9curit\u00e9 maximale en mer","breadcrumb":{"@id":"http:\/\/dev.capenergie.fr\/catalogue\/site-isole\/equipement-nautique-autonomie-energetique.html#breadcrumb"},"inLanguage":"fr-FR","potentialAction":[{"@type":"ReadAction","target":["http:\/\/dev.capenergie.fr\/catalogue\/site-isole\/equipement-nautique-autonomie-energetique.html"]}]},{"@type":"ImageObject","inLanguage":"fr-FR","@id":"http:\/\/dev.capenergie.fr\/catalogue\/site-isole\/equipement-nautique-autonomie-energetique.html#primaryimage","url":"http:\/\/images.capenergie.fr\/produit\/eolienne\/air.png","contentUrl":"http:\/\/images.capenergie.fr\/produit\/eolienne\/air.png"},{"@type":"BreadcrumbList","@id":"http:\/\/dev.capenergie.fr\/catalogue\/site-isole\/equipement-nautique-autonomie-energetique.html#breadcrumb","itemListElement":[{"@type":"ListItem","position":1,"name":"Accueil","item":"http:\/\/dev.capenergie.fr\/catalogue\/"},{"@type":"ListItem","position":2,"name":"Equipements pour site isol\u00e9","item":"http:\/\/dev.capenergie.fr\/catalogue\/site-isole.html"},{"@type":"ListItem","position":3,"name":"Equipement nautique pour l&rsquo;autonomie \u00e9nerg\u00e9tique"}]},{"@type":"WebSite","@id":"http:\/\/dev.capenergie.fr\/catalogue\/#website","url":"http:\/\/dev.capenergie.fr\/catalogue\/","name":"","description":"","potentialAction":[{"@type":"SearchAction","target":{"@type":"EntryPoint","urlTemplate":"http:\/\/dev.capenergie.fr\/catalogue\/?s={search_term_string}"},"query-input":{"@type":"PropertyValueSpecification","valueRequired":true,"valueName":"search_term_string"}}],"inLanguage":"fr-FR"}]}},"_links":{"self":[{"href":"http:\/\/dev.capenergie.fr\/catalogue\/wp-json\/wp\/v2\/pages\/1501","targetHints":{"allow":["GET"]}}],"collection":[{"href":"http:\/\/dev.capenergie.fr\/catalogue\/wp-json\/wp\/v2\/pages"}],"about":[{"href":"http:\/\/dev.capenergie.fr\/catalogue\/wp-json\/wp\/v2\/types\/page"}],"author":[{"embeddable":true,"href":"http:\/\/dev.capenergie.fr\/catalogue\/wp-json\/wp\/v2\/users\/1"}],"replies":[{"embeddable":true,"href":"http:\/\/dev.capenergie.fr\/catalogue\/wp-json\/wp\/v2\/comments?post=1501"}],"version-history":[{"count":10,"href":"http:\/\/dev.capenergie.fr\/catalogue\/wp-json\/wp\/v2\/pages\/1501\/revisions"}],"predecessor-version":[{"id":1511,"href":"http:\/\/dev.capenergie.fr\/catalogue\/wp-json\/wp\/v2\/pages\/1501\/revisions\/1511"}],"up":[{"embeddable":true,"href":"http:\/\/dev.capenergie.fr\/catalogue\/wp-json\/wp\/v2\/pages\/84"}],"wp:attachment":[{"href":"http:\/\/dev.capenergie.fr\/catalogue\/wp-json\/wp\/v2\/media?parent=1501"}],"curies":[{"name":"wp","href":"https:\/\/api.w.org\/{rel}","templated":true}]}}