{"id":153,"date":"2012-09-27T08:58:27","date_gmt":"2012-09-27T08:58:27","guid":{"rendered":"http:\/\/www.capenergie.fr\/catalogue3\/?page_id=153"},"modified":"2015-06-19T11:51:54","modified_gmt":"2015-06-19T09:51:54","slug":"onduleurs","status":"publish","type":"page","link":"http:\/\/dev.capenergie.fr\/catalogue\/photovoltaique\/onduleurs.html","title":{"rendered":"Distributeur d&rsquo;onduleur photovolta\u00efque"},"content":{"rendered":"<p><?php\nglobal $post;\n\/\/ showposts: nombre d'article affich\u00e9\n\/\/ category: l'id de la cat\u00e9gorie\n$postslist = get_posts('showposts=99&#038;category=11&#038;order=DESC&#038;orderby=date');\nforeach($postslist as $post) :\nsetup_postdata($post);\n?><\/p>\n<div class=\"extrait-article\">\n<h2><a href=\"<?php the_permalink() ?>\u00a0\u00bb rel=\u00a0\u00bbbookmark\u00a0\u00bb title=\u00a0\u00bb<?php the_title_attribute(); ?>\u00ab\u00a0><?php the_title(); ?><\/a><\/h2>\n<p>    <?php the_excerpt(); ?><\/p>\n<div id=\"butt\" class=\"butt-prod1\" align=\"center\"><a href=\"<?php the_permalink() ?>\u00a0\u00bb rel=\u00a0\u00bbbookmark\u00a0\u00bb title=\u00a0\u00bb<?php the_title_attribute(); ?>\u00ab\u00a0>Lire la suite<\/a><\/div>\n<\/div>\n<p><?php endforeach; ?><\/p>\n","protected":false},"excerpt":{"rendered":"","protected":false},"author":1,"featured_media":0,"parent":2,"menu_order":0,"comment_status":"closed","ping_status":"closed","template":"","meta":{"ngg_post_thumbnail":0,"footnotes":""},"class_list":["post-153","page","type-page","status-publish","hentry"],"yoast_head":"<!-- This site is optimized with the Yoast SEO plugin v26.8 - https:\/\/yoast.com\/product\/yoast-seo-wordpress\/ -->\n<title>Cap Energie Distributeur Onduleur photovolta\u00efque<\/title>\n<meta name=\"description\" content=\"Cap Energie Distributeur Onduleur photovolta\u00efque en France propose la gamme d&#039;onduleur photovolta\u00efque SMA, Fronius, Kostal, Mitsubishi, Mastervolt pour les installations photovolta\u00efque.\" \/>\n<meta name=\"robots\" content=\"noindex, follow, max-snippet:-1, max-image-preview:large, max-video-preview:-1\" \/>\n<meta property=\"og:locale\" content=\"fr_FR\" \/>\n<meta property=\"og:type\" content=\"article\" \/>\n<meta property=\"og:title\" content=\"Cap Energie Distributeur Onduleur photovolta\u00efque\" \/>\n<meta property=\"og:description\" content=\"Cap Energie Distributeur Onduleur photovolta\u00efque en France propose la gamme d&#039;onduleur photovolta\u00efque SMA, Fronius, Kostal, Mitsubishi, Mastervolt pour les installations photovolta\u00efque.\" \/>\n<meta property=\"og:url\" content=\"http:\/\/dev.capenergie.fr\/catalogue\/photovoltaique\/onduleurs.html\" \/>\n<meta property=\"article:modified_time\" content=\"2015-06-19T09:51:54+00:00\" \/>\n<script type=\"application\/ld+json\" class=\"yoast-schema-graph\">{\"@context\":\"https:\/\/schema.org\",\"@graph\":[{\"@type\":\"WebPage\",\"@id\":\"http:\/\/dev.capenergie.fr\/catalogue\/photovoltaique\/onduleurs.html\",\"url\":\"http:\/\/dev.capenergie.fr\/catalogue\/photovoltaique\/onduleurs.html\",\"name\":\"Cap Energie Distributeur Onduleur photovolta\u00efque\",\"isPartOf\":{\"@id\":\"http:\/\/dev.capenergie.fr\/catalogue\/#website\"},\"datePublished\":\"2012-09-27T08:58:27+00:00\",\"dateModified\":\"2015-06-19T09:51:54+00:00\",\"description\":\"Cap Energie Distributeur Onduleur photovolta\u00efque en France propose la gamme d'onduleur photovolta\u00efque SMA, Fronius, Kostal, Mitsubishi, Mastervolt pour les installations photovolta\u00efque.\",\"breadcrumb\":{\"@id\":\"http:\/\/dev.capenergie.fr\/catalogue\/photovoltaique\/onduleurs.html#breadcrumb\"},\"inLanguage\":\"fr-FR\",\"potentialAction\":[{\"@type\":\"ReadAction\",\"target\":[\"http:\/\/dev.capenergie.fr\/catalogue\/photovoltaique\/onduleurs.html\"]}]},{\"@type\":\"BreadcrumbList\",\"@id\":\"http:\/\/dev.capenergie.fr\/catalogue\/photovoltaique\/onduleurs.html#breadcrumb\",\"itemListElement\":[{\"@type\":\"ListItem\",\"position\":1,\"name\":\"Accueil\",\"item\":\"http:\/\/dev.capenergie.fr\/catalogue\/\"},{\"@type\":\"ListItem\",\"position\":2,\"name\":\"Distributeur Photovolta\u00efque\",\"item\":\"http:\/\/dev.capenergie.fr\/catalogue\/photovoltaique.html\"},{\"@type\":\"ListItem\",\"position\":3,\"name\":\"Distributeur d&rsquo;onduleur photovolta\u00efque\"}]},{\"@type\":\"WebSite\",\"@id\":\"http:\/\/dev.capenergie.fr\/catalogue\/#website\",\"url\":\"http:\/\/dev.capenergie.fr\/catalogue\/\",\"name\":\"\",\"description\":\"\",\"potentialAction\":[{\"@type\":\"SearchAction\",\"target\":{\"@type\":\"EntryPoint\",\"urlTemplate\":\"http:\/\/dev.capenergie.fr\/catalogue\/?s={search_term_string}\"},\"query-input\":{\"@type\":\"PropertyValueSpecification\",\"valueRequired\":true,\"valueName\":\"search_term_string\"}}],\"inLanguage\":\"fr-FR\"}]}<\/script>\n<!-- \/ Yoast SEO plugin. -->","yoast_head_json":{"title":"Cap Energie Distributeur Onduleur photovolta\u00efque","description":"Cap Energie Distributeur Onduleur photovolta\u00efque en France propose la gamme d'onduleur photovolta\u00efque SMA, Fronius, Kostal, Mitsubishi, Mastervolt pour les installations photovolta\u00efque.","robots":{"index":"noindex","follow":"follow","max-snippet":"max-snippet:-1","max-image-preview":"max-image-preview:large","max-video-preview":"max-video-preview:-1"},"og_locale":"fr_FR","og_type":"article","og_title":"Cap Energie Distributeur Onduleur photovolta\u00efque","og_description":"Cap Energie Distributeur Onduleur photovolta\u00efque en France propose la gamme d'onduleur photovolta\u00efque SMA, Fronius, Kostal, Mitsubishi, Mastervolt pour les installations photovolta\u00efque.","og_url":"http:\/\/dev.capenergie.fr\/catalogue\/photovoltaique\/onduleurs.html","article_modified_time":"2015-06-19T09:51:54+00:00","schema":{"@context":"https:\/\/schema.org","@graph":[{"@type":"WebPage","@id":"http:\/\/dev.capenergie.fr\/catalogue\/photovoltaique\/onduleurs.html","url":"http:\/\/dev.capenergie.fr\/catalogue\/photovoltaique\/onduleurs.html","name":"Cap Energie Distributeur Onduleur photovolta\u00efque","isPartOf":{"@id":"http:\/\/dev.capenergie.fr\/catalogue\/#website"},"datePublished":"2012-09-27T08:58:27+00:00","dateModified":"2015-06-19T09:51:54+00:00","description":"Cap Energie Distributeur Onduleur photovolta\u00efque en France propose la gamme d'onduleur photovolta\u00efque SMA, Fronius, Kostal, Mitsubishi, Mastervolt pour les installations photovolta\u00efque.","breadcrumb":{"@id":"http:\/\/dev.capenergie.fr\/catalogue\/photovoltaique\/onduleurs.html#breadcrumb"},"inLanguage":"fr-FR","potentialAction":[{"@type":"ReadAction","target":["http:\/\/dev.capenergie.fr\/catalogue\/photovoltaique\/onduleurs.html"]}]},{"@type":"BreadcrumbList","@id":"http:\/\/dev.capenergie.fr\/catalogue\/photovoltaique\/onduleurs.html#breadcrumb","itemListElement":[{"@type":"ListItem","position":1,"name":"Accueil","item":"http:\/\/dev.capenergie.fr\/catalogue\/"},{"@type":"ListItem","position":2,"name":"Distributeur Photovolta\u00efque","item":"http:\/\/dev.capenergie.fr\/catalogue\/photovoltaique.html"},{"@type":"ListItem","position":3,"name":"Distributeur d&rsquo;onduleur photovolta\u00efque"}]},{"@type":"WebSite","@id":"http:\/\/dev.capenergie.fr\/catalogue\/#website","url":"http:\/\/dev.capenergie.fr\/catalogue\/","name":"","description":"","potentialAction":[{"@type":"SearchAction","target":{"@type":"EntryPoint","urlTemplate":"http:\/\/dev.capenergie.fr\/catalogue\/?s={search_term_string}"},"query-input":{"@type":"PropertyValueSpecification","valueRequired":true,"valueName":"search_term_string"}}],"inLanguage":"fr-FR"}]}},"_links":{"self":[{"href":"http:\/\/dev.capenergie.fr\/catalogue\/wp-json\/wp\/v2\/pages\/153","targetHints":{"allow":["GET"]}}],"collection":[{"href":"http:\/\/dev.capenergie.fr\/catalogue\/wp-json\/wp\/v2\/pages"}],"about":[{"href":"http:\/\/dev.capenergie.fr\/catalogue\/wp-json\/wp\/v2\/types\/page"}],"author":[{"embeddable":true,"href":"http:\/\/dev.capenergie.fr\/catalogue\/wp-json\/wp\/v2\/users\/1"}],"replies":[{"embeddable":true,"href":"http:\/\/dev.capenergie.fr\/catalogue\/wp-json\/wp\/v2\/comments?post=153"}],"version-history":[{"count":8,"href":"http:\/\/dev.capenergie.fr\/catalogue\/wp-json\/wp\/v2\/pages\/153\/revisions"}],"predecessor-version":[{"id":1962,"href":"http:\/\/dev.capenergie.fr\/catalogue\/wp-json\/wp\/v2\/pages\/153\/revisions\/1962"}],"up":[{"embeddable":true,"href":"http:\/\/dev.capenergie.fr\/catalogue\/wp-json\/wp\/v2\/pages\/2"}],"wp:attachment":[{"href":"http:\/\/dev.capenergie.fr\/catalogue\/wp-json\/wp\/v2\/media?parent=153"}],"curies":[{"name":"wp","href":"https:\/\/api.w.org\/{rel}","templated":true}]}}