{"id":2,"date":"2012-09-11T10:42:04","date_gmt":"2012-09-11T10:42:04","guid":{"rendered":"http:\/\/www.capenergie.fr\/catalogue3\/?page_id=2"},"modified":"2020-06-23T11:39:41","modified_gmt":"2020-06-23T09:39:41","slug":"photovoltaique","status":"publish","type":"page","link":"http:\/\/dev.capenergie.fr\/catalogue\/photovoltaique.html","title":{"rendered":"Distributeur Photovolta\u00efque"},"content":{"rendered":"<table id=\"tab-list-prod\" width=\"100%%\" border=\"0\">\n<tr>\n<td width=\"160px\">\n<h2>Panneau photovolta\u00efque<\/h2>\n<p>    <a class=\"img-product-list\" href=\"\/catalogue\/photovoltaique\/panneaux-photovoltaiques.html\"><img decoding=\"async\" src=\"http:\/\/images.capenergie.fr\/produit\/photovoltaique\/panneau-photovoltaique.jpg\" alt=\"distributeur panneau photovoltaique\" width=\"125\" height=\"125\" border=\"0\"><\/a><\/p>\n<p>Cap Energie, distributeur de panneau photovolta\u00efque, propose une gamme compl\u00e8te de module polycristallin et monocristallin de grande marque destin\u00e9 aux installateurs exigeant une qualit\u00e9 de produit irr\u00e9prochable pour leur client\u00e8le (&#8230;) <\/p>\n<div id=\"butt\" align=\"center\" class=\"butt-prod1\">\n\t\t\t<a title=\"distributeur de panneau photovolta\u00efque\"  href=\"\/catalogue\/photovoltaique\/panneaux-photovoltaiques.html\">Panneau photovolta\u00efque<\/a>\n\t\t<\/div>\n<\/td>\n<\/tr>\n<tr>\n<td>\n<h2>Support &amp; Int\u00e9gration photovolta\u00efque<\/h2>\n<p>    <a class=\"img-product-list\" href=\"\/catalogue\/photovoltaique\/support-a-integration.html\"><img decoding=\"async\" src=\"http:\/\/images.capenergie.fr\/produit\/photovoltaique\/integration-photovoltaique.jpg\" alt=\"distributeur support panneau photovoltaique\" width=\"125\" height=\"125\" border=\"0\"><\/a><\/p>\n<p>Cap Energie, distributeur de solution de support et d&rsquo;int\u00e9gration pour panneau photovolta\u00efque, propose une gamme compl\u00e8te de syst\u00e8mes d&rsquo;int\u00e9grations photovolta\u00efques de grande marque destin\u00e9s aux installateurs exigeant une qualit\u00e9 de produit irr\u00e9prochable pour leur client\u00e8le (&#8230;) <\/p>\n<div id=\"butt\" align=\"center\" class=\"butt-prod1\">\n\t\t\t<a title=\"distributeur d Int\u00e9gration photovolta\u00efque\"  href=\"\/catalogue\/photovoltaique\/support-a-integration.html\">Int\u00e9gration photovolta\u00efque<\/a>\n\t\t<\/div>\n<\/td>\n<\/tr>\n<tr>\n<td>\n<h2>Onduleur photovolta\u00efque<\/h2>\n<p>    <a class=\"img-product-list\" href=\"\/catalogue\/photovoltaique\/onduleurs.html\"><img decoding=\"async\" src=\"http:\/\/images.capenergie.fr\/produit\/photovoltaique\/onduleur-photovoltaique.jpg\" alt=\"distributeur onduleur photovoltaique\" width=\"125\" height=\"125\" border=\"0\"><\/a><\/p>\n<p>Cap Energie, distributeur d&rsquo;onduleur photovolta\u00efque, propose une gamme compl\u00e8te d&rsquo;onduleur de grande marque destin\u00e9 aux installateurs exigeant une qualit\u00e9 de produit irr\u00e9prochable pour leur client\u00e8le (&#8230;) <\/p>\n<div id=\"butt\" align=\"center\" class=\"butt-prod1\">\n\t\t\t<a title=\"distributeur d'Onduleur photovolta\u00efque\"  href=\"\/catalogue\/photovoltaique\/onduleurs.html\">Onduleur photovolta\u00efque<\/a>\n\t\t<\/div>\n<\/td>\n<\/tr>\n<tr>\n<td>\n<h2>Kit autoconsommation<\/h2>\n<p>    <a class=\"img-product-list\" href=\"\/catalogue\/photovoltaique\/accessoires-photovoltaiques.html\"><img loading=\"lazy\" decoding=\"async\" src=\"http:\/\/images.capenergie.fr\/produit\/photovoltaique\/autoconsommation\/autoconsommation-photovoltaique.jpg\" alt=\"distributeur Kit autoconsommation photovolta\u00efque\" width=\"125\" height=\"125\" border=\"0\"><\/a><\/p>\n<p>L&rsquo;installation d&rsquo;un syst\u00e8me Kit autoconsommation photovolta\u00efque rentre dans le domaine du rentable lorsque l&rsquo;habitation r\u00e9sidentielle est occup\u00e9e par ses propri\u00e9taires en journ\u00e9e mais \u00e9galement pour des PME, centre commerciaux ou autres entreprises permettant ainsi (&#8230;) <\/p>\n<div id=\"butt\" align=\"center\" class=\"butt-prod1\">\n\t\t\t<a title=\"Kit autoconsommation\"  href=\"\/catalogue\/photovoltaique\/autoconsommation-photovoltaique.html\">Kit autoconsommation<\/a>\n\t\t<\/div>\n<\/td>\n<\/tr>\n<tr>\n<td>\n<h2>Outil &amp; Acessoire photovolta\u00efque<\/h2>\n<p>    <a class=\"img-product-list\" href=\"\/catalogue\/photovoltaique\/accessoires-photovoltaiques.html\"><img loading=\"lazy\" decoding=\"async\" src=\"http:\/\/images.capenergie.fr\/produit\/photovoltaique\/accessoire-photovoltaique.jpg\" alt=\"distributeur connexion panneau photovoltaique\" width=\"125\" height=\"125\" border=\"0\"><\/a><\/p>\n<p>Cap Energie, distributeur d&rsquo;outillage pour l&rsquo;installation de panneau photovolta\u00efque, propose une gamme compl\u00e8te d&rsquo;outils et de connectique de grande marque destin\u00e9 aux installateurs exigeant une qualit\u00e9 de produit irr\u00e9prochable pour leur chantier (&#8230;) <\/p>\n<div id=\"butt\" align=\"center\" class=\"butt-prod1\">\n\t\t\t<a title=\"distributeur de connectique photovolta\u00efque\"  href=\"\/catalogue\/photovoltaique\/accessoires-photovoltaiques.html\">Acessoires photovolta\u00efque<\/a>\n\t\t<\/div>\n<\/td>\n<\/tr>\n<\/table>\n","protected":false},"excerpt":{"rendered":"<p>Panneau photovolta\u00efque Cap Energie, distributeur de panneau photovolta\u00efque, propose une gamme compl\u00e8te de module polycristallin et monocristallin de grande marque destin\u00e9 aux installateurs exigeant une qualit\u00e9 de produit irr\u00e9prochable pour leur client\u00e8le (&#8230;) Panneau photovolta\u00efque Support &amp; Int\u00e9gration photovolta\u00efque Cap Energie, distributeur de solution de support et d&rsquo;int\u00e9gration pour panneau photovolta\u00efque, propose une gamme compl\u00e8te [&hellip;]<\/p>\n","protected":false},"author":1,"featured_media":0,"parent":0,"menu_order":0,"comment_status":"open","ping_status":"open","template":"","meta":{"ngg_post_thumbnail":0,"footnotes":""},"class_list":["post-2","page","type-page","status-publish","hentry"],"yoast_head":"<!-- This site is optimized with the Yoast SEO plugin v26.8 - https:\/\/yoast.com\/product\/yoast-seo-wordpress\/ -->\n<title>Distributeur Panneaux photovolta\u00efque, onduleur, int\u00e9gration 100% bati<\/title>\n<meta name=\"description\" content=\"Capenergie distributeur photovolta\u00efque - Grossiste Panneaux photovoltaiques sharp et distributeur Panneau photovoltaique et onduleur mitsubishi ainsi que la gamme d&#039;onduleur sma\" \/>\n<meta name=\"robots\" content=\"noindex, follow, max-snippet:-1, max-image-preview:large, max-video-preview:-1\" \/>\n<meta property=\"og:locale\" content=\"fr_FR\" \/>\n<meta property=\"og:type\" content=\"article\" \/>\n<meta property=\"og:title\" content=\"Distributeur Panneaux photovolta\u00efque, onduleur, int\u00e9gration 100% bati\" \/>\n<meta property=\"og:description\" content=\"Capenergie distributeur photovolta\u00efque - Grossiste Panneaux photovoltaiques sharp et distributeur Panneau photovoltaique et onduleur mitsubishi ainsi que la gamme d&#039;onduleur sma\" \/>\n<meta property=\"og:url\" content=\"http:\/\/dev.capenergie.fr\/catalogue\/photovoltaique.html\" \/>\n<meta property=\"article:modified_time\" content=\"2020-06-23T09:39:41+00:00\" \/>\n<meta property=\"og:image\" content=\"http:\/\/images.capenergie.fr\/produit\/photovoltaique\/panneau-photovoltaique.jpg\" \/>\n<meta name=\"twitter:label1\" content=\"Dur\u00e9e de lecture estim\u00e9e\" \/>\n\t<meta name=\"twitter:data1\" content=\"1 minute\" \/>\n<script type=\"application\/ld+json\" class=\"yoast-schema-graph\">{\"@context\":\"https:\/\/schema.org\",\"@graph\":[{\"@type\":\"WebPage\",\"@id\":\"http:\/\/dev.capenergie.fr\/catalogue\/photovoltaique.html\",\"url\":\"http:\/\/dev.capenergie.fr\/catalogue\/photovoltaique.html\",\"name\":\"Distributeur Panneaux photovolta\u00efque, onduleur, int\u00e9gration 100% bati\",\"isPartOf\":{\"@id\":\"http:\/\/dev.capenergie.fr\/catalogue\/#website\"},\"primaryImageOfPage\":{\"@id\":\"http:\/\/dev.capenergie.fr\/catalogue\/photovoltaique.html#primaryimage\"},\"image\":{\"@id\":\"http:\/\/dev.capenergie.fr\/catalogue\/photovoltaique.html#primaryimage\"},\"thumbnailUrl\":\"http:\/\/images.capenergie.fr\/produit\/photovoltaique\/panneau-photovoltaique.jpg\",\"datePublished\":\"2012-09-11T10:42:04+00:00\",\"dateModified\":\"2020-06-23T09:39:41+00:00\",\"description\":\"Capenergie distributeur photovolta\u00efque - Grossiste Panneaux photovoltaiques sharp et distributeur Panneau photovoltaique et onduleur mitsubishi ainsi que la gamme d'onduleur sma\",\"breadcrumb\":{\"@id\":\"http:\/\/dev.capenergie.fr\/catalogue\/photovoltaique.html#breadcrumb\"},\"inLanguage\":\"fr-FR\",\"potentialAction\":[{\"@type\":\"ReadAction\",\"target\":[\"http:\/\/dev.capenergie.fr\/catalogue\/photovoltaique.html\"]}]},{\"@type\":\"ImageObject\",\"inLanguage\":\"fr-FR\",\"@id\":\"http:\/\/dev.capenergie.fr\/catalogue\/photovoltaique.html#primaryimage\",\"url\":\"http:\/\/images.capenergie.fr\/produit\/photovoltaique\/panneau-photovoltaique.jpg\",\"contentUrl\":\"http:\/\/images.capenergie.fr\/produit\/photovoltaique\/panneau-photovoltaique.jpg\"},{\"@type\":\"BreadcrumbList\",\"@id\":\"http:\/\/dev.capenergie.fr\/catalogue\/photovoltaique.html#breadcrumb\",\"itemListElement\":[{\"@type\":\"ListItem\",\"position\":1,\"name\":\"Accueil\",\"item\":\"http:\/\/dev.capenergie.fr\/catalogue\/\"},{\"@type\":\"ListItem\",\"position\":2,\"name\":\"Distributeur Photovolta\u00efque\"}]},{\"@type\":\"WebSite\",\"@id\":\"http:\/\/dev.capenergie.fr\/catalogue\/#website\",\"url\":\"http:\/\/dev.capenergie.fr\/catalogue\/\",\"name\":\"\",\"description\":\"\",\"potentialAction\":[{\"@type\":\"SearchAction\",\"target\":{\"@type\":\"EntryPoint\",\"urlTemplate\":\"http:\/\/dev.capenergie.fr\/catalogue\/?s={search_term_string}\"},\"query-input\":{\"@type\":\"PropertyValueSpecification\",\"valueRequired\":true,\"valueName\":\"search_term_string\"}}],\"inLanguage\":\"fr-FR\"}]}<\/script>\n<!-- \/ Yoast SEO plugin. -->","yoast_head_json":{"title":"Distributeur Panneaux photovolta\u00efque, onduleur, int\u00e9gration 100% bati","description":"Capenergie distributeur photovolta\u00efque - Grossiste Panneaux photovoltaiques sharp et distributeur Panneau photovoltaique et onduleur mitsubishi ainsi que la gamme d'onduleur sma","robots":{"index":"noindex","follow":"follow","max-snippet":"max-snippet:-1","max-image-preview":"max-image-preview:large","max-video-preview":"max-video-preview:-1"},"og_locale":"fr_FR","og_type":"article","og_title":"Distributeur Panneaux photovolta\u00efque, onduleur, int\u00e9gration 100% bati","og_description":"Capenergie distributeur photovolta\u00efque - Grossiste Panneaux photovoltaiques sharp et distributeur Panneau photovoltaique et onduleur mitsubishi ainsi que la gamme d'onduleur sma","og_url":"http:\/\/dev.capenergie.fr\/catalogue\/photovoltaique.html","article_modified_time":"2020-06-23T09:39:41+00:00","og_image":[{"url":"http:\/\/images.capenergie.fr\/produit\/photovoltaique\/panneau-photovoltaique.jpg","type":"","width":"","height":""}],"twitter_misc":{"Dur\u00e9e de lecture estim\u00e9e":"1 minute"},"schema":{"@context":"https:\/\/schema.org","@graph":[{"@type":"WebPage","@id":"http:\/\/dev.capenergie.fr\/catalogue\/photovoltaique.html","url":"http:\/\/dev.capenergie.fr\/catalogue\/photovoltaique.html","name":"Distributeur Panneaux photovolta\u00efque, onduleur, int\u00e9gration 100% bati","isPartOf":{"@id":"http:\/\/dev.capenergie.fr\/catalogue\/#website"},"primaryImageOfPage":{"@id":"http:\/\/dev.capenergie.fr\/catalogue\/photovoltaique.html#primaryimage"},"image":{"@id":"http:\/\/dev.capenergie.fr\/catalogue\/photovoltaique.html#primaryimage"},"thumbnailUrl":"http:\/\/images.capenergie.fr\/produit\/photovoltaique\/panneau-photovoltaique.jpg","datePublished":"2012-09-11T10:42:04+00:00","dateModified":"2020-06-23T09:39:41+00:00","description":"Capenergie distributeur photovolta\u00efque - Grossiste Panneaux photovoltaiques sharp et distributeur Panneau photovoltaique et onduleur mitsubishi ainsi que la gamme d'onduleur sma","breadcrumb":{"@id":"http:\/\/dev.capenergie.fr\/catalogue\/photovoltaique.html#breadcrumb"},"inLanguage":"fr-FR","potentialAction":[{"@type":"ReadAction","target":["http:\/\/dev.capenergie.fr\/catalogue\/photovoltaique.html"]}]},{"@type":"ImageObject","inLanguage":"fr-FR","@id":"http:\/\/dev.capenergie.fr\/catalogue\/photovoltaique.html#primaryimage","url":"http:\/\/images.capenergie.fr\/produit\/photovoltaique\/panneau-photovoltaique.jpg","contentUrl":"http:\/\/images.capenergie.fr\/produit\/photovoltaique\/panneau-photovoltaique.jpg"},{"@type":"BreadcrumbList","@id":"http:\/\/dev.capenergie.fr\/catalogue\/photovoltaique.html#breadcrumb","itemListElement":[{"@type":"ListItem","position":1,"name":"Accueil","item":"http:\/\/dev.capenergie.fr\/catalogue\/"},{"@type":"ListItem","position":2,"name":"Distributeur Photovolta\u00efque"}]},{"@type":"WebSite","@id":"http:\/\/dev.capenergie.fr\/catalogue\/#website","url":"http:\/\/dev.capenergie.fr\/catalogue\/","name":"","description":"","potentialAction":[{"@type":"SearchAction","target":{"@type":"EntryPoint","urlTemplate":"http:\/\/dev.capenergie.fr\/catalogue\/?s={search_term_string}"},"query-input":{"@type":"PropertyValueSpecification","valueRequired":true,"valueName":"search_term_string"}}],"inLanguage":"fr-FR"}]}},"_links":{"self":[{"href":"http:\/\/dev.capenergie.fr\/catalogue\/wp-json\/wp\/v2\/pages\/2","targetHints":{"allow":["GET"]}}],"collection":[{"href":"http:\/\/dev.capenergie.fr\/catalogue\/wp-json\/wp\/v2\/pages"}],"about":[{"href":"http:\/\/dev.capenergie.fr\/catalogue\/wp-json\/wp\/v2\/types\/page"}],"author":[{"embeddable":true,"href":"http:\/\/dev.capenergie.fr\/catalogue\/wp-json\/wp\/v2\/users\/1"}],"replies":[{"embeddable":true,"href":"http:\/\/dev.capenergie.fr\/catalogue\/wp-json\/wp\/v2\/comments?post=2"}],"version-history":[{"count":23,"href":"http:\/\/dev.capenergie.fr\/catalogue\/wp-json\/wp\/v2\/pages\/2\/revisions"}],"predecessor-version":[{"id":1916,"href":"http:\/\/dev.capenergie.fr\/catalogue\/wp-json\/wp\/v2\/pages\/2\/revisions\/1916"}],"wp:attachment":[{"href":"http:\/\/dev.capenergie.fr\/catalogue\/wp-json\/wp\/v2\/media?parent=2"}],"curies":[{"name":"wp","href":"https:\/\/api.w.org\/{rel}","templated":true}]}}