{"id":2412,"date":"2015-11-03T12:21:01","date_gmt":"2015-11-03T11:21:01","guid":{"rendered":"http:\/\/www.capenergie.fr\/catalogue\/?page_id=2412"},"modified":"2017-04-19T18:26:59","modified_gmt":"2017-04-19T16:26:59","slug":"power-reducer","status":"publish","type":"page","link":"http:\/\/dev.capenergie.fr\/catalogue\/photovoltaique\/autoconsommation-photovoltaique\/power-reducer.html","title":{"rendered":"Power Reducer"},"content":{"rendered":"<p><img decoding=\"async\" alt=\"power reducer\" src=\"http:\/\/images.capenergie.fr\/produit\/photovoltaique\/autoconsommation\/power-reducer-1.jpg\" class=\"alignleft\" width=\"125\" height=\"125\" \/><\/p>\n<p><strong>Cap Energie propose le syst\u00e8me de maximisation d&rsquo;autoconsommation  <a href=\"\/\" title=\"Power Reducer\">Power Reducer<\/a> permettant tout simplement d&#8217;emmagasiner l&rsquo;\u00e9nergie exc\u00e9dentaire d&rsquo;une installation photovolta\u00efque vers le chauffage de l&rsquo;eau chaude sanitaire.<\/strong><\/p>\n<h2>Principe de fonctionnement<\/h2>\n<p>Le Power Reducer examine \u00e0 longueur de journ\u00e9e la production  photovolta\u00efque du syst\u00e8me autoconsommation.  <strong>Power Reducer<\/strong> intervient lorsque le surplus de production \u00e9lectrique est redirig\u00e9 vers le r\u00e9seau ERDF. Cette production \u00e9lectrique est automatiquement dirig\u00e9 vers le chauffage de l&rsquo;eau chaude ou  autre syst\u00e8me de chauffage s&rsquo;assurant en amont qu&rsquo;aucune source d&rsquo;\u00e9nergie alimente d\u00e9j\u00e0 le syst\u00e8me de chauffage. Le contr\u00f4le du syst\u00e8me est r\u00e9alis\u00e9 par le composant \u00e9lectronique Elios4you connect\u00e9 \u00e0 une application tablette\/smartphone.<\/p>\n<p>Avec le syst\u00e8me Power Reducer, l\u2019exc\u00e9dent d&rsquo;\u00e9lectricit\u00e9 est utilis\u00e9 dans l&rsquo;habitat et permet  d&rsquo;optimiser l&rsquo;installation autoconsommation.<\/p>\n<p>Exemple sur le sch\u00e9ma ci-dessous\u00a0:<\/p>\n<p><img decoding=\"async\" src=\"http:\/\/images.capenergie.fr\/produit\/photovoltaique\/autoconsommation\/power-reducer-2.jpg\" width=\"100%\" alt=\"Power Reducer Elios4you\"><\/p>\n<h2>Avantages du syst\u00e8me Power reducer<\/h2>\n<p>&#8226; Pilotage \u00e0 distance via une application Android et Iphone<br \/>\n\t&#8226; Certifification CE et EMC<br \/>\n\t&#8226; <a href=\"http:\/\/pdf.capenergie.fr\/doc-photovoltaique\/power-reducer-lettre-credit-impot-et-tva-reduite.pdf\">Cr\u00e9dit d&rsquo;imp\u00f4t et TVA r\u00e9duite <\/a><br \/>\n\t&#8226; Simplicit\u00e9 de pose<br \/>\n\t&#8226; Simplicit\u00e9 du param\u00e9trage<br \/>\n\t&#8226; Totalement distinct de l&rsquo;onduleur photovolta\u00efque<br \/>\n\t&#8226; Totalement distinct du compteur<br \/>\n\t&#8226; Retour sur investissement de l&rsquo;installation autoconsommation plus rapide<br \/>\n\t&#8226; Chauffage de l&rsquo;eau gratuite\n<\/p>\n<h2> 3 types de connexion au choix<\/h2>\n<p><img decoding=\"async\" src=\"http:\/\/images.capenergie.fr\/produit\/photovoltaique\/autoconsommation\/power-reducer-3.jpg\" width=\"100%\" alt=\"Power Reducer connexion\"><\/p>\n<table>\n<tr id=\"rang-prod\">\n<td>\n<h3>Documentation Power Reducer<\/h3>\n<div class=\"separator-orange\"><\/div>\n<p>      <a href=\"http:\/\/pdf.capenergie.fr\/doc-photovoltaique\/power-reducer-installation.pdf\" target=\"_blank\"><\/p>\n<div id=\"doc-pdf\"><\/div>\n<p>\t    Notice installation Power Reducer<\/a><\/td>\n<\/tr>\n<tr id=\"rang-prod\">\n<td><a href=\"http:\/\/pdf.capenergie.fr\/doc-photovoltaique\/power-reducer-E4U-guide-rapide.pdf\" target=\"_blank\"><\/p>\n<div id=\"doc-pdf\"><\/div>\n<p>\t    Notice installation Elios4you Power Reducer<\/a><\/td>\n<\/tr>\n<\/tr>\n<tr id=\"rang-prod\">\n<td><a href=\"http:\/\/pdf.capenergie.fr\/doc-photovoltaique\/power-reducer-E4U-cablage.pdf\" target=\"_blank\"><\/p>\n<div id=\"doc-pdf\"><\/div>\n<p>\t    C\u00e2blage Elios4you Power Reducer<\/a><\/td>\n<\/tr>\n<\/tr>\n<tr id=\"rang-prod\">\n<td><a href=\"http:\/\/pdf.capenergie.fr\/doc-photovoltaique\/power-reducer-assistant-configuration.pdf\" target=\"_blank\"><\/p>\n<div id=\"doc-pdf\"><\/div>\n<p>\t    Configuration Application Power Reducer<\/a><\/td>\n<\/tr>\n<tr id=\"rang-prod\">\n<td><a href=\"http:\/\/pdf.capenergie.fr\/doc-photovoltaique\/power-reducer-avantages.pdf\" target=\"_blank\"><\/p>\n<div id=\"doc-pdf\"><\/div>\n<p>\t\tAvantage Power Reducer<\/a><\/td>\n<\/tr>\n<tr id=\"rang-prod\">\n<td><a href=\"http:\/\/pdf.capenergie.fr\/doc-photovoltaique\/power-reducer-principe.pdf\" target=\"_blank\"><\/p>\n<div id=\"doc-pdf\"><\/div>\n<p>\t    Principe Power Reducer<\/a><\/td>\n<\/tr>\n<\/table>\n","protected":false},"excerpt":{"rendered":"<p>Cap Energie propose le syst\u00e8me de maximisation d&rsquo;autoconsommation Power Reducer permettant tout simplement d&#8217;emmagasiner l&rsquo;\u00e9nergie exc\u00e9dentaire d&rsquo;une installation photovolta\u00efque vers le chauffage de l&rsquo;eau chaude sanitaire. Principe de fonctionnement Le Power Reducer examine \u00e0 longueur de journ\u00e9e la production photovolta\u00efque du syst\u00e8me autoconsommation. Power Reducer intervient lorsque le surplus de production \u00e9lectrique est redirig\u00e9 vers [&hellip;]<\/p>\n","protected":false},"author":1,"featured_media":0,"parent":1305,"menu_order":0,"comment_status":"closed","ping_status":"closed","template":"","meta":{"ngg_post_thumbnail":0,"footnotes":""},"class_list":["post-2412","page","type-page","status-publish","hentry"],"yoast_head":"<!-- This site is optimized with the Yoast SEO plugin v26.8 - https:\/\/yoast.com\/product\/yoast-seo-wordpress\/ -->\n<title>Power Reducer<\/title>\n<meta name=\"description\" content=\"Cap Energie propose le syst\u00e8me de maximisation d&#039;autoconsommation Power Reducer permettant tout simplement d&#039;emmagasiner l&#039;\u00e9nergie exc\u00e9dentaire d&#039;une installation photovolta\u00efque vers le chauffage de l&#039;eau chaude sanitaire.\" \/>\n<meta name=\"robots\" content=\"noindex, follow, max-snippet:-1, max-image-preview:large, max-video-preview:-1\" \/>\n<meta property=\"og:locale\" content=\"fr_FR\" \/>\n<meta property=\"og:type\" content=\"article\" \/>\n<meta property=\"og:title\" content=\"Power Reducer\" \/>\n<meta property=\"og:description\" content=\"Cap Energie propose le syst\u00e8me de maximisation d&#039;autoconsommation Power Reducer permettant tout simplement d&#039;emmagasiner l&#039;\u00e9nergie exc\u00e9dentaire d&#039;une installation photovolta\u00efque vers le chauffage de l&#039;eau chaude sanitaire.\" \/>\n<meta property=\"og:url\" content=\"http:\/\/dev.capenergie.fr\/catalogue\/photovoltaique\/autoconsommation-photovoltaique\/power-reducer.html\" \/>\n<meta property=\"article:modified_time\" content=\"2017-04-19T16:26:59+00:00\" \/>\n<meta property=\"og:image\" content=\"http:\/\/images.capenergie.fr\/produit\/photovoltaique\/autoconsommation\/power-reducer-1.jpg\" \/>\n<meta name=\"twitter:label1\" content=\"Dur\u00e9e de lecture estim\u00e9e\" \/>\n\t<meta name=\"twitter:data1\" content=\"1 minute\" \/>\n<script type=\"application\/ld+json\" class=\"yoast-schema-graph\">{\"@context\":\"https:\/\/schema.org\",\"@graph\":[{\"@type\":\"WebPage\",\"@id\":\"http:\/\/dev.capenergie.fr\/catalogue\/photovoltaique\/autoconsommation-photovoltaique\/power-reducer.html\",\"url\":\"http:\/\/dev.capenergie.fr\/catalogue\/photovoltaique\/autoconsommation-photovoltaique\/power-reducer.html\",\"name\":\"Power Reducer\",\"isPartOf\":{\"@id\":\"http:\/\/dev.capenergie.fr\/catalogue\/#website\"},\"primaryImageOfPage\":{\"@id\":\"http:\/\/dev.capenergie.fr\/catalogue\/photovoltaique\/autoconsommation-photovoltaique\/power-reducer.html#primaryimage\"},\"image\":{\"@id\":\"http:\/\/dev.capenergie.fr\/catalogue\/photovoltaique\/autoconsommation-photovoltaique\/power-reducer.html#primaryimage\"},\"thumbnailUrl\":\"http:\/\/images.capenergie.fr\/produit\/photovoltaique\/autoconsommation\/power-reducer-1.jpg\",\"datePublished\":\"2015-11-03T11:21:01+00:00\",\"dateModified\":\"2017-04-19T16:26:59+00:00\",\"description\":\"Cap Energie propose le syst\u00e8me de maximisation d'autoconsommation Power Reducer permettant tout simplement d'emmagasiner l'\u00e9nergie exc\u00e9dentaire d'une installation photovolta\u00efque vers le chauffage de l'eau chaude sanitaire.\",\"breadcrumb\":{\"@id\":\"http:\/\/dev.capenergie.fr\/catalogue\/photovoltaique\/autoconsommation-photovoltaique\/power-reducer.html#breadcrumb\"},\"inLanguage\":\"fr-FR\",\"potentialAction\":[{\"@type\":\"ReadAction\",\"target\":[\"http:\/\/dev.capenergie.fr\/catalogue\/photovoltaique\/autoconsommation-photovoltaique\/power-reducer.html\"]}]},{\"@type\":\"ImageObject\",\"inLanguage\":\"fr-FR\",\"@id\":\"http:\/\/dev.capenergie.fr\/catalogue\/photovoltaique\/autoconsommation-photovoltaique\/power-reducer.html#primaryimage\",\"url\":\"http:\/\/images.capenergie.fr\/produit\/photovoltaique\/autoconsommation\/power-reducer-1.jpg\",\"contentUrl\":\"http:\/\/images.capenergie.fr\/produit\/photovoltaique\/autoconsommation\/power-reducer-1.jpg\"},{\"@type\":\"BreadcrumbList\",\"@id\":\"http:\/\/dev.capenergie.fr\/catalogue\/photovoltaique\/autoconsommation-photovoltaique\/power-reducer.html#breadcrumb\",\"itemListElement\":[{\"@type\":\"ListItem\",\"position\":1,\"name\":\"Accueil\",\"item\":\"http:\/\/dev.capenergie.fr\/catalogue\/\"},{\"@type\":\"ListItem\",\"position\":2,\"name\":\"Distributeur Photovolta\u00efque\",\"item\":\"http:\/\/dev.capenergie.fr\/catalogue\/photovoltaique.html\"},{\"@type\":\"ListItem\",\"position\":3,\"name\":\"Autoconsommation photovolta\u00efque\",\"item\":\"http:\/\/dev.capenergie.fr\/catalogue\/photovoltaique\/autoconsommation-photovoltaique.html\"},{\"@type\":\"ListItem\",\"position\":4,\"name\":\"Power Reducer\"}]},{\"@type\":\"WebSite\",\"@id\":\"http:\/\/dev.capenergie.fr\/catalogue\/#website\",\"url\":\"http:\/\/dev.capenergie.fr\/catalogue\/\",\"name\":\"\",\"description\":\"\",\"potentialAction\":[{\"@type\":\"SearchAction\",\"target\":{\"@type\":\"EntryPoint\",\"urlTemplate\":\"http:\/\/dev.capenergie.fr\/catalogue\/?s={search_term_string}\"},\"query-input\":{\"@type\":\"PropertyValueSpecification\",\"valueRequired\":true,\"valueName\":\"search_term_string\"}}],\"inLanguage\":\"fr-FR\"}]}<\/script>\n<!-- \/ Yoast SEO plugin. -->","yoast_head_json":{"title":"Power Reducer","description":"Cap Energie propose le syst\u00e8me de maximisation d'autoconsommation Power Reducer permettant tout simplement d'emmagasiner l'\u00e9nergie exc\u00e9dentaire d'une installation photovolta\u00efque vers le chauffage de l'eau chaude sanitaire.","robots":{"index":"noindex","follow":"follow","max-snippet":"max-snippet:-1","max-image-preview":"max-image-preview:large","max-video-preview":"max-video-preview:-1"},"og_locale":"fr_FR","og_type":"article","og_title":"Power Reducer","og_description":"Cap Energie propose le syst\u00e8me de maximisation d'autoconsommation Power Reducer permettant tout simplement d'emmagasiner l'\u00e9nergie exc\u00e9dentaire d'une installation photovolta\u00efque vers le chauffage de l'eau chaude sanitaire.","og_url":"http:\/\/dev.capenergie.fr\/catalogue\/photovoltaique\/autoconsommation-photovoltaique\/power-reducer.html","article_modified_time":"2017-04-19T16:26:59+00:00","og_image":[{"url":"http:\/\/images.capenergie.fr\/produit\/photovoltaique\/autoconsommation\/power-reducer-1.jpg","type":"","width":"","height":""}],"twitter_misc":{"Dur\u00e9e de lecture estim\u00e9e":"1 minute"},"schema":{"@context":"https:\/\/schema.org","@graph":[{"@type":"WebPage","@id":"http:\/\/dev.capenergie.fr\/catalogue\/photovoltaique\/autoconsommation-photovoltaique\/power-reducer.html","url":"http:\/\/dev.capenergie.fr\/catalogue\/photovoltaique\/autoconsommation-photovoltaique\/power-reducer.html","name":"Power Reducer","isPartOf":{"@id":"http:\/\/dev.capenergie.fr\/catalogue\/#website"},"primaryImageOfPage":{"@id":"http:\/\/dev.capenergie.fr\/catalogue\/photovoltaique\/autoconsommation-photovoltaique\/power-reducer.html#primaryimage"},"image":{"@id":"http:\/\/dev.capenergie.fr\/catalogue\/photovoltaique\/autoconsommation-photovoltaique\/power-reducer.html#primaryimage"},"thumbnailUrl":"http:\/\/images.capenergie.fr\/produit\/photovoltaique\/autoconsommation\/power-reducer-1.jpg","datePublished":"2015-11-03T11:21:01+00:00","dateModified":"2017-04-19T16:26:59+00:00","description":"Cap Energie propose le syst\u00e8me de maximisation d'autoconsommation Power Reducer permettant tout simplement d'emmagasiner l'\u00e9nergie exc\u00e9dentaire d'une installation photovolta\u00efque vers le chauffage de l'eau chaude sanitaire.","breadcrumb":{"@id":"http:\/\/dev.capenergie.fr\/catalogue\/photovoltaique\/autoconsommation-photovoltaique\/power-reducer.html#breadcrumb"},"inLanguage":"fr-FR","potentialAction":[{"@type":"ReadAction","target":["http:\/\/dev.capenergie.fr\/catalogue\/photovoltaique\/autoconsommation-photovoltaique\/power-reducer.html"]}]},{"@type":"ImageObject","inLanguage":"fr-FR","@id":"http:\/\/dev.capenergie.fr\/catalogue\/photovoltaique\/autoconsommation-photovoltaique\/power-reducer.html#primaryimage","url":"http:\/\/images.capenergie.fr\/produit\/photovoltaique\/autoconsommation\/power-reducer-1.jpg","contentUrl":"http:\/\/images.capenergie.fr\/produit\/photovoltaique\/autoconsommation\/power-reducer-1.jpg"},{"@type":"BreadcrumbList","@id":"http:\/\/dev.capenergie.fr\/catalogue\/photovoltaique\/autoconsommation-photovoltaique\/power-reducer.html#breadcrumb","itemListElement":[{"@type":"ListItem","position":1,"name":"Accueil","item":"http:\/\/dev.capenergie.fr\/catalogue\/"},{"@type":"ListItem","position":2,"name":"Distributeur Photovolta\u00efque","item":"http:\/\/dev.capenergie.fr\/catalogue\/photovoltaique.html"},{"@type":"ListItem","position":3,"name":"Autoconsommation photovolta\u00efque","item":"http:\/\/dev.capenergie.fr\/catalogue\/photovoltaique\/autoconsommation-photovoltaique.html"},{"@type":"ListItem","position":4,"name":"Power Reducer"}]},{"@type":"WebSite","@id":"http:\/\/dev.capenergie.fr\/catalogue\/#website","url":"http:\/\/dev.capenergie.fr\/catalogue\/","name":"","description":"","potentialAction":[{"@type":"SearchAction","target":{"@type":"EntryPoint","urlTemplate":"http:\/\/dev.capenergie.fr\/catalogue\/?s={search_term_string}"},"query-input":{"@type":"PropertyValueSpecification","valueRequired":true,"valueName":"search_term_string"}}],"inLanguage":"fr-FR"}]}},"_links":{"self":[{"href":"http:\/\/dev.capenergie.fr\/catalogue\/wp-json\/wp\/v2\/pages\/2412","targetHints":{"allow":["GET"]}}],"collection":[{"href":"http:\/\/dev.capenergie.fr\/catalogue\/wp-json\/wp\/v2\/pages"}],"about":[{"href":"http:\/\/dev.capenergie.fr\/catalogue\/wp-json\/wp\/v2\/types\/page"}],"author":[{"embeddable":true,"href":"http:\/\/dev.capenergie.fr\/catalogue\/wp-json\/wp\/v2\/users\/1"}],"replies":[{"embeddable":true,"href":"http:\/\/dev.capenergie.fr\/catalogue\/wp-json\/wp\/v2\/comments?post=2412"}],"version-history":[{"count":5,"href":"http:\/\/dev.capenergie.fr\/catalogue\/wp-json\/wp\/v2\/pages\/2412\/revisions"}],"predecessor-version":[{"id":3076,"href":"http:\/\/dev.capenergie.fr\/catalogue\/wp-json\/wp\/v2\/pages\/2412\/revisions\/3076"}],"up":[{"embeddable":true,"href":"http:\/\/dev.capenergie.fr\/catalogue\/wp-json\/wp\/v2\/pages\/1305"}],"wp:attachment":[{"href":"http:\/\/dev.capenergie.fr\/catalogue\/wp-json\/wp\/v2\/media?parent=2412"}],"curies":[{"name":"wp","href":"https:\/\/api.w.org\/{rel}","templated":true}]}}