{"id":2946,"date":"2017-03-23T13:04:42","date_gmt":"2017-03-23T12:04:42","guid":{"rendered":"http:\/\/www.capenergie.fr\/catalogue\/?page_id=2946"},"modified":"2018-01-31T11:15:53","modified_gmt":"2018-01-31T10:15:53","slug":"elios4you-domotique-systeme-autoconsommation","status":"publish","type":"page","link":"http:\/\/dev.capenergie.fr\/catalogue\/photovoltaique\/autoconsommation-photovoltaique\/elios4you-domotique-systeme-autoconsommation.html","title":{"rendered":"Elios4you : l&rsquo;intelligence s&rsquo;invite dans votre syst\u00e8me Autoconsommation"},"content":{"rendered":"<p><img decoding=\"async\" alt=\"power reducer\" src=\"http:\/\/images.capenergie.fr\/produit\/photovoltaique\/autoconsommation\/power-reducer-1.jpg\" class=\"alignleft\" width=\"125\" height=\"125\" \/><\/p>\n<p><strong><a href=\"\/\" title=\"Elios4you\">Elios4you<\/a> est le concept s\u00e9lectionn\u00e9 par Cap Energie permettant de tirer avantage des derni\u00e8res avanc\u00e9es technologiques aux services de la gestion et production d&rsquo;\u00e9nergie au sein de l&rsquo;habitat r\u00e9sidentiel tout en offrant une acc\u00e9l\u00e9ration du retour sur investissement du syst\u00e8me \u00ab\u00a0Autoconsommation\u00a0\u00bb\u00a0.<\/strong><\/p>\n<p><strong>Elios4you<\/strong> se pilote \u00e0 partir de l&rsquo;application Android ou IOS Elios4You \u00e0 t\u00e9l\u00e9charger gratuitement sur l&rsquo;App Store ou Google Play et offre la possibilit\u00e9 de contr\u00f4ler le g\u00e9n\u00e9rateur d&rsquo;\u00e9nergie de type photovolta\u00efque et de tirer avantage de l&rsquo;exc\u00e9dent de production pour alimenter l&rsquo;appareillage \u00e9lectrique du domicile (machine \u00e0 laver le linge, prises \u00e9lectriques, \u00e9clairage&#8230;), et la production d&rsquo;eau chaude.<br \/>\nUn simple smartphone ou tablette permet ainsi de contr\u00f4ler et r\u00e9guler la production et l&rsquo;usage de son syst\u00e8me \u00ab\u00a0Autoconsommation\u00a0\u00bb\u00a0.<\/p>\n<table width=\"100%\" border=\"0\" cellspacing=\"0\" cellpadding=\"5\">\n<tr id=\"rang-prod\">\n<td>\n<h3>Brochure t\u00e9l\u00e9charger<\/h3>\n<div class=\"separator-orange\"><\/div>\n<p>        <a href=\"http:\/\/pdf.capenergie.fr\/doc-autoconso\/elios4you-4-noks-brochure.pdf\" target=\"_blank\"><\/p>\n<div id=\"doc-pdf\"><\/div>\n<p>        Brochure gamme 4-noks Elios4you<\/a>\n        <\/td>\n<\/tr>\n<\/table>\n<h2>Principe de fonctionnement Elios4You<\/h2>\n<p>Le principe est simple et efficace puisqu&rsquo;il permet d&rsquo;exploiter la totalit\u00e9 des exc\u00e9dents de production d&rsquo;un syst\u00e8me de type <a href=\"\/catalogue\/photovoltaique\/autoconsommation-photovoltaique.html\" title=\"Kit autoconsommation photovolta\u00efque\">Kit autoconsommation photovolta\u00efque<\/a> et permettre ainsi de r\u00e9duire consid\u00e9rablement la facture \u00e9nerg\u00e9tique \u00e0 l&rsquo;image de la <strong>domotique<\/strong> r\u00e9sidentielle.<\/p>\n<p>Exemple sur le sch\u00e9ma ci-dessous\u00a0:<\/p>\n<p><img decoding=\"async\" src=\"http:\/\/images.capenergie.fr\/produit\/photovoltaique\/autoconsommation\/schema-elios4you-n1.jpg\" width=\"100%\" alt=\"Elios4you\"><\/p>\n<h2>Avantages du syst\u00e8me Elios4you<\/h2>\n<p>&#8226; Pilotage \u00e0 distance via une application Android et Iphone<br \/>\n\t&#8226; <a href=\"http:\/\/pdf.capenergie.fr\/doc-photovoltaique\/power-reducer-lettre-credit-impot-et-tva-reduite.pdf\">Cr\u00e9dit d&rsquo;imp\u00f4t et TVA r\u00e9duite <\/a><br \/>\n\t&#8226; Simplicit\u00e9 de pose<br \/>\n\t&#8226; Simplicit\u00e9 du param\u00e9trage<br \/>\n\t&#8226; Monitoring de production et consommation d\u2019\u00e9nergie en temps r\u00e9el<br \/>\n\t&#8226; Energie d\u00e9tournable vers le chauffe eau ou vers autres appareillages \u00e9lectrom\u00e9nagers<br \/>\n\t&#8226; Retour sur investissement de l&rsquo;installation autoconsommation plus rapide<\/p>\n<h2> Configurations possibles du syst\u00e8me Elios4you<\/h2>\n<h3>Composant 1 <\/h3>\n<p><strong>Elios4you App le cerveau du syst\u00e8me<\/strong><br \/>\nElios4you App est une application mobile ou tablette gratuite d\u00e9velopp\u00e9e sous Android et IOS qui int\u00e8gre la partie monitoring du syst\u00e8me et exploite l&rsquo;exc\u00e9dent de production en d\u00e9tournant l&rsquo;\u00e9nergie vers divers p\u00e9riph\u00e9riques. Cette application permet au propri\u00e9taire du syst\u00e8me de visualiser et contr\u00f4ler de mani\u00e8re intuitive et en quelques secondes l&rsquo;\u00e9tat de fonctionnement en directe via un smartphone ou une tablette.<\/p>\n<table width=\"100%\" border=\"0\" cellspacing=\"0\" cellpadding=\"5\">\n<tr id=\"rang-prod\">\n<td>\n<h3>Documentation techniques \u00e0 t\u00e9l\u00e9charger<\/h3>\n<div class=\"separator-orange\"><\/div>\n<p>        <a href=\"http:\/\/pdf.capenergie.fr\/doc-photovoltaique\/power-reducer-assistant-configuration.pdf\" target=\"_blank\"><\/p>\n<div id=\"doc-pdf\"><\/div>\n<p>Configuration Application Power Reducer<\/a>\n        <\/td>\n<\/tr>\n<\/table>\n<p><img decoding=\"async\" src=\"http:\/\/images.capenergie.fr\/produit\/photovoltaique\/autoconsommation\/elios4you-application.jpg\" width=\"100%\" alt=\"Elios4you App\"><\/p>\n<h3>Composant 2<\/h3>\n<p><strong>Elios4you, Elios4you Smart ou Pro, ou pro smart le coeur du syst\u00e8me<\/strong><br \/>\nElios4you, Elios4you Smart (Mono) ou Pro smart (Tri) sont des composants pour syst\u00e8me monophas\u00e9 ou triphas\u00e9 permettant d&rsquo;alimenter automatiquement des p\u00e9riph\u00e9riques en fonction des exc\u00e9dents de production d&rsquo;\u00e9nergie.<\/p>\n<h4>Elios4you<\/h4>\n<p>Permet d&rsquo;alimenter automatiquement des appareils \u00e9lectrom\u00e9nagers ou autres consommateurs d&rsquo;\u00e9nergie en fonction des exc\u00e9dents de production d&rsquo;\u00e9nergie. Elios4you permet \u00e9galement l&rsquo;alimentation du p\u00e9riph\u00e9rique Power Reducer qui d\u00e9clenche le chauffage de l&rsquo;eau chaude lors d&rsquo;exc\u00e9dents de production d&rsquo;\u00e9nergie du &quot;Syst\u00e8me Autoconsommation de 6Kw maximum&quot;.<\/p>\n<h4>Elios4you Smart<\/h4>\n<p>Permet d&rsquo;alimenter automatiquement des appareils \u00e9lectrom\u00e9nagers ou autres consommateurs d&rsquo;\u00e9nergie en fonction des exc\u00e9dents de production d&rsquo;\u00e9nergie. Elios4you Smart permet \u00e9galement l&rsquo;alimentation de p\u00e9riph\u00e9rique Smart Plug RC (prise command\u00e9e sans fil) , Smart Plug Switch RC (interrupteur command\u00e9e sans fil), Power Reducer RC et Power Reducer qui d\u00e9clenche le chauffage de l&rsquo;eau chaude lors d&rsquo;exc\u00e9dents de production d&rsquo;\u00e9nergie du &quot;Syst\u00e8me Autoconsommation de 6Kw maximum&quot;.<\/p>\n<h4>Elios4you Pro<\/h4>\n<p>Permet d&rsquo;alimenter automatiquement des appareils \u00e9lectriques ou autres consommateurs d&rsquo;\u00e9nergie en fonction des exc\u00e9dents de production d&rsquo;\u00e9nergie. Elios4you Pro permet \u00e9galement l&rsquo;alimentation du p\u00e9riph\u00e9rique Power Reducer qui d\u00e9clenche le chauffage de l&rsquo;eau chaude lors d&rsquo;exc\u00e9dents de production d&rsquo;\u00e9nergie du &quot;Syst\u00e8me Autoconsommation monophas\u00e9 de 100Kw maximum ou triphas\u00e9 de 50Kw&quot;.<\/p>\n<h4>Elios4you Pro smart<\/h4>\n<p>Permet d&rsquo;alimenter automatiquement des appareils \u00e9lectriques ou autres consommateurs d&rsquo;\u00e9nergie en fonction des exc\u00e9dents de production d&rsquo;\u00e9nergie. Elios4you Pro smart permet \u00e9galement l&rsquo;alimentation de p\u00e9riph\u00e9rique Smart Plug RC (prise command\u00e9e sans fil) , Smart Plug Switch RC (interrupteur command\u00e9e sans fil), Power Reducer qui d\u00e9clenche le chauffage de l&rsquo;eau chaude lors d&rsquo;exc\u00e9dents de production d&rsquo;\u00e9nergie du &quot;Syst\u00e8me Autoconsommation monophas\u00e9 de 100Kw maximum ou triphas\u00e9 de 50Kw&quot;.<\/p>\n<table width=\"100%\" border=\"0\" cellspacing=\"0\" cellpadding=\"5\">\n<tr id=\"rang-prod\">\n<td>\n<h3>Documentation techniques \u00e0 t\u00e9l\u00e9charger<\/h3>\n<div class=\"separator-orange\"><\/div>\n<p>        <a href=\"http:\/\/pdf.capenergie.fr\/doc-photovoltaique\/Elios4you_Elios4you-Smart_Instruction-manual.pdf\" target=\"_blank\"><\/p>\n<div id=\"doc-pdf\"><\/div>\n<p>Notice installation Elios4you et Elios4you Smart<\/a>\n        <\/td>\n<\/tr>\n<tr id=\"rang-prod\">\n<td>\n<div class=\"separator-orange\"><\/div>\n<p>        <a href=\"http:\/\/pdf.capenergie.fr\/doc-photovoltaique\/Elios4you_Elios4you-Smart_Instruction-manual.pdf\" target=\"_blank\"><\/p>\n<div id=\"doc-pdf\"><\/div>\n<p>Notice installation Elios4you Pro et Elios4you Pro Smart<\/a>\n        <\/td>\n<\/tr>\n<tr id=\"rang-prod\">\n<td>\n<div class=\"separator-orange\"><\/div>\n<p>        <a href=\"http:\/\/pdf.capenergie.fr\/doc-autoconso\/elios4you-notice-pilotage-chauffage.pdf\" target=\"_blank\"><\/p>\n<div id=\"doc-pdf\"><\/div>\n<p>        Notice installation Elios4you pilotage chauffage<\/a>\n        <\/td>\n<\/tr>\n<\/table>\n<p><img decoding=\"async\" src=\"http:\/\/images.capenergie.fr\/produit\/photovoltaique\/autoconsommation\/Elios4you-Pro-Smart.jpg\" width=\"100%\" alt=\"Elios4you Pro Smart\"><\/p>\n<h3>Composant 3<\/h3>\n<p><strong>Les p\u00e9riph\u00e9riques\u00a0Smart Plug RC et Smart Switch RC et Power Reducer<\/strong><\/p>\n<p>    <strong>Smart Plug RC et Smart Switch RC<\/strong><br \/>\nSmart Plug RC et Smart Switch RC sont des p\u00e9riph\u00e9riques de type prise \u00e9lectrique pilot\u00e9e, interrupteur \u00e9lectrique pilot\u00e9e par Elios4you Smart ou Pro smart qui permettent l&rsquo;alimentation d\u2019\u00e9lectrom\u00e9nager, d&rsquo;\u00e9clairage, chauffage, portail, TV&#8230;<\/p>\n<table width=\"100%\" border=\"0\" cellspacing=\"0\" cellpadding=\"5\">\n<tr id=\"rang-prod\">\n<td>\n<h3>Documentation techniques \u00e0 t\u00e9l\u00e9charger<\/h3>\n<div class=\"separator-orange\"><\/div>\n<p>        <a href=\"http:\/\/pdf.capenergie.fr\/doc-photovoltaique\/Elios4you-Smart-Plug-RC_Instruction-manual.pdf\" target=\"_blank\"><\/p>\n<div id=\"doc-pdf\"><\/div>\n<p>Notice installation Elios4you Smart Plug RC<\/a>\n        <\/td>\n<\/tr>\n<tr id=\"rang-prod\">\n<td>\n<div class=\"separator-orange\"><\/div>\n<p>        <a href=\"http:\/\/pdf.capenergie.fr\/doc-photovoltaique\/Elios4you-Smart-Switch-RC_Instruction-manual.pdf\" target=\"_blank\"><\/p>\n<div id=\"doc-pdf\"><\/div>\n<p>Notice installation Elios4you Smart Switch RC<\/a>\n        <\/td>\n<\/tr>\n<\/table>\n<p><img decoding=\"async\" src=\"http:\/\/images.capenergie.fr\/produit\/photovoltaique\/autoconsommation\/Elios4you-Smart-peripherique.jpg\" width=\"100%\" alt=\"Smart Plug RC et Smart Switch RC\"><\/p>\n<p><strong>Power Reducer <\/strong> et <strong>Power Reducer RC<\/strong><br \/>\nPilot\u00e9 par Elios4you , <a href=\"\/catalogue\/photovoltaique\/autoconsommation-photovoltaique\/power-reducer.html\" title=\"Power Reducer\">Power Reducer<\/a>  permet de d\u00e9clencher et d&rsquo;alimenter le processus de chauffage d&rsquo;eau sanitaire d&rsquo;une puissance maximale de 3Kw en 230V lors d&rsquo;exc\u00e9dent de production du syst\u00e8me \u00ab\u00a0Autoconsommation\u00a0\u00bb. Pilot\u00e9 par Elios4you Smart ou Pro smart, <a href=\"\/catalogue\/photovoltaique\/autoconsommation-photovoltaique\/power-reducer.html\" title=\"Power Reducer\">Power Reducer<\/a> RC offre les m\u00eames possibilit\u00e9s que le Power Reducer avec une pose simplifi\u00e9e gr\u00e2ce au syst\u00e8me de communication sans fil.<\/p>\n<p>Exemple sur le sch\u00e9ma ci-dessous\u00a0:<\/p>\n<p><img decoding=\"async\" src=\"http:\/\/images.capenergie.fr\/produit\/photovoltaique\/autoconsommation\/schema-elios4ypou-power-reducer.jpg\" width=\"100%\" alt=\"Power reducer\"><\/p>\n<table width=\"100%\" border=\"0\" cellspacing=\"0\" cellpadding=\"5\">\n<tr id=\"rang-prod\">\n<td>\n<div class=\"notice-icon\"><\/div>\n<h3>Documentation Power Reducer<\/h3>\n<div class=\"separator-orange\"><\/div>\n<p>  <a href=\"http:\/\/pdf.capenergie.fr\/doc-photovoltaique\/power-reducer-installation.pdf\" target=\"_blank\"><\/p>\n<div id=\"doc-pdf\"><\/div>\n<p>\t    Notice installation Power Reducer<\/a><\/td>\n<\/tr>\n<tr id=\"rang-prod\">\n<td><a href=\"http:\/\/pdf.capenergie.fr\/doc-photovoltaique\/power-reducer-E4U-guide-rapide.pdf\" target=\"_blank\"><\/p>\n<div id=\"doc-pdf\"><\/div>\n<p>\t    Notice installation Elios4you Power Reducer<\/a><\/td>\n<\/tr>\n<\/tr>\n<tr id=\"rang-prod\">\n<td><a href=\"http:\/\/pdf.capenergie.fr\/doc-photovoltaique\/power-reducer-E4U-cablage.pdf\" target=\"_blank\"><\/p>\n<div id=\"doc-pdf\"><\/div>\n<p>\t    C\u00e2blage Elios4you Power Reducer<\/a><\/td>\n<\/tr>\n<\/tr>\n<tr id=\"rang-prod\">\n<td><a href=\"http:\/\/pdf.capenergie.fr\/doc-photovoltaique\/power-reducer-assistant-configuration.pdf\" target=\"_blank\"><\/p>\n<div id=\"doc-pdf\"><\/div>\n<p>\t    Configuration Application Power Reducer<\/a><\/td>\n<\/tr>\n<tr id=\"rang-prod\">\n<td><a href=\"http:\/\/pdf.capenergie.fr\/doc-photovoltaique\/power-reducer-avantages.pdf\" target=\"_blank\"><\/p>\n<div id=\"doc-pdf\"><\/div>\n<p>\t\tAvantage Power Reducer<\/a><\/td>\n<\/tr>\n<tr id=\"rang-prod\">\n<td><a href=\"http:\/\/pdf.capenergie.fr\/doc-photovoltaique\/power-reducer-principe.pdf\" target=\"_blank\"><\/p>\n<div id=\"doc-pdf\"><\/div>\n<p>\t    Principe Power Reducer<\/a><\/td>\n<\/tr>\n<\/table>\n<h2>Vid\u00e9o d&rsquo;installation Elios4you (Version Langue Anglaise)<\/h2>\n<div class=\"video-container\">\n <iframe width=\"560\" height=\"315\" src=\"https:\/\/www.youtube-nocookie.com\/embed\/Ss-1RhlsgMc?rel=0\" frameborder=\"0\" allowfullscreen><\/iframe>\n<\/div>\n","protected":false},"excerpt":{"rendered":"<p>Elios4you est le concept s\u00e9lectionn\u00e9 par Cap Energie permettant de tirer avantage des derni\u00e8res avanc\u00e9es technologiques aux services de la gestion et production d&rsquo;\u00e9nergie au sein de l&rsquo;habitat r\u00e9sidentiel tout en offrant une acc\u00e9l\u00e9ration du retour sur investissement du syst\u00e8me \u00ab\u00a0Autoconsommation\u00a0\u00bb\u00a0. Elios4you se pilote \u00e0 partir de l&rsquo;application Android ou IOS Elios4You \u00e0 t\u00e9l\u00e9charger gratuitement [&hellip;]<\/p>\n","protected":false},"author":1,"featured_media":0,"parent":1305,"menu_order":0,"comment_status":"closed","ping_status":"closed","template":"","meta":{"ngg_post_thumbnail":0,"footnotes":""},"class_list":["post-2946","page","type-page","status-publish","hentry"],"yoast_head":"<!-- This site is optimized with the Yoast SEO plugin v26.8 - https:\/\/yoast.com\/product\/yoast-seo-wordpress\/ -->\n<title>Elios4you, la domotique entre dans les syst\u00e8mes autoconsommation<\/title>\n<meta name=\"robots\" content=\"noindex, follow, max-snippet:-1, max-image-preview:large, max-video-preview:-1\" \/>\n<meta property=\"og:locale\" content=\"fr_FR\" \/>\n<meta property=\"og:type\" content=\"article\" \/>\n<meta property=\"og:title\" content=\"Elios4you, la domotique entre dans les syst\u00e8mes autoconsommation\" \/>\n<meta property=\"og:description\" content=\"Elios4you est le concept s\u00e9lectionn\u00e9 par Cap Energie permettant de tirer avantage des derni\u00e8res avanc\u00e9es technologiques aux services de la gestion et production d&rsquo;\u00e9nergie au sein de l&rsquo;habitat r\u00e9sidentiel tout en offrant une acc\u00e9l\u00e9ration du retour sur investissement du syst\u00e8me \u00ab\u00a0Autoconsommation\u00a0\u00bb\u00a0. Elios4you se pilote \u00e0 partir de l&rsquo;application Android ou IOS Elios4You \u00e0 t\u00e9l\u00e9charger gratuitement [&hellip;]\" \/>\n<meta property=\"og:url\" content=\"http:\/\/dev.capenergie.fr\/catalogue\/photovoltaique\/autoconsommation-photovoltaique\/elios4you-domotique-systeme-autoconsommation.html\" \/>\n<meta property=\"article:modified_time\" content=\"2018-01-31T10:15:53+00:00\" \/>\n<meta property=\"og:image\" content=\"http:\/\/images.capenergie.fr\/produit\/photovoltaique\/autoconsommation\/power-reducer-1.jpg\" \/>\n<meta name=\"twitter:label1\" content=\"Dur\u00e9e de lecture estim\u00e9e\" \/>\n\t<meta name=\"twitter:data1\" content=\"5 minutes\" \/>\n<script type=\"application\/ld+json\" class=\"yoast-schema-graph\">{\"@context\":\"https:\/\/schema.org\",\"@graph\":[{\"@type\":\"WebPage\",\"@id\":\"http:\/\/dev.capenergie.fr\/catalogue\/photovoltaique\/autoconsommation-photovoltaique\/elios4you-domotique-systeme-autoconsommation.html\",\"url\":\"http:\/\/dev.capenergie.fr\/catalogue\/photovoltaique\/autoconsommation-photovoltaique\/elios4you-domotique-systeme-autoconsommation.html\",\"name\":\"Elios4you, la domotique entre dans les syst\u00e8mes autoconsommation\",\"isPartOf\":{\"@id\":\"http:\/\/dev.capenergie.fr\/catalogue\/#website\"},\"primaryImageOfPage\":{\"@id\":\"http:\/\/dev.capenergie.fr\/catalogue\/photovoltaique\/autoconsommation-photovoltaique\/elios4you-domotique-systeme-autoconsommation.html#primaryimage\"},\"image\":{\"@id\":\"http:\/\/dev.capenergie.fr\/catalogue\/photovoltaique\/autoconsommation-photovoltaique\/elios4you-domotique-systeme-autoconsommation.html#primaryimage\"},\"thumbnailUrl\":\"http:\/\/images.capenergie.fr\/produit\/photovoltaique\/autoconsommation\/power-reducer-1.jpg\",\"datePublished\":\"2017-03-23T12:04:42+00:00\",\"dateModified\":\"2018-01-31T10:15:53+00:00\",\"breadcrumb\":{\"@id\":\"http:\/\/dev.capenergie.fr\/catalogue\/photovoltaique\/autoconsommation-photovoltaique\/elios4you-domotique-systeme-autoconsommation.html#breadcrumb\"},\"inLanguage\":\"fr-FR\",\"potentialAction\":[{\"@type\":\"ReadAction\",\"target\":[\"http:\/\/dev.capenergie.fr\/catalogue\/photovoltaique\/autoconsommation-photovoltaique\/elios4you-domotique-systeme-autoconsommation.html\"]}]},{\"@type\":\"ImageObject\",\"inLanguage\":\"fr-FR\",\"@id\":\"http:\/\/dev.capenergie.fr\/catalogue\/photovoltaique\/autoconsommation-photovoltaique\/elios4you-domotique-systeme-autoconsommation.html#primaryimage\",\"url\":\"http:\/\/images.capenergie.fr\/produit\/photovoltaique\/autoconsommation\/power-reducer-1.jpg\",\"contentUrl\":\"http:\/\/images.capenergie.fr\/produit\/photovoltaique\/autoconsommation\/power-reducer-1.jpg\"},{\"@type\":\"BreadcrumbList\",\"@id\":\"http:\/\/dev.capenergie.fr\/catalogue\/photovoltaique\/autoconsommation-photovoltaique\/elios4you-domotique-systeme-autoconsommation.html#breadcrumb\",\"itemListElement\":[{\"@type\":\"ListItem\",\"position\":1,\"name\":\"Accueil\",\"item\":\"http:\/\/dev.capenergie.fr\/catalogue\/\"},{\"@type\":\"ListItem\",\"position\":2,\"name\":\"Distributeur Photovolta\u00efque\",\"item\":\"http:\/\/dev.capenergie.fr\/catalogue\/photovoltaique.html\"},{\"@type\":\"ListItem\",\"position\":3,\"name\":\"Autoconsommation photovolta\u00efque\",\"item\":\"http:\/\/dev.capenergie.fr\/catalogue\/photovoltaique\/autoconsommation-photovoltaique.html\"},{\"@type\":\"ListItem\",\"position\":4,\"name\":\"Elios4you : l&rsquo;intelligence s&rsquo;invite dans votre syst\u00e8me Autoconsommation\"}]},{\"@type\":\"WebSite\",\"@id\":\"http:\/\/dev.capenergie.fr\/catalogue\/#website\",\"url\":\"http:\/\/dev.capenergie.fr\/catalogue\/\",\"name\":\"\",\"description\":\"\",\"potentialAction\":[{\"@type\":\"SearchAction\",\"target\":{\"@type\":\"EntryPoint\",\"urlTemplate\":\"http:\/\/dev.capenergie.fr\/catalogue\/?s={search_term_string}\"},\"query-input\":{\"@type\":\"PropertyValueSpecification\",\"valueRequired\":true,\"valueName\":\"search_term_string\"}}],\"inLanguage\":\"fr-FR\"}]}<\/script>\n<!-- \/ Yoast SEO plugin. -->","yoast_head_json":{"title":"Elios4you, la domotique entre dans les syst\u00e8mes autoconsommation","robots":{"index":"noindex","follow":"follow","max-snippet":"max-snippet:-1","max-image-preview":"max-image-preview:large","max-video-preview":"max-video-preview:-1"},"og_locale":"fr_FR","og_type":"article","og_title":"Elios4you, la domotique entre dans les syst\u00e8mes autoconsommation","og_description":"Elios4you est le concept s\u00e9lectionn\u00e9 par Cap Energie permettant de tirer avantage des derni\u00e8res avanc\u00e9es technologiques aux services de la gestion et production d&rsquo;\u00e9nergie au sein de l&rsquo;habitat r\u00e9sidentiel tout en offrant une acc\u00e9l\u00e9ration du retour sur investissement du syst\u00e8me \u00ab\u00a0Autoconsommation\u00a0\u00bb\u00a0. Elios4you se pilote \u00e0 partir de l&rsquo;application Android ou IOS Elios4You \u00e0 t\u00e9l\u00e9charger gratuitement [&hellip;]","og_url":"http:\/\/dev.capenergie.fr\/catalogue\/photovoltaique\/autoconsommation-photovoltaique\/elios4you-domotique-systeme-autoconsommation.html","article_modified_time":"2018-01-31T10:15:53+00:00","og_image":[{"url":"http:\/\/images.capenergie.fr\/produit\/photovoltaique\/autoconsommation\/power-reducer-1.jpg","type":"","width":"","height":""}],"twitter_misc":{"Dur\u00e9e de lecture estim\u00e9e":"5 minutes"},"schema":{"@context":"https:\/\/schema.org","@graph":[{"@type":"WebPage","@id":"http:\/\/dev.capenergie.fr\/catalogue\/photovoltaique\/autoconsommation-photovoltaique\/elios4you-domotique-systeme-autoconsommation.html","url":"http:\/\/dev.capenergie.fr\/catalogue\/photovoltaique\/autoconsommation-photovoltaique\/elios4you-domotique-systeme-autoconsommation.html","name":"Elios4you, la domotique entre dans les syst\u00e8mes autoconsommation","isPartOf":{"@id":"http:\/\/dev.capenergie.fr\/catalogue\/#website"},"primaryImageOfPage":{"@id":"http:\/\/dev.capenergie.fr\/catalogue\/photovoltaique\/autoconsommation-photovoltaique\/elios4you-domotique-systeme-autoconsommation.html#primaryimage"},"image":{"@id":"http:\/\/dev.capenergie.fr\/catalogue\/photovoltaique\/autoconsommation-photovoltaique\/elios4you-domotique-systeme-autoconsommation.html#primaryimage"},"thumbnailUrl":"http:\/\/images.capenergie.fr\/produit\/photovoltaique\/autoconsommation\/power-reducer-1.jpg","datePublished":"2017-03-23T12:04:42+00:00","dateModified":"2018-01-31T10:15:53+00:00","breadcrumb":{"@id":"http:\/\/dev.capenergie.fr\/catalogue\/photovoltaique\/autoconsommation-photovoltaique\/elios4you-domotique-systeme-autoconsommation.html#breadcrumb"},"inLanguage":"fr-FR","potentialAction":[{"@type":"ReadAction","target":["http:\/\/dev.capenergie.fr\/catalogue\/photovoltaique\/autoconsommation-photovoltaique\/elios4you-domotique-systeme-autoconsommation.html"]}]},{"@type":"ImageObject","inLanguage":"fr-FR","@id":"http:\/\/dev.capenergie.fr\/catalogue\/photovoltaique\/autoconsommation-photovoltaique\/elios4you-domotique-systeme-autoconsommation.html#primaryimage","url":"http:\/\/images.capenergie.fr\/produit\/photovoltaique\/autoconsommation\/power-reducer-1.jpg","contentUrl":"http:\/\/images.capenergie.fr\/produit\/photovoltaique\/autoconsommation\/power-reducer-1.jpg"},{"@type":"BreadcrumbList","@id":"http:\/\/dev.capenergie.fr\/catalogue\/photovoltaique\/autoconsommation-photovoltaique\/elios4you-domotique-systeme-autoconsommation.html#breadcrumb","itemListElement":[{"@type":"ListItem","position":1,"name":"Accueil","item":"http:\/\/dev.capenergie.fr\/catalogue\/"},{"@type":"ListItem","position":2,"name":"Distributeur Photovolta\u00efque","item":"http:\/\/dev.capenergie.fr\/catalogue\/photovoltaique.html"},{"@type":"ListItem","position":3,"name":"Autoconsommation photovolta\u00efque","item":"http:\/\/dev.capenergie.fr\/catalogue\/photovoltaique\/autoconsommation-photovoltaique.html"},{"@type":"ListItem","position":4,"name":"Elios4you : l&rsquo;intelligence s&rsquo;invite dans votre syst\u00e8me Autoconsommation"}]},{"@type":"WebSite","@id":"http:\/\/dev.capenergie.fr\/catalogue\/#website","url":"http:\/\/dev.capenergie.fr\/catalogue\/","name":"","description":"","potentialAction":[{"@type":"SearchAction","target":{"@type":"EntryPoint","urlTemplate":"http:\/\/dev.capenergie.fr\/catalogue\/?s={search_term_string}"},"query-input":{"@type":"PropertyValueSpecification","valueRequired":true,"valueName":"search_term_string"}}],"inLanguage":"fr-FR"}]}},"_links":{"self":[{"href":"http:\/\/dev.capenergie.fr\/catalogue\/wp-json\/wp\/v2\/pages\/2946","targetHints":{"allow":["GET"]}}],"collection":[{"href":"http:\/\/dev.capenergie.fr\/catalogue\/wp-json\/wp\/v2\/pages"}],"about":[{"href":"http:\/\/dev.capenergie.fr\/catalogue\/wp-json\/wp\/v2\/types\/page"}],"author":[{"embeddable":true,"href":"http:\/\/dev.capenergie.fr\/catalogue\/wp-json\/wp\/v2\/users\/1"}],"replies":[{"embeddable":true,"href":"http:\/\/dev.capenergie.fr\/catalogue\/wp-json\/wp\/v2\/comments?post=2946"}],"version-history":[{"count":13,"href":"http:\/\/dev.capenergie.fr\/catalogue\/wp-json\/wp\/v2\/pages\/2946\/revisions"}],"predecessor-version":[{"id":3521,"href":"http:\/\/dev.capenergie.fr\/catalogue\/wp-json\/wp\/v2\/pages\/2946\/revisions\/3521"}],"up":[{"embeddable":true,"href":"http:\/\/dev.capenergie.fr\/catalogue\/wp-json\/wp\/v2\/pages\/1305"}],"wp:attachment":[{"href":"http:\/\/dev.capenergie.fr\/catalogue\/wp-json\/wp\/v2\/media?parent=2946"}],"curies":[{"name":"wp","href":"https:\/\/api.w.org\/{rel}","templated":true}]}}