{"id":3124,"date":"2017-04-26T12:09:04","date_gmt":"2017-04-26T10:09:04","guid":{"rendered":"http:\/\/www.capenergie.fr\/catalogue\/?page_id=3124"},"modified":"2025-03-19T12:38:54","modified_gmt":"2025-03-19T11:38:54","slug":"solution-stockage-tesvolt","status":"publish","type":"page","link":"http:\/\/dev.capenergie.fr\/catalogue\/photovoltaique\/autoconsommation-photovoltaique\/solution-stockage-tesvolt.html","title":{"rendered":"Solution de stockage autoconsommation Tesvolt"},"content":{"rendered":"<p><img decoding=\"async\" alt=\"autoconsommation stockage tesvolt\" src=\"http:\/\/images.capenergie.fr\/produit\/photovoltaique\/autoconsommation\/tesvolt.jpg\" class=\"alignleft\" width=\"125\" height=\"125\" \/><\/p>\n<p><strong>Cap Energie propose un syst\u00e8me de stockage autoconsommation <a href=\"\/catalogue\/photovoltaique\/autoconsommation-photovoltaique.html\" title=\"stockage autoconsommation tesvolt\">Tesvolt<\/a> permettant aux particuliers comme aux professionnels d&rsquo;obtenir un large panel de capacit\u00e9 dans le but d&#8217;emmagasiner la production d&rsquo;\u00e9nergie.<\/strong><br \/>\n  Que ce soit pour un syst\u00e8me Back Up (Datacenter, h\u00f4pitaux, t\u00e9l\u00e9com&#8230;) comme de l&rsquo;autoconsommation, ou tout simplement g\u00e9rer des pics de charge en raccord\u00e9 r\u00e9seau comme en site isol\u00e9  le syst\u00e8me de <strong>stockage autoconsommation<\/strong> <strong>TESVOLT<\/strong> offre une solution de stockage fiable et performante. Le syst\u00e8me <strong>Tesvolt<\/strong> offre une certaine flexibilit\u00e9 de la capacit\u00e9 de stockage garantissant la restitution d&rsquo;\u00e9nergie adapt\u00e9e \u00e0 tout besoin domestique comme professionnel. Ce<strong> syst\u00e8me<\/strong> <strong>stockage autoconsommation<\/strong> <strong>TESVOLT<\/strong> est compos\u00e9 de batteries de haute qualit\u00e9 issues de l&rsquo;industrie automobile extr\u00eamement robustes et con\u00e7ues pour des  t\u00e2ches  difficiles.<\/p>\n<h2>Stockage autoconsommation Tesvolt = S\u00e9curit\u00e9 maximale<\/h2>\n<p>Le <strong>syst\u00e8me<\/strong> <strong>stockage autoconsommation<\/strong> <strong>TESVOLT<\/strong> est compos\u00e9 de cellules de batterie prismatique Samsung SDI qui offrent une durabilit\u00e9 (performance garantie 10 ans), une s\u00e9curit\u00e9 et une puissance accrue par rapport aux cellules de batteries rondes traditionnelles. <\/p>\n<h2>Durabilit\u00e9  <\/h2>\n<p>Le <strong>syst\u00e8me<\/strong> <strong>stockage autoconsommation<\/strong> <strong>TESVOLT<\/strong> est dot\u00e9 de composants  con\u00e7us pour une dur\u00e9e de vie allant jusqu&rsquo;\u00e0 8 000 cycles \u00e9quivalent \u00e0 une dur\u00e9e de vie de 30 ans.<\/p>\n<h2>La performance sans compromis<\/h2>\n<p>Le syst\u00e8me <strong>stockage autoconsommation<\/strong> <strong>TESVOLT<\/strong> peut emmagasiner et restituer l&rsquo;\u00e9nergie tr\u00e8s rapidement avec une puissance nominale continue de 1C  voir 4C pour de courtes dur\u00e9es. Ce syst\u00e8me stockage autoconsommation <strong>Tesvolt<\/strong> est con\u00e7u pour une utilisation domestique, professionnelle  commerciale, industrielle et agricole.<\/p>\n<h2>La flexibilit\u00e9<\/h2>\n<p>Les syst\u00e8mes stockage autoconsommation <strong>Tesvolt<\/strong> offrent une flexibilit\u00e9 de configuration   au moment de l&rsquo;acquisition gr\u00e2ce \u00e0 la technologie Active Battery Optimizer qui offre \u00e9galement la possibilit\u00e9 de modifier la capacit\u00e9 de stockage imm\u00e9diatement ou dans plusieurs ann\u00e9es. La capacit\u00e9 de stockage peut varier de 14.4kWh = 3 modules \u00e0 48kWh = 10 modules  pour les mod\u00e8les de s\u00e9rie. Une solution <strong>Tesvolt<\/strong> TS Flex est \u00e9galement disponible pour offrir une capacit\u00e9 sp\u00e9cifique d\u00e9passant les 48kWh.<\/p>\n<h2>Active BMS<\/h2>\n<p>TESVOLT a d\u00e9velopp\u00e9 une plate-forme bidirectionnelle de Syst\u00e8me de gestion (BMS) qui garantit que les batteries du syst\u00e8me de stockage soient toujours charg\u00e9es et d\u00e9charg\u00e9es. Le BMS veille sur la temp\u00e9rature, la tension ainsi que l\u2019\u00e9tat de charge et l\u2019\u00e9tat de sant\u00e9 (SOH &amp; SOC) de chaque cellule individuelle. <br \/>\nLe  mode veille consomme seulement 8 watts \/ heure en raison de l&rsquo;efficacit\u00e9 du syst\u00e8me de distribution d&rsquo;\u00e9nergie. L&rsquo;\u00c9quilibrage cellulaire bidirectionnel prolonge consid\u00e9rablement la dur\u00e9e de vie de chacune des batteries. Le syst\u00e8me BMS offre de nouvelles normes en mati\u00e8re de protection  des batteries gr\u00e2ce \u00e0 un m\u00e9canisme d&rsquo;arr\u00eat s\u00e9curit\u00e9. <\/p>\n<div style=\"width:100%\" align=\"center\"><img decoding=\"async\" alt=\"tesvolt BMS\" src=\"http:\/\/images.capenergie.fr\/produit\/photovoltaique\/autoconsommation\/tesvolt-BMS.jpg\" width=\"80%\" \/><\/div>\n<h2>Donn\u00e9es techniques du TS Tesvolt<\/h2>\n<p>Le <strong>syst\u00e8me<\/strong> <strong>stockage autoconsommation TS Tesvolt<\/strong> est compos\u00e9 en partie sup\u00e9rieure de l&rsquo;armoire de &quot;l&rsquo;Active Power Unit&quot; (<strong>#1. <\/strong><em>du sch\u00e9ma ci dessous<\/em><strong>) <\/strong>comprenant la partie intelligente du syst\u00e8me dont la  plate-forme bidirectionnelle BMS. Le reste des emplacements sous forme de rack sont destin\u00e9s \u00e0 accueillir les  &quot;Modules&quot;selon la r\u00e9f\u00e9rence de l&rsquo;armoire. Chaque &quot;Module&quot; (<strong>#2. <\/strong><em>du sch\u00e9ma ci dessous<\/em><strong>) <\/strong>d&rsquo;une puissance 4.8 kWh est compos\u00e9 de batteries Lithium NMC prismatique Samsung SDI (<strong>#3. <\/strong><em>du sch\u00e9ma ci dessous<\/em><strong>) <\/strong>.<\/p>\n<p><img decoding=\"async\" alt=\"stockage tesvolt autoconsommation\" src=\"http:\/\/images.capenergie.fr\/produit\/photovoltaique\/autoconsommation\/tesvolt2.jpg\" width=\"100%\" \/><\/p>\n<h3>4 types de configurations possibles<\/h3>\n<p>&#8226; Le <strong>Tesvolt TS 25<\/strong> : compos\u00e9 de 3 \u00e0 5 modules de 4.8 kWh soit selon la configuration une puissance minimum de 14.4kWh et une puissance maximum de 24kWh.<br \/>\n&#8226; Le <strong>Tesvolt TS 40<\/strong> : compos\u00e9 de 6 \u00e0 8 modules de 4.8 kWh soit selon la configuration une puissance minimum de 28.8kWh et une puissance maximum de 38.4kWh.<br \/>\n&#8226; Le <strong>Tesvolt TS 50<\/strong> : compos\u00e9 de 9 ou 10 modules de 4.8 kWh soit selon la configuration une puissance minimum de 43.2kWh et une puissance maximum de 48kWh.<br \/>\n&#8226; Le <strong>Tesvolt TS Flex<\/strong> : compos\u00e9 de modules de 4.8 kWh \u00e0 configurez avec flexibilit\u00e9 selon la n\u00e9cessit\u00e9 du syst\u00e8me souhait\u00e9.<\/p>\n<h3>Le module <\/h3>\n<p><strong>Puissance<\/strong> : 4.8 kWh<br \/>\n  <strong>C-rate<\/strong> : 1C (4C max. 20 sec.)<br \/>\n  <strong>Chargement maximum et courant de d\u00e9charge<\/strong> : 900 A<br \/>\n  <strong>Equilibrage de batterie<\/strong> : Syst\u00e8me Active Battery Optimizer<br \/>\n  <strong>Cycles \u00e0 100% DOD et 70% EOL \u00e0 23 \u00b0C +\/-5\u00b0C<\/strong> :  6,000 \u00e0 1C\/1C et 8000 \u00e0 0.5 C\/0.5C<br \/>\n  <strong>Rendement de la batterie<\/strong> : 98%<br \/>\n  <strong>Tension de fonctionnement<\/strong> : 44.8 \u00e0 58.1V<br \/>\n  <strong>Temp\u00e9rature de fonctionnement<\/strong> : -10 to 50 \u00b0C<br \/>\n  <strong>Taux d&rsquo;humidit\u00e9 max de fonctionnement<\/strong> : 85% sans condensation<br \/>\n  <strong>Poids<\/strong> : 36 kg<br \/>\n  <strong>Dimensions (HxLxP)<\/strong> : 163 x490 x480mm<br \/>\n  <strong>Normes<\/strong> : Batteries UL 1642, UN 38.3 &#8211; Produits  CE, IEC 62619, UL 1973, UN 38.3, IEC 61000-6-3, BattG 2006\/66\/EG<br \/>\n  <strong>Garantie<\/strong> : performance de 10 ans,  produit de 5 ans<br \/>\n<strong>Recyclage<\/strong> : programme de reprise gratuite chez Tesvolt<\/p>\n<h2>D\u00e9finir sa capacit\u00e9 de stockage<\/h2>\n<p>Tesvolt propose un calculateur de stockage en ligne permettant d&rsquo;opter pour le syst\u00e8me de stockage Tesvolt correspondant parfaitement aux besoins de vos clients. <br \/>\n  <a href=\"https:\/\/www.tesvolt.com\/en\/service\/storage-calculator.html\" title=\"Calculateur de stockage Tesvolt\" target=\"_blank\" rel=\"noopener\">Calculateur de stockage Tesvolt <\/a>\n<\/p>\n<h2>Documentations techniques<\/h2>\n<table id=\"tab-list-prod\" width=\"100%%\" border=\"0\">\n<tr id=\"rang-prod\">\n<td>\n   \t\t  <a href=\"http:\/\/pdf.capenergie.fr\/doc-autoconso\/Tesvolt_TS_Datenblatt.pdf\" title=\"Fiche technique Tesvolt\" target=\"_blank\" rel=\"noopener\"><\/p>\n<div id=\"doc-pdf\"><\/div>\n<p>\t\t  Fiche technique Tesvolt TS 48V<\/a> (Version anglaise)\n       <\/td>\n<\/tr>\n<tr id=\"rang-prod\">\n<td>\n   \t\t  <a href=\"http:\/\/pdf.capenergie.fr\/doc-autoconso\/Tesvolt_TS_brochure.pdf\" title=\"Brochure Tesvolt\" target=\"_blank\" rel=\"noopener\"><\/p>\n<div id=\"doc-pdf\"><\/div>\n<p>\t\t  Brochure Tesvolt TS 48V<\/a> (Version anglaise)\n       <\/td>\n<\/tr>\n<tr id=\"rang-prod\">\n<td>\n   \t\t  <a href=\"http:\/\/pdf.capenergie.fr\/doc-autoconso\/Tesvolt_Installation_Manual_TS48V.pdf\" title=\"Manuel d'installation Tesvolt\" target=\"_blank\" rel=\"noopener\"><\/p>\n<div id=\"doc-pdf\"><\/div>\n<p>\t\t  Manuel d&rsquo;installation Tesvolt TS 48V<\/a> (Version anglaise)\n       <\/td>\n<\/tr>\n<tr id=\"rang-prod\">\n<td>\n   \t\t  <a href=\"http:\/\/pdf.capenergie.fr\/doc-autoconso\/garantie_tesvolt_TS.pdf\" title=\"Garantie Tesvolt\" target=\"_blank\" rel=\"noopener\"><\/p>\n<div id=\"doc-pdf\"><\/div>\n<p>\t\t  Garantie Tesvolt<\/a> (Version anglaise)\n       <\/td>\n<\/tr>\n<\/table>\n","protected":false},"excerpt":{"rendered":"<p>Cap Energie propose un syst\u00e8me de stockage autoconsommation Tesvolt permettant aux particuliers comme aux professionnels d&rsquo;obtenir un large panel de capacit\u00e9 dans le but d&#8217;emmagasiner la production d&rsquo;\u00e9nergie. Que ce soit pour un syst\u00e8me Back Up (Datacenter, h\u00f4pitaux, t\u00e9l\u00e9com&#8230;) comme de l&rsquo;autoconsommation, ou tout simplement g\u00e9rer des pics de charge en raccord\u00e9 r\u00e9seau comme en [&hellip;]<\/p>\n","protected":false},"author":1,"featured_media":0,"parent":1305,"menu_order":0,"comment_status":"closed","ping_status":"closed","template":"","meta":{"ngg_post_thumbnail":0,"footnotes":""},"class_list":["post-3124","page","type-page","status-publish","hentry"],"yoast_head":"<!-- This site is optimized with the Yoast SEO plugin v26.8 - https:\/\/yoast.com\/product\/yoast-seo-wordpress\/ -->\n<title>Solution de stockage autoconsommation Tesvolt -<\/title>\n<meta name=\"robots\" content=\"noindex, follow, max-snippet:-1, max-image-preview:large, max-video-preview:-1\" \/>\n<meta property=\"og:locale\" content=\"fr_FR\" \/>\n<meta property=\"og:type\" content=\"article\" \/>\n<meta property=\"og:title\" content=\"Solution de stockage autoconsommation Tesvolt -\" \/>\n<meta property=\"og:description\" content=\"Cap Energie propose un syst\u00e8me de stockage autoconsommation Tesvolt permettant aux particuliers comme aux professionnels d&rsquo;obtenir un large panel de capacit\u00e9 dans le but d&#8217;emmagasiner la production d&rsquo;\u00e9nergie. Que ce soit pour un syst\u00e8me Back Up (Datacenter, h\u00f4pitaux, t\u00e9l\u00e9com&#8230;) comme de l&rsquo;autoconsommation, ou tout simplement g\u00e9rer des pics de charge en raccord\u00e9 r\u00e9seau comme en [&hellip;]\" \/>\n<meta property=\"og:url\" content=\"http:\/\/dev.capenergie.fr\/catalogue\/photovoltaique\/autoconsommation-photovoltaique\/solution-stockage-tesvolt.html\" \/>\n<meta property=\"article:modified_time\" content=\"2025-03-19T11:38:54+00:00\" \/>\n<meta property=\"og:image\" content=\"http:\/\/images.capenergie.fr\/produit\/photovoltaique\/autoconsommation\/tesvolt.jpg\" \/>\n<meta name=\"twitter:label1\" content=\"Dur\u00e9e de lecture estim\u00e9e\" \/>\n\t<meta name=\"twitter:data1\" content=\"5 minutes\" \/>\n<script type=\"application\/ld+json\" class=\"yoast-schema-graph\">{\"@context\":\"https:\/\/schema.org\",\"@graph\":[{\"@type\":\"WebPage\",\"@id\":\"http:\/\/dev.capenergie.fr\/catalogue\/photovoltaique\/autoconsommation-photovoltaique\/solution-stockage-tesvolt.html\",\"url\":\"http:\/\/dev.capenergie.fr\/catalogue\/photovoltaique\/autoconsommation-photovoltaique\/solution-stockage-tesvolt.html\",\"name\":\"Solution de stockage autoconsommation Tesvolt -\",\"isPartOf\":{\"@id\":\"http:\/\/dev.capenergie.fr\/catalogue\/#website\"},\"primaryImageOfPage\":{\"@id\":\"http:\/\/dev.capenergie.fr\/catalogue\/photovoltaique\/autoconsommation-photovoltaique\/solution-stockage-tesvolt.html#primaryimage\"},\"image\":{\"@id\":\"http:\/\/dev.capenergie.fr\/catalogue\/photovoltaique\/autoconsommation-photovoltaique\/solution-stockage-tesvolt.html#primaryimage\"},\"thumbnailUrl\":\"http:\/\/images.capenergie.fr\/produit\/photovoltaique\/autoconsommation\/tesvolt.jpg\",\"datePublished\":\"2017-04-26T10:09:04+00:00\",\"dateModified\":\"2025-03-19T11:38:54+00:00\",\"breadcrumb\":{\"@id\":\"http:\/\/dev.capenergie.fr\/catalogue\/photovoltaique\/autoconsommation-photovoltaique\/solution-stockage-tesvolt.html#breadcrumb\"},\"inLanguage\":\"fr-FR\",\"potentialAction\":[{\"@type\":\"ReadAction\",\"target\":[\"http:\/\/dev.capenergie.fr\/catalogue\/photovoltaique\/autoconsommation-photovoltaique\/solution-stockage-tesvolt.html\"]}]},{\"@type\":\"ImageObject\",\"inLanguage\":\"fr-FR\",\"@id\":\"http:\/\/dev.capenergie.fr\/catalogue\/photovoltaique\/autoconsommation-photovoltaique\/solution-stockage-tesvolt.html#primaryimage\",\"url\":\"http:\/\/images.capenergie.fr\/produit\/photovoltaique\/autoconsommation\/tesvolt.jpg\",\"contentUrl\":\"http:\/\/images.capenergie.fr\/produit\/photovoltaique\/autoconsommation\/tesvolt.jpg\"},{\"@type\":\"BreadcrumbList\",\"@id\":\"http:\/\/dev.capenergie.fr\/catalogue\/photovoltaique\/autoconsommation-photovoltaique\/solution-stockage-tesvolt.html#breadcrumb\",\"itemListElement\":[{\"@type\":\"ListItem\",\"position\":1,\"name\":\"Accueil\",\"item\":\"http:\/\/dev.capenergie.fr\/catalogue\/\"},{\"@type\":\"ListItem\",\"position\":2,\"name\":\"Distributeur Photovolta\u00efque\",\"item\":\"http:\/\/dev.capenergie.fr\/catalogue\/photovoltaique.html\"},{\"@type\":\"ListItem\",\"position\":3,\"name\":\"Autoconsommation photovolta\u00efque\",\"item\":\"http:\/\/dev.capenergie.fr\/catalogue\/photovoltaique\/autoconsommation-photovoltaique.html\"},{\"@type\":\"ListItem\",\"position\":4,\"name\":\"Solution de stockage autoconsommation Tesvolt\"}]},{\"@type\":\"WebSite\",\"@id\":\"http:\/\/dev.capenergie.fr\/catalogue\/#website\",\"url\":\"http:\/\/dev.capenergie.fr\/catalogue\/\",\"name\":\"\",\"description\":\"\",\"potentialAction\":[{\"@type\":\"SearchAction\",\"target\":{\"@type\":\"EntryPoint\",\"urlTemplate\":\"http:\/\/dev.capenergie.fr\/catalogue\/?s={search_term_string}\"},\"query-input\":{\"@type\":\"PropertyValueSpecification\",\"valueRequired\":true,\"valueName\":\"search_term_string\"}}],\"inLanguage\":\"fr-FR\"}]}<\/script>\n<!-- \/ Yoast SEO plugin. -->","yoast_head_json":{"title":"Solution de stockage autoconsommation Tesvolt -","robots":{"index":"noindex","follow":"follow","max-snippet":"max-snippet:-1","max-image-preview":"max-image-preview:large","max-video-preview":"max-video-preview:-1"},"og_locale":"fr_FR","og_type":"article","og_title":"Solution de stockage autoconsommation Tesvolt -","og_description":"Cap Energie propose un syst\u00e8me de stockage autoconsommation Tesvolt permettant aux particuliers comme aux professionnels d&rsquo;obtenir un large panel de capacit\u00e9 dans le but d&#8217;emmagasiner la production d&rsquo;\u00e9nergie. Que ce soit pour un syst\u00e8me Back Up (Datacenter, h\u00f4pitaux, t\u00e9l\u00e9com&#8230;) comme de l&rsquo;autoconsommation, ou tout simplement g\u00e9rer des pics de charge en raccord\u00e9 r\u00e9seau comme en [&hellip;]","og_url":"http:\/\/dev.capenergie.fr\/catalogue\/photovoltaique\/autoconsommation-photovoltaique\/solution-stockage-tesvolt.html","article_modified_time":"2025-03-19T11:38:54+00:00","og_image":[{"url":"http:\/\/images.capenergie.fr\/produit\/photovoltaique\/autoconsommation\/tesvolt.jpg","type":"","width":"","height":""}],"twitter_misc":{"Dur\u00e9e de lecture estim\u00e9e":"5 minutes"},"schema":{"@context":"https:\/\/schema.org","@graph":[{"@type":"WebPage","@id":"http:\/\/dev.capenergie.fr\/catalogue\/photovoltaique\/autoconsommation-photovoltaique\/solution-stockage-tesvolt.html","url":"http:\/\/dev.capenergie.fr\/catalogue\/photovoltaique\/autoconsommation-photovoltaique\/solution-stockage-tesvolt.html","name":"Solution de stockage autoconsommation Tesvolt -","isPartOf":{"@id":"http:\/\/dev.capenergie.fr\/catalogue\/#website"},"primaryImageOfPage":{"@id":"http:\/\/dev.capenergie.fr\/catalogue\/photovoltaique\/autoconsommation-photovoltaique\/solution-stockage-tesvolt.html#primaryimage"},"image":{"@id":"http:\/\/dev.capenergie.fr\/catalogue\/photovoltaique\/autoconsommation-photovoltaique\/solution-stockage-tesvolt.html#primaryimage"},"thumbnailUrl":"http:\/\/images.capenergie.fr\/produit\/photovoltaique\/autoconsommation\/tesvolt.jpg","datePublished":"2017-04-26T10:09:04+00:00","dateModified":"2025-03-19T11:38:54+00:00","breadcrumb":{"@id":"http:\/\/dev.capenergie.fr\/catalogue\/photovoltaique\/autoconsommation-photovoltaique\/solution-stockage-tesvolt.html#breadcrumb"},"inLanguage":"fr-FR","potentialAction":[{"@type":"ReadAction","target":["http:\/\/dev.capenergie.fr\/catalogue\/photovoltaique\/autoconsommation-photovoltaique\/solution-stockage-tesvolt.html"]}]},{"@type":"ImageObject","inLanguage":"fr-FR","@id":"http:\/\/dev.capenergie.fr\/catalogue\/photovoltaique\/autoconsommation-photovoltaique\/solution-stockage-tesvolt.html#primaryimage","url":"http:\/\/images.capenergie.fr\/produit\/photovoltaique\/autoconsommation\/tesvolt.jpg","contentUrl":"http:\/\/images.capenergie.fr\/produit\/photovoltaique\/autoconsommation\/tesvolt.jpg"},{"@type":"BreadcrumbList","@id":"http:\/\/dev.capenergie.fr\/catalogue\/photovoltaique\/autoconsommation-photovoltaique\/solution-stockage-tesvolt.html#breadcrumb","itemListElement":[{"@type":"ListItem","position":1,"name":"Accueil","item":"http:\/\/dev.capenergie.fr\/catalogue\/"},{"@type":"ListItem","position":2,"name":"Distributeur Photovolta\u00efque","item":"http:\/\/dev.capenergie.fr\/catalogue\/photovoltaique.html"},{"@type":"ListItem","position":3,"name":"Autoconsommation photovolta\u00efque","item":"http:\/\/dev.capenergie.fr\/catalogue\/photovoltaique\/autoconsommation-photovoltaique.html"},{"@type":"ListItem","position":4,"name":"Solution de stockage autoconsommation Tesvolt"}]},{"@type":"WebSite","@id":"http:\/\/dev.capenergie.fr\/catalogue\/#website","url":"http:\/\/dev.capenergie.fr\/catalogue\/","name":"","description":"","potentialAction":[{"@type":"SearchAction","target":{"@type":"EntryPoint","urlTemplate":"http:\/\/dev.capenergie.fr\/catalogue\/?s={search_term_string}"},"query-input":{"@type":"PropertyValueSpecification","valueRequired":true,"valueName":"search_term_string"}}],"inLanguage":"fr-FR"}]}},"_links":{"self":[{"href":"http:\/\/dev.capenergie.fr\/catalogue\/wp-json\/wp\/v2\/pages\/3124","targetHints":{"allow":["GET"]}}],"collection":[{"href":"http:\/\/dev.capenergie.fr\/catalogue\/wp-json\/wp\/v2\/pages"}],"about":[{"href":"http:\/\/dev.capenergie.fr\/catalogue\/wp-json\/wp\/v2\/types\/page"}],"author":[{"embeddable":true,"href":"http:\/\/dev.capenergie.fr\/catalogue\/wp-json\/wp\/v2\/users\/1"}],"replies":[{"embeddable":true,"href":"http:\/\/dev.capenergie.fr\/catalogue\/wp-json\/wp\/v2\/comments?post=3124"}],"version-history":[{"count":15,"href":"http:\/\/dev.capenergie.fr\/catalogue\/wp-json\/wp\/v2\/pages\/3124\/revisions"}],"predecessor-version":[{"id":5491,"href":"http:\/\/dev.capenergie.fr\/catalogue\/wp-json\/wp\/v2\/pages\/3124\/revisions\/5491"}],"up":[{"embeddable":true,"href":"http:\/\/dev.capenergie.fr\/catalogue\/wp-json\/wp\/v2\/pages\/1305"}],"wp:attachment":[{"href":"http:\/\/dev.capenergie.fr\/catalogue\/wp-json\/wp\/v2\/media?parent=3124"}],"curies":[{"name":"wp","href":"https:\/\/api.w.org\/{rel}","templated":true}]}}