{"id":3449,"date":"2017-11-02T12:32:23","date_gmt":"2017-11-02T11:32:23","guid":{"rendered":"http:\/\/www.capenergie.fr\/catalogue\/?page_id=3449"},"modified":"2017-11-03T18:07:05","modified_gmt":"2017-11-03T17:07:05","slug":"kit-eclairage-solaire-autonome","status":"publish","type":"page","link":"http:\/\/dev.capenergie.fr\/catalogue\/kit-eclairage-solaire-autonome.html","title":{"rendered":"kit Eclairage solaire autonome"},"content":{"rendered":"<p><strong>Capenergie officiellement distributeur de  syst\u00e8me d&rsquo;<a href=\"\/catalogue\/site-isole.html\" title=\"kit eclairage solaire interieur\">kit eclairage solaire interieur<\/a> et ext\u00e9rieur en solution nomade portative. Cette  gamme de lampe solaire Schneider Electric puissante, fiable et robuste et compl\u00e9t\u00e9e par les solutions microgrid<\/strong>.<br \/>\n  Chargez, Eclairez, Branchez ! Le Slogan Schneider Electric parle de lui m\u00eame pour ces solutions Lampe mobile \u00e0 recharge solaire de type  solution solaire autonome tout-en-un. De la solution type lampe de camping rechargeable solaire Mobiya (Syst\u00e8me d\u2019\u00e9clairage solaire portatif LED) \u00e0 la solution Homaya (Syst\u00e8me solaire d\u2019\u00e9lectrification individuelle) pouvant \u00e9clairer un habitat en Afrique, un refuge en haute montagne, une cabane de chasse ou une petite exp\u00e9dition raid 4&#215;4 ou camping car.<br \/>\n  Capenergie pense \u00e9galement aux applications un peu plus gourmandes en \u00e9nergie en r\u00e9pondant aux besoins sp\u00e9cifiques avec les solutions Microgrid Villaya de Schneider Electric.<br \/>\n<img decoding=\"async\" alt=\"kit eclairage solaire interieur\" src=\"http:\/\/images.capenergie.fr\/produit\/site-isole\/eclairage\/kit-eclairage-solaire-interieur.jpg\" width=\"100%\" \/><\/p>\n<h2><strong>Mobiya TS 170S<\/strong><br \/>\nKit eclairage solaire interieur ou ext\u00e9rieur type nomade<br \/>\n<\/h2>\n<div style=\"float:right; margin-left:15px; margin-top:5px; margin-bottom:15px\">\n  <img fetchpriority=\"high\" decoding=\"async\" alt=\"lampadaire solaire\" src=\"http:\/\/images.capenergie.fr\/produit\/site-isole\/eclairage\/mobiya-lampe-camping-solaire.jpg\" width=\"300\" height=\"300\" \/>\n<\/div>\n<p><strong>Caract\u00e9ristiques :<\/strong><br \/>\n  &#8226; Flux lumineux: 170 lumens<br \/>\n&#8226; Couleur d&rsquo;\u00e9clairage: blanche<br \/>\n&#8226; Panneau photovolta\u00efque<br \/>\n&#8226; Batterie: 3.2 V, 3 Ah, Lithium Ferro Phosphate<br \/>\n&#8226; 3 niveaux d\u2019\u00e9clairage : 20 \u00e0 170 Lumens<br \/>\n&#8226;3 niveaux d\u2019autonomie : 6H \u00e0 48H<br \/>\n&#8226; Dimensions (L x l x H) en mm : Lampe : 156 x 156 x 142<\/p>\n<p><strong>Avantages et applications :<\/strong><br \/>\n  &#8226; Lampe solaire nomade<br \/>\n  &#8226; Lanterne solaire pour le camping<br \/>\n  &#8226; Toute sorte de Sports et Loisirs<br \/>\n  &#8226; Eclairage solaire exterieur<br \/>\n  &#8226; Lampe rechargeable avec panneau solaire fourni<br \/>\n  &#8226; \u00c9tanche  jusqu\u2019\u00e0 0.5m de profondeur  pendant 1 heure<br \/>\n  &#8226; Chargeur de t\u00e9l\u00e9phone mobile  int\u00e9gr\u00e9  C\u00e2ble USB<br \/>\n&#8226; <strong>Lampe mobile \u00e0 recharge solaire<\/strong><br \/>\n&#8226; R\u00e9siste  aux chocs<br \/>\n&#8226; Made in France<\/p>\n<table width=\"100%\" border=\"0\" cellspacing=\"0\" cellpadding=\"5\">\n<tr>\n<td>\n<h2>Mobiya Kit lampe solaire nomade<\/h2>\n<\/td>\n<\/tr>\n<tr id=\"rang-prod\">\n<td>\n<h3>Documentation techniques \u00e0 t\u00e9l\u00e9charger<\/h3>\n<div class=\"separator-orange\"><\/div>\n<p>        <a href=\"http:\/\/pdf.capenergie.fr\/doc-site-isole\/Schneider_Mobiya_A5_RS_FR_PRINT.pdf\" title=\"lampe camping solaire\" target=\"_blank\"><\/p>\n<div id=\"doc-pdf\"><\/div>\n<p>        Lampe solaire nomade Mobiya<\/a>\n        <\/td>\n<\/tr>\n<\/table>\n<h2><strong>Homaya<br \/>\nKit eclairage solaire et d&rsquo;\u00e9lectrification individuelle<\/strong><\/h2>\n<h3>Solar Home System S01<\/h3>\n<div style=\"float:right; margin-left:15px; margin-top:5px; margin-bottom:15px\">\n  <img decoding=\"async\" alt=\"lampadaire solaire\" src=\"http:\/\/images.capenergie.fr\/produit\/site-isole\/eclairage\/kit-eclairage-led-avec-panneau-solaire.jpg\" width=\"300\" \/>\n<\/div>\n<p><strong>Caract\u00e9ristiques :<\/strong><br \/>\n  &#8226; Flux lumineux global : 500 lumens<br \/>\n&#8226; Nombre de lampes fixes : 2 + 1 int\u00e9gr\u00e9e \u00e0 la console<br \/>\n&#8226; Nombre de lampes mobiles : 1<br \/>\n&#8226; Panneau photovolta\u00efque 6 Wc 12 V<br \/>\n&#8226; Batterie: LiFePO4 19,2 Wh (lithium-ferro-phosphate avec 5 ans de dur\u00e9e de vie)<br \/>\n&#8226; Capacit\u00e9 de la batterie : 12 heures pour 1 lampe ou 6 heures pour 2 lampes. (3 heures suppl\u00e9mentaires avec lampe mobile)<br \/>\n&#8226; 3 ports USB de recharge<br \/>\n&#8226; Possibilit\u00e9 d\u2019ajouter un panneau photovolta\u00efque suppl\u00e9mentaire pour augmenter la vitesse de charge lors de journ\u00e9e voil\u00e9e.<\/p>\n<p><strong>Avantages et applications :<\/strong><br \/>\n  &#8226; Alimente 4 Lampes dont 1 lampe nomade<br \/>\n  &#8226; 1 <strong>Lanterne solaire pour le camping<\/strong>, toute sorte de Sports et Loisirs<br \/>\n  &#8226; Ports USB de recharge pr\u00e9vus la charge de t\u00e9l\u00e9phone mobile, de smartphone et de transisator<br \/>\n  &#8226; <strong>Lampe rechargeable avec panneau solaire<\/strong> et batterie portative id\u00e9ale pour le camping.<br \/>\n  &#8226; Capenergie commercialise \u00e9galement un syst\u00e8me d&rsquo;<strong>adaptateur 12V\/230V<\/strong> pouvant fonctionner avec ce type de syst\u00e8me.<br \/>\n&#8226; <strong>Lampe solaire portable Schneider Electric<\/strong><\/p>\n<h3>Solar Home System S02<\/h3>\n<p><strong>Caract\u00e9ristiques :<\/strong><br \/>\n  &#8226; Flux lumineux global : 650 lumens<br \/>\n&#8226; Nombre de lampes fixes : 2 + 1 int\u00e9gr\u00e9e \u00e0 la console<br \/>\n&#8226; Nombre de lampes mobiles : 2<br \/>\n&#8226; Panneau photovolta\u00efque 12 Wc 12 V<br \/>\n&#8226; Batterie : LiFePO4 57,6 Wh (lithium-ferro-phosphate avec 5 ans de dur\u00e9e de vie)<br \/>\n&#8226; Capacit\u00e9 de la batterie : 36 heures pour 1 lampe ou 18 heures pour 2 lampes. (3 heures suppl\u00e9mentaires avec lampe mobile)<br \/>\n&#8226; 3 ports USB de recharge<br \/>\n&#8226; Possibilit\u00e9 d\u2019ajouter un panneau photovolta\u00efque suppl\u00e9mentaire pour augmenter la vitesse de charge lors de journ\u00e9e voil\u00e9e<\/p>\n<p><strong>Avantages et applications :<\/strong><br \/>\n  &#8226; Alimente 5 Lampes dont 2 lampes nomades<br \/>\n  &#8226; 2 <strong>Lanternes solaire pour le camping<\/strong>, toute sorte de Sports et Loisirs<br \/>\n  &#8226; Ports USB de recharge pr\u00e9vus la charge de t\u00e9l\u00e9phone mobile, de smartphone et de transisator<br \/>\n  &#8226; Peut \u00e9galement alimenter un ventilateur ou un petit \u00e9cran TV  <br \/>\n  &#8226; <strong>Lampe rechargeable avec panneau solaire<\/strong> et batterie portative id\u00e9ale pour le camping.<br \/>\n  &#8226; Capenergie commercialise \u00e9galement un syst\u00e8me d&rsquo;<strong>adaptateur 12V\/230V<\/strong> pouvant fonctionner avec ce type de syst\u00e8me<br \/>\n&#8226; <strong>Lampe solaire portable Schneider Electric<\/strong><\/p>\n<table width=\"100%\" border=\"0\" cellspacing=\"0\" cellpadding=\"5\">\n<tr>\n<td>\n<h2>Homaya syst\u00e8me d\u2019\u00e9lectrification solaire individuelle<\/h2>\n<\/td>\n<\/tr>\n<tr id=\"rang-prod\">\n<td>\n<h3>Documentation techniques \u00e0 t\u00e9l\u00e9charger<\/h3>\n<div class=\"separator-orange\"><\/div>\n<p>        <a href=\"http:\/\/pdf.capenergie.fr\/doc-site-isole\/Schneider_homaya.pdf\" title=\"lampe solaire camping pas cher\" target=\"_blank\"><\/p>\n<div id=\"doc-pdf\"><\/div>\n<p>        Syst\u00e8me d\u2019\u00e9lectrification solaire individuelle Homaya<\/a>\n        <\/td>\n<\/tr>\n<\/table>\n<p>Hormis les kit eclairage solaire interieur et exterieur , lampe portable solaire \u00e0 LED, kit eclairage solaire autonome, Lampe mobile \u00e0 recharge solaire, lampe solaire portable Schneider Electric, lampe solaire camping decathlon et carrefour, Capenergie propose sur ce lien une gamme d&rsquo;\u00e9clairage solaire exterieur puissant compos\u00e9e de <a href=\"\/eclairage-photovoltaique.html\" title=\"lampadaire solaire\">lampadaire solaire<\/a> \u00e0 LED.<\/p>\n","protected":false},"excerpt":{"rendered":"<p>Capenergie officiellement distributeur de syst\u00e8me d&rsquo;kit eclairage solaire interieur et ext\u00e9rieur en solution nomade portative. Cette gamme de lampe solaire Schneider Electric puissante, fiable et robuste et compl\u00e9t\u00e9e par les solutions microgrid. Chargez, Eclairez, Branchez ! Le Slogan Schneider Electric parle de lui m\u00eame pour ces solutions Lampe mobile \u00e0 recharge solaire de type solution [&hellip;]<\/p>\n","protected":false},"author":1,"featured_media":0,"parent":0,"menu_order":0,"comment_status":"closed","ping_status":"closed","template":"","meta":{"ngg_post_thumbnail":0,"footnotes":""},"class_list":["post-3449","page","type-page","status-publish","hentry"],"yoast_head":"<!-- This site is optimized with the Yoast SEO plugin v26.8 - https:\/\/yoast.com\/product\/yoast-seo-wordpress\/ -->\n<title>Kit multi-lampe solaire nomade<\/title>\n<meta name=\"description\" content=\"Distributeur de kit \u00e9clairage solaire autonome type multi-lampe solaire nomade de marque Schneider Electric destin\u00e9e au camping, exp\u00e9dition, lampe rechargeable avec panneau solaire, Sports et Loisirs...\" \/>\n<meta name=\"robots\" content=\"noindex, follow, max-snippet:-1, max-image-preview:large, max-video-preview:-1\" \/>\n<meta property=\"og:locale\" content=\"fr_FR\" \/>\n<meta property=\"og:type\" content=\"article\" \/>\n<meta property=\"og:title\" content=\"Kit multi-lampe solaire nomade\" \/>\n<meta property=\"og:description\" content=\"Distributeur de kit \u00e9clairage solaire autonome type multi-lampe solaire nomade de marque Schneider Electric destin\u00e9e au camping, exp\u00e9dition, lampe rechargeable avec panneau solaire, Sports et Loisirs...\" \/>\n<meta property=\"og:url\" content=\"http:\/\/dev.capenergie.fr\/catalogue\/kit-eclairage-solaire-autonome.html\" \/>\n<meta property=\"article:modified_time\" content=\"2017-11-03T17:07:05+00:00\" \/>\n<meta property=\"og:image\" content=\"http:\/\/images.capenergie.fr\/produit\/site-isole\/eclairage\/kit-eclairage-solaire-interieur.jpg\" \/>\n<meta name=\"twitter:label1\" content=\"Dur\u00e9e de lecture estim\u00e9e\" \/>\n\t<meta name=\"twitter:data1\" content=\"3 minutes\" \/>\n<script type=\"application\/ld+json\" class=\"yoast-schema-graph\">{\"@context\":\"https:\/\/schema.org\",\"@graph\":[{\"@type\":\"WebPage\",\"@id\":\"http:\/\/dev.capenergie.fr\/catalogue\/kit-eclairage-solaire-autonome.html\",\"url\":\"http:\/\/dev.capenergie.fr\/catalogue\/kit-eclairage-solaire-autonome.html\",\"name\":\"Kit multi-lampe solaire nomade\",\"isPartOf\":{\"@id\":\"http:\/\/dev.capenergie.fr\/catalogue\/#website\"},\"primaryImageOfPage\":{\"@id\":\"http:\/\/dev.capenergie.fr\/catalogue\/kit-eclairage-solaire-autonome.html#primaryimage\"},\"image\":{\"@id\":\"http:\/\/dev.capenergie.fr\/catalogue\/kit-eclairage-solaire-autonome.html#primaryimage\"},\"thumbnailUrl\":\"http:\/\/images.capenergie.fr\/produit\/site-isole\/eclairage\/kit-eclairage-solaire-interieur.jpg\",\"datePublished\":\"2017-11-02T11:32:23+00:00\",\"dateModified\":\"2017-11-03T17:07:05+00:00\",\"description\":\"Distributeur de kit \u00e9clairage solaire autonome type multi-lampe solaire nomade de marque Schneider Electric destin\u00e9e au camping, exp\u00e9dition, lampe rechargeable avec panneau solaire, Sports et Loisirs...\",\"breadcrumb\":{\"@id\":\"http:\/\/dev.capenergie.fr\/catalogue\/kit-eclairage-solaire-autonome.html#breadcrumb\"},\"inLanguage\":\"fr-FR\",\"potentialAction\":[{\"@type\":\"ReadAction\",\"target\":[\"http:\/\/dev.capenergie.fr\/catalogue\/kit-eclairage-solaire-autonome.html\"]}]},{\"@type\":\"ImageObject\",\"inLanguage\":\"fr-FR\",\"@id\":\"http:\/\/dev.capenergie.fr\/catalogue\/kit-eclairage-solaire-autonome.html#primaryimage\",\"url\":\"http:\/\/images.capenergie.fr\/produit\/site-isole\/eclairage\/kit-eclairage-solaire-interieur.jpg\",\"contentUrl\":\"http:\/\/images.capenergie.fr\/produit\/site-isole\/eclairage\/kit-eclairage-solaire-interieur.jpg\"},{\"@type\":\"BreadcrumbList\",\"@id\":\"http:\/\/dev.capenergie.fr\/catalogue\/kit-eclairage-solaire-autonome.html#breadcrumb\",\"itemListElement\":[{\"@type\":\"ListItem\",\"position\":1,\"name\":\"Accueil\",\"item\":\"http:\/\/dev.capenergie.fr\/catalogue\/\"},{\"@type\":\"ListItem\",\"position\":2,\"name\":\"kit Eclairage solaire autonome\"}]},{\"@type\":\"WebSite\",\"@id\":\"http:\/\/dev.capenergie.fr\/catalogue\/#website\",\"url\":\"http:\/\/dev.capenergie.fr\/catalogue\/\",\"name\":\"\",\"description\":\"\",\"potentialAction\":[{\"@type\":\"SearchAction\",\"target\":{\"@type\":\"EntryPoint\",\"urlTemplate\":\"http:\/\/dev.capenergie.fr\/catalogue\/?s={search_term_string}\"},\"query-input\":{\"@type\":\"PropertyValueSpecification\",\"valueRequired\":true,\"valueName\":\"search_term_string\"}}],\"inLanguage\":\"fr-FR\"}]}<\/script>\n<!-- \/ Yoast SEO plugin. -->","yoast_head_json":{"title":"Kit multi-lampe solaire nomade","description":"Distributeur de kit \u00e9clairage solaire autonome type multi-lampe solaire nomade de marque Schneider Electric destin\u00e9e au camping, exp\u00e9dition, lampe rechargeable avec panneau solaire, Sports et Loisirs...","robots":{"index":"noindex","follow":"follow","max-snippet":"max-snippet:-1","max-image-preview":"max-image-preview:large","max-video-preview":"max-video-preview:-1"},"og_locale":"fr_FR","og_type":"article","og_title":"Kit multi-lampe solaire nomade","og_description":"Distributeur de kit \u00e9clairage solaire autonome type multi-lampe solaire nomade de marque Schneider Electric destin\u00e9e au camping, exp\u00e9dition, lampe rechargeable avec panneau solaire, Sports et Loisirs...","og_url":"http:\/\/dev.capenergie.fr\/catalogue\/kit-eclairage-solaire-autonome.html","article_modified_time":"2017-11-03T17:07:05+00:00","og_image":[{"url":"http:\/\/images.capenergie.fr\/produit\/site-isole\/eclairage\/kit-eclairage-solaire-interieur.jpg","type":"","width":"","height":""}],"twitter_misc":{"Dur\u00e9e de lecture estim\u00e9e":"3 minutes"},"schema":{"@context":"https:\/\/schema.org","@graph":[{"@type":"WebPage","@id":"http:\/\/dev.capenergie.fr\/catalogue\/kit-eclairage-solaire-autonome.html","url":"http:\/\/dev.capenergie.fr\/catalogue\/kit-eclairage-solaire-autonome.html","name":"Kit multi-lampe solaire nomade","isPartOf":{"@id":"http:\/\/dev.capenergie.fr\/catalogue\/#website"},"primaryImageOfPage":{"@id":"http:\/\/dev.capenergie.fr\/catalogue\/kit-eclairage-solaire-autonome.html#primaryimage"},"image":{"@id":"http:\/\/dev.capenergie.fr\/catalogue\/kit-eclairage-solaire-autonome.html#primaryimage"},"thumbnailUrl":"http:\/\/images.capenergie.fr\/produit\/site-isole\/eclairage\/kit-eclairage-solaire-interieur.jpg","datePublished":"2017-11-02T11:32:23+00:00","dateModified":"2017-11-03T17:07:05+00:00","description":"Distributeur de kit \u00e9clairage solaire autonome type multi-lampe solaire nomade de marque Schneider Electric destin\u00e9e au camping, exp\u00e9dition, lampe rechargeable avec panneau solaire, Sports et Loisirs...","breadcrumb":{"@id":"http:\/\/dev.capenergie.fr\/catalogue\/kit-eclairage-solaire-autonome.html#breadcrumb"},"inLanguage":"fr-FR","potentialAction":[{"@type":"ReadAction","target":["http:\/\/dev.capenergie.fr\/catalogue\/kit-eclairage-solaire-autonome.html"]}]},{"@type":"ImageObject","inLanguage":"fr-FR","@id":"http:\/\/dev.capenergie.fr\/catalogue\/kit-eclairage-solaire-autonome.html#primaryimage","url":"http:\/\/images.capenergie.fr\/produit\/site-isole\/eclairage\/kit-eclairage-solaire-interieur.jpg","contentUrl":"http:\/\/images.capenergie.fr\/produit\/site-isole\/eclairage\/kit-eclairage-solaire-interieur.jpg"},{"@type":"BreadcrumbList","@id":"http:\/\/dev.capenergie.fr\/catalogue\/kit-eclairage-solaire-autonome.html#breadcrumb","itemListElement":[{"@type":"ListItem","position":1,"name":"Accueil","item":"http:\/\/dev.capenergie.fr\/catalogue\/"},{"@type":"ListItem","position":2,"name":"kit Eclairage solaire autonome"}]},{"@type":"WebSite","@id":"http:\/\/dev.capenergie.fr\/catalogue\/#website","url":"http:\/\/dev.capenergie.fr\/catalogue\/","name":"","description":"","potentialAction":[{"@type":"SearchAction","target":{"@type":"EntryPoint","urlTemplate":"http:\/\/dev.capenergie.fr\/catalogue\/?s={search_term_string}"},"query-input":{"@type":"PropertyValueSpecification","valueRequired":true,"valueName":"search_term_string"}}],"inLanguage":"fr-FR"}]}},"_links":{"self":[{"href":"http:\/\/dev.capenergie.fr\/catalogue\/wp-json\/wp\/v2\/pages\/3449","targetHints":{"allow":["GET"]}}],"collection":[{"href":"http:\/\/dev.capenergie.fr\/catalogue\/wp-json\/wp\/v2\/pages"}],"about":[{"href":"http:\/\/dev.capenergie.fr\/catalogue\/wp-json\/wp\/v2\/types\/page"}],"author":[{"embeddable":true,"href":"http:\/\/dev.capenergie.fr\/catalogue\/wp-json\/wp\/v2\/users\/1"}],"replies":[{"embeddable":true,"href":"http:\/\/dev.capenergie.fr\/catalogue\/wp-json\/wp\/v2\/comments?post=3449"}],"version-history":[{"count":9,"href":"http:\/\/dev.capenergie.fr\/catalogue\/wp-json\/wp\/v2\/pages\/3449\/revisions"}],"predecessor-version":[{"id":3466,"href":"http:\/\/dev.capenergie.fr\/catalogue\/wp-json\/wp\/v2\/pages\/3449\/revisions\/3466"}],"wp:attachment":[{"href":"http:\/\/dev.capenergie.fr\/catalogue\/wp-json\/wp\/v2\/media?parent=3449"}],"curies":[{"name":"wp","href":"https:\/\/api.w.org\/{rel}","templated":true}]}}