{"id":3467,"date":"2017-11-06T10:44:57","date_gmt":"2017-11-06T09:44:57","guid":{"rendered":"http:\/\/www.capenergie.fr\/catalogue\/?page_id=3467"},"modified":"2018-01-24T11:19:03","modified_gmt":"2018-01-24T10:19:03","slug":"microgrid","status":"publish","type":"page","link":"http:\/\/dev.capenergie.fr\/catalogue\/site-isole\/microgrid.html","title":{"rendered":"Microgrid"},"content":{"rendered":"<p><strong>Le syst\u00e8me <a href=\"\/catalogue\/site-isole.html\" title=\"Microgrid\">Microgrid<\/a> la solution la plus s\u00fbre pour g\u00e9n\u00e9rer et fournir de l&rsquo;\u00e9lectricit\u00e9 en zones rurales<\/strong>.<br \/> <br \/>\nAfin d&rsquo;offrir un acc\u00e8s universel \u00e0 l&rsquo;\u00e9lectricit\u00e9, Capenergie propose une gamme de solutions <strong>microgrid<\/strong> \u00e9galement nomm\u00e9 mini Smart grids ou Micro-r\u00e9seaux.<\/p>\n<h2>Principe de fonctionnement Microgrid<\/h2>\n<p>Aliment\u00e9es par tous types de g\u00e9n\u00e9rateurs (hydro-turbine, <a href=\"\/site-isole\/groupe-electrogene.html\" title=\"groupe \u00e9lectrog\u00e8ne\">groupe \u00e9lectrog\u00e8ne<\/a>, <a href=\"\/photovoltaique\/panneaux-photovoltaiques.html\" title=\"panneaux photovolta\u00efques\">panneaux photovolta\u00efques<\/a>, <a href=\"\/eolienne.html\" title=\"\u00e9olienne domestique\">\u00e9olienne domestique<\/a>), les solutions microgrids sont con\u00e7ues pour proposer une alimentation \u00e9lectrique fiable et qualitative. Capenergie propose la gamme de <strong>solution microgrid<\/strong> Villaya du fabricant fran\u00e7ais Schneider Electric aliment\u00e9es via g\u00e9n\u00e9rateur photovolta\u00efque. V\u00e9ritable solution tout-en-un, la gamme microgrid Villaya permet d&rsquo;alimenter jusqu&rsquo;\u00e0 25 kW. L\u2019\u00e9nergie g\u00e9n\u00e9r\u00e9e par les panneaux solaires ( architectures   AC, DC, AC et DC coupl\u00e9es) est stock\u00e9e dans un parc de  batteries solaires int\u00e9gr\u00e9 afin de proposer une alimentation \u00e9lectrique  monophas\u00e9 ou triphas\u00e9 totalement stable. Totalement \u00e9volutives, les solutions microgrid Villaya peuvent \u00eatre agr\u00e9ment\u00e9es ult\u00e9rieurement de panneaux photovolta\u00efques suppl\u00e9mentaires mais \u00e9galement d&rsquo;onduleurs, r\u00e9gulateurs de charge et batteries compl\u00e9mentaires.<\/p>\n<p>Les solutions microgrid Villaya offre une \u00e9nergie fiable 24\/24H et 7\/7J en solution <strong>microgrid <\/strong>ou Back-up (solution de secours). Elles sont configur\u00e9es pour une connexion au r\u00e9seau et r\u00e9seau Web pour du monitoring distant.<\/p>\n<p> <img decoding=\"async\" src=\"http:\/\/www.capenergie.fr\/catalogue\/wp-content\/uploads\/2017\/11\/microgrid.jpg\" alt=\"microgrid fonctionnement\" width=\"100%\"\/><\/p>\n<h3>Sch\u00e9ma fonctionnement Microgrid<\/h3>\n<p>Les sys\u00e8mes microgrids Villaya peut \u00eatre utilis\u00e9s comme solution solaire  autonome dite <a href=\"\/catalogue\/site-isole.html\" title=\"site isol\u00e9\">site isol\u00e9<\/a>, soit comme solution hybride avec g\u00e9n\u00e9rateur type groupe \u00e9lectrog\u00e8ne ou hydrog\u00e9n\u00e9rateur ou autres. Villaya est une solution totalement  \u00e9volutive qui s\u2019adapte aux exigences \u00e9nerg\u00e9tiques \u00e0 venir et capable d&rsquo;\u00eatre aliment\u00e9e via des sources d\u2019\u00e9nergie futures.<\/p>\n<p> <img decoding=\"async\" src=\"http:\/\/www.capenergie.fr\/catalogue\/wp-content\/uploads\/2017\/11\/microgrid-definition.jpg\" alt=\"\" width=\"100%\"\/><\/p>\n<h2><strong>Villaya Microgrid<\/strong><\/h2>\n<div style=\"float:right; margin-left:15px; margin-top:5px; margin-bottom:15px\">\n<\/div>\n<p><strong>Caract\u00e9ristiques :<\/strong><\/p>\n<p><strong>Villaya Microgrid 1<\/strong><br \/>\n  &#8226; Puissance photovolta\u00efque : 100Wc<br \/>\n  &#8226; Onduleur : Inverter LUM 875VA<br \/>\n  &#8226; Batteries : 210 AH \/ 12V<br \/>\n  &#8226; SCC : 60A\/12-24V C-60<\/p>\n<p>  <strong>Villaya Microgrid 2<\/strong><br \/>\n&#8226; Puissance photovolta\u00efque : 250Wc<br \/>\n&#8226; Onduleur : Conext SW 2524 2.5KW<br \/>\n&#8226; Batteries : 210 AH \/ 12V<br \/>\n&#8226; SCC : 60A\/12-24V C-60<\/p>\n<p><strong>Villaya Microgrid 4<\/strong><br \/>\n&#8226; Puissance photovolta\u00efque : 250Wc<br \/>\n&#8226; Onduleur : Conext SW 4024 4KW<br \/>\n&#8226; Batteries : 210 AH \/ 12V<br \/>\n&#8226; SCC : 60A\/12-24V C-60<\/p>\n<p><strong>Villaya Microgrid 8<\/strong><br \/>\n&#8226; Puissance photovolta\u00efque : 250Wc<br \/>\n&#8226; Onduleur : Conext XW+ 8548 8.5KW<br \/>\n&#8226; Batteries : 210 AH \/ 12V<br \/>\n&#8226; SCC : MPPT 60A-150V<\/p>\n<p><strong>Villaya Microgrid 25<\/strong><br \/>\n&#8226; Puissance photovolta\u00efque : 250Wc<br \/>\n&#8226; Onduleur : Conext XW+ 8548 8.5KW<br \/>\n&#8226; Batteries : 210 AH \/ 12V<br \/>\n&#8226; SCC : MPPT 80A-600V\n<\/p>\n<p><strong>Avantages et applications :<\/strong><br \/>\n  &#8226; Totalement \u00e9volutif et extensible jusqu\u2019\u00e0 100 kW<br \/>\n  &#8226; Mobilit\u00e9 : se d\u00e9place ais\u00e9ment.<br \/>\n  &#8226; Ecologique : se substitue au  groupe \u00e9lectrog\u00e8ne<br \/>\n  &#8226; S\u00e9cutit\u00e9 : Armoire  pr\u00e9serve les \u00e9l\u00e9ments centraux du syst\u00e8mes<br \/>\n  &#8226; solutions tout-en-un<br \/>\n  &#8226; Polyvalence : \u00e9galement id\u00e9ale en solution Back-Up (solution de secours automatique en cas de coupure \u00e9lectrique)<br \/>\n  &#8226; Applications : R\u00e9sidentielle, petites industries, dispensaire ou centre de secours, \u00e9coles,&#8230;<\/p>\n<table width=\"100%\" border=\"0\" cellspacing=\"0\" cellpadding=\"5\">\n<tr>\n<td>\n<h2><strong>Documentation Microgrid<\/strong><\/h2>\n<\/td>\n<\/tr>\n<tr id=\"rang-prod\">\n<td>\n<h3>Documentation techniques \u00e0 t\u00e9l\u00e9charger<\/h3>\n<div class=\"separator-orange\"><\/div>\n<p>        <a href=\"http:\/\/pdf.capenergie.fr\/doc-site-isole\/Schneider_microgrids.pdf\" title=\"Doc microgrid en francais\" target=\"_blank\"><\/p>\n<div id=\"doc-pdf\"><\/div>\n<p>        Microgrid Villaya<\/a>\n        <\/td>\n<\/tr>\n<tr id=\"rang-prod\">\n<td>\n<div class=\"separator-orange\"><\/div>\n<p>        <a href=\"http:\/\/pdf.capenergie.fr\/doc-site-isole\/schneider-villaya-microgrid-2.pdf\" title=\"Doc microgrid 2 en francais\" target=\"_blank\"><\/p>\n<div id=\"doc-pdf\"><\/div>\n<p>        Microgrid 2 Villaya<\/a>\n        <\/td>\n<\/tr>\n<tr id=\"rang-prod\">\n<td>\n<div class=\"separator-orange\"><\/div>\n<p>        <a href=\"http:\/\/pdf.capenergie.fr\/doc-site-isole\/schneider-villaya-microgrid-4.pdf\" title=\"Doc microgrid 4 en francais\" target=\"_blank\"><\/p>\n<div id=\"doc-pdf\"><\/div>\n<p>        Microgrid 4 Villaya<\/a>\n        <\/td>\n<\/tr>\n<tr id=\"rang-prod\">\n<td>\n<div class=\"separator-orange\"><\/div>\n<p>        <a href=\"http:\/\/pdf.capenergie.fr\/doc-site-isole\/schneider-villaya-microgrid-8.pdf\" title=\"Doc microgrid 8 en francais\" target=\"_blank\"><\/p>\n<div id=\"doc-pdf\"><\/div>\n<p>        Microgrid 8 Villaya<\/a>\n        <\/td>\n<\/tr>\n<tr id=\"rang-prod\">\n<td>\n<div class=\"separator-orange\"><\/div>\n<p>        <a href=\"http:\/\/pdf.capenergie.fr\/doc-site-isole\/schneider-villaya-microgrid-25.pdf\" title=\"Doc microgrid 25en francais\" target=\"_blank\"><\/p>\n<div id=\"doc-pdf\"><\/div>\n<p>        Microgrid 25 Villaya<\/a>\n        <\/td>\n<\/tr>\n<\/table>\n","protected":false},"excerpt":{"rendered":"<p>Le syst\u00e8me Microgrid la solution la plus s\u00fbre pour g\u00e9n\u00e9rer et fournir de l&rsquo;\u00e9lectricit\u00e9 en zones rurales. Afin d&rsquo;offrir un acc\u00e8s universel \u00e0 l&rsquo;\u00e9lectricit\u00e9, Capenergie propose une gamme de solutions microgrid \u00e9galement nomm\u00e9 mini Smart grids ou Micro-r\u00e9seaux. Principe de fonctionnement Microgrid Aliment\u00e9es par tous types de g\u00e9n\u00e9rateurs (hydro-turbine, groupe \u00e9lectrog\u00e8ne, panneaux photovolta\u00efques, \u00e9olienne domestique), [&hellip;]<\/p>\n","protected":false},"author":1,"featured_media":0,"parent":84,"menu_order":0,"comment_status":"closed","ping_status":"closed","template":"","meta":{"ngg_post_thumbnail":0,"footnotes":""},"class_list":["post-3467","page","type-page","status-publish","hentry"],"yoast_head":"<!-- This site is optimized with the Yoast SEO plugin v26.8 - https:\/\/yoast.com\/product\/yoast-seo-wordpress\/ -->\n<title>Fonctionnement Microgrid Villaya<\/title>\n<meta name=\"robots\" content=\"noindex, follow, max-snippet:-1, max-image-preview:large, max-video-preview:-1\" \/>\n<meta property=\"og:locale\" content=\"fr_FR\" \/>\n<meta property=\"og:type\" content=\"article\" \/>\n<meta property=\"og:title\" content=\"Fonctionnement Microgrid Villaya\" \/>\n<meta property=\"og:description\" content=\"Le syst\u00e8me Microgrid la solution la plus s\u00fbre pour g\u00e9n\u00e9rer et fournir de l&rsquo;\u00e9lectricit\u00e9 en zones rurales. Afin d&rsquo;offrir un acc\u00e8s universel \u00e0 l&rsquo;\u00e9lectricit\u00e9, Capenergie propose une gamme de solutions microgrid \u00e9galement nomm\u00e9 mini Smart grids ou Micro-r\u00e9seaux. Principe de fonctionnement Microgrid Aliment\u00e9es par tous types de g\u00e9n\u00e9rateurs (hydro-turbine, groupe \u00e9lectrog\u00e8ne, panneaux photovolta\u00efques, \u00e9olienne domestique), [&hellip;]\" \/>\n<meta property=\"og:url\" content=\"http:\/\/dev.capenergie.fr\/catalogue\/site-isole\/microgrid.html\" \/>\n<meta property=\"article:modified_time\" content=\"2018-01-24T10:19:03+00:00\" \/>\n<meta property=\"og:image\" content=\"http:\/\/www.capenergie.fr\/catalogue\/wp-content\/uploads\/2017\/11\/microgrid.jpg\" \/>\n<meta name=\"twitter:label1\" content=\"Dur\u00e9e de lecture estim\u00e9e\" \/>\n\t<meta name=\"twitter:data1\" content=\"2 minutes\" \/>\n<script type=\"application\/ld+json\" class=\"yoast-schema-graph\">{\"@context\":\"https:\/\/schema.org\",\"@graph\":[{\"@type\":\"WebPage\",\"@id\":\"http:\/\/dev.capenergie.fr\/catalogue\/site-isole\/microgrid.html\",\"url\":\"http:\/\/dev.capenergie.fr\/catalogue\/site-isole\/microgrid.html\",\"name\":\"Fonctionnement Microgrid Villaya\",\"isPartOf\":{\"@id\":\"http:\/\/dev.capenergie.fr\/catalogue\/#website\"},\"primaryImageOfPage\":{\"@id\":\"http:\/\/dev.capenergie.fr\/catalogue\/site-isole\/microgrid.html#primaryimage\"},\"image\":{\"@id\":\"http:\/\/dev.capenergie.fr\/catalogue\/site-isole\/microgrid.html#primaryimage\"},\"thumbnailUrl\":\"http:\/\/www.capenergie.fr\/catalogue\/wp-content\/uploads\/2017\/11\/microgrid.jpg\",\"datePublished\":\"2017-11-06T09:44:57+00:00\",\"dateModified\":\"2018-01-24T10:19:03+00:00\",\"breadcrumb\":{\"@id\":\"http:\/\/dev.capenergie.fr\/catalogue\/site-isole\/microgrid.html#breadcrumb\"},\"inLanguage\":\"fr-FR\",\"potentialAction\":[{\"@type\":\"ReadAction\",\"target\":[\"http:\/\/dev.capenergie.fr\/catalogue\/site-isole\/microgrid.html\"]}]},{\"@type\":\"ImageObject\",\"inLanguage\":\"fr-FR\",\"@id\":\"http:\/\/dev.capenergie.fr\/catalogue\/site-isole\/microgrid.html#primaryimage\",\"url\":\"http:\/\/www.capenergie.fr\/catalogue\/wp-content\/uploads\/2017\/11\/microgrid.jpg\",\"contentUrl\":\"http:\/\/www.capenergie.fr\/catalogue\/wp-content\/uploads\/2017\/11\/microgrid.jpg\"},{\"@type\":\"BreadcrumbList\",\"@id\":\"http:\/\/dev.capenergie.fr\/catalogue\/site-isole\/microgrid.html#breadcrumb\",\"itemListElement\":[{\"@type\":\"ListItem\",\"position\":1,\"name\":\"Accueil\",\"item\":\"http:\/\/dev.capenergie.fr\/catalogue\/\"},{\"@type\":\"ListItem\",\"position\":2,\"name\":\"Equipements pour site isol\u00e9\",\"item\":\"http:\/\/dev.capenergie.fr\/catalogue\/site-isole.html\"},{\"@type\":\"ListItem\",\"position\":3,\"name\":\"Microgrid\"}]},{\"@type\":\"WebSite\",\"@id\":\"http:\/\/dev.capenergie.fr\/catalogue\/#website\",\"url\":\"http:\/\/dev.capenergie.fr\/catalogue\/\",\"name\":\"\",\"description\":\"\",\"potentialAction\":[{\"@type\":\"SearchAction\",\"target\":{\"@type\":\"EntryPoint\",\"urlTemplate\":\"http:\/\/dev.capenergie.fr\/catalogue\/?s={search_term_string}\"},\"query-input\":{\"@type\":\"PropertyValueSpecification\",\"valueRequired\":true,\"valueName\":\"search_term_string\"}}],\"inLanguage\":\"fr-FR\"}]}<\/script>\n<!-- \/ Yoast SEO plugin. -->","yoast_head_json":{"title":"Fonctionnement Microgrid Villaya","robots":{"index":"noindex","follow":"follow","max-snippet":"max-snippet:-1","max-image-preview":"max-image-preview:large","max-video-preview":"max-video-preview:-1"},"og_locale":"fr_FR","og_type":"article","og_title":"Fonctionnement Microgrid Villaya","og_description":"Le syst\u00e8me Microgrid la solution la plus s\u00fbre pour g\u00e9n\u00e9rer et fournir de l&rsquo;\u00e9lectricit\u00e9 en zones rurales. Afin d&rsquo;offrir un acc\u00e8s universel \u00e0 l&rsquo;\u00e9lectricit\u00e9, Capenergie propose une gamme de solutions microgrid \u00e9galement nomm\u00e9 mini Smart grids ou Micro-r\u00e9seaux. Principe de fonctionnement Microgrid Aliment\u00e9es par tous types de g\u00e9n\u00e9rateurs (hydro-turbine, groupe \u00e9lectrog\u00e8ne, panneaux photovolta\u00efques, \u00e9olienne domestique), [&hellip;]","og_url":"http:\/\/dev.capenergie.fr\/catalogue\/site-isole\/microgrid.html","article_modified_time":"2018-01-24T10:19:03+00:00","og_image":[{"url":"http:\/\/www.capenergie.fr\/catalogue\/wp-content\/uploads\/2017\/11\/microgrid.jpg","type":"","width":"","height":""}],"twitter_misc":{"Dur\u00e9e de lecture estim\u00e9e":"2 minutes"},"schema":{"@context":"https:\/\/schema.org","@graph":[{"@type":"WebPage","@id":"http:\/\/dev.capenergie.fr\/catalogue\/site-isole\/microgrid.html","url":"http:\/\/dev.capenergie.fr\/catalogue\/site-isole\/microgrid.html","name":"Fonctionnement Microgrid Villaya","isPartOf":{"@id":"http:\/\/dev.capenergie.fr\/catalogue\/#website"},"primaryImageOfPage":{"@id":"http:\/\/dev.capenergie.fr\/catalogue\/site-isole\/microgrid.html#primaryimage"},"image":{"@id":"http:\/\/dev.capenergie.fr\/catalogue\/site-isole\/microgrid.html#primaryimage"},"thumbnailUrl":"http:\/\/www.capenergie.fr\/catalogue\/wp-content\/uploads\/2017\/11\/microgrid.jpg","datePublished":"2017-11-06T09:44:57+00:00","dateModified":"2018-01-24T10:19:03+00:00","breadcrumb":{"@id":"http:\/\/dev.capenergie.fr\/catalogue\/site-isole\/microgrid.html#breadcrumb"},"inLanguage":"fr-FR","potentialAction":[{"@type":"ReadAction","target":["http:\/\/dev.capenergie.fr\/catalogue\/site-isole\/microgrid.html"]}]},{"@type":"ImageObject","inLanguage":"fr-FR","@id":"http:\/\/dev.capenergie.fr\/catalogue\/site-isole\/microgrid.html#primaryimage","url":"http:\/\/www.capenergie.fr\/catalogue\/wp-content\/uploads\/2017\/11\/microgrid.jpg","contentUrl":"http:\/\/www.capenergie.fr\/catalogue\/wp-content\/uploads\/2017\/11\/microgrid.jpg"},{"@type":"BreadcrumbList","@id":"http:\/\/dev.capenergie.fr\/catalogue\/site-isole\/microgrid.html#breadcrumb","itemListElement":[{"@type":"ListItem","position":1,"name":"Accueil","item":"http:\/\/dev.capenergie.fr\/catalogue\/"},{"@type":"ListItem","position":2,"name":"Equipements pour site isol\u00e9","item":"http:\/\/dev.capenergie.fr\/catalogue\/site-isole.html"},{"@type":"ListItem","position":3,"name":"Microgrid"}]},{"@type":"WebSite","@id":"http:\/\/dev.capenergie.fr\/catalogue\/#website","url":"http:\/\/dev.capenergie.fr\/catalogue\/","name":"","description":"","potentialAction":[{"@type":"SearchAction","target":{"@type":"EntryPoint","urlTemplate":"http:\/\/dev.capenergie.fr\/catalogue\/?s={search_term_string}"},"query-input":{"@type":"PropertyValueSpecification","valueRequired":true,"valueName":"search_term_string"}}],"inLanguage":"fr-FR"}]}},"_links":{"self":[{"href":"http:\/\/dev.capenergie.fr\/catalogue\/wp-json\/wp\/v2\/pages\/3467","targetHints":{"allow":["GET"]}}],"collection":[{"href":"http:\/\/dev.capenergie.fr\/catalogue\/wp-json\/wp\/v2\/pages"}],"about":[{"href":"http:\/\/dev.capenergie.fr\/catalogue\/wp-json\/wp\/v2\/types\/page"}],"author":[{"embeddable":true,"href":"http:\/\/dev.capenergie.fr\/catalogue\/wp-json\/wp\/v2\/users\/1"}],"replies":[{"embeddable":true,"href":"http:\/\/dev.capenergie.fr\/catalogue\/wp-json\/wp\/v2\/comments?post=3467"}],"version-history":[{"count":11,"href":"http:\/\/dev.capenergie.fr\/catalogue\/wp-json\/wp\/v2\/pages\/3467\/revisions"}],"predecessor-version":[{"id":3520,"href":"http:\/\/dev.capenergie.fr\/catalogue\/wp-json\/wp\/v2\/pages\/3467\/revisions\/3520"}],"up":[{"embeddable":true,"href":"http:\/\/dev.capenergie.fr\/catalogue\/wp-json\/wp\/v2\/pages\/84"}],"wp:attachment":[{"href":"http:\/\/dev.capenergie.fr\/catalogue\/wp-json\/wp\/v2\/media?parent=3467"}],"curies":[{"name":"wp","href":"https:\/\/api.w.org\/{rel}","templated":true}]}}