{"id":4222,"date":"2020-03-24T12:45:57","date_gmt":"2020-03-24T11:45:57","guid":{"rendered":"http:\/\/www.capenergie.fr\/catalogue\/?page_id=4222"},"modified":"2020-03-25T10:07:32","modified_gmt":"2020-03-25T09:07:32","slug":"stockage-energie-solaire","status":"publish","type":"page","link":"http:\/\/dev.capenergie.fr\/catalogue\/site-isole\/stockage-energie-solaire.html","title":{"rendered":"Stockage \u00e9nergie solaire site isol\u00e9"},"content":{"rendered":"<table id=\"tab-list-prod\" width=\"100%%\" border=\"0\">\n<tr>\n<td>\n<h2>Batterie solaire site isol\u00e9<\/h2>\n<p>    <a class=\"img-product-list\" href=\"\/catalogue\/site-isole\/installation-solaire-autonome\/batterie.html\" title=\"batterie site isol\u00e9\"><img decoding=\"async\" src=\"http:\/\/images.capenergie.fr\/produit\/site-isole\/installation-solaire-autonome\/batterie.jpg\" alt=\"batterie site isol\u00e9\" width=\"125\" height=\"125\" border=\"0\"><\/a><\/p>\n<p>Cap Energie distributeur de batterie site isol\u00e9 pour <a href=\"\/catalogue\/site-isole.html\" title=\"site isol\u00e9\">stockage \u00e9nergie solaire site isol\u00e9<\/a> en application \u00e9lectrification rurale solaire autonome.<br \/>\n        La batteries solaires autonome pour stocker l\u2019\u00e9nergie produite par panneaux solaires ou autres g\u00e9n\u00e9rateurs. Capenergie propose une gamme de <a href=\"\/catalogue\/site-isole\/installation-solaire-autonome\/batterie.html\" title=\"batterie site isol\u00e9\">batterie  site isol\u00e9<\/a> (\u2026)<\/p>\n<div id=\"butt\" align=\"center\" class=\"butt-prod1\">\n\t\t\t<a href=\"\/catalogue\/site-isole\/installation-solaire-autonome\/batterie.html\" title=\"batterie site isol\u00e9\">Batterie site isol\u00e9<\/a>\n\t\t<\/div>\n<\/td>\n<\/tr>\n<tr>\n<td>\n<h2>Stockage Lithium BYD<\/h2>\n<p>    <a class=\"img-product-list\" href=\"\/catalogue\/site-isole\/stockage-energie-solaire.html\" title=\"Stockage \u00e9nergie solaire site isol\u00e9 BYD\"><img decoding=\"async\" src=\"http:\/\/images.capenergie.fr\/produit\/photovoltaique\/autoconsommation\/stockage-autoconsommation-byd.jpg\" alt=\"Stockage \u00e9nergie solaire site isol\u00e9 BYD\" width=\"125\" height=\"125\" border=\"0\"><\/a><\/p>\n<p>Cap Energie distributeur de syst\u00e8mes de  <strong>stockage d&rsquo;\u00e9nergie Lithium solaire <\/strong> en site isol\u00e9 flexibles et \u00e9volutif aux performances optimales.<br \/>\nA d\u00e9couvrir la gamme de  solutions de <a href=\"\/catalogue\/photovoltaique\/autoconsommation-photovoltaique\/stockage-batterie-byd.html\" title=\"stockage Lithium BYD\">stockage  Lithium BYD<\/a> d\u2019\u00e9nergie pour toutes les applications \u00e9lectrification rurale (\u2026)\n      <\/p>\n<div id=\"butt\" align=\"center\" class=\"butt-prod1\">\n\t\t\t<a href=\"\/catalogue\/photovoltaique\/autoconsommation-photovoltaique\/stockage-batterie-byd.html\" title=\"stockage Lithium BYD\">Stockage  Lithium BYD<\/a>\n\t\t<\/div>\n<\/td>\n<\/tr>\n<tr>\n<td>\n<h2>Stockage Lithium Tesvolt<\/h2>\n<p>    <a class=\"img-product-list\" href=\"\/catalogue\/photovoltaique\/autoconsommation-photovoltaique\/solution-stockage-tesvolt.html\" title=\"Stockage Lithium Tesvolt\"><img decoding=\"async\" src=\"http:\/\/images.capenergie.fr\/produit\/photovoltaique\/autoconsommation\/tesvolt.jpg\" alt=\"stockage tesvolt site isol\u00e9\" width=\"125\" height=\"125\" border=\"0\"><\/a><\/p>\n<p>Cap Energie distributeur de syst\u00e8mes de <strong>stockage d&rsquo;\u00e9nergie Lithium solaire <\/strong> en site isol\u00e9 flexibles et \u00e9volutif aux performances optimales.<br \/>\n        Toute notre de gamme de produits <a href=\"\/catalogue\/photovoltaique\/autoconsommation-photovoltaique\/solution-stockage-tesvolt.html\" title=\"Stockage Lithium Tesvolt\">stockage Lithium Tesvolt<\/a> d\u2019\u00e9nergie pour toutes les applications <a href=\"\/catalogue\/site-isole.html\" title=\"site isol\u00e9\">site isol\u00e9<\/a> (\u2026)\n      <\/p>\n<div id=\"butt\" align=\"center\" class=\"butt-prod1\">\n\t\t\t<a href=\"\/catalogue\/photovoltaique\/autoconsommation-photovoltaique\/solution-stockage-tesvolt.html\" title=\"\u00e9olienne domestique\">Stockage Lithium Tesvolt<\/a>\n\t\t<\/div>\n<\/td>\n<\/tr>\n<\/table>\n","protected":false},"excerpt":{"rendered":"<p>Batterie solaire site isol\u00e9 Cap Energie distributeur de batterie site isol\u00e9 pour stockage \u00e9nergie solaire site isol\u00e9 en application \u00e9lectrification rurale solaire autonome. La batteries solaires autonome pour stocker l\u2019\u00e9nergie produite par panneaux solaires ou autres g\u00e9n\u00e9rateurs. Capenergie propose une gamme de batterie site isol\u00e9 (\u2026) Batterie site isol\u00e9 Stockage Lithium BYD Cap Energie distributeur [&hellip;]<\/p>\n","protected":false},"author":1,"featured_media":0,"parent":84,"menu_order":0,"comment_status":"closed","ping_status":"closed","template":"","meta":{"ngg_post_thumbnail":0,"footnotes":""},"class_list":["post-4222","page","type-page","status-publish","hentry"],"yoast_head":"<!-- This site is optimized with the Yoast SEO plugin v26.8 - https:\/\/yoast.com\/product\/yoast-seo-wordpress\/ -->\n<title>Stockage \u00e9nergie solaire site isol\u00e9<\/title>\n<meta name=\"description\" content=\"Solutions de Stockage \u00e9nergie solaire site isol\u00e9 et \u00e9lectrification rurale via batteries solaires et syst\u00e8mes de stockage Lithium.\" \/>\n<meta name=\"robots\" content=\"noindex, follow, max-snippet:-1, max-image-preview:large, max-video-preview:-1\" \/>\n<meta property=\"og:locale\" content=\"fr_FR\" \/>\n<meta property=\"og:type\" content=\"article\" \/>\n<meta property=\"og:title\" content=\"Stockage \u00e9nergie solaire site isol\u00e9\" \/>\n<meta property=\"og:description\" content=\"Solutions de Stockage \u00e9nergie solaire site isol\u00e9 et \u00e9lectrification rurale via batteries solaires et syst\u00e8mes de stockage Lithium.\" \/>\n<meta property=\"og:url\" content=\"http:\/\/dev.capenergie.fr\/catalogue\/site-isole\/stockage-energie-solaire.html\" \/>\n<meta property=\"article:modified_time\" content=\"2020-03-25T09:07:32+00:00\" \/>\n<meta property=\"og:image\" content=\"http:\/\/images.capenergie.fr\/produit\/site-isole\/installation-solaire-autonome\/batterie.jpg\" \/>\n<meta name=\"twitter:label1\" content=\"Dur\u00e9e de lecture estim\u00e9e\" \/>\n\t<meta name=\"twitter:data1\" content=\"1 minute\" \/>\n<script type=\"application\/ld+json\" class=\"yoast-schema-graph\">{\"@context\":\"https:\/\/schema.org\",\"@graph\":[{\"@type\":\"WebPage\",\"@id\":\"http:\/\/dev.capenergie.fr\/catalogue\/site-isole\/stockage-energie-solaire.html\",\"url\":\"http:\/\/dev.capenergie.fr\/catalogue\/site-isole\/stockage-energie-solaire.html\",\"name\":\"Stockage \u00e9nergie solaire site isol\u00e9\",\"isPartOf\":{\"@id\":\"http:\/\/dev.capenergie.fr\/catalogue\/#website\"},\"primaryImageOfPage\":{\"@id\":\"http:\/\/dev.capenergie.fr\/catalogue\/site-isole\/stockage-energie-solaire.html#primaryimage\"},\"image\":{\"@id\":\"http:\/\/dev.capenergie.fr\/catalogue\/site-isole\/stockage-energie-solaire.html#primaryimage\"},\"thumbnailUrl\":\"http:\/\/images.capenergie.fr\/produit\/site-isole\/installation-solaire-autonome\/batterie.jpg\",\"datePublished\":\"2020-03-24T11:45:57+00:00\",\"dateModified\":\"2020-03-25T09:07:32+00:00\",\"description\":\"Solutions de Stockage \u00e9nergie solaire site isol\u00e9 et \u00e9lectrification rurale via batteries solaires et syst\u00e8mes de stockage Lithium.\",\"breadcrumb\":{\"@id\":\"http:\/\/dev.capenergie.fr\/catalogue\/site-isole\/stockage-energie-solaire.html#breadcrumb\"},\"inLanguage\":\"fr-FR\",\"potentialAction\":[{\"@type\":\"ReadAction\",\"target\":[\"http:\/\/dev.capenergie.fr\/catalogue\/site-isole\/stockage-energie-solaire.html\"]}]},{\"@type\":\"ImageObject\",\"inLanguage\":\"fr-FR\",\"@id\":\"http:\/\/dev.capenergie.fr\/catalogue\/site-isole\/stockage-energie-solaire.html#primaryimage\",\"url\":\"http:\/\/images.capenergie.fr\/produit\/site-isole\/installation-solaire-autonome\/batterie.jpg\",\"contentUrl\":\"http:\/\/images.capenergie.fr\/produit\/site-isole\/installation-solaire-autonome\/batterie.jpg\"},{\"@type\":\"BreadcrumbList\",\"@id\":\"http:\/\/dev.capenergie.fr\/catalogue\/site-isole\/stockage-energie-solaire.html#breadcrumb\",\"itemListElement\":[{\"@type\":\"ListItem\",\"position\":1,\"name\":\"Accueil\",\"item\":\"http:\/\/dev.capenergie.fr\/catalogue\/\"},{\"@type\":\"ListItem\",\"position\":2,\"name\":\"Equipements pour site isol\u00e9\",\"item\":\"http:\/\/dev.capenergie.fr\/catalogue\/site-isole.html\"},{\"@type\":\"ListItem\",\"position\":3,\"name\":\"Stockage \u00e9nergie solaire site isol\u00e9\"}]},{\"@type\":\"WebSite\",\"@id\":\"http:\/\/dev.capenergie.fr\/catalogue\/#website\",\"url\":\"http:\/\/dev.capenergie.fr\/catalogue\/\",\"name\":\"\",\"description\":\"\",\"potentialAction\":[{\"@type\":\"SearchAction\",\"target\":{\"@type\":\"EntryPoint\",\"urlTemplate\":\"http:\/\/dev.capenergie.fr\/catalogue\/?s={search_term_string}\"},\"query-input\":{\"@type\":\"PropertyValueSpecification\",\"valueRequired\":true,\"valueName\":\"search_term_string\"}}],\"inLanguage\":\"fr-FR\"}]}<\/script>\n<!-- \/ Yoast SEO plugin. -->","yoast_head_json":{"title":"Stockage \u00e9nergie solaire site isol\u00e9","description":"Solutions de Stockage \u00e9nergie solaire site isol\u00e9 et \u00e9lectrification rurale via batteries solaires et syst\u00e8mes de stockage Lithium.","robots":{"index":"noindex","follow":"follow","max-snippet":"max-snippet:-1","max-image-preview":"max-image-preview:large","max-video-preview":"max-video-preview:-1"},"og_locale":"fr_FR","og_type":"article","og_title":"Stockage \u00e9nergie solaire site isol\u00e9","og_description":"Solutions de Stockage \u00e9nergie solaire site isol\u00e9 et \u00e9lectrification rurale via batteries solaires et syst\u00e8mes de stockage Lithium.","og_url":"http:\/\/dev.capenergie.fr\/catalogue\/site-isole\/stockage-energie-solaire.html","article_modified_time":"2020-03-25T09:07:32+00:00","og_image":[{"url":"http:\/\/images.capenergie.fr\/produit\/site-isole\/installation-solaire-autonome\/batterie.jpg","type":"","width":"","height":""}],"twitter_misc":{"Dur\u00e9e de lecture estim\u00e9e":"1 minute"},"schema":{"@context":"https:\/\/schema.org","@graph":[{"@type":"WebPage","@id":"http:\/\/dev.capenergie.fr\/catalogue\/site-isole\/stockage-energie-solaire.html","url":"http:\/\/dev.capenergie.fr\/catalogue\/site-isole\/stockage-energie-solaire.html","name":"Stockage \u00e9nergie solaire site isol\u00e9","isPartOf":{"@id":"http:\/\/dev.capenergie.fr\/catalogue\/#website"},"primaryImageOfPage":{"@id":"http:\/\/dev.capenergie.fr\/catalogue\/site-isole\/stockage-energie-solaire.html#primaryimage"},"image":{"@id":"http:\/\/dev.capenergie.fr\/catalogue\/site-isole\/stockage-energie-solaire.html#primaryimage"},"thumbnailUrl":"http:\/\/images.capenergie.fr\/produit\/site-isole\/installation-solaire-autonome\/batterie.jpg","datePublished":"2020-03-24T11:45:57+00:00","dateModified":"2020-03-25T09:07:32+00:00","description":"Solutions de Stockage \u00e9nergie solaire site isol\u00e9 et \u00e9lectrification rurale via batteries solaires et syst\u00e8mes de stockage Lithium.","breadcrumb":{"@id":"http:\/\/dev.capenergie.fr\/catalogue\/site-isole\/stockage-energie-solaire.html#breadcrumb"},"inLanguage":"fr-FR","potentialAction":[{"@type":"ReadAction","target":["http:\/\/dev.capenergie.fr\/catalogue\/site-isole\/stockage-energie-solaire.html"]}]},{"@type":"ImageObject","inLanguage":"fr-FR","@id":"http:\/\/dev.capenergie.fr\/catalogue\/site-isole\/stockage-energie-solaire.html#primaryimage","url":"http:\/\/images.capenergie.fr\/produit\/site-isole\/installation-solaire-autonome\/batterie.jpg","contentUrl":"http:\/\/images.capenergie.fr\/produit\/site-isole\/installation-solaire-autonome\/batterie.jpg"},{"@type":"BreadcrumbList","@id":"http:\/\/dev.capenergie.fr\/catalogue\/site-isole\/stockage-energie-solaire.html#breadcrumb","itemListElement":[{"@type":"ListItem","position":1,"name":"Accueil","item":"http:\/\/dev.capenergie.fr\/catalogue\/"},{"@type":"ListItem","position":2,"name":"Equipements pour site isol\u00e9","item":"http:\/\/dev.capenergie.fr\/catalogue\/site-isole.html"},{"@type":"ListItem","position":3,"name":"Stockage \u00e9nergie solaire site isol\u00e9"}]},{"@type":"WebSite","@id":"http:\/\/dev.capenergie.fr\/catalogue\/#website","url":"http:\/\/dev.capenergie.fr\/catalogue\/","name":"","description":"","potentialAction":[{"@type":"SearchAction","target":{"@type":"EntryPoint","urlTemplate":"http:\/\/dev.capenergie.fr\/catalogue\/?s={search_term_string}"},"query-input":{"@type":"PropertyValueSpecification","valueRequired":true,"valueName":"search_term_string"}}],"inLanguage":"fr-FR"}]}},"_links":{"self":[{"href":"http:\/\/dev.capenergie.fr\/catalogue\/wp-json\/wp\/v2\/pages\/4222","targetHints":{"allow":["GET"]}}],"collection":[{"href":"http:\/\/dev.capenergie.fr\/catalogue\/wp-json\/wp\/v2\/pages"}],"about":[{"href":"http:\/\/dev.capenergie.fr\/catalogue\/wp-json\/wp\/v2\/types\/page"}],"author":[{"embeddable":true,"href":"http:\/\/dev.capenergie.fr\/catalogue\/wp-json\/wp\/v2\/users\/1"}],"replies":[{"embeddable":true,"href":"http:\/\/dev.capenergie.fr\/catalogue\/wp-json\/wp\/v2\/comments?post=4222"}],"version-history":[{"count":5,"href":"http:\/\/dev.capenergie.fr\/catalogue\/wp-json\/wp\/v2\/pages\/4222\/revisions"}],"predecessor-version":[{"id":4233,"href":"http:\/\/dev.capenergie.fr\/catalogue\/wp-json\/wp\/v2\/pages\/4222\/revisions\/4233"}],"up":[{"embeddable":true,"href":"http:\/\/dev.capenergie.fr\/catalogue\/wp-json\/wp\/v2\/pages\/84"}],"wp:attachment":[{"href":"http:\/\/dev.capenergie.fr\/catalogue\/wp-json\/wp\/v2\/media?parent=4222"}],"curies":[{"name":"wp","href":"https:\/\/api.w.org\/{rel}","templated":true}]}}