{"id":431,"date":"2012-12-04T10:25:27","date_gmt":"2012-12-04T09:25:27","guid":{"rendered":"http:\/\/www.capenergie.fr\/catalogue3\/?page_id=431"},"modified":"2016-08-31T13:05:12","modified_gmt":"2016-08-31T11:05:12","slug":"installation-solaire-autonome","status":"publish","type":"page","link":"http:\/\/dev.capenergie.fr\/catalogue\/site-isole\/installation-solaire-autonome.html","title":{"rendered":"Installation solaire autonome"},"content":{"rendered":"<p><strong>Un syst\u00e8me maison <a href=\"\/catalogue\/site-isole.html\" title=\"solaire site isol\u00e9\">solaire site isol\u00e9<\/a> type est compos\u00e9<\/strong> d&rsquo;un r\u00e9gulateur de charge solaire, d&rsquo;un ou de   plusieurs modules photovolta\u00efques, de batteries et de consommables comme   des ampoules \u00e9lectriques, une pompe \u00e0 eau, un poste de t\u00e9l\u00e9vision&#8230;<br \/>\nCi-dessous tous les produits <a href=\"\/\" title=\"site isol\u00e9\">site isol\u00e9<\/a> Cap Energie pour composer une <a href=\"\/catalogue\/site-isole.html\" title=\"installation solaire autonome\">installation solaire autonome<\/a> simple \u00e0 l&rsquo;installation <strong>site isol\u00e9 photovolta\u00efque autonome<\/strong> la plus \u00e9volu\u00e9e et performante.<br \/>\nPour un conseil sur le dimensionnement : info(AT)capenergie.fr<\/p>\n<p><?php\nglobal $post;\n\/\/ showposts: nombre d'article affich\u00e9\n\/\/ category: l'id de la cat\u00e9gorie\n$postslist = get_posts('showposts=99&#038;category=13&#038;order=DESC&#038;orderby=date');\nforeach($postslist as $post) :\nsetup_postdata($post);\n?><\/p>\n<div class=\"extrait-article\">\n<h2><a href=\"<?php the_permalink() ?>\u00a0\u00bb rel=\u00a0\u00bbbookmark\u00a0\u00bb title=\u00a0\u00bb<?php the_title_attribute(); ?>\u00ab\u00a0><?php the_title(); ?><\/a><\/h2>\n<p>    <?php the_excerpt(); ?><\/p>\n<div id=\"butt\" class=\"butt-prod1\" align=\"center\"><a href=\"<?php the_permalink() ?>\u00a0\u00bb rel=\u00a0\u00bbbookmark\u00a0\u00bb title=\u00a0\u00bb<?php the_title_attribute(); ?>\u00ab\u00a0>Lire la suite<\/a><\/div>\n<\/div>\n<p><?php endforeach; ?><\/p>\n","protected":false},"excerpt":{"rendered":"<p>Un syst\u00e8me maison solaire site isol\u00e9 type est compos\u00e9 d&rsquo;un r\u00e9gulateur de charge solaire, d&rsquo;un ou de plusieurs modules photovolta\u00efques, de batteries et de consommables comme des ampoules \u00e9lectriques, une pompe \u00e0 eau, un poste de t\u00e9l\u00e9vision&#8230; Ci-dessous tous les produits site isol\u00e9 Cap Energie pour composer une installation solaire autonome simple \u00e0 l&rsquo;installation site [&hellip;]<\/p>\n","protected":false},"author":1,"featured_media":0,"parent":84,"menu_order":0,"comment_status":"closed","ping_status":"closed","template":"","meta":{"ngg_post_thumbnail":0,"footnotes":""},"class_list":["post-431","page","type-page","status-publish","hentry"],"yoast_head":"<!-- This site is optimized with the Yoast SEO plugin v26.8 - https:\/\/yoast.com\/product\/yoast-seo-wordpress\/ -->\n<title>Installation solaire autonome - site isol\u00e9<\/title>\n<meta name=\"description\" content=\"Installation solaire autonome, un syst\u00e8me maison solaire site isol\u00e9 type installation solaire autonome est compos\u00e9 d&#039;un r\u00e9gulateur de charge solaire, d&#039;un ou de plusieurs modules photovolta\u00efques\" \/>\n<meta name=\"robots\" content=\"noindex, follow, max-snippet:-1, max-image-preview:large, max-video-preview:-1\" \/>\n<meta property=\"og:locale\" content=\"fr_FR\" \/>\n<meta property=\"og:type\" content=\"article\" \/>\n<meta property=\"og:title\" content=\"Installation solaire autonome - site isol\u00e9\" \/>\n<meta property=\"og:description\" content=\"Installation solaire autonome, un syst\u00e8me maison solaire site isol\u00e9 type installation solaire autonome est compos\u00e9 d&#039;un r\u00e9gulateur de charge solaire, d&#039;un ou de plusieurs modules photovolta\u00efques\" \/>\n<meta property=\"og:url\" content=\"http:\/\/dev.capenergie.fr\/catalogue\/site-isole\/installation-solaire-autonome.html\" \/>\n<meta property=\"article:modified_time\" content=\"2016-08-31T11:05:12+00:00\" \/>\n<script type=\"application\/ld+json\" class=\"yoast-schema-graph\">{\"@context\":\"https:\/\/schema.org\",\"@graph\":[{\"@type\":\"WebPage\",\"@id\":\"http:\/\/dev.capenergie.fr\/catalogue\/site-isole\/installation-solaire-autonome.html\",\"url\":\"http:\/\/dev.capenergie.fr\/catalogue\/site-isole\/installation-solaire-autonome.html\",\"name\":\"Installation solaire autonome - site isol\u00e9\",\"isPartOf\":{\"@id\":\"http:\/\/dev.capenergie.fr\/catalogue\/#website\"},\"datePublished\":\"2012-12-04T09:25:27+00:00\",\"dateModified\":\"2016-08-31T11:05:12+00:00\",\"description\":\"Installation solaire autonome, un syst\u00e8me maison solaire site isol\u00e9 type installation solaire autonome est compos\u00e9 d'un r\u00e9gulateur de charge solaire, d'un ou de plusieurs modules photovolta\u00efques\",\"breadcrumb\":{\"@id\":\"http:\/\/dev.capenergie.fr\/catalogue\/site-isole\/installation-solaire-autonome.html#breadcrumb\"},\"inLanguage\":\"fr-FR\",\"potentialAction\":[{\"@type\":\"ReadAction\",\"target\":[\"http:\/\/dev.capenergie.fr\/catalogue\/site-isole\/installation-solaire-autonome.html\"]}]},{\"@type\":\"BreadcrumbList\",\"@id\":\"http:\/\/dev.capenergie.fr\/catalogue\/site-isole\/installation-solaire-autonome.html#breadcrumb\",\"itemListElement\":[{\"@type\":\"ListItem\",\"position\":1,\"name\":\"Accueil\",\"item\":\"http:\/\/dev.capenergie.fr\/catalogue\/\"},{\"@type\":\"ListItem\",\"position\":2,\"name\":\"Equipements pour site isol\u00e9\",\"item\":\"http:\/\/dev.capenergie.fr\/catalogue\/site-isole.html\"},{\"@type\":\"ListItem\",\"position\":3,\"name\":\"Installation solaire autonome\"}]},{\"@type\":\"WebSite\",\"@id\":\"http:\/\/dev.capenergie.fr\/catalogue\/#website\",\"url\":\"http:\/\/dev.capenergie.fr\/catalogue\/\",\"name\":\"\",\"description\":\"\",\"potentialAction\":[{\"@type\":\"SearchAction\",\"target\":{\"@type\":\"EntryPoint\",\"urlTemplate\":\"http:\/\/dev.capenergie.fr\/catalogue\/?s={search_term_string}\"},\"query-input\":{\"@type\":\"PropertyValueSpecification\",\"valueRequired\":true,\"valueName\":\"search_term_string\"}}],\"inLanguage\":\"fr-FR\"}]}<\/script>\n<!-- \/ Yoast SEO plugin. -->","yoast_head_json":{"title":"Installation solaire autonome - site isol\u00e9","description":"Installation solaire autonome, un syst\u00e8me maison solaire site isol\u00e9 type installation solaire autonome est compos\u00e9 d'un r\u00e9gulateur de charge solaire, d'un ou de plusieurs modules photovolta\u00efques","robots":{"index":"noindex","follow":"follow","max-snippet":"max-snippet:-1","max-image-preview":"max-image-preview:large","max-video-preview":"max-video-preview:-1"},"og_locale":"fr_FR","og_type":"article","og_title":"Installation solaire autonome - site isol\u00e9","og_description":"Installation solaire autonome, un syst\u00e8me maison solaire site isol\u00e9 type installation solaire autonome est compos\u00e9 d'un r\u00e9gulateur de charge solaire, d'un ou de plusieurs modules photovolta\u00efques","og_url":"http:\/\/dev.capenergie.fr\/catalogue\/site-isole\/installation-solaire-autonome.html","article_modified_time":"2016-08-31T11:05:12+00:00","schema":{"@context":"https:\/\/schema.org","@graph":[{"@type":"WebPage","@id":"http:\/\/dev.capenergie.fr\/catalogue\/site-isole\/installation-solaire-autonome.html","url":"http:\/\/dev.capenergie.fr\/catalogue\/site-isole\/installation-solaire-autonome.html","name":"Installation solaire autonome - site isol\u00e9","isPartOf":{"@id":"http:\/\/dev.capenergie.fr\/catalogue\/#website"},"datePublished":"2012-12-04T09:25:27+00:00","dateModified":"2016-08-31T11:05:12+00:00","description":"Installation solaire autonome, un syst\u00e8me maison solaire site isol\u00e9 type installation solaire autonome est compos\u00e9 d'un r\u00e9gulateur de charge solaire, d'un ou de plusieurs modules photovolta\u00efques","breadcrumb":{"@id":"http:\/\/dev.capenergie.fr\/catalogue\/site-isole\/installation-solaire-autonome.html#breadcrumb"},"inLanguage":"fr-FR","potentialAction":[{"@type":"ReadAction","target":["http:\/\/dev.capenergie.fr\/catalogue\/site-isole\/installation-solaire-autonome.html"]}]},{"@type":"BreadcrumbList","@id":"http:\/\/dev.capenergie.fr\/catalogue\/site-isole\/installation-solaire-autonome.html#breadcrumb","itemListElement":[{"@type":"ListItem","position":1,"name":"Accueil","item":"http:\/\/dev.capenergie.fr\/catalogue\/"},{"@type":"ListItem","position":2,"name":"Equipements pour site isol\u00e9","item":"http:\/\/dev.capenergie.fr\/catalogue\/site-isole.html"},{"@type":"ListItem","position":3,"name":"Installation solaire autonome"}]},{"@type":"WebSite","@id":"http:\/\/dev.capenergie.fr\/catalogue\/#website","url":"http:\/\/dev.capenergie.fr\/catalogue\/","name":"","description":"","potentialAction":[{"@type":"SearchAction","target":{"@type":"EntryPoint","urlTemplate":"http:\/\/dev.capenergie.fr\/catalogue\/?s={search_term_string}"},"query-input":{"@type":"PropertyValueSpecification","valueRequired":true,"valueName":"search_term_string"}}],"inLanguage":"fr-FR"}]}},"_links":{"self":[{"href":"http:\/\/dev.capenergie.fr\/catalogue\/wp-json\/wp\/v2\/pages\/431","targetHints":{"allow":["GET"]}}],"collection":[{"href":"http:\/\/dev.capenergie.fr\/catalogue\/wp-json\/wp\/v2\/pages"}],"about":[{"href":"http:\/\/dev.capenergie.fr\/catalogue\/wp-json\/wp\/v2\/types\/page"}],"author":[{"embeddable":true,"href":"http:\/\/dev.capenergie.fr\/catalogue\/wp-json\/wp\/v2\/users\/1"}],"replies":[{"embeddable":true,"href":"http:\/\/dev.capenergie.fr\/catalogue\/wp-json\/wp\/v2\/comments?post=431"}],"version-history":[{"count":9,"href":"http:\/\/dev.capenergie.fr\/catalogue\/wp-json\/wp\/v2\/pages\/431\/revisions"}],"predecessor-version":[{"id":1896,"href":"http:\/\/dev.capenergie.fr\/catalogue\/wp-json\/wp\/v2\/pages\/431\/revisions\/1896"}],"up":[{"embeddable":true,"href":"http:\/\/dev.capenergie.fr\/catalogue\/wp-json\/wp\/v2\/pages\/84"}],"wp:attachment":[{"href":"http:\/\/dev.capenergie.fr\/catalogue\/wp-json\/wp\/v2\/media?parent=431"}],"curies":[{"name":"wp","href":"https:\/\/api.w.org\/{rel}","templated":true}]}}