{"id":437,"date":"2012-12-04T10:50:24","date_gmt":"2012-12-04T09:50:24","guid":{"rendered":"http:\/\/www.capenergie.fr\/catalogue3\/?page_id=437"},"modified":"2015-06-19T09:58:45","modified_gmt":"2015-06-19T07:58:45","slug":"stockage-et-pompage-deau","status":"publish","type":"page","link":"http:\/\/dev.capenergie.fr\/catalogue\/site-isole\/stockage-et-pompage-deau.html","title":{"rendered":"Stockage et pompage d&rsquo;eau"},"content":{"rendered":"<p><strong>Notre gamme de produits pour le stockage et le pompage d&rsquo;eau permet d&rsquo;offrir diff\u00e9rentes solutions d&rsquo;alimentation<\/strong> comme le <a href=\"\/catalogue\/site-isole.html\" title=\"pompage site isol\u00e9\">pompage site isol\u00e9<\/a> dit &quot;au fil du soleil&quot; ou encore le pompage &quot;en continu&quot; mais aussi de plus gros d\u00e9bit type Station de pompage. Cap energie offre diff\u00e9rentes solutions de stockage d&rsquo;eau avec des r\u00e9servoirs de s\u00e9rie ou sur mesure allant de de 100 litres \u00e0 1000 m3.<\/p>\n<p><?php\nglobal $post;\n\/\/ showposts: nombre d'article affich\u00e9\n\/\/ category: l'id de la cat\u00e9gorie\n$postslist = get_posts('showposts=99&#038;category=15&#038;order=DESC&#038;orderby=date');\nforeach($postslist as $post) :\nsetup_postdata($post);\n?><\/p>\n<div class=\"extrait-article\">\n<h2><a href=\"<?php the_permalink() ?>\u00a0\u00bb rel=\u00a0\u00bbbookmark\u00a0\u00bb title=\u00a0\u00bb<?php the_title_attribute(); ?>\u00ab\u00a0><?php the_title(); ?><\/a><\/h2>\n<p>    <?php the_excerpt(); ?><\/p>\n<div id=\"butt\" class=\"butt-prod1\" align=\"center\"><a href=\"<?php the_permalink() ?>\u00a0\u00bb rel=\u00a0\u00bbbookmark\u00a0\u00bb title=\u00a0\u00bb<?php the_title_attribute(); ?>\u00ab\u00a0>Lire la suite<\/a><\/div>\n<\/div>\n<p><?php endforeach; ?><\/p>\n","protected":false},"excerpt":{"rendered":"<p>Notre gamme de produits pour le stockage et le pompage d&rsquo;eau permet d&rsquo;offrir diff\u00e9rentes solutions d&rsquo;alimentation comme le pompage site isol\u00e9 dit &quot;au fil du soleil&quot; ou encore le pompage &quot;en continu&quot; mais aussi de plus gros d\u00e9bit type Station de pompage. Cap energie offre diff\u00e9rentes solutions de stockage d&rsquo;eau avec des r\u00e9servoirs de s\u00e9rie [&hellip;]<\/p>\n","protected":false},"author":1,"featured_media":0,"parent":84,"menu_order":0,"comment_status":"closed","ping_status":"closed","template":"","meta":{"ngg_post_thumbnail":0,"footnotes":""},"class_list":["post-437","page","type-page","status-publish","hentry"],"yoast_head":"<!-- This site is optimized with the Yoast SEO plugin v26.8 - https:\/\/yoast.com\/product\/yoast-seo-wordpress\/ -->\n<title>Stockage et pompage d&#039;eau en site isol\u00e9 ou en autonomie<\/title>\n<meta name=\"description\" content=\"Capenergie - Distributeur de syst\u00e8me de Stockage et pompage d&#039;eau en site isol\u00e9 ou en autonomie dont la gamme de pompe Grunfos SQ Flex immerg\u00e9 pompe solaire et de surface, Pompage dit \u00ab Au Fil du soleil \u00bb.\" \/>\n<meta name=\"robots\" content=\"noindex, follow, max-snippet:-1, max-image-preview:large, max-video-preview:-1\" \/>\n<meta property=\"og:locale\" content=\"fr_FR\" \/>\n<meta property=\"og:type\" content=\"article\" \/>\n<meta property=\"og:title\" content=\"Stockage et pompage d&#039;eau en site isol\u00e9 ou en autonomie\" \/>\n<meta property=\"og:description\" content=\"Capenergie - Distributeur de syst\u00e8me de Stockage et pompage d&#039;eau en site isol\u00e9 ou en autonomie dont la gamme de pompe Grunfos SQ Flex immerg\u00e9 pompe solaire et de surface, Pompage dit \u00ab Au Fil du soleil \u00bb.\" \/>\n<meta property=\"og:url\" content=\"http:\/\/dev.capenergie.fr\/catalogue\/site-isole\/stockage-et-pompage-deau.html\" \/>\n<meta property=\"article:modified_time\" content=\"2015-06-19T07:58:45+00:00\" \/>\n<script type=\"application\/ld+json\" class=\"yoast-schema-graph\">{\"@context\":\"https:\/\/schema.org\",\"@graph\":[{\"@type\":\"WebPage\",\"@id\":\"http:\/\/dev.capenergie.fr\/catalogue\/site-isole\/stockage-et-pompage-deau.html\",\"url\":\"http:\/\/dev.capenergie.fr\/catalogue\/site-isole\/stockage-et-pompage-deau.html\",\"name\":\"Stockage et pompage d'eau en site isol\u00e9 ou en autonomie\",\"isPartOf\":{\"@id\":\"http:\/\/dev.capenergie.fr\/catalogue\/#website\"},\"datePublished\":\"2012-12-04T09:50:24+00:00\",\"dateModified\":\"2015-06-19T07:58:45+00:00\",\"description\":\"Capenergie - Distributeur de syst\u00e8me de Stockage et pompage d'eau en site isol\u00e9 ou en autonomie dont la gamme de pompe Grunfos SQ Flex immerg\u00e9 pompe solaire et de surface, Pompage dit \u00ab Au Fil du soleil \u00bb.\",\"breadcrumb\":{\"@id\":\"http:\/\/dev.capenergie.fr\/catalogue\/site-isole\/stockage-et-pompage-deau.html#breadcrumb\"},\"inLanguage\":\"fr-FR\",\"potentialAction\":[{\"@type\":\"ReadAction\",\"target\":[\"http:\/\/dev.capenergie.fr\/catalogue\/site-isole\/stockage-et-pompage-deau.html\"]}]},{\"@type\":\"BreadcrumbList\",\"@id\":\"http:\/\/dev.capenergie.fr\/catalogue\/site-isole\/stockage-et-pompage-deau.html#breadcrumb\",\"itemListElement\":[{\"@type\":\"ListItem\",\"position\":1,\"name\":\"Accueil\",\"item\":\"http:\/\/dev.capenergie.fr\/catalogue\/\"},{\"@type\":\"ListItem\",\"position\":2,\"name\":\"Equipements pour site isol\u00e9\",\"item\":\"http:\/\/dev.capenergie.fr\/catalogue\/site-isole.html\"},{\"@type\":\"ListItem\",\"position\":3,\"name\":\"Stockage et pompage d&rsquo;eau\"}]},{\"@type\":\"WebSite\",\"@id\":\"http:\/\/dev.capenergie.fr\/catalogue\/#website\",\"url\":\"http:\/\/dev.capenergie.fr\/catalogue\/\",\"name\":\"\",\"description\":\"\",\"potentialAction\":[{\"@type\":\"SearchAction\",\"target\":{\"@type\":\"EntryPoint\",\"urlTemplate\":\"http:\/\/dev.capenergie.fr\/catalogue\/?s={search_term_string}\"},\"query-input\":{\"@type\":\"PropertyValueSpecification\",\"valueRequired\":true,\"valueName\":\"search_term_string\"}}],\"inLanguage\":\"fr-FR\"}]}<\/script>\n<!-- \/ Yoast SEO plugin. -->","yoast_head_json":{"title":"Stockage et pompage d'eau en site isol\u00e9 ou en autonomie","description":"Capenergie - Distributeur de syst\u00e8me de Stockage et pompage d'eau en site isol\u00e9 ou en autonomie dont la gamme de pompe Grunfos SQ Flex immerg\u00e9 pompe solaire et de surface, Pompage dit \u00ab Au Fil du soleil \u00bb.","robots":{"index":"noindex","follow":"follow","max-snippet":"max-snippet:-1","max-image-preview":"max-image-preview:large","max-video-preview":"max-video-preview:-1"},"og_locale":"fr_FR","og_type":"article","og_title":"Stockage et pompage d'eau en site isol\u00e9 ou en autonomie","og_description":"Capenergie - Distributeur de syst\u00e8me de Stockage et pompage d'eau en site isol\u00e9 ou en autonomie dont la gamme de pompe Grunfos SQ Flex immerg\u00e9 pompe solaire et de surface, Pompage dit \u00ab Au Fil du soleil \u00bb.","og_url":"http:\/\/dev.capenergie.fr\/catalogue\/site-isole\/stockage-et-pompage-deau.html","article_modified_time":"2015-06-19T07:58:45+00:00","schema":{"@context":"https:\/\/schema.org","@graph":[{"@type":"WebPage","@id":"http:\/\/dev.capenergie.fr\/catalogue\/site-isole\/stockage-et-pompage-deau.html","url":"http:\/\/dev.capenergie.fr\/catalogue\/site-isole\/stockage-et-pompage-deau.html","name":"Stockage et pompage d'eau en site isol\u00e9 ou en autonomie","isPartOf":{"@id":"http:\/\/dev.capenergie.fr\/catalogue\/#website"},"datePublished":"2012-12-04T09:50:24+00:00","dateModified":"2015-06-19T07:58:45+00:00","description":"Capenergie - Distributeur de syst\u00e8me de Stockage et pompage d'eau en site isol\u00e9 ou en autonomie dont la gamme de pompe Grunfos SQ Flex immerg\u00e9 pompe solaire et de surface, Pompage dit \u00ab Au Fil du soleil \u00bb.","breadcrumb":{"@id":"http:\/\/dev.capenergie.fr\/catalogue\/site-isole\/stockage-et-pompage-deau.html#breadcrumb"},"inLanguage":"fr-FR","potentialAction":[{"@type":"ReadAction","target":["http:\/\/dev.capenergie.fr\/catalogue\/site-isole\/stockage-et-pompage-deau.html"]}]},{"@type":"BreadcrumbList","@id":"http:\/\/dev.capenergie.fr\/catalogue\/site-isole\/stockage-et-pompage-deau.html#breadcrumb","itemListElement":[{"@type":"ListItem","position":1,"name":"Accueil","item":"http:\/\/dev.capenergie.fr\/catalogue\/"},{"@type":"ListItem","position":2,"name":"Equipements pour site isol\u00e9","item":"http:\/\/dev.capenergie.fr\/catalogue\/site-isole.html"},{"@type":"ListItem","position":3,"name":"Stockage et pompage d&rsquo;eau"}]},{"@type":"WebSite","@id":"http:\/\/dev.capenergie.fr\/catalogue\/#website","url":"http:\/\/dev.capenergie.fr\/catalogue\/","name":"","description":"","potentialAction":[{"@type":"SearchAction","target":{"@type":"EntryPoint","urlTemplate":"http:\/\/dev.capenergie.fr\/catalogue\/?s={search_term_string}"},"query-input":{"@type":"PropertyValueSpecification","valueRequired":true,"valueName":"search_term_string"}}],"inLanguage":"fr-FR"}]}},"_links":{"self":[{"href":"http:\/\/dev.capenergie.fr\/catalogue\/wp-json\/wp\/v2\/pages\/437","targetHints":{"allow":["GET"]}}],"collection":[{"href":"http:\/\/dev.capenergie.fr\/catalogue\/wp-json\/wp\/v2\/pages"}],"about":[{"href":"http:\/\/dev.capenergie.fr\/catalogue\/wp-json\/wp\/v2\/types\/page"}],"author":[{"embeddable":true,"href":"http:\/\/dev.capenergie.fr\/catalogue\/wp-json\/wp\/v2\/users\/1"}],"replies":[{"embeddable":true,"href":"http:\/\/dev.capenergie.fr\/catalogue\/wp-json\/wp\/v2\/comments?post=437"}],"version-history":[{"count":7,"href":"http:\/\/dev.capenergie.fr\/catalogue\/wp-json\/wp\/v2\/pages\/437\/revisions"}],"predecessor-version":[{"id":1900,"href":"http:\/\/dev.capenergie.fr\/catalogue\/wp-json\/wp\/v2\/pages\/437\/revisions\/1900"}],"up":[{"embeddable":true,"href":"http:\/\/dev.capenergie.fr\/catalogue\/wp-json\/wp\/v2\/pages\/84"}],"wp:attachment":[{"href":"http:\/\/dev.capenergie.fr\/catalogue\/wp-json\/wp\/v2\/media?parent=437"}],"curies":[{"name":"wp","href":"https:\/\/api.w.org\/{rel}","templated":true}]}}