{"id":443,"date":"2012-12-04T11:59:58","date_gmt":"2012-12-04T10:59:58","guid":{"rendered":"http:\/\/www.capenergie.fr\/catalogue3\/?page_id=443"},"modified":"2017-04-19T17:23:38","modified_gmt":"2017-04-19T15:23:38","slug":"panneau-solaire-camping-car","status":"publish","type":"page","link":"http:\/\/dev.capenergie.fr\/catalogue\/site-isole\/panneau-solaire-camping-car.html","title":{"rendered":"Panneau solaire camping car et v\u00e9hicule de loisir"},"content":{"rendered":"<p><img decoding=\"async\" alt=\"r\u00e9cepteur pour site isol\u00e9\" src=\"http:\/\/images.capenergie.fr\/produit\/site-isole\/camping-car\/panneau-solaire-camping-car.jpg\" class=\"alignleft\" width=\"125\" height=\"125\" \/><\/p>\n<p><strong>Cap Energie officiellement distributeur de  composants permettant un montage de <a href=\"\/catalogue\/site-isole.html\" title=\"kit solaire pour camping car et 4x4\"> kit solaire pour camping car,Van, fourgon am\u00e9nag\u00e9 et 4&#215;4<\/a> avec une installation solaire autonome<\/strong>.<br \/>\nCon\u00e7u en associant l&rsquo;exp\u00e9rience Cap Energie dans le secteur des \u00e9nergies renouvelables et l&rsquo;exp\u00e9rience de la soci\u00e9t\u00e9 Anglaise  Off Road trading dans le secteur des Raids 4&#215;4 loisir et comp\u00e9tition, les Kits solaires &quot;Exp\u00e9dition&quot; et &quot;Evasion&quot; permettent de g\u00e9n\u00e9rer de l&rsquo;\u00e9nergie pour les v\u00e9hicules de loisirs comme les 4&#215;4, camping car, caravane, Van, fourgon am\u00e9nag\u00e9&#8230;\n<\/p>\n<h2>Fiabilit\u00e9, efficacit\u00e9, durabilit\u00e9<\/strong> !<\/h2>\n<p>\nFiabilit\u00e9, efficacit\u00e9, durabilit\u00e9 sont les ma\u00eetres mots du kit solaire pour camping car et v\u00e9hicule de loisir Cap Energie con\u00e7u avec des composants haut de gamme pour une utilisation extr\u00eame. Ces kits sont assembl\u00e9 avec les plus grandes marques d&rsquo;\u00e9quipement et permettent une utilisation pour le Raid 4&#215;4 qui reste \u00e0 ce jour un des loisirs motoris\u00e9s le plus exigent en termes de mat\u00e9riels pour des conditions souvent extr\u00eames.<\/p>\n<h2>Principe de fonctionnement du kit solaire pour camping car<\/h2>\n<div align=\"right\" style=\"margin-bottom:20px\">\n  \t<img decoding=\"async\" alt=\"r\u00e9cepteur pour site isol\u00e9\" src=\"http:\/\/images.capenergie.fr\/produit\/site-isole\/camping-car\/kit-solaire-4x4.png\" width=\"100%\" \/>\n<\/div>\n<h2>kits Solaires pour camping-car <\/h2>\n<p><\/p>\n<div style=\"float:right\"><img decoding=\"async\" src=\"http:\/\/images.capenergie.fr\/produit\/site-isole\/camping-car\/kit-solaire-4x4-2.png\" alt=\"kit solaire camping car \" width=\"150\" height=\"300\"><\/div>\n<p>\n  <strong>Le kit Solaire pour camping-car Evasion<\/strong> :<br \/>\n  Kit d\u2019une puissance de 450 Wh\/J<br \/>\n  &#8211; 1 Panneau photovolta\u00efque de 90 Wc<br \/>\n  &#8211; 1 R\u00e9gulateur adapt\u00e9<br \/>\n  &#8211; 1 Onduleur adapt\u00e9<\/p>\n<p><strong>Le kit Solaire pour camping-car Exp\u00e9dition<\/strong> :<br \/>\n  Kit d\u2019une puissance de 250 Wh\/J<br \/>\n  &#8211; 1 Panneau photovolta\u00efque de 50 Wc<br \/>\n  &#8211; 1 R\u00e9gulateur adapt\u00e9<br \/>\n  &#8211; 1 Onduleur adapt\u00e9<\/p>\n<p>  <strong>Option<\/strong> : <br \/>\n  &#8211; R\u00e9partiteur de charge<br \/>\n  &#8211; Contr\u00f4leur de charge batterie<br \/>\n  &#8211; Batteries pour v\u00e9hicule l\u00e9ger<br \/>\n  &#8211; Coupure batterie polycarbonate  respectant la norme SAE.<br \/>\n  &#8211; Fixations panneaux et passage de c\u00e2ble en toiture<br \/>\n  &#8211; \u00c9olienne Air-Breeze<\/p>\n<div>&nbsp;<\/div>\n<table width=\"100%\" border=\"0\" cellspacing=\"0\" cellpadding=\"5\">\n<tr>\n<td>\n<h2>Les kits Solaires pour camping-car<\/h2>\n<\/td>\n<\/tr>\n<tr id=\"rang-prod\">\n<td>\n<h3>Documentation \u00e0 t\u00e9l\u00e9charger<\/h3>\n<div class=\"separator-orange\"><\/div>\n<p>        <a href=\"http:\/\/pdf.capenergie.fr\/doc-site-isole\/plaquette-kit-off-road.pdf\" title=\"Kit solaire pour 4x4\" target=\"_blank\"><\/p>\n<div id=\"doc-pdf\"><\/div>\n<p>Plaquette Kit 4&#215;4 et v\u00e9hicules de loisirs<\/a>\n        <\/td>\n<\/tr>\n<tr id=\"rang-prod\">\n<td>\n<div class=\"separator-orange\"><\/div>\n<p>        <a href=\"http:\/\/pdf.capenergie.fr\/doc-site-isole\/frezicube.pdf\" title=\"Kit solaire pour 4x4 Frezicube\" target=\"_blank\"><\/p>\n<div id=\"doc-pdf\"><\/div>\n<p>Syst\u00e8me Frezicube<\/a>\n        <\/td>\n<\/tr>\n<tr id=\"rang-prod\">\n<td>\n<div class=\"separator-orange\"><\/div>\n<p>        <a href=\"http:\/\/pdf.capenergie.fr\/doc-site-isole\/S4-web.pdf\" title=\"production electricit\u00e9 Syst\u00e8me mobile S4\" target=\"_blank\"><\/p>\n<div id=\"doc-pdf\"><\/div>\n<p>Syst\u00e8me mobile S4<\/a>\n        <\/td>\n<\/tr>\n<\/table>\n","protected":false},"excerpt":{"rendered":"<p>Cap Energie officiellement distributeur de composants permettant un montage de kit solaire pour camping car,Van, fourgon am\u00e9nag\u00e9 et 4&#215;4 avec une installation solaire autonome. Con\u00e7u en associant l&rsquo;exp\u00e9rience Cap Energie dans le secteur des \u00e9nergies renouvelables et l&rsquo;exp\u00e9rience de la soci\u00e9t\u00e9 Anglaise Off Road trading dans le secteur des Raids 4&#215;4 loisir et comp\u00e9tition, les [&hellip;]<\/p>\n","protected":false},"author":1,"featured_media":0,"parent":84,"menu_order":0,"comment_status":"closed","ping_status":"closed","template":"","meta":{"ngg_post_thumbnail":0,"footnotes":""},"class_list":["post-443","page","type-page","status-publish","hentry"],"yoast_head":"<!-- This site is optimized with the Yoast SEO plugin v26.8 - https:\/\/yoast.com\/product\/yoast-seo-wordpress\/ -->\n<title>Panneau solaire camping car et v\u00e9hicule de loisir<\/title>\n<meta name=\"description\" content=\"Cap Energie - Distributeur de panneau solaire camping car ainsi que de panneau solaire pour v\u00e9hicule de loisir, Van, fourgon am\u00e9nag\u00e9 et 4x4. Sp\u00e9cialiste mondial du site isol\u00e9, Cap Energie propose une gamme compl\u00e8te\" \/>\n<meta name=\"robots\" content=\"noindex, follow, max-snippet:-1, max-image-preview:large, max-video-preview:-1\" \/>\n<meta property=\"og:locale\" content=\"fr_FR\" \/>\n<meta property=\"og:type\" content=\"article\" \/>\n<meta property=\"og:title\" content=\"Panneau solaire camping car et v\u00e9hicule de loisir\" \/>\n<meta property=\"og:description\" content=\"Cap Energie - Distributeur de panneau solaire camping car ainsi que de panneau solaire pour v\u00e9hicule de loisir, Van, fourgon am\u00e9nag\u00e9 et 4x4. Sp\u00e9cialiste mondial du site isol\u00e9, Cap Energie propose une gamme compl\u00e8te\" \/>\n<meta property=\"og:url\" content=\"http:\/\/dev.capenergie.fr\/catalogue\/site-isole\/panneau-solaire-camping-car.html\" \/>\n<meta property=\"article:modified_time\" content=\"2017-04-19T15:23:38+00:00\" \/>\n<meta property=\"og:image\" content=\"http:\/\/images.capenergie.fr\/produit\/site-isole\/camping-car\/panneau-solaire-camping-car.jpg\" \/>\n<meta name=\"twitter:label1\" content=\"Dur\u00e9e de lecture estim\u00e9e\" \/>\n\t<meta name=\"twitter:data1\" content=\"2 minutes\" \/>\n<script type=\"application\/ld+json\" class=\"yoast-schema-graph\">{\"@context\":\"https:\/\/schema.org\",\"@graph\":[{\"@type\":\"WebPage\",\"@id\":\"http:\/\/dev.capenergie.fr\/catalogue\/site-isole\/panneau-solaire-camping-car.html\",\"url\":\"http:\/\/dev.capenergie.fr\/catalogue\/site-isole\/panneau-solaire-camping-car.html\",\"name\":\"Panneau solaire camping car et v\u00e9hicule de loisir\",\"isPartOf\":{\"@id\":\"http:\/\/dev.capenergie.fr\/catalogue\/#website\"},\"primaryImageOfPage\":{\"@id\":\"http:\/\/dev.capenergie.fr\/catalogue\/site-isole\/panneau-solaire-camping-car.html#primaryimage\"},\"image\":{\"@id\":\"http:\/\/dev.capenergie.fr\/catalogue\/site-isole\/panneau-solaire-camping-car.html#primaryimage\"},\"thumbnailUrl\":\"http:\/\/images.capenergie.fr\/produit\/site-isole\/camping-car\/panneau-solaire-camping-car.jpg\",\"datePublished\":\"2012-12-04T10:59:58+00:00\",\"dateModified\":\"2017-04-19T15:23:38+00:00\",\"description\":\"Cap Energie - Distributeur de panneau solaire camping car ainsi que de panneau solaire pour v\u00e9hicule de loisir, Van, fourgon am\u00e9nag\u00e9 et 4x4. Sp\u00e9cialiste mondial du site isol\u00e9, Cap Energie propose une gamme compl\u00e8te\",\"breadcrumb\":{\"@id\":\"http:\/\/dev.capenergie.fr\/catalogue\/site-isole\/panneau-solaire-camping-car.html#breadcrumb\"},\"inLanguage\":\"fr-FR\",\"potentialAction\":[{\"@type\":\"ReadAction\",\"target\":[\"http:\/\/dev.capenergie.fr\/catalogue\/site-isole\/panneau-solaire-camping-car.html\"]}]},{\"@type\":\"ImageObject\",\"inLanguage\":\"fr-FR\",\"@id\":\"http:\/\/dev.capenergie.fr\/catalogue\/site-isole\/panneau-solaire-camping-car.html#primaryimage\",\"url\":\"http:\/\/images.capenergie.fr\/produit\/site-isole\/camping-car\/panneau-solaire-camping-car.jpg\",\"contentUrl\":\"http:\/\/images.capenergie.fr\/produit\/site-isole\/camping-car\/panneau-solaire-camping-car.jpg\"},{\"@type\":\"BreadcrumbList\",\"@id\":\"http:\/\/dev.capenergie.fr\/catalogue\/site-isole\/panneau-solaire-camping-car.html#breadcrumb\",\"itemListElement\":[{\"@type\":\"ListItem\",\"position\":1,\"name\":\"Accueil\",\"item\":\"http:\/\/dev.capenergie.fr\/catalogue\/\"},{\"@type\":\"ListItem\",\"position\":2,\"name\":\"Equipements pour site isol\u00e9\",\"item\":\"http:\/\/dev.capenergie.fr\/catalogue\/site-isole.html\"},{\"@type\":\"ListItem\",\"position\":3,\"name\":\"Panneau solaire camping car et v\u00e9hicule de loisir\"}]},{\"@type\":\"WebSite\",\"@id\":\"http:\/\/dev.capenergie.fr\/catalogue\/#website\",\"url\":\"http:\/\/dev.capenergie.fr\/catalogue\/\",\"name\":\"\",\"description\":\"\",\"potentialAction\":[{\"@type\":\"SearchAction\",\"target\":{\"@type\":\"EntryPoint\",\"urlTemplate\":\"http:\/\/dev.capenergie.fr\/catalogue\/?s={search_term_string}\"},\"query-input\":{\"@type\":\"PropertyValueSpecification\",\"valueRequired\":true,\"valueName\":\"search_term_string\"}}],\"inLanguage\":\"fr-FR\"}]}<\/script>\n<!-- \/ Yoast SEO plugin. -->","yoast_head_json":{"title":"Panneau solaire camping car et v\u00e9hicule de loisir","description":"Cap Energie - Distributeur de panneau solaire camping car ainsi que de panneau solaire pour v\u00e9hicule de loisir, Van, fourgon am\u00e9nag\u00e9 et 4x4. Sp\u00e9cialiste mondial du site isol\u00e9, Cap Energie propose une gamme compl\u00e8te","robots":{"index":"noindex","follow":"follow","max-snippet":"max-snippet:-1","max-image-preview":"max-image-preview:large","max-video-preview":"max-video-preview:-1"},"og_locale":"fr_FR","og_type":"article","og_title":"Panneau solaire camping car et v\u00e9hicule de loisir","og_description":"Cap Energie - Distributeur de panneau solaire camping car ainsi que de panneau solaire pour v\u00e9hicule de loisir, Van, fourgon am\u00e9nag\u00e9 et 4x4. Sp\u00e9cialiste mondial du site isol\u00e9, Cap Energie propose une gamme compl\u00e8te","og_url":"http:\/\/dev.capenergie.fr\/catalogue\/site-isole\/panneau-solaire-camping-car.html","article_modified_time":"2017-04-19T15:23:38+00:00","og_image":[{"url":"http:\/\/images.capenergie.fr\/produit\/site-isole\/camping-car\/panneau-solaire-camping-car.jpg","type":"","width":"","height":""}],"twitter_misc":{"Dur\u00e9e de lecture estim\u00e9e":"2 minutes"},"schema":{"@context":"https:\/\/schema.org","@graph":[{"@type":"WebPage","@id":"http:\/\/dev.capenergie.fr\/catalogue\/site-isole\/panneau-solaire-camping-car.html","url":"http:\/\/dev.capenergie.fr\/catalogue\/site-isole\/panneau-solaire-camping-car.html","name":"Panneau solaire camping car et v\u00e9hicule de loisir","isPartOf":{"@id":"http:\/\/dev.capenergie.fr\/catalogue\/#website"},"primaryImageOfPage":{"@id":"http:\/\/dev.capenergie.fr\/catalogue\/site-isole\/panneau-solaire-camping-car.html#primaryimage"},"image":{"@id":"http:\/\/dev.capenergie.fr\/catalogue\/site-isole\/panneau-solaire-camping-car.html#primaryimage"},"thumbnailUrl":"http:\/\/images.capenergie.fr\/produit\/site-isole\/camping-car\/panneau-solaire-camping-car.jpg","datePublished":"2012-12-04T10:59:58+00:00","dateModified":"2017-04-19T15:23:38+00:00","description":"Cap Energie - Distributeur de panneau solaire camping car ainsi que de panneau solaire pour v\u00e9hicule de loisir, Van, fourgon am\u00e9nag\u00e9 et 4x4. Sp\u00e9cialiste mondial du site isol\u00e9, Cap Energie propose une gamme compl\u00e8te","breadcrumb":{"@id":"http:\/\/dev.capenergie.fr\/catalogue\/site-isole\/panneau-solaire-camping-car.html#breadcrumb"},"inLanguage":"fr-FR","potentialAction":[{"@type":"ReadAction","target":["http:\/\/dev.capenergie.fr\/catalogue\/site-isole\/panneau-solaire-camping-car.html"]}]},{"@type":"ImageObject","inLanguage":"fr-FR","@id":"http:\/\/dev.capenergie.fr\/catalogue\/site-isole\/panneau-solaire-camping-car.html#primaryimage","url":"http:\/\/images.capenergie.fr\/produit\/site-isole\/camping-car\/panneau-solaire-camping-car.jpg","contentUrl":"http:\/\/images.capenergie.fr\/produit\/site-isole\/camping-car\/panneau-solaire-camping-car.jpg"},{"@type":"BreadcrumbList","@id":"http:\/\/dev.capenergie.fr\/catalogue\/site-isole\/panneau-solaire-camping-car.html#breadcrumb","itemListElement":[{"@type":"ListItem","position":1,"name":"Accueil","item":"http:\/\/dev.capenergie.fr\/catalogue\/"},{"@type":"ListItem","position":2,"name":"Equipements pour site isol\u00e9","item":"http:\/\/dev.capenergie.fr\/catalogue\/site-isole.html"},{"@type":"ListItem","position":3,"name":"Panneau solaire camping car et v\u00e9hicule de loisir"}]},{"@type":"WebSite","@id":"http:\/\/dev.capenergie.fr\/catalogue\/#website","url":"http:\/\/dev.capenergie.fr\/catalogue\/","name":"","description":"","potentialAction":[{"@type":"SearchAction","target":{"@type":"EntryPoint","urlTemplate":"http:\/\/dev.capenergie.fr\/catalogue\/?s={search_term_string}"},"query-input":{"@type":"PropertyValueSpecification","valueRequired":true,"valueName":"search_term_string"}}],"inLanguage":"fr-FR"}]}},"_links":{"self":[{"href":"http:\/\/dev.capenergie.fr\/catalogue\/wp-json\/wp\/v2\/pages\/443","targetHints":{"allow":["GET"]}}],"collection":[{"href":"http:\/\/dev.capenergie.fr\/catalogue\/wp-json\/wp\/v2\/pages"}],"about":[{"href":"http:\/\/dev.capenergie.fr\/catalogue\/wp-json\/wp\/v2\/types\/page"}],"author":[{"embeddable":true,"href":"http:\/\/dev.capenergie.fr\/catalogue\/wp-json\/wp\/v2\/users\/1"}],"replies":[{"embeddable":true,"href":"http:\/\/dev.capenergie.fr\/catalogue\/wp-json\/wp\/v2\/comments?post=443"}],"version-history":[{"count":10,"href":"http:\/\/dev.capenergie.fr\/catalogue\/wp-json\/wp\/v2\/pages\/443\/revisions"}],"predecessor-version":[{"id":3072,"href":"http:\/\/dev.capenergie.fr\/catalogue\/wp-json\/wp\/v2\/pages\/443\/revisions\/3072"}],"up":[{"embeddable":true,"href":"http:\/\/dev.capenergie.fr\/catalogue\/wp-json\/wp\/v2\/pages\/84"}],"wp:attachment":[{"href":"http:\/\/dev.capenergie.fr\/catalogue\/wp-json\/wp\/v2\/media?parent=443"}],"curies":[{"name":"wp","href":"https:\/\/api.w.org\/{rel}","templated":true}]}}