{"id":4577,"date":"2021-03-16T11:29:26","date_gmt":"2021-03-16T10:29:26","guid":{"rendered":"http:\/\/www.capenergie.fr\/catalogue\/?page_id=4577"},"modified":"2023-10-19T15:59:53","modified_gmt":"2023-10-19T13:59:53","slug":"stockage-lithium-weco","status":"publish","type":"page","link":"http:\/\/dev.capenergie.fr\/catalogue\/photovoltaique\/autoconsommation-photovoltaique\/stockage-lithium-weco.html","title":{"rendered":"Stockage Lithium Weco"},"content":{"rendered":"<p><img decoding=\"async\" alt=\"weco lithium ion batterie \" src=\"http:\/\/images.capenergie.fr\/produit\/photovoltaique\/weco\/stockage-autoconsommation-weco-4k4.jpg\" class=\"alignleft\" width=\"125\" height=\"125\" \/><\/p>\n<p><strong>Cap Energie propose les syst\u00e8mes de <a href=\"\/catalogue\/photovoltaique\/autoconsommation-photovoltaique.html\" title=\"batterie\u00a0stockage autoconsommation Weco\">batterie stockage autoconsommation Weco<\/a> bloc de batterie au lithium con\u00e7u pour les syst\u00e8mes de stockage d&rsquo;\u00e9nergie domestique et industriel.<\/strong><br \/>\n  Weco propose 3 syst\u00e8mes \u00e0 batterie flexibles et \u00e9volutif  : Weco 4K4-PRO LV (basse tension), 5K3 XP Dual et 5K3 LV \/ HV (basse tension ou haute tension). Ces syst\u00e8mes de <strong>stockage autoconsommation Weco <\/strong>sont con\u00e7us pour les applications domestiques \u00e0 professionnelles, en autoconsommation, Back-Up et et <a href=\"\/catalogue\/site-isole.html\" title=\"site isol\u00e9\">site isol\u00e9<\/a>.<\/p>\n<h2>Weco 5K3 XP Dual<\/h2>\n<div align=\"center\" style=\"max-width:600px\"> <img decoding=\"async\" alt=\"batterie\u00a0stockage autoconsommation Weco 5K3 XP Dual\" src=\"http:\/\/images.capenergie.fr\/produit\/photovoltaique\/weco\/weco-5k3xp-dual.jpg\" width=\"100%\" \/><\/div>\n<p>Le syst\u00e8me <strong>batterie\u00a0stockage autoconsommation Weco 5K3 XP Dual<\/strong> est con\u00e7u pour des applications en   plage de tension de fonctionnement de 46,5 &#8211; 58,4 Vdc (LV &#8211; basse tension) et  200 &#8211; 928 V (LV &#8211; haute tension). Ce syst\u00e8me de stockage Lithium peut s&rsquo;installer au mur ou empliler au sol. Additionn\u00e9, les modules peuvent repr\u00e9senter une capacit\u00e9 de stockage pouvant atteindre les 83.2 kWh (HV- haute tension) \/ 79.5 kWh (LV &#8211; basse tension) avec \u00e9quipements sp\u00e9cifiques pour l&rsquo;extensibilit\u00e9. Le syst\u00e8me <strong>batterie\u00a0stockage autoconsommation Weco 5K3 XP Dual <\/strong>est \u00e9volutif et flexible et b\u00e9n\u00e9ficie de connexions rapides. Chaque bloc <strong>Weco 5K3 XP<\/strong> peut accueillir jusqu\u2019\u00e0 8 modules de batterie 5,3 kWh connect\u00e9s en parall\u00e8le. Ces configurations permettent d&rsquo; atteindre des capacit\u00e9s situ\u00e9es entre 5,3 et 42,4 kWh exploitable par bloc. En connectant 2 blocs de 8 empilables en parall\u00e8le, la capacit\u00e9 peut atteindre 83.2 kWh en haute tension. <\/p>\n<p>Pourquoi le 5K3 XP Dual Tension est-il notre module le plus vendu et le plus populaire parmi les clients WeCo\u00a0? Jetons un coup d&rsquo;\u0153il \u00e0 7 raisons pour lesquelles vous devriez le choisir pour vos besoins de stockage d&rsquo;\u00e9nergie r\u00e9sidentiels, commerciaux ou industriels.\n<\/p>\n<h3>Weco 5K3 XP Dual en d\u00e9tail<\/h3>\n<ul>\n<li>Powered Packed Performance\u00a0: Avec une capacit\u00e9 \u00e9nerg\u00e9tique impressionnante de 5,3 kWh par module, le 5K3 XP est une centrale \u00e9lectrique fiable pour tous vos besoins \u00e9nerg\u00e9tiques. Avec une tension nominale de 51,2 Vdc et une plage de tension de fonctionnement de 46,5 &#8211; 58,4 Vdc, cette batterie assure une alimentation \u00e9lectrique stable et efficace.<\/li>\n<li>Sc\u00e9narios de basse tension\u00a0: La connectivit\u00e9 est essentielle, et le 5K3 XP le comprend bien. Dans les configurations basse tension, vous pouvez connecter en parall\u00e8le jusqu\u2019\u00e0 15 modules, offrant des solutions \u00e9nerg\u00e9tiques \u00e9volutives et personnalisables pour diverses applications.\n<\/li>\n<li>Ma\u00eetrise de la haute tension\u00a0: Pour les sc\u00e9narios \u00e0 haute tension, le 5K3 XP prend en charge la connexion en s\u00e9rie de jusqu\u2019\u00e0 16 batteries avec le bo\u00eetier HT. Cette configuration maximise non seulement le stockage d\u2019\u00e9nergie, mais ouvre \u00e9galement des portes aux applications de grande capacit\u00e9 avec une int\u00e9gration transparente.<\/li>\n<li>Installation adaptable\u00a0: La flexibilit\u00e9 est au c\u0153ur de la conception du 5K3 XP. Que vous pr\u00e9f\u00e9riez un montage au mur, au sol ou en pile, cette batterie s\u2019int\u00e8gre parfaitement dans votre espace, assurant une installation sans tracas et esth\u00e9tique.<\/li>\n<li>Caract\u00e9ristiques intelligentes pour une vie intelligente\u00a0: Le 5K3 XP ne se limite pas \u00e0 l\u2019\u00e9nergie brute; il s\u2019agit d\u2019une gestion intelligente de l\u2019\u00e9nergie. Avec des applications avanc\u00e9es \u00e0 double tension, des capacit\u00e9s WiFi et Bluetooth int\u00e9gr\u00e9es et un \u00e9quilibrage en temps r\u00e9el, vous avez un contr\u00f4le complet sur votre consommation d\u2019\u00e9nergie et votre stockage.<\/li>\n<li>Polyvalence red\u00e9finie\u00a0: Con\u00e7u pour exceller dans les sc\u00e9narios basse tension et haute tension, le 5K3 XP s\u2019adapte \u00e0 vos besoins \u00e9nerg\u00e9tiques uniques. Sa polyvalence en fait un choix incontournable pour les applications r\u00e9sidentielles, commerciales et industrielles.<\/li>\n<li>Une garantie d\u2019origine\u00a0: Weco est derri\u00e8re la durabilit\u00e9 et la long\u00e9vit\u00e9 du 5K3 XP avec une garantie de 10 ans ou un impressionnant 7000 cycles, vous offrant la tranquillit\u00e9 d\u2019esprit et la confiance dans votre investissement.<\/li>\n<\/ul>\n<h2>Weco 4k4 LV<\/h2>\n<div align=\"center\" style=\"max-width:600px\"> <img decoding=\"async\" alt=\"batterie\u00a0stockage autoconsommation Weco 4k4 LV\" src=\"http:\/\/images.capenergie.fr\/produit\/photovoltaique\/weco\/weco-4k4-LV.jpg\" width=\"100%\" \/><\/div>\n<p>Le syst\u00e8me <strong>batterie\u00a0stockage autoconsommation Weco 4k4 LV<\/strong> est con\u00e7u pour des applications en basse tension. Ce syst\u00e8me de stockage Lithium peut s&rsquo;installer au mur ou empliler au sol. Additionn\u00e9, les modules peuvent repr\u00e9senter une capacit\u00e9 de stockage pouvant atteindre les 440 kWh avec SUPERHUB. Le syst\u00e8me <strong>batterie\u00a0stockage autoconsommation Weco 4k4 LV<\/strong>est \u00e9volutif et flexible et b\u00e9n\u00e9ficie de connexions rapides. Chaque bloc <strong>Weco 4k4 LV<\/strong> peut accueillir jusqu\u2019\u00e0 5 modules de batterie 4,5 kWh connect\u00e9s en parall\u00e8le. Ces configurations permettent d&rsquo; atteindre des capacit\u00e9s situ\u00e9es entre 4,5 et 22,5 kWh exploitable par bloc. En connectant 2 blocs de 5 empilables en parall\u00e8le, la capacit\u00e9 peut atteindre 45 kWh. La capacit\u00e9 peut \u00eatre pouss\u00e9e \u00e0 440  kWh avec 100 unit\u00e9s avec le syst\u00e8me BMU BMS COMBINER We-HUB. La capacit\u00e9 peut \u00eatre ainsi choisie individuellement par pas de 4,5 kWh  \u00e0 un maximum de 440  kWh.<\/p>\n<h3>Weco 4k4 LV en d\u00e9tail<\/h3>\n<ul>\n<li>Pose murale ou empilable<\/li>\n<li>Capacit\u00e9 maximale de  440  kWh avec We-HUB<\/li>\n<li>Connexion rapide<\/li>\n<li>Batterie au lithium<\/li>\n<li>Evolutif et flexible<\/li>\n<li>Connectivit\u00e9 sans fil pour assistance \u00e0 distance<\/li>\n<li>Application mobile pour la surveillance et le contr\u00f4le \u00e0 distance, mise \u00e0 jour, d\u00e9bogage, sauvegarde des donn\u00e9es&#8230;<\/li>\n<\/ul>\n<h2>Weco 5k3 HV\/LV<\/h2>\n<div align=\"center\" style=\"max-width:600px\"> <img decoding=\"async\" alt=\"batterie\u00a0stockage autoconsommation Weco 5k3 HV\/LV\" src=\"http:\/\/images.capenergie.fr\/produit\/photovoltaique\/weco\/weco-5k3.jpg\" width=\"100%\" \/><\/div>\n<p>Le syst\u00e8me <strong>batterie\u00a0stockage autoconsommation Weco 5k3 LV<\/strong> est con\u00e7u pour des applications en basse tension et haute tension. Ce syst\u00e8me de stockage Lithium peut s&rsquo;installer au mur ou empliler au sol. Additionn\u00e9, les modules peuvent repr\u00e9senter une capacit\u00e9 de stockage pouvant atteindre les 748 kWh (HV- haute tension) \/ 520 kWh (LV &#8211; basse tension) avec \u00e9quipements sp\u00e9cifiques pour l&rsquo;extensibilit\u00e9. Le syst\u00e8me <strong>batterie\u00a0stockage autoconsommation Weco 5k3 <\/strong>est \u00e9volutif et flexible et b\u00e9n\u00e9ficie de connexions rapides. <\/p>\n<p><strong>Weco 5k3 LV<\/strong><\/p>\n<p>Chaque bloc <strong>Weco 5k3<\/strong> peut accueillir jusqu\u2019\u00e0 5 modules de batterie 5,3 kWh connect\u00e9s en parall\u00e8le en basse tension (LV). Ces configurations permettent d&rsquo; atteindre des capacit\u00e9s situ\u00e9es entre 5,3 et 26 kWh exploitable par bloc en basse tension (LV). En connectant 2 blocs de 5 empilables  basse tension (LV) en parall\u00e8le, la capacit\u00e9 peut atteindre 52 kWh. La capacit\u00e9 peut \u00eatre pouss\u00e9e \u00e0 520  kWh avec 100 unit\u00e9s avec le syst\u00e8me BMU BMS COMBINER We-HUB Low Voltage. La capacit\u00e9 peut \u00eatre ainsi choisie individuellement par pas de 5,3 kWh  \u00e0 un maximum de 520  kWh.<\/p>\n<p><strong>Weco 5k3 HV<\/strong><\/p>\n<p>Chaque bloc <strong>Weco 5k3<\/strong> peut accueillir jusqu\u2019\u00e0 8 modules de batterie 5,3 kWh connect\u00e9s en parall\u00e8le en haute tension (HV). Ces configurations permettent d&rsquo; atteindre des capacit\u00e9s situ\u00e9es entre 5,3 et 41,6 kWh exploitable par bloc en haute tension (HV). En connectant 2 blocs de 8 empilables  haute tension (HV) en parall\u00e8le, la capacit\u00e9 peut atteindre 83,2 kWh. La capacit\u00e9 peut \u00eatre pouss\u00e9e \u00e0 748  kWh  avec le syst\u00e8me HV Box. La capacit\u00e9 peut \u00eatre ainsi choisie individuellement par pas de 5,3 kWh  \u00e0 un maximum de 748  kWh.<\/p>\n<h3>Compatibilit\u00e9 onduleurs<\/h3>\n<p><strong>BYD Battery-Box Premium HVS <\/strong>est compatible avec les onduleurs Studer,  <a href=\"http:\/\/www.capenergie.fr\/catalogue\/photovoltaique\/onduleur\/sma.html\" title=\"SMA\">SMA<\/a>&#8230; Nous consulter pour tout projet.<\/p>\n<h2>Documentation techniques<\/h2>\n<table id=\"tab-list-prod\" width=\"100%%\" border=\"0\">\n<tr id=\"rang-prod\">\n<td>\n   \t\t  <a href=\"http:\/\/pdf.capenergie.fr\/doc-autoconso\/WeCo_Manual_4K4_LV.pdf\" title=\"batterie\u00a0stockage autoconsommation Weco 4k4 pro LV\" target=\"_blank\" rel=\"noopener\"><\/p>\n<div id=\"doc-pdf\"><\/div>\n<p>\t\t  Manuel d&rsquo;installation 4k4 (EN)<\/a><\/td>\n<\/tr>\n<tr id=\"rang-prod\">\n<td>\n   \t\t  <a href=\"http:\/\/pdf.capenergie.fr\/doc-autoconso\/WeCo_Manual_5K3_LV_HV.pdf\" title=\"batterie\u00a0stockage autoconsommation Weco 5k3 HV\/LV\" target=\"_blank\" rel=\"noopener\"><\/p>\n<div id=\"doc-pdf\"><\/div>\n<p>\t\t  Manuel d&rsquo;installation 5k3 (EN)<\/a><\/td>\n<\/tr>\n<\/table>\n","protected":false},"excerpt":{"rendered":"<p>Cap Energie propose les syst\u00e8mes de batterie stockage autoconsommation Weco bloc de batterie au lithium con\u00e7u pour les syst\u00e8mes de stockage d&rsquo;\u00e9nergie domestique et industriel. Weco propose 3 syst\u00e8mes \u00e0 batterie flexibles et \u00e9volutif : Weco 4K4-PRO LV (basse tension), 5K3 XP Dual et 5K3 LV \/ HV (basse tension ou haute tension). Ces syst\u00e8mes [&hellip;]<\/p>\n","protected":false},"author":1,"featured_media":0,"parent":1305,"menu_order":0,"comment_status":"closed","ping_status":"closed","template":"","meta":{"ngg_post_thumbnail":0,"footnotes":""},"class_list":["post-4577","page","type-page","status-publish","hentry"],"yoast_head":"<!-- This site is optimized with the Yoast SEO plugin v26.8 - https:\/\/yoast.com\/product\/yoast-seo-wordpress\/ -->\n<title>Batterie stockage autoconsommation Weco batteries &amp; solution site isol\u00e9<\/title>\n<meta name=\"description\" content=\"Batterie stockage autoconsommation Weco batterie au lithium usage site isol\u00e9 Off Grid ou raccord\u00e9 r\u00e9seau en autoconsommation pour syst\u00e8me photovolta\u00efque\" \/>\n<meta name=\"robots\" content=\"noindex, follow, max-snippet:-1, max-image-preview:large, max-video-preview:-1\" \/>\n<meta property=\"og:locale\" content=\"fr_FR\" \/>\n<meta property=\"og:type\" content=\"article\" \/>\n<meta property=\"og:title\" content=\"Batterie stockage autoconsommation Weco batteries &amp; solution site isol\u00e9\" \/>\n<meta property=\"og:description\" content=\"Batterie stockage autoconsommation Weco batterie au lithium usage site isol\u00e9 Off Grid ou raccord\u00e9 r\u00e9seau en autoconsommation pour syst\u00e8me photovolta\u00efque\" \/>\n<meta property=\"og:url\" content=\"http:\/\/dev.capenergie.fr\/catalogue\/photovoltaique\/autoconsommation-photovoltaique\/stockage-lithium-weco.html\" \/>\n<meta property=\"article:modified_time\" content=\"2023-10-19T13:59:53+00:00\" \/>\n<meta property=\"og:image\" content=\"http:\/\/images.capenergie.fr\/produit\/photovoltaique\/weco\/stockage-autoconsommation-weco-4k4.jpg\" \/>\n<meta name=\"twitter:label1\" content=\"Dur\u00e9e de lecture estim\u00e9e\" \/>\n\t<meta name=\"twitter:data1\" content=\"4 minutes\" \/>\n<script type=\"application\/ld+json\" class=\"yoast-schema-graph\">{\"@context\":\"https:\/\/schema.org\",\"@graph\":[{\"@type\":\"WebPage\",\"@id\":\"http:\/\/dev.capenergie.fr\/catalogue\/photovoltaique\/autoconsommation-photovoltaique\/stockage-lithium-weco.html\",\"url\":\"http:\/\/dev.capenergie.fr\/catalogue\/photovoltaique\/autoconsommation-photovoltaique\/stockage-lithium-weco.html\",\"name\":\"Batterie stockage autoconsommation Weco batteries & solution site isol\u00e9\",\"isPartOf\":{\"@id\":\"http:\/\/dev.capenergie.fr\/catalogue\/#website\"},\"primaryImageOfPage\":{\"@id\":\"http:\/\/dev.capenergie.fr\/catalogue\/photovoltaique\/autoconsommation-photovoltaique\/stockage-lithium-weco.html#primaryimage\"},\"image\":{\"@id\":\"http:\/\/dev.capenergie.fr\/catalogue\/photovoltaique\/autoconsommation-photovoltaique\/stockage-lithium-weco.html#primaryimage\"},\"thumbnailUrl\":\"http:\/\/images.capenergie.fr\/produit\/photovoltaique\/weco\/stockage-autoconsommation-weco-4k4.jpg\",\"datePublished\":\"2021-03-16T10:29:26+00:00\",\"dateModified\":\"2023-10-19T13:59:53+00:00\",\"description\":\"Batterie stockage autoconsommation Weco batterie au lithium usage site isol\u00e9 Off Grid ou raccord\u00e9 r\u00e9seau en autoconsommation pour syst\u00e8me photovolta\u00efque\",\"breadcrumb\":{\"@id\":\"http:\/\/dev.capenergie.fr\/catalogue\/photovoltaique\/autoconsommation-photovoltaique\/stockage-lithium-weco.html#breadcrumb\"},\"inLanguage\":\"fr-FR\",\"potentialAction\":[{\"@type\":\"ReadAction\",\"target\":[\"http:\/\/dev.capenergie.fr\/catalogue\/photovoltaique\/autoconsommation-photovoltaique\/stockage-lithium-weco.html\"]}]},{\"@type\":\"ImageObject\",\"inLanguage\":\"fr-FR\",\"@id\":\"http:\/\/dev.capenergie.fr\/catalogue\/photovoltaique\/autoconsommation-photovoltaique\/stockage-lithium-weco.html#primaryimage\",\"url\":\"http:\/\/images.capenergie.fr\/produit\/photovoltaique\/weco\/stockage-autoconsommation-weco-4k4.jpg\",\"contentUrl\":\"http:\/\/images.capenergie.fr\/produit\/photovoltaique\/weco\/stockage-autoconsommation-weco-4k4.jpg\"},{\"@type\":\"BreadcrumbList\",\"@id\":\"http:\/\/dev.capenergie.fr\/catalogue\/photovoltaique\/autoconsommation-photovoltaique\/stockage-lithium-weco.html#breadcrumb\",\"itemListElement\":[{\"@type\":\"ListItem\",\"position\":1,\"name\":\"Accueil\",\"item\":\"http:\/\/dev.capenergie.fr\/catalogue\/\"},{\"@type\":\"ListItem\",\"position\":2,\"name\":\"Distributeur Photovolta\u00efque\",\"item\":\"http:\/\/dev.capenergie.fr\/catalogue\/photovoltaique.html\"},{\"@type\":\"ListItem\",\"position\":3,\"name\":\"Autoconsommation photovolta\u00efque\",\"item\":\"http:\/\/dev.capenergie.fr\/catalogue\/photovoltaique\/autoconsommation-photovoltaique.html\"},{\"@type\":\"ListItem\",\"position\":4,\"name\":\"Stockage Lithium Weco\"}]},{\"@type\":\"WebSite\",\"@id\":\"http:\/\/dev.capenergie.fr\/catalogue\/#website\",\"url\":\"http:\/\/dev.capenergie.fr\/catalogue\/\",\"name\":\"\",\"description\":\"\",\"potentialAction\":[{\"@type\":\"SearchAction\",\"target\":{\"@type\":\"EntryPoint\",\"urlTemplate\":\"http:\/\/dev.capenergie.fr\/catalogue\/?s={search_term_string}\"},\"query-input\":{\"@type\":\"PropertyValueSpecification\",\"valueRequired\":true,\"valueName\":\"search_term_string\"}}],\"inLanguage\":\"fr-FR\"}]}<\/script>\n<!-- \/ Yoast SEO plugin. -->","yoast_head_json":{"title":"Batterie stockage autoconsommation Weco batteries & solution site isol\u00e9","description":"Batterie stockage autoconsommation Weco batterie au lithium usage site isol\u00e9 Off Grid ou raccord\u00e9 r\u00e9seau en autoconsommation pour syst\u00e8me photovolta\u00efque","robots":{"index":"noindex","follow":"follow","max-snippet":"max-snippet:-1","max-image-preview":"max-image-preview:large","max-video-preview":"max-video-preview:-1"},"og_locale":"fr_FR","og_type":"article","og_title":"Batterie stockage autoconsommation Weco batteries & solution site isol\u00e9","og_description":"Batterie stockage autoconsommation Weco batterie au lithium usage site isol\u00e9 Off Grid ou raccord\u00e9 r\u00e9seau en autoconsommation pour syst\u00e8me photovolta\u00efque","og_url":"http:\/\/dev.capenergie.fr\/catalogue\/photovoltaique\/autoconsommation-photovoltaique\/stockage-lithium-weco.html","article_modified_time":"2023-10-19T13:59:53+00:00","og_image":[{"url":"http:\/\/images.capenergie.fr\/produit\/photovoltaique\/weco\/stockage-autoconsommation-weco-4k4.jpg","type":"","width":"","height":""}],"twitter_misc":{"Dur\u00e9e de lecture estim\u00e9e":"4 minutes"},"schema":{"@context":"https:\/\/schema.org","@graph":[{"@type":"WebPage","@id":"http:\/\/dev.capenergie.fr\/catalogue\/photovoltaique\/autoconsommation-photovoltaique\/stockage-lithium-weco.html","url":"http:\/\/dev.capenergie.fr\/catalogue\/photovoltaique\/autoconsommation-photovoltaique\/stockage-lithium-weco.html","name":"Batterie stockage autoconsommation Weco batteries & solution site isol\u00e9","isPartOf":{"@id":"http:\/\/dev.capenergie.fr\/catalogue\/#website"},"primaryImageOfPage":{"@id":"http:\/\/dev.capenergie.fr\/catalogue\/photovoltaique\/autoconsommation-photovoltaique\/stockage-lithium-weco.html#primaryimage"},"image":{"@id":"http:\/\/dev.capenergie.fr\/catalogue\/photovoltaique\/autoconsommation-photovoltaique\/stockage-lithium-weco.html#primaryimage"},"thumbnailUrl":"http:\/\/images.capenergie.fr\/produit\/photovoltaique\/weco\/stockage-autoconsommation-weco-4k4.jpg","datePublished":"2021-03-16T10:29:26+00:00","dateModified":"2023-10-19T13:59:53+00:00","description":"Batterie stockage autoconsommation Weco batterie au lithium usage site isol\u00e9 Off Grid ou raccord\u00e9 r\u00e9seau en autoconsommation pour syst\u00e8me photovolta\u00efque","breadcrumb":{"@id":"http:\/\/dev.capenergie.fr\/catalogue\/photovoltaique\/autoconsommation-photovoltaique\/stockage-lithium-weco.html#breadcrumb"},"inLanguage":"fr-FR","potentialAction":[{"@type":"ReadAction","target":["http:\/\/dev.capenergie.fr\/catalogue\/photovoltaique\/autoconsommation-photovoltaique\/stockage-lithium-weco.html"]}]},{"@type":"ImageObject","inLanguage":"fr-FR","@id":"http:\/\/dev.capenergie.fr\/catalogue\/photovoltaique\/autoconsommation-photovoltaique\/stockage-lithium-weco.html#primaryimage","url":"http:\/\/images.capenergie.fr\/produit\/photovoltaique\/weco\/stockage-autoconsommation-weco-4k4.jpg","contentUrl":"http:\/\/images.capenergie.fr\/produit\/photovoltaique\/weco\/stockage-autoconsommation-weco-4k4.jpg"},{"@type":"BreadcrumbList","@id":"http:\/\/dev.capenergie.fr\/catalogue\/photovoltaique\/autoconsommation-photovoltaique\/stockage-lithium-weco.html#breadcrumb","itemListElement":[{"@type":"ListItem","position":1,"name":"Accueil","item":"http:\/\/dev.capenergie.fr\/catalogue\/"},{"@type":"ListItem","position":2,"name":"Distributeur Photovolta\u00efque","item":"http:\/\/dev.capenergie.fr\/catalogue\/photovoltaique.html"},{"@type":"ListItem","position":3,"name":"Autoconsommation photovolta\u00efque","item":"http:\/\/dev.capenergie.fr\/catalogue\/photovoltaique\/autoconsommation-photovoltaique.html"},{"@type":"ListItem","position":4,"name":"Stockage Lithium Weco"}]},{"@type":"WebSite","@id":"http:\/\/dev.capenergie.fr\/catalogue\/#website","url":"http:\/\/dev.capenergie.fr\/catalogue\/","name":"","description":"","potentialAction":[{"@type":"SearchAction","target":{"@type":"EntryPoint","urlTemplate":"http:\/\/dev.capenergie.fr\/catalogue\/?s={search_term_string}"},"query-input":{"@type":"PropertyValueSpecification","valueRequired":true,"valueName":"search_term_string"}}],"inLanguage":"fr-FR"}]}},"_links":{"self":[{"href":"http:\/\/dev.capenergie.fr\/catalogue\/wp-json\/wp\/v2\/pages\/4577","targetHints":{"allow":["GET"]}}],"collection":[{"href":"http:\/\/dev.capenergie.fr\/catalogue\/wp-json\/wp\/v2\/pages"}],"about":[{"href":"http:\/\/dev.capenergie.fr\/catalogue\/wp-json\/wp\/v2\/types\/page"}],"author":[{"embeddable":true,"href":"http:\/\/dev.capenergie.fr\/catalogue\/wp-json\/wp\/v2\/users\/1"}],"replies":[{"embeddable":true,"href":"http:\/\/dev.capenergie.fr\/catalogue\/wp-json\/wp\/v2\/comments?post=4577"}],"version-history":[{"count":5,"href":"http:\/\/dev.capenergie.fr\/catalogue\/wp-json\/wp\/v2\/pages\/4577\/revisions"}],"predecessor-version":[{"id":5217,"href":"http:\/\/dev.capenergie.fr\/catalogue\/wp-json\/wp\/v2\/pages\/4577\/revisions\/5217"}],"up":[{"embeddable":true,"href":"http:\/\/dev.capenergie.fr\/catalogue\/wp-json\/wp\/v2\/pages\/1305"}],"wp:attachment":[{"href":"http:\/\/dev.capenergie.fr\/catalogue\/wp-json\/wp\/v2\/media?parent=4577"}],"curies":[{"name":"wp","href":"https:\/\/api.w.org\/{rel}","templated":true}]}}