{"id":4678,"date":"2021-11-03T11:31:25","date_gmt":"2021-11-03T10:31:25","guid":{"rendered":"http:\/\/www.capenergie.fr\/catalogue\/?page_id=4678"},"modified":"2021-11-11T10:03:31","modified_gmt":"2021-11-11T09:03:31","slug":"studer-next-3","status":"publish","type":"page","link":"http:\/\/dev.capenergie.fr\/catalogue\/photovoltaique\/autoconsommation-photovoltaique\/studer-next-3.html","title":{"rendered":"Studer Next 3"},"content":{"rendered":"<p><img decoding=\"async\" alt=\"autoconsommation studer next 3\" src=\"http:\/\/images.capenergie.fr\/produit\/photovoltaique\/autoconsommation\/studer-next-3.jpg\" class=\"alignleft\" width=\"125\" height=\"125\" \/><\/p>\n<p><strong>CapEnergie propose le <a href=\"\/catalogue\/photovoltaique\/autoconsommation-photovoltaique.html\" title=\"Studer Next 3\">Studer Next 3<\/a>, onduleur photovolta\u00efque hybride qui repr\u00e9sente le futur de l&rsquo;autoconsommation.<\/strong><br \/>\nCet onduleur haut de gamme est con\u00e7u pour jouer un  r\u00f4le central dans la gestion d\u2019\u00e9nergie des  syst\u00e8mes avec stockage. <strong>L&rsquo;onduleur Studer Next 3<\/strong>  est le premier appareil  onduleur\/chargeur de  batterie intelligent dot\u00e9 de fonctions avanc\u00e9es et fait gravir les syst\u00e8mes avec stockage au niveau sup\u00e9rieur. Ce <strong>Studer Next3<\/strong> a \u00e9t\u00e9 con\u00e7u et manufactur\u00e9 dans l&rsquo;usine Studer bas\u00e9e en Suisse. Il dispose d\u2019une garantie de 6 ans  et est \u00e9ligible \u00e0 une extension de garantie 6+6.  Le <strong>Studer Next3 <\/strong>couvre de nombreuses applications r\u00e9sidentielles et professionnelles, en autoconsommation, Back-Up, Peak Shaving, mini-r\u00e9seaux et <a href=\"\/catalogue\/site-isole.html\" title=\"site isol\u00e9\">site isol\u00e9<\/a>&#8230;  <\/p>\n<h2>Studer Next 3, l&rsquo;onduleur couteau Suisse<\/h2>\n<div align=\"center\" style=\"width:100%; margin-bottom:30px; margin-top:30px\">\n<div style=\"max-width:435px\">\n \t   <img decoding=\"async\" alt=\"studer next3\" src=\"http:\/\/images.capenergie.fr\/produit\/photovoltaique\/autoconsommation\/studer-next3-possibilite.jpg\" width=\"100%\" \/>\n    <\/div>\n<\/div>\n<p>Le <strong>Studer Next3<\/strong> est le nouvel acteur puissant pour les installations site isol\u00e9, raccord\u00e9 r\u00e9seau et hybrides. c&rsquo;est un onduleur\/chargeur triphas\u00e9 de 16 kW avec 2 entr\u00e9es MPPT haute tension solaire int\u00e9gr\u00e9es de 8 + 8 KW. Comme repr\u00e9sent\u00e9 sur le sh\u00e9ma ci-dessus, les panneaux solaires photovolta\u00efques et la partie transfert (r\u00e9seau et groupe \u00e9lectrog\u00e8ne) sont optionnels. L\u2019interface AC flex unique peut \u00eatre configur\u00e9e comme une deuxi\u00e8me source (avec un groupe \u00e9lectrog\u00e8ne d&rsquo;appoint si le r\u00e9seau n&rsquo;est pas stable) ou une charge contr\u00f4l\u00e9e suppl\u00e9mentaire (chargeur de v\u00e9hicule \u00e9lectrique, compl\u00e9ment solaire pour chauffe-eau, etc.).<\/p>\n<h2>Studer Next 3, l&rsquo;onduleur polyvalent con\u00e7u pour tous les projets exigeants<\/h2>\n<div align=\"center\" style=\"width:100%; margin-bottom:30px; margin-top:30px\">\n<div style=\"max-width:600px\">\n \t   <img decoding=\"async\" alt=\"application studer next3\" src=\"http:\/\/images.capenergie.fr\/produit\/photovoltaique\/autoconsommation\/studer-next3-applications.jpg\" width=\"100%\" \/>\n    <\/div>\n<\/div>\n<ul>\n<li>Solution tout-en-un compacte et polyvalente  personnalis\u00e9e selon les besoins du projet<\/li>\n<li>Performances et int\u00e9gration exceptionnelles  de chaque source d&rsquo;\u00e9nergie : solaire, r\u00e9seau,  g\u00e9n\u00e9rateur<\/li>\n<li>Entr\u00e9e triphas\u00e9e (source AC),   sortie triphas\u00e9e (charges AC) et flex AC triphas\u00e9,  configurable comme seconde entr\u00e9e ou seconde  sortie contr\u00f4l\u00e9e<\/li>\n<li>Gestion intelligente de l&rsquo;\u00e9nergie avec des mod\u00e8les d&rsquo;IA<\/li>\n<li>Bon fonctionnement avec toutes les  technologies de batteries. Pr\u00eat pour le lithium, int\u00e8gre  la communication CAN avec les batteries au lithium  BMS<\/li>\n<li>Combinaison de mat\u00e9riel modulaire unique  avec panneaux photovolta\u00efques et  transfert en option<\/li>\n<li>Multiples possibilit\u00e9s de combinaisons :   fonctionnement parall\u00e8le avec un syst\u00e8me de transfert interne, multi-unit\u00e9s et multi-batteries<\/li>\n<li>Surveillance et contr\u00f4le \u00e0 distance avec le portail Studer   professionnel<\/li>\n<\/ul>\n<h2>Avantages du Studer Next 3<\/h2>\n<h3>Studer Next 3, l&rsquo;onduleur raccord\u00e9 r\u00e9seau enti\u00e8rement interactif<\/h3>\n<p>Telle une source AC avec double relais de d\u00e9connexion avec le r\u00e9seau.\u00a0Dot\u00e9e d&rsquo;une entr\u00e9e  conforme aux nouvelles r\u00e9glementations li\u00e9es au r\u00e9seau dans l&rsquo;Union europ\u00e9enne et autres r\u00e9gions.<\/p>\n<h3>Compatible avec toutes types de technologie de batterie<\/h3>\n<p>Le <strong>next3 Studer<\/strong> est compatible avec presque toutes les technologies de batterie 48V. Une interface CAN-BMS int\u00e9gr\u00e9e assure \u00e9galement une solution plug and play avec des batteries au lithium communicantes.<\/p>\n<h3>fonction Smart Boost am\u00e9lior\u00e9e<\/h3>\n<p>La fonction Smart Boost2 permet de s&rsquo;ajuster aux limitations de la source avec batterie de la mani\u00e8re la plus polyvalente, contribuant par exemple \u00e0 l&rsquo;\u00e9quilibrage de phase ou au Peak Shaving.<\/p>\n<h3>Appareil compact pour une installation simplifi\u00e9e<\/h3>\n<p>L&rsquo;installation et le c\u00e2blage n&rsquo;ont jamais \u00e9t\u00e9 aussi simples avec un seul appareil se  substituer jusqu&rsquo;\u00e0 6 appareils dans une installation type.<\/p>\n<h3>Mobilit\u00e9 solaire<\/h3>\n<p>Une station solaire \u00e0 domicile et moins ch\u00e8re que n&rsquo;importe quelle autre station de recharge pour v\u00e9hicule \u00e9lectrique. La mobilit\u00e9 \u00e9lectrique devient mobilit\u00e9 solaire.<\/p>\n<h3>Gestion avec Next OS<\/h3>\n<p>Avec l&rsquo;onduleur\/chargeur <strong>next3 Studer<\/strong>, le fabricant a d\u00e9velopp\u00e9 une nouvelle interface compl\u00e8te. Une interface utilisateur unique et centrale par syst\u00e8me complet. La prochaine interface est la nouvelle porte vers le prochain \u00e9cosyst\u00e8me en utilisant nextOS, une plate-forme intelligente intuitive pour configurer, contr\u00f4ler et analyser l&rsquo;installation ceci dans le but de simplifier la vie des installateurs professionnels et des utilisateurs finaux.<\/p>\n<h2>Vid\u00e9o Studer Next 3 <\/h2>\n<div class=\"video-responsive\">\n<iframe width=\"560\" height=\"315\" src=\"https:\/\/www.youtube.com\/embed\/97C18YG7fxg\" frameborder=\"0\" allow=\"accelerometer; autoplay; encrypted-media; gyroscope; picture-in-picture\" allowfullscreen><\/iframe>\n<\/div>\n<h2>Documentation techniques<\/h2>\n<table id=\"tab-list-prod\" width=\"100%%\" border=\"0\">\n<tr id=\"rang-prod\">\n<td>\n   \t\t  <a href=\"http:\/\/pdf.capenergie.fr\/doc-autoconso\/studer-next-3-fiche-technique.pdf\" title=\"Fiche technique Studer Next 3\" target=\"_blank\" rel=\"noopener noreferrer\"><\/p>\n<div id=\"doc-pdf\"><\/div>\n<p>\t\t  Fiche technique Studer Next 3<\/a><\/td>\n<\/tr>\n<tr id=\"rang-prod\">\n<td>\n   \t\t  <a href=\"http:\/\/pdf.capenergie.fr\/doc-autoconso\/studer-next-3-brochure.pdf\" title=\"Brochure Studer Next 3\" target=\"_blank\" rel=\"noopener noreferrer\"><\/p>\n<div id=\"doc-pdf\"><\/div>\n<p>\t\t  Brochure Studer Next 3 (EN)<\/a><\/td>\n<\/tr>\n<\/table>\n","protected":false},"excerpt":{"rendered":"<p>CapEnergie propose le Studer Next 3, onduleur photovolta\u00efque hybride qui repr\u00e9sente le futur de l&rsquo;autoconsommation. Cet onduleur haut de gamme est con\u00e7u pour jouer un r\u00f4le central dans la gestion d\u2019\u00e9nergie des syst\u00e8mes avec stockage. L&rsquo;onduleur Studer Next 3 est le premier appareil onduleur\/chargeur de batterie intelligent dot\u00e9 de fonctions avanc\u00e9es et fait gravir les [&hellip;]<\/p>\n","protected":false},"author":1,"featured_media":0,"parent":1305,"menu_order":0,"comment_status":"closed","ping_status":"closed","template":"","meta":{"ngg_post_thumbnail":0,"footnotes":""},"class_list":["post-4678","page","type-page","status-publish","hentry"],"yoast_head":"<!-- This site is optimized with the Yoast SEO plugin v26.8 - https:\/\/yoast.com\/product\/yoast-seo-wordpress\/ -->\n<title>Studer Next 3<\/title>\n<meta name=\"description\" content=\"Cet onduleur haute-gamme est con\u00e7u pour jouer un r\u00f4le central dans la gestion d\u2019\u00e9nergie des syst\u00e8mes avec stockage. L&#039;onduleur Studer Next 3 est le premier appareil onduleur\/chargeur de batterie intelligent dot\u00e9 de fonctions avanc\u00e9es et fait gravir les syst\u00e8mes avec stockage au niveau sup\u00e9rieur.\" \/>\n<meta name=\"robots\" content=\"noindex, follow, max-snippet:-1, max-image-preview:large, max-video-preview:-1\" \/>\n<meta property=\"og:locale\" content=\"fr_FR\" \/>\n<meta property=\"og:type\" content=\"article\" \/>\n<meta property=\"og:title\" content=\"Studer Next 3\" \/>\n<meta property=\"og:description\" content=\"Cet onduleur haute-gamme est con\u00e7u pour jouer un r\u00f4le central dans la gestion d\u2019\u00e9nergie des syst\u00e8mes avec stockage. L&#039;onduleur Studer Next 3 est le premier appareil onduleur\/chargeur de batterie intelligent dot\u00e9 de fonctions avanc\u00e9es et fait gravir les syst\u00e8mes avec stockage au niveau sup\u00e9rieur.\" \/>\n<meta property=\"og:url\" content=\"http:\/\/dev.capenergie.fr\/catalogue\/photovoltaique\/autoconsommation-photovoltaique\/studer-next-3.html\" \/>\n<meta property=\"article:modified_time\" content=\"2021-11-11T09:03:31+00:00\" \/>\n<meta property=\"og:image\" content=\"http:\/\/images.capenergie.fr\/produit\/photovoltaique\/autoconsommation\/studer-next-3.jpg\" \/>\n<meta name=\"twitter:label1\" content=\"Dur\u00e9e de lecture estim\u00e9e\" \/>\n\t<meta name=\"twitter:data1\" content=\"3 minutes\" \/>\n<script type=\"application\/ld+json\" class=\"yoast-schema-graph\">{\"@context\":\"https:\/\/schema.org\",\"@graph\":[{\"@type\":\"WebPage\",\"@id\":\"http:\/\/dev.capenergie.fr\/catalogue\/photovoltaique\/autoconsommation-photovoltaique\/studer-next-3.html\",\"url\":\"http:\/\/dev.capenergie.fr\/catalogue\/photovoltaique\/autoconsommation-photovoltaique\/studer-next-3.html\",\"name\":\"Studer Next 3\",\"isPartOf\":{\"@id\":\"http:\/\/dev.capenergie.fr\/catalogue\/#website\"},\"primaryImageOfPage\":{\"@id\":\"http:\/\/dev.capenergie.fr\/catalogue\/photovoltaique\/autoconsommation-photovoltaique\/studer-next-3.html#primaryimage\"},\"image\":{\"@id\":\"http:\/\/dev.capenergie.fr\/catalogue\/photovoltaique\/autoconsommation-photovoltaique\/studer-next-3.html#primaryimage\"},\"thumbnailUrl\":\"http:\/\/images.capenergie.fr\/produit\/photovoltaique\/autoconsommation\/studer-next-3.jpg\",\"datePublished\":\"2021-11-03T10:31:25+00:00\",\"dateModified\":\"2021-11-11T09:03:31+00:00\",\"description\":\"Cet onduleur haute-gamme est con\u00e7u pour jouer un r\u00f4le central dans la gestion d\u2019\u00e9nergie des syst\u00e8mes avec stockage. L'onduleur Studer Next 3 est le premier appareil onduleur\/chargeur de batterie intelligent dot\u00e9 de fonctions avanc\u00e9es et fait gravir les syst\u00e8mes avec stockage au niveau sup\u00e9rieur.\",\"breadcrumb\":{\"@id\":\"http:\/\/dev.capenergie.fr\/catalogue\/photovoltaique\/autoconsommation-photovoltaique\/studer-next-3.html#breadcrumb\"},\"inLanguage\":\"fr-FR\",\"potentialAction\":[{\"@type\":\"ReadAction\",\"target\":[\"http:\/\/dev.capenergie.fr\/catalogue\/photovoltaique\/autoconsommation-photovoltaique\/studer-next-3.html\"]}]},{\"@type\":\"ImageObject\",\"inLanguage\":\"fr-FR\",\"@id\":\"http:\/\/dev.capenergie.fr\/catalogue\/photovoltaique\/autoconsommation-photovoltaique\/studer-next-3.html#primaryimage\",\"url\":\"http:\/\/images.capenergie.fr\/produit\/photovoltaique\/autoconsommation\/studer-next-3.jpg\",\"contentUrl\":\"http:\/\/images.capenergie.fr\/produit\/photovoltaique\/autoconsommation\/studer-next-3.jpg\"},{\"@type\":\"BreadcrumbList\",\"@id\":\"http:\/\/dev.capenergie.fr\/catalogue\/photovoltaique\/autoconsommation-photovoltaique\/studer-next-3.html#breadcrumb\",\"itemListElement\":[{\"@type\":\"ListItem\",\"position\":1,\"name\":\"Accueil\",\"item\":\"http:\/\/dev.capenergie.fr\/catalogue\/\"},{\"@type\":\"ListItem\",\"position\":2,\"name\":\"Distributeur Photovolta\u00efque\",\"item\":\"http:\/\/dev.capenergie.fr\/catalogue\/photovoltaique.html\"},{\"@type\":\"ListItem\",\"position\":3,\"name\":\"Autoconsommation photovolta\u00efque\",\"item\":\"http:\/\/dev.capenergie.fr\/catalogue\/photovoltaique\/autoconsommation-photovoltaique.html\"},{\"@type\":\"ListItem\",\"position\":4,\"name\":\"Studer Next 3\"}]},{\"@type\":\"WebSite\",\"@id\":\"http:\/\/dev.capenergie.fr\/catalogue\/#website\",\"url\":\"http:\/\/dev.capenergie.fr\/catalogue\/\",\"name\":\"\",\"description\":\"\",\"potentialAction\":[{\"@type\":\"SearchAction\",\"target\":{\"@type\":\"EntryPoint\",\"urlTemplate\":\"http:\/\/dev.capenergie.fr\/catalogue\/?s={search_term_string}\"},\"query-input\":{\"@type\":\"PropertyValueSpecification\",\"valueRequired\":true,\"valueName\":\"search_term_string\"}}],\"inLanguage\":\"fr-FR\"}]}<\/script>\n<!-- \/ Yoast SEO plugin. -->","yoast_head_json":{"title":"Studer Next 3","description":"Cet onduleur haute-gamme est con\u00e7u pour jouer un r\u00f4le central dans la gestion d\u2019\u00e9nergie des syst\u00e8mes avec stockage. L'onduleur Studer Next 3 est le premier appareil onduleur\/chargeur de batterie intelligent dot\u00e9 de fonctions avanc\u00e9es et fait gravir les syst\u00e8mes avec stockage au niveau sup\u00e9rieur.","robots":{"index":"noindex","follow":"follow","max-snippet":"max-snippet:-1","max-image-preview":"max-image-preview:large","max-video-preview":"max-video-preview:-1"},"og_locale":"fr_FR","og_type":"article","og_title":"Studer Next 3","og_description":"Cet onduleur haute-gamme est con\u00e7u pour jouer un r\u00f4le central dans la gestion d\u2019\u00e9nergie des syst\u00e8mes avec stockage. L'onduleur Studer Next 3 est le premier appareil onduleur\/chargeur de batterie intelligent dot\u00e9 de fonctions avanc\u00e9es et fait gravir les syst\u00e8mes avec stockage au niveau sup\u00e9rieur.","og_url":"http:\/\/dev.capenergie.fr\/catalogue\/photovoltaique\/autoconsommation-photovoltaique\/studer-next-3.html","article_modified_time":"2021-11-11T09:03:31+00:00","og_image":[{"url":"http:\/\/images.capenergie.fr\/produit\/photovoltaique\/autoconsommation\/studer-next-3.jpg","type":"","width":"","height":""}],"twitter_misc":{"Dur\u00e9e de lecture estim\u00e9e":"3 minutes"},"schema":{"@context":"https:\/\/schema.org","@graph":[{"@type":"WebPage","@id":"http:\/\/dev.capenergie.fr\/catalogue\/photovoltaique\/autoconsommation-photovoltaique\/studer-next-3.html","url":"http:\/\/dev.capenergie.fr\/catalogue\/photovoltaique\/autoconsommation-photovoltaique\/studer-next-3.html","name":"Studer Next 3","isPartOf":{"@id":"http:\/\/dev.capenergie.fr\/catalogue\/#website"},"primaryImageOfPage":{"@id":"http:\/\/dev.capenergie.fr\/catalogue\/photovoltaique\/autoconsommation-photovoltaique\/studer-next-3.html#primaryimage"},"image":{"@id":"http:\/\/dev.capenergie.fr\/catalogue\/photovoltaique\/autoconsommation-photovoltaique\/studer-next-3.html#primaryimage"},"thumbnailUrl":"http:\/\/images.capenergie.fr\/produit\/photovoltaique\/autoconsommation\/studer-next-3.jpg","datePublished":"2021-11-03T10:31:25+00:00","dateModified":"2021-11-11T09:03:31+00:00","description":"Cet onduleur haute-gamme est con\u00e7u pour jouer un r\u00f4le central dans la gestion d\u2019\u00e9nergie des syst\u00e8mes avec stockage. L'onduleur Studer Next 3 est le premier appareil onduleur\/chargeur de batterie intelligent dot\u00e9 de fonctions avanc\u00e9es et fait gravir les syst\u00e8mes avec stockage au niveau sup\u00e9rieur.","breadcrumb":{"@id":"http:\/\/dev.capenergie.fr\/catalogue\/photovoltaique\/autoconsommation-photovoltaique\/studer-next-3.html#breadcrumb"},"inLanguage":"fr-FR","potentialAction":[{"@type":"ReadAction","target":["http:\/\/dev.capenergie.fr\/catalogue\/photovoltaique\/autoconsommation-photovoltaique\/studer-next-3.html"]}]},{"@type":"ImageObject","inLanguage":"fr-FR","@id":"http:\/\/dev.capenergie.fr\/catalogue\/photovoltaique\/autoconsommation-photovoltaique\/studer-next-3.html#primaryimage","url":"http:\/\/images.capenergie.fr\/produit\/photovoltaique\/autoconsommation\/studer-next-3.jpg","contentUrl":"http:\/\/images.capenergie.fr\/produit\/photovoltaique\/autoconsommation\/studer-next-3.jpg"},{"@type":"BreadcrumbList","@id":"http:\/\/dev.capenergie.fr\/catalogue\/photovoltaique\/autoconsommation-photovoltaique\/studer-next-3.html#breadcrumb","itemListElement":[{"@type":"ListItem","position":1,"name":"Accueil","item":"http:\/\/dev.capenergie.fr\/catalogue\/"},{"@type":"ListItem","position":2,"name":"Distributeur Photovolta\u00efque","item":"http:\/\/dev.capenergie.fr\/catalogue\/photovoltaique.html"},{"@type":"ListItem","position":3,"name":"Autoconsommation photovolta\u00efque","item":"http:\/\/dev.capenergie.fr\/catalogue\/photovoltaique\/autoconsommation-photovoltaique.html"},{"@type":"ListItem","position":4,"name":"Studer Next 3"}]},{"@type":"WebSite","@id":"http:\/\/dev.capenergie.fr\/catalogue\/#website","url":"http:\/\/dev.capenergie.fr\/catalogue\/","name":"","description":"","potentialAction":[{"@type":"SearchAction","target":{"@type":"EntryPoint","urlTemplate":"http:\/\/dev.capenergie.fr\/catalogue\/?s={search_term_string}"},"query-input":{"@type":"PropertyValueSpecification","valueRequired":true,"valueName":"search_term_string"}}],"inLanguage":"fr-FR"}]}},"_links":{"self":[{"href":"http:\/\/dev.capenergie.fr\/catalogue\/wp-json\/wp\/v2\/pages\/4678","targetHints":{"allow":["GET"]}}],"collection":[{"href":"http:\/\/dev.capenergie.fr\/catalogue\/wp-json\/wp\/v2\/pages"}],"about":[{"href":"http:\/\/dev.capenergie.fr\/catalogue\/wp-json\/wp\/v2\/types\/page"}],"author":[{"embeddable":true,"href":"http:\/\/dev.capenergie.fr\/catalogue\/wp-json\/wp\/v2\/users\/1"}],"replies":[{"embeddable":true,"href":"http:\/\/dev.capenergie.fr\/catalogue\/wp-json\/wp\/v2\/comments?post=4678"}],"version-history":[{"count":24,"href":"http:\/\/dev.capenergie.fr\/catalogue\/wp-json\/wp\/v2\/pages\/4678\/revisions"}],"predecessor-version":[{"id":4706,"href":"http:\/\/dev.capenergie.fr\/catalogue\/wp-json\/wp\/v2\/pages\/4678\/revisions\/4706"}],"up":[{"embeddable":true,"href":"http:\/\/dev.capenergie.fr\/catalogue\/wp-json\/wp\/v2\/pages\/1305"}],"wp:attachment":[{"href":"http:\/\/dev.capenergie.fr\/catalogue\/wp-json\/wp\/v2\/media?parent=4678"}],"curies":[{"name":"wp","href":"https:\/\/api.w.org\/{rel}","templated":true}]}}