{"id":5371,"date":"2024-07-17T10:43:08","date_gmt":"2024-07-17T08:43:08","guid":{"rendered":"https:\/\/www.capenergie.fr\/catalogue\/?page_id=5371"},"modified":"2024-07-17T10:54:01","modified_gmt":"2024-07-17T08:54:01","slug":"stockage-enphase-iq-battery","status":"publish","type":"page","link":"http:\/\/dev.capenergie.fr\/catalogue\/photovoltaique\/autoconsommation-photovoltaique\/stockage-enphase-iq-battery.html","title":{"rendered":"Stockage Enphase"},"content":{"rendered":"<p><img decoding=\"async\" alt=\"autoconsommation stockage Enphase IQ Battery 5P\" src=\"http:\/\/images.capenergie.fr\/produit\/photovoltaique\/autoconsommation\/enphase-IQB-5P.jpg\" class=\"alignleft\" width=\"125\" height=\"125\" \/><\/p>\n<p>L\u2019<strong>IQ Battery 5P d\u2019Enphase<\/strong> est une batterie solaire tout-en-un coupl\u00e9e au courant alternatif. Elle est la plus puissante batterie Enphase \u00e0 ce jour, avec une capacit\u00e9 totale d\u2019\u00e9nergie utilisable de 5,0 kWh. Dot\u00e9e de six micro-onduleurs int\u00e9gr\u00e9s pour la formation du r\u00e9seau, elle offre une puissance de sortie continue de 3,84 kVA et jusqu&rsquo;\u00e0 Jusqu&rsquo;\u00e0 7,68 kW en pointe pour des besoins de courte dur\u00e9e. Cette conception modulaire <a href=\"https:\/\/www.capenergie.fr\/catalogue\/photovoltaique\/onduleur\/micro-onduleur-photovoltaique-enphase.html\" title=\"micro onduleur Enphase\">Enphase<\/a> permet aux installateurs de cr\u00e9er rapidement la taille de syst\u00e8me ad\u00e9quate pour r\u00e9pondre aux besoins des projets solaires, qu\u2019ils soient nouveaux ou en cours de r\u00e9novation. L&rsquo;<strong>Enphase IQ Battery <\/strong> est un syst\u00e8me de stockage d&rsquo;\u00e9nergie con\u00e7u pour optimiser l&rsquo;utilisation de l&rsquo;\u00e9nergie solaire produite par les panneaux photovolta\u00efques et offrir une solution de secours en cas de coupure de courant. Chaque unit\u00e9 est \u00e9quip\u00e9e de plusieurs couches de s\u00e9curit\u00e9, y compris une gestion thermique avanc\u00e9e et une protection contre les surcharges et les courts-circuits. Les batteries IQ 5P peuvent \u00eatre install\u00e9es en s\u00e9rie pour augmenter la capacit\u00e9 totale de stockage selon les besoins \u00e9nerg\u00e9tiques de la maison ou de l&rsquo;installation commerciale.<\/p>\n<h2>Avantages IQ Battery 5P<\/h2>\n<h3>Fiabilit\u00e9<\/h3>\n<p>Construite avec des composants de haute qualit\u00e9 pour assurer une longue dur\u00e9e de vie et une fiabilit\u00e9 maximale.<\/p>\n<h3>Efficacit\u00e9 \u00c9nerg\u00e9tique<\/h3>\n<p>L&rsquo;efficacit\u00e9 \u00e9lev\u00e9e du syst\u00e8me  permet de maximiser l&rsquo;utilisation de l&rsquo;\u00e9nergie solaire stock\u00e9e, r\u00e9duisant ainsi la d\u00e9pendance aux r\u00e9seaux \u00e9lectriques traditionnels.<\/p>\n<h3>Installation simplifi\u00e9e<\/h3>\n<p>Con\u00e7u pour \u00eatre facile \u00e0 installer par des professionnels certifi\u00e9s Enphase, le syst\u00e8me<strong> <\/strong>peut \u00eatre rapidement mis en service pour commencer \u00e0 fournir des b\u00e9n\u00e9fices \u00e9nerg\u00e9tiques imm\u00e9diats.<\/p>\n<h3>Backup et Autonomie<\/h3>\n<p>En cas de coupure de courant, l&rsquo;Enphase IQ Battery 5P peut fournir une alimentation de secours pour les appareils critiques, assurant ainsi une certaine autonomie \u00e9nerg\u00e9tique<\/p>\n<h2>\n  Applications IQ Battery 5P<\/h2>\n<h3>R\u00e9sidentielle<\/h3>\n<p>Cette batterie Enphase <em><\/em> est id\u00e9ale pour les foyers souhaitant optimiser l&rsquo;utilisation de leur \u00e9nergie solaire et se prot\u00e9ger contre les coupures de courant.<\/p>\n<h3>Commerciale<\/h3>\n<p>L\u2019<em>IQ Battery 5P d\u2019Enphase<\/em> est parfaitement adapt\u00e9e pour les petites et moyennes entreprises qui cherchent \u00e0 r\u00e9duire leurs co\u00fbts \u00e9nerg\u00e9tiques et \u00e0 augmenter leur r\u00e9silience \u00e9nerg\u00e9tique.<\/p>\n<h2>Documentation techniques<\/h2>\n<table id=\"tab-list-prod\" width=\"100%%\" border=\"0\">\n<tr id=\"rang-prod\">\n<td>\n   \t\t  <a href=\"http:\/\/pdf.capenergie.fr\/doc-autoconso\/enphase-IQB-5P.pdf\" title=\"Fiche technique IQ Battery 5P Enphase\" target=\"_blank\" rel=\"noopener\"><\/p>\n<div id=\"doc-pdf\"><\/div>\n<p>\t\t  Fiche technique IQ Battery 5P<\/a><\/td>\n<\/tr>\n<\/table>\n<h2>Vid\u00e9o IQ Battery 5P<\/h2>\n<div style=\"width: 1120px;\" class=\"wp-video\"><!--[if lt IE 9]><script>document.createElement('video');<\/script><![endif]-->\n<video class=\"wp-video-shortcode\" id=\"video-5371-1\" width=\"1120\" height=\"630\" preload=\"metadata\" controls=\"controls\"><source type=\"video\/mp4\" src=\"http:\/\/www.capenergie.fr\/catalogue\/wp-content\/uploads\/2024\/07\/enphase-energy-on-linkedin-iq-battery-5p.mp4?_=1\" \/><a href=\"http:\/\/www.capenergie.fr\/catalogue\/wp-content\/uploads\/2024\/07\/enphase-energy-on-linkedin-iq-battery-5p.mp4\">http:\/\/www.capenergie.fr\/catalogue\/wp-content\/uploads\/2024\/07\/enphase-energy-on-linkedin-iq-battery-5p.mp4<\/a><\/video><\/div>\n","protected":false},"excerpt":{"rendered":"<p>L\u2019IQ Battery 5P d\u2019Enphase est une batterie solaire tout-en-un coupl\u00e9e au courant alternatif. Elle est la plus puissante batterie Enphase \u00e0 ce jour, avec une capacit\u00e9 totale d\u2019\u00e9nergie utilisable de 5,0 kWh. Dot\u00e9e de six micro-onduleurs int\u00e9gr\u00e9s pour la formation du r\u00e9seau, elle offre une puissance de sortie continue de 3,84 kVA et jusqu&rsquo;\u00e0 Jusqu&rsquo;\u00e0 [&hellip;]<\/p>\n","protected":false},"author":1,"featured_media":0,"parent":1305,"menu_order":0,"comment_status":"closed","ping_status":"closed","template":"","meta":{"ngg_post_thumbnail":0,"footnotes":""},"class_list":["post-5371","page","type-page","status-publish","hentry"],"yoast_head":"<!-- This site is optimized with the Yoast SEO plugin v26.8 - https:\/\/yoast.com\/product\/yoast-seo-wordpress\/ -->\n<title>IQ Battery 5P syst\u00e8me stockage Enphase<\/title>\n<meta name=\"description\" content=\"Syst\u00e8me de stockage Enphase IQ Battery 5P d\u2019Enphase est une batterie solaire tout-en-un coupl\u00e9e au courant alternatif. Elle est la ...\" \/>\n<meta name=\"robots\" content=\"noindex, follow, max-snippet:-1, max-image-preview:large, max-video-preview:-1\" \/>\n<meta property=\"og:locale\" content=\"fr_FR\" \/>\n<meta property=\"og:type\" content=\"article\" \/>\n<meta property=\"og:title\" content=\"IQ Battery 5P syst\u00e8me stockage Enphase\" \/>\n<meta property=\"og:description\" content=\"Syst\u00e8me de stockage Enphase IQ Battery 5P d\u2019Enphase est une batterie solaire tout-en-un coupl\u00e9e au courant alternatif. Elle est la ...\" \/>\n<meta property=\"og:url\" content=\"http:\/\/dev.capenergie.fr\/catalogue\/photovoltaique\/autoconsommation-photovoltaique\/stockage-enphase-iq-battery.html\" \/>\n<meta property=\"article:modified_time\" content=\"2024-07-17T08:54:01+00:00\" \/>\n<meta property=\"og:image\" content=\"http:\/\/images.capenergie.fr\/produit\/photovoltaique\/autoconsommation\/enphase-IQB-5P.jpg\" \/>\n<meta name=\"twitter:label1\" content=\"Dur\u00e9e de lecture estim\u00e9e\" \/>\n\t<meta name=\"twitter:data1\" content=\"3 minutes\" \/>\n<script type=\"application\/ld+json\" class=\"yoast-schema-graph\">{\"@context\":\"https:\/\/schema.org\",\"@graph\":[{\"@type\":\"WebPage\",\"@id\":\"http:\/\/dev.capenergie.fr\/catalogue\/photovoltaique\/autoconsommation-photovoltaique\/stockage-enphase-iq-battery.html\",\"url\":\"http:\/\/dev.capenergie.fr\/catalogue\/photovoltaique\/autoconsommation-photovoltaique\/stockage-enphase-iq-battery.html\",\"name\":\"IQ Battery 5P syst\u00e8me stockage Enphase\",\"isPartOf\":{\"@id\":\"http:\/\/dev.capenergie.fr\/catalogue\/#website\"},\"primaryImageOfPage\":{\"@id\":\"http:\/\/dev.capenergie.fr\/catalogue\/photovoltaique\/autoconsommation-photovoltaique\/stockage-enphase-iq-battery.html#primaryimage\"},\"image\":{\"@id\":\"http:\/\/dev.capenergie.fr\/catalogue\/photovoltaique\/autoconsommation-photovoltaique\/stockage-enphase-iq-battery.html#primaryimage\"},\"thumbnailUrl\":\"http:\/\/images.capenergie.fr\/produit\/photovoltaique\/autoconsommation\/enphase-IQB-5P.jpg\",\"datePublished\":\"2024-07-17T08:43:08+00:00\",\"dateModified\":\"2024-07-17T08:54:01+00:00\",\"description\":\"Syst\u00e8me de stockage Enphase IQ Battery 5P d\u2019Enphase est une batterie solaire tout-en-un coupl\u00e9e au courant alternatif. Elle est la ...\",\"breadcrumb\":{\"@id\":\"http:\/\/dev.capenergie.fr\/catalogue\/photovoltaique\/autoconsommation-photovoltaique\/stockage-enphase-iq-battery.html#breadcrumb\"},\"inLanguage\":\"fr-FR\",\"potentialAction\":[{\"@type\":\"ReadAction\",\"target\":[\"http:\/\/dev.capenergie.fr\/catalogue\/photovoltaique\/autoconsommation-photovoltaique\/stockage-enphase-iq-battery.html\"]}]},{\"@type\":\"ImageObject\",\"inLanguage\":\"fr-FR\",\"@id\":\"http:\/\/dev.capenergie.fr\/catalogue\/photovoltaique\/autoconsommation-photovoltaique\/stockage-enphase-iq-battery.html#primaryimage\",\"url\":\"http:\/\/images.capenergie.fr\/produit\/photovoltaique\/autoconsommation\/enphase-IQB-5P.jpg\",\"contentUrl\":\"http:\/\/images.capenergie.fr\/produit\/photovoltaique\/autoconsommation\/enphase-IQB-5P.jpg\"},{\"@type\":\"BreadcrumbList\",\"@id\":\"http:\/\/dev.capenergie.fr\/catalogue\/photovoltaique\/autoconsommation-photovoltaique\/stockage-enphase-iq-battery.html#breadcrumb\",\"itemListElement\":[{\"@type\":\"ListItem\",\"position\":1,\"name\":\"Accueil\",\"item\":\"http:\/\/dev.capenergie.fr\/catalogue\/\"},{\"@type\":\"ListItem\",\"position\":2,\"name\":\"Distributeur Photovolta\u00efque\",\"item\":\"http:\/\/dev.capenergie.fr\/catalogue\/photovoltaique.html\"},{\"@type\":\"ListItem\",\"position\":3,\"name\":\"Autoconsommation photovolta\u00efque\",\"item\":\"http:\/\/dev.capenergie.fr\/catalogue\/photovoltaique\/autoconsommation-photovoltaique.html\"},{\"@type\":\"ListItem\",\"position\":4,\"name\":\"Stockage Enphase\"}]},{\"@type\":\"WebSite\",\"@id\":\"http:\/\/dev.capenergie.fr\/catalogue\/#website\",\"url\":\"http:\/\/dev.capenergie.fr\/catalogue\/\",\"name\":\"\",\"description\":\"\",\"potentialAction\":[{\"@type\":\"SearchAction\",\"target\":{\"@type\":\"EntryPoint\",\"urlTemplate\":\"http:\/\/dev.capenergie.fr\/catalogue\/?s={search_term_string}\"},\"query-input\":{\"@type\":\"PropertyValueSpecification\",\"valueRequired\":true,\"valueName\":\"search_term_string\"}}],\"inLanguage\":\"fr-FR\"}]}<\/script>\n<!-- \/ Yoast SEO plugin. -->","yoast_head_json":{"title":"IQ Battery 5P syst\u00e8me stockage Enphase","description":"Syst\u00e8me de stockage Enphase IQ Battery 5P d\u2019Enphase est une batterie solaire tout-en-un coupl\u00e9e au courant alternatif. Elle est la ...","robots":{"index":"noindex","follow":"follow","max-snippet":"max-snippet:-1","max-image-preview":"max-image-preview:large","max-video-preview":"max-video-preview:-1"},"og_locale":"fr_FR","og_type":"article","og_title":"IQ Battery 5P syst\u00e8me stockage Enphase","og_description":"Syst\u00e8me de stockage Enphase IQ Battery 5P d\u2019Enphase est une batterie solaire tout-en-un coupl\u00e9e au courant alternatif. Elle est la ...","og_url":"http:\/\/dev.capenergie.fr\/catalogue\/photovoltaique\/autoconsommation-photovoltaique\/stockage-enphase-iq-battery.html","article_modified_time":"2024-07-17T08:54:01+00:00","og_image":[{"url":"http:\/\/images.capenergie.fr\/produit\/photovoltaique\/autoconsommation\/enphase-IQB-5P.jpg","type":"","width":"","height":""}],"twitter_misc":{"Dur\u00e9e de lecture estim\u00e9e":"3 minutes"},"schema":{"@context":"https:\/\/schema.org","@graph":[{"@type":"WebPage","@id":"http:\/\/dev.capenergie.fr\/catalogue\/photovoltaique\/autoconsommation-photovoltaique\/stockage-enphase-iq-battery.html","url":"http:\/\/dev.capenergie.fr\/catalogue\/photovoltaique\/autoconsommation-photovoltaique\/stockage-enphase-iq-battery.html","name":"IQ Battery 5P syst\u00e8me stockage Enphase","isPartOf":{"@id":"http:\/\/dev.capenergie.fr\/catalogue\/#website"},"primaryImageOfPage":{"@id":"http:\/\/dev.capenergie.fr\/catalogue\/photovoltaique\/autoconsommation-photovoltaique\/stockage-enphase-iq-battery.html#primaryimage"},"image":{"@id":"http:\/\/dev.capenergie.fr\/catalogue\/photovoltaique\/autoconsommation-photovoltaique\/stockage-enphase-iq-battery.html#primaryimage"},"thumbnailUrl":"http:\/\/images.capenergie.fr\/produit\/photovoltaique\/autoconsommation\/enphase-IQB-5P.jpg","datePublished":"2024-07-17T08:43:08+00:00","dateModified":"2024-07-17T08:54:01+00:00","description":"Syst\u00e8me de stockage Enphase IQ Battery 5P d\u2019Enphase est une batterie solaire tout-en-un coupl\u00e9e au courant alternatif. Elle est la ...","breadcrumb":{"@id":"http:\/\/dev.capenergie.fr\/catalogue\/photovoltaique\/autoconsommation-photovoltaique\/stockage-enphase-iq-battery.html#breadcrumb"},"inLanguage":"fr-FR","potentialAction":[{"@type":"ReadAction","target":["http:\/\/dev.capenergie.fr\/catalogue\/photovoltaique\/autoconsommation-photovoltaique\/stockage-enphase-iq-battery.html"]}]},{"@type":"ImageObject","inLanguage":"fr-FR","@id":"http:\/\/dev.capenergie.fr\/catalogue\/photovoltaique\/autoconsommation-photovoltaique\/stockage-enphase-iq-battery.html#primaryimage","url":"http:\/\/images.capenergie.fr\/produit\/photovoltaique\/autoconsommation\/enphase-IQB-5P.jpg","contentUrl":"http:\/\/images.capenergie.fr\/produit\/photovoltaique\/autoconsommation\/enphase-IQB-5P.jpg"},{"@type":"BreadcrumbList","@id":"http:\/\/dev.capenergie.fr\/catalogue\/photovoltaique\/autoconsommation-photovoltaique\/stockage-enphase-iq-battery.html#breadcrumb","itemListElement":[{"@type":"ListItem","position":1,"name":"Accueil","item":"http:\/\/dev.capenergie.fr\/catalogue\/"},{"@type":"ListItem","position":2,"name":"Distributeur Photovolta\u00efque","item":"http:\/\/dev.capenergie.fr\/catalogue\/photovoltaique.html"},{"@type":"ListItem","position":3,"name":"Autoconsommation photovolta\u00efque","item":"http:\/\/dev.capenergie.fr\/catalogue\/photovoltaique\/autoconsommation-photovoltaique.html"},{"@type":"ListItem","position":4,"name":"Stockage Enphase"}]},{"@type":"WebSite","@id":"http:\/\/dev.capenergie.fr\/catalogue\/#website","url":"http:\/\/dev.capenergie.fr\/catalogue\/","name":"","description":"","potentialAction":[{"@type":"SearchAction","target":{"@type":"EntryPoint","urlTemplate":"http:\/\/dev.capenergie.fr\/catalogue\/?s={search_term_string}"},"query-input":{"@type":"PropertyValueSpecification","valueRequired":true,"valueName":"search_term_string"}}],"inLanguage":"fr-FR"}]}},"_links":{"self":[{"href":"http:\/\/dev.capenergie.fr\/catalogue\/wp-json\/wp\/v2\/pages\/5371","targetHints":{"allow":["GET"]}}],"collection":[{"href":"http:\/\/dev.capenergie.fr\/catalogue\/wp-json\/wp\/v2\/pages"}],"about":[{"href":"http:\/\/dev.capenergie.fr\/catalogue\/wp-json\/wp\/v2\/types\/page"}],"author":[{"embeddable":true,"href":"http:\/\/dev.capenergie.fr\/catalogue\/wp-json\/wp\/v2\/users\/1"}],"replies":[{"embeddable":true,"href":"http:\/\/dev.capenergie.fr\/catalogue\/wp-json\/wp\/v2\/comments?post=5371"}],"version-history":[{"count":8,"href":"http:\/\/dev.capenergie.fr\/catalogue\/wp-json\/wp\/v2\/pages\/5371\/revisions"}],"predecessor-version":[{"id":5380,"href":"http:\/\/dev.capenergie.fr\/catalogue\/wp-json\/wp\/v2\/pages\/5371\/revisions\/5380"}],"up":[{"embeddable":true,"href":"http:\/\/dev.capenergie.fr\/catalogue\/wp-json\/wp\/v2\/pages\/1305"}],"wp:attachment":[{"href":"http:\/\/dev.capenergie.fr\/catalogue\/wp-json\/wp\/v2\/media?parent=5371"}],"curies":[{"name":"wp","href":"https:\/\/api.w.org\/{rel}","templated":true}]}}