{"id":5448,"date":"2025-02-20T16:04:59","date_gmt":"2025-02-20T15:04:59","guid":{"rendered":"https:\/\/www.capenergie.fr\/catalogue\/?page_id=5448"},"modified":"2025-04-03T16:04:14","modified_gmt":"2025-04-03T14:04:14","slug":"weco-tk-plus-a-kool-armoire-de-securite-stockage-batteries-lithium","status":"publish","type":"page","link":"http:\/\/dev.capenergie.fr\/catalogue\/photovoltaique\/autoconsommation-photovoltaique\/stockage-lithium-weco\/weco-tk-plus-a-kool-armoire-de-securite-stockage-batteries-lithium.html","title":{"rendered":"Armoire de s\u00e9curit\u00e9 stockage batteries lithium et conversion"},"content":{"rendered":"<p><img decoding=\"async\" alt=\"Armoire de s\u00e9curit\u00e9 stockage batteries lithium weco TK + A-KOOL\" src=\"http:\/\/images.capenergie.fr\/produit\/photovoltaique\/autoconsommation\/weco-tk-plus-a-kool.png\" class=\"alignleft\" width=\"125\" height=\"125\" \/><\/p>\n<p><strong>Cap Energie propose le syst\u00e8me de stockage autoconsommation tout en un TK+A-Kool de Weco. <\/strong>Cette Armoire de s\u00e9curit\u00e9 stockage batteries lithium et conversion est la <a href=\"\/catalogue\/photovoltaique\/autoconsommation-photovoltaique\/stockage-lithium-weco.html\" title=\"solution de stockage Lithium Weco\">solution de stockage Lithium Weco<\/a> TK+A-Kool. Dot\u00e9e d&rsquo; un syst\u00e8me avanc\u00e9 de stockage d&rsquo;\u00e9nergie con\u00e7u pour offrir une gestion optimale de l&rsquo;\u00e9nergie avec des batteries lithium refroidies par air. Cette Armoire de s\u00e9curit\u00e9 combine des capacit\u00e9s de stockage \u00e9volutives, un syst\u00e8me de s\u00e9curisation contre les incendies int\u00e9gr\u00e9, et une installation rapide en mode plug-and-play, sans c\u00e2blage complexe. Cette solution est id\u00e9ale pour les applications r\u00e9sidentielles et commerciales, offrant une fiabilit\u00e9 maximale avec une sortie de secours \u00e0 pleine puissance lors des coupures de courant. Son design modulaire permet d\u2019ajouter facilement des unit\u00e9s suppl\u00e9mentaires pour r\u00e9pondre aux besoins \u00e9nerg\u00e9tiques croissants.<\/p>\n<h2>Armoire de  stockage batteries lithium et conversion s\u00e9curis\u00e9e tout-en-un <\/h2>\n<p>Ce syst\u00e8me int\u00e9gr\u00e9, avec un onduleur hybride de 25 \u00e0 100 kW et une armoire outdoor (Utilisation int\u00e9rieure ou ext\u00e9rieure) avec capacit\u00e9 de stockage 40 \u00e0 107 kWh, permet une installation rapide et sans c\u00e2blage complexe, gr\u00e2ce \u00e0 son design plug-and-play. L&rsquo;extension parall\u00e8le  jusqu&rsquo;\u00e0 10 armoires de stockage d&rsquo;\u00e9nergie permet d&rsquo;augmenter la capacit\u00e9 et la fiabilit\u00e9 du syst\u00e8me, garantissant ainsi une expansion fluide et une gestion optimis\u00e9e de l&rsquo;\u00e9nergie.<\/p>\n<h2>Syst\u00e8me Plug &amp; Play<\/h2>\n<p>Cette <strong>armoire de s\u00e9curit\u00e9 stockage batteries lithium<\/strong> et conversion b\u00e9n\u00e9ficie d&rsquo;une installation  simplifi\u00e9e gr\u00e2ce au syst\u00e8me de stockage d&rsquo;\u00e9nergie plug-and-play, offrant une mise en place rapide et facile. Cette solution <strong>TK+A-Kool de Weco<\/strong> r\u00e9duit le temps de configuration et la complexit\u00e9, tout en offrant une \u00e9volutivit\u00e9 et une flexibilit\u00e9 imm\u00e9diates.<\/p>\n<h2>V\u00e9ritable solution de secours type Back-Up<\/h2>\n<p>Un syst\u00e8me de secours \u00e0 pleine puissance dans le stockage d\u2019\u00e9nergie garantit une alimentation \u00e9lectrique continue lors des pannes, renfor\u00e7ant ainsi la fiabilit\u00e9 et la continuit\u00e9 des op\u00e9rations.<\/p>\n<h2>TK+A-Kool de Weco, la s\u00e9curit\u00e9 sans compromis<\/h2>\n<p>La fonctionnalit\u00e9 de d\u00e9tection et d&rsquo;extinction des incendies dans ce syst\u00e8me de stockage d&rsquo;\u00e9nergie <strong>TK+A-Kool<\/strong> de Weco renforce grandement la s\u00e9curit\u00e9 en d\u00e9tectant et \u00e9teignant rapidement les feux. Cette <strong>armoire de s\u00e9curit\u00e9 stockage batteries lithium<\/strong> et conversion limite ainsi les dommages et garantit la continuit\u00e9 de l&rsquo;alimentation \u00e9lectrique.<\/p>\n<p><img decoding=\"async\" src=\"http:\/\/www.capenergie.fr\/catalogue\/wp-content\/uploads\/2025\/02\/tk-plus-a-kool.jpg\" alt=\"weco tk+ A-kool\" width=\"100%\" class=\"aligncenter size-full wp-image-5451\" srcset=\"http:\/\/dev.capenergie.fr\/catalogue\/wp-content\/uploads\/2025\/02\/tk-plus-a-kool.jpg 756w, http:\/\/dev.capenergie.fr\/catalogue\/wp-content\/uploads\/2025\/02\/tk-plus-a-kool-300x243.jpg 300w\" sizes=\"(max-width: 756px) 100vw, 756px\" \/><\/p>\n<h2>Donn\u00e9es techniques TK+A-Kool de Weco<\/h2>\n<h3>Donn\u00e9es techniques pour cette armoire de s\u00e9curit\u00e9 stockage batteries lithium<strong><\/strong><\/h3>\n<p><strong>Type<\/strong> : Armoire tout en un <br \/>\n  <strong>Sortie<\/strong> : Triphas\u00e9e<br \/>\n<strong>Puissance <\/strong> : 25 \u00e0 100 kWh<br \/>\n<strong>Capacit\u00e9 de stockage<\/strong> : 40 \u00e0 107 kWh<br \/>\n  <strong>Utilisation :<\/strong> int\u00e9rieure ou ext\u00e9rieure <br \/>\n  <strong>Profondeur de d\u00e9charge (DoD) de la batterie<\/strong> : 90%<br \/>\n  <strong>Technologie de la batterie<\/strong> : Lithium<br \/>\n  <strong>S\u00e9curit\u00e9<\/strong> : D\u00e9tecteur d\u2019inondation, d\u00e9tecteur d\u2019intrusion, s\u00e9curisation surpression, d\u00e9tecteur de fum\u00e9e, bouton d\u2019arr\u00eat  d\u2019urgence<br \/>\n  <strong>Alarme<\/strong> : Sonore  et  visuel flash <br \/>\n  <strong>Syst\u00e8me de suppression des incendies<\/strong> : oui<br \/>\n  <strong>Filtre<\/strong> : Lavable<br \/>\n  <strong>Temp\u00e9rature de fonctionnement<\/strong> : -20 \u00e0 45\u00b0C<br \/>\n  <strong>Contr\u00f4le \u00e0 distance<\/strong> : TCP\/IP<\/p>\n<p>  L&rsquo;ensemble des donn\u00e9es techniques est propos\u00e9 sur la   fiche technique \u00e0 t\u00e9l\u00e9charger ci-dessous.<\/p>\n<h2>Pr\u00e9sentation vid\u00e9o Weco TK + A-KOOL<\/h2>\n<p><iframe width=\"560\" height=\"315\" src=\"https:\/\/www.youtube.com\/embed\/l5VZq_WPVAM?si=gnRuma0qNcFuD7Wu\" title=\"YouTube video player\" frameborder=\"0\" allow=\"accelerometer; autoplay; clipboard-write; encrypted-media; gyroscope; picture-in-picture; web-share\" referrerpolicy=\"strict-origin-when-cross-origin\" allowfullscreen><\/iframe><\/p>\n<h2>Documentation techniques<\/h2>\n<table id=\"tab-list-prod\" width=\"100%%\" border=\"0\">\n<tr id=\"rang-prod\">\n<td>\n   \t\t  <a href=\"http:\/\/pdf.capenergie.fr\/doc-autoconso\/weco-tk-plus-a-kool.pdf\" title=\"Fiche technique Weco TK + A-KOOL\" target=\"_blank\" rel=\"noopener\"><\/p>\n<div id=\"doc-pdf\"><\/div>\n<p>\t\t  Fiche technique Weco TK + A-KOOL<\/a><\/td>\n<\/tr>\n<\/table>\n","protected":false},"excerpt":{"rendered":"<p>Cap Energie propose le syst\u00e8me de stockage autoconsommation tout en un TK+A-Kool de Weco. Cette Armoire de s\u00e9curit\u00e9 stockage batteries lithium et conversion est la solution de stockage Lithium Weco TK+A-Kool. Dot\u00e9e d&rsquo; un syst\u00e8me avanc\u00e9 de stockage d&rsquo;\u00e9nergie con\u00e7u pour offrir une gestion optimale de l&rsquo;\u00e9nergie avec des batteries lithium refroidies par air. Cette [&hellip;]<\/p>\n","protected":false},"author":1,"featured_media":0,"parent":4577,"menu_order":0,"comment_status":"closed","ping_status":"closed","template":"","meta":{"ngg_post_thumbnail":0,"footnotes":""},"class_list":["post-5448","page","type-page","status-publish","hentry"],"yoast_head":"<!-- This site is optimized with the Yoast SEO plugin v26.8 - https:\/\/yoast.com\/product\/yoast-seo-wordpress\/ -->\n<title>TK + A-KOOL armoire de s\u00e9curit\u00e9 stockage batteries lithium &amp; conversion<\/title>\n<meta name=\"description\" content=\"TK + A-KOOL armoire de s\u00e9curit\u00e9 stockage batteries lithium et conversion pas cher. Solution compl\u00e8te All-in-One plug and play avec batteries, onduleur, syst\u00e8mes de s\u00e9curit\u00e9, c\u00e2blages.\" \/>\n<meta name=\"robots\" content=\"noindex, follow, max-snippet:-1, max-image-preview:large, max-video-preview:-1\" \/>\n<meta property=\"og:locale\" content=\"fr_FR\" \/>\n<meta property=\"og:type\" content=\"article\" \/>\n<meta property=\"og:title\" content=\"TK + A-KOOL armoire de s\u00e9curit\u00e9 stockage batteries lithium &amp; conversion\" \/>\n<meta property=\"og:description\" content=\"TK + A-KOOL armoire de s\u00e9curit\u00e9 stockage batteries lithium et conversion pas cher. Solution compl\u00e8te All-in-One plug and play avec batteries, onduleur, syst\u00e8mes de s\u00e9curit\u00e9, c\u00e2blages.\" \/>\n<meta property=\"og:url\" content=\"http:\/\/dev.capenergie.fr\/catalogue\/photovoltaique\/autoconsommation-photovoltaique\/stockage-lithium-weco\/weco-tk-plus-a-kool-armoire-de-securite-stockage-batteries-lithium.html\" \/>\n<meta property=\"article:modified_time\" content=\"2025-04-03T14:04:14+00:00\" \/>\n<meta property=\"og:image\" content=\"http:\/\/images.capenergie.fr\/produit\/photovoltaique\/autoconsommation\/weco-tk-plus-a-kool.png\" \/>\n<meta name=\"twitter:label1\" content=\"Dur\u00e9e de lecture estim\u00e9e\" \/>\n\t<meta name=\"twitter:data1\" content=\"3 minutes\" \/>\n<script type=\"application\/ld+json\" class=\"yoast-schema-graph\">{\"@context\":\"https:\/\/schema.org\",\"@graph\":[{\"@type\":\"WebPage\",\"@id\":\"http:\/\/dev.capenergie.fr\/catalogue\/photovoltaique\/autoconsommation-photovoltaique\/stockage-lithium-weco\/weco-tk-plus-a-kool-armoire-de-securite-stockage-batteries-lithium.html\",\"url\":\"http:\/\/dev.capenergie.fr\/catalogue\/photovoltaique\/autoconsommation-photovoltaique\/stockage-lithium-weco\/weco-tk-plus-a-kool-armoire-de-securite-stockage-batteries-lithium.html\",\"name\":\"TK + A-KOOL armoire de s\u00e9curit\u00e9 stockage batteries lithium & conversion\",\"isPartOf\":{\"@id\":\"http:\/\/dev.capenergie.fr\/catalogue\/#website\"},\"primaryImageOfPage\":{\"@id\":\"http:\/\/dev.capenergie.fr\/catalogue\/photovoltaique\/autoconsommation-photovoltaique\/stockage-lithium-weco\/weco-tk-plus-a-kool-armoire-de-securite-stockage-batteries-lithium.html#primaryimage\"},\"image\":{\"@id\":\"http:\/\/dev.capenergie.fr\/catalogue\/photovoltaique\/autoconsommation-photovoltaique\/stockage-lithium-weco\/weco-tk-plus-a-kool-armoire-de-securite-stockage-batteries-lithium.html#primaryimage\"},\"thumbnailUrl\":\"http:\/\/images.capenergie.fr\/produit\/photovoltaique\/autoconsommation\/weco-tk-plus-a-kool.png\",\"datePublished\":\"2025-02-20T15:04:59+00:00\",\"dateModified\":\"2025-04-03T14:04:14+00:00\",\"description\":\"TK + A-KOOL armoire de s\u00e9curit\u00e9 stockage batteries lithium et conversion pas cher. Solution compl\u00e8te All-in-One plug and play avec batteries, onduleur, syst\u00e8mes de s\u00e9curit\u00e9, c\u00e2blages.\",\"breadcrumb\":{\"@id\":\"http:\/\/dev.capenergie.fr\/catalogue\/photovoltaique\/autoconsommation-photovoltaique\/stockage-lithium-weco\/weco-tk-plus-a-kool-armoire-de-securite-stockage-batteries-lithium.html#breadcrumb\"},\"inLanguage\":\"fr-FR\",\"potentialAction\":[{\"@type\":\"ReadAction\",\"target\":[\"http:\/\/dev.capenergie.fr\/catalogue\/photovoltaique\/autoconsommation-photovoltaique\/stockage-lithium-weco\/weco-tk-plus-a-kool-armoire-de-securite-stockage-batteries-lithium.html\"]}]},{\"@type\":\"ImageObject\",\"inLanguage\":\"fr-FR\",\"@id\":\"http:\/\/dev.capenergie.fr\/catalogue\/photovoltaique\/autoconsommation-photovoltaique\/stockage-lithium-weco\/weco-tk-plus-a-kool-armoire-de-securite-stockage-batteries-lithium.html#primaryimage\",\"url\":\"http:\/\/images.capenergie.fr\/produit\/photovoltaique\/autoconsommation\/weco-tk-plus-a-kool.png\",\"contentUrl\":\"http:\/\/images.capenergie.fr\/produit\/photovoltaique\/autoconsommation\/weco-tk-plus-a-kool.png\"},{\"@type\":\"BreadcrumbList\",\"@id\":\"http:\/\/dev.capenergie.fr\/catalogue\/photovoltaique\/autoconsommation-photovoltaique\/stockage-lithium-weco\/weco-tk-plus-a-kool-armoire-de-securite-stockage-batteries-lithium.html#breadcrumb\",\"itemListElement\":[{\"@type\":\"ListItem\",\"position\":1,\"name\":\"Accueil\",\"item\":\"http:\/\/dev.capenergie.fr\/catalogue\/\"},{\"@type\":\"ListItem\",\"position\":2,\"name\":\"Distributeur Photovolta\u00efque\",\"item\":\"http:\/\/dev.capenergie.fr\/catalogue\/photovoltaique.html\"},{\"@type\":\"ListItem\",\"position\":3,\"name\":\"Autoconsommation photovolta\u00efque\",\"item\":\"http:\/\/dev.capenergie.fr\/catalogue\/photovoltaique\/autoconsommation-photovoltaique.html\"},{\"@type\":\"ListItem\",\"position\":4,\"name\":\"Stockage Lithium Weco\",\"item\":\"http:\/\/dev.capenergie.fr\/catalogue\/photovoltaique\/autoconsommation-photovoltaique\/stockage-lithium-weco.html\"},{\"@type\":\"ListItem\",\"position\":5,\"name\":\"Armoire de s\u00e9curit\u00e9 stockage batteries lithium et conversion\"}]},{\"@type\":\"WebSite\",\"@id\":\"http:\/\/dev.capenergie.fr\/catalogue\/#website\",\"url\":\"http:\/\/dev.capenergie.fr\/catalogue\/\",\"name\":\"\",\"description\":\"\",\"potentialAction\":[{\"@type\":\"SearchAction\",\"target\":{\"@type\":\"EntryPoint\",\"urlTemplate\":\"http:\/\/dev.capenergie.fr\/catalogue\/?s={search_term_string}\"},\"query-input\":{\"@type\":\"PropertyValueSpecification\",\"valueRequired\":true,\"valueName\":\"search_term_string\"}}],\"inLanguage\":\"fr-FR\"}]}<\/script>\n<!-- \/ Yoast SEO plugin. -->","yoast_head_json":{"title":"TK + A-KOOL armoire de s\u00e9curit\u00e9 stockage batteries lithium & conversion","description":"TK + A-KOOL armoire de s\u00e9curit\u00e9 stockage batteries lithium et conversion pas cher. Solution compl\u00e8te All-in-One plug and play avec batteries, onduleur, syst\u00e8mes de s\u00e9curit\u00e9, c\u00e2blages.","robots":{"index":"noindex","follow":"follow","max-snippet":"max-snippet:-1","max-image-preview":"max-image-preview:large","max-video-preview":"max-video-preview:-1"},"og_locale":"fr_FR","og_type":"article","og_title":"TK + A-KOOL armoire de s\u00e9curit\u00e9 stockage batteries lithium & conversion","og_description":"TK + A-KOOL armoire de s\u00e9curit\u00e9 stockage batteries lithium et conversion pas cher. Solution compl\u00e8te All-in-One plug and play avec batteries, onduleur, syst\u00e8mes de s\u00e9curit\u00e9, c\u00e2blages.","og_url":"http:\/\/dev.capenergie.fr\/catalogue\/photovoltaique\/autoconsommation-photovoltaique\/stockage-lithium-weco\/weco-tk-plus-a-kool-armoire-de-securite-stockage-batteries-lithium.html","article_modified_time":"2025-04-03T14:04:14+00:00","og_image":[{"url":"http:\/\/images.capenergie.fr\/produit\/photovoltaique\/autoconsommation\/weco-tk-plus-a-kool.png","type":"","width":"","height":""}],"twitter_misc":{"Dur\u00e9e de lecture estim\u00e9e":"3 minutes"},"schema":{"@context":"https:\/\/schema.org","@graph":[{"@type":"WebPage","@id":"http:\/\/dev.capenergie.fr\/catalogue\/photovoltaique\/autoconsommation-photovoltaique\/stockage-lithium-weco\/weco-tk-plus-a-kool-armoire-de-securite-stockage-batteries-lithium.html","url":"http:\/\/dev.capenergie.fr\/catalogue\/photovoltaique\/autoconsommation-photovoltaique\/stockage-lithium-weco\/weco-tk-plus-a-kool-armoire-de-securite-stockage-batteries-lithium.html","name":"TK + A-KOOL armoire de s\u00e9curit\u00e9 stockage batteries lithium & conversion","isPartOf":{"@id":"http:\/\/dev.capenergie.fr\/catalogue\/#website"},"primaryImageOfPage":{"@id":"http:\/\/dev.capenergie.fr\/catalogue\/photovoltaique\/autoconsommation-photovoltaique\/stockage-lithium-weco\/weco-tk-plus-a-kool-armoire-de-securite-stockage-batteries-lithium.html#primaryimage"},"image":{"@id":"http:\/\/dev.capenergie.fr\/catalogue\/photovoltaique\/autoconsommation-photovoltaique\/stockage-lithium-weco\/weco-tk-plus-a-kool-armoire-de-securite-stockage-batteries-lithium.html#primaryimage"},"thumbnailUrl":"http:\/\/images.capenergie.fr\/produit\/photovoltaique\/autoconsommation\/weco-tk-plus-a-kool.png","datePublished":"2025-02-20T15:04:59+00:00","dateModified":"2025-04-03T14:04:14+00:00","description":"TK + A-KOOL armoire de s\u00e9curit\u00e9 stockage batteries lithium et conversion pas cher. Solution compl\u00e8te All-in-One plug and play avec batteries, onduleur, syst\u00e8mes de s\u00e9curit\u00e9, c\u00e2blages.","breadcrumb":{"@id":"http:\/\/dev.capenergie.fr\/catalogue\/photovoltaique\/autoconsommation-photovoltaique\/stockage-lithium-weco\/weco-tk-plus-a-kool-armoire-de-securite-stockage-batteries-lithium.html#breadcrumb"},"inLanguage":"fr-FR","potentialAction":[{"@type":"ReadAction","target":["http:\/\/dev.capenergie.fr\/catalogue\/photovoltaique\/autoconsommation-photovoltaique\/stockage-lithium-weco\/weco-tk-plus-a-kool-armoire-de-securite-stockage-batteries-lithium.html"]}]},{"@type":"ImageObject","inLanguage":"fr-FR","@id":"http:\/\/dev.capenergie.fr\/catalogue\/photovoltaique\/autoconsommation-photovoltaique\/stockage-lithium-weco\/weco-tk-plus-a-kool-armoire-de-securite-stockage-batteries-lithium.html#primaryimage","url":"http:\/\/images.capenergie.fr\/produit\/photovoltaique\/autoconsommation\/weco-tk-plus-a-kool.png","contentUrl":"http:\/\/images.capenergie.fr\/produit\/photovoltaique\/autoconsommation\/weco-tk-plus-a-kool.png"},{"@type":"BreadcrumbList","@id":"http:\/\/dev.capenergie.fr\/catalogue\/photovoltaique\/autoconsommation-photovoltaique\/stockage-lithium-weco\/weco-tk-plus-a-kool-armoire-de-securite-stockage-batteries-lithium.html#breadcrumb","itemListElement":[{"@type":"ListItem","position":1,"name":"Accueil","item":"http:\/\/dev.capenergie.fr\/catalogue\/"},{"@type":"ListItem","position":2,"name":"Distributeur Photovolta\u00efque","item":"http:\/\/dev.capenergie.fr\/catalogue\/photovoltaique.html"},{"@type":"ListItem","position":3,"name":"Autoconsommation photovolta\u00efque","item":"http:\/\/dev.capenergie.fr\/catalogue\/photovoltaique\/autoconsommation-photovoltaique.html"},{"@type":"ListItem","position":4,"name":"Stockage Lithium Weco","item":"http:\/\/dev.capenergie.fr\/catalogue\/photovoltaique\/autoconsommation-photovoltaique\/stockage-lithium-weco.html"},{"@type":"ListItem","position":5,"name":"Armoire de s\u00e9curit\u00e9 stockage batteries lithium et conversion"}]},{"@type":"WebSite","@id":"http:\/\/dev.capenergie.fr\/catalogue\/#website","url":"http:\/\/dev.capenergie.fr\/catalogue\/","name":"","description":"","potentialAction":[{"@type":"SearchAction","target":{"@type":"EntryPoint","urlTemplate":"http:\/\/dev.capenergie.fr\/catalogue\/?s={search_term_string}"},"query-input":{"@type":"PropertyValueSpecification","valueRequired":true,"valueName":"search_term_string"}}],"inLanguage":"fr-FR"}]}},"_links":{"self":[{"href":"http:\/\/dev.capenergie.fr\/catalogue\/wp-json\/wp\/v2\/pages\/5448","targetHints":{"allow":["GET"]}}],"collection":[{"href":"http:\/\/dev.capenergie.fr\/catalogue\/wp-json\/wp\/v2\/pages"}],"about":[{"href":"http:\/\/dev.capenergie.fr\/catalogue\/wp-json\/wp\/v2\/types\/page"}],"author":[{"embeddable":true,"href":"http:\/\/dev.capenergie.fr\/catalogue\/wp-json\/wp\/v2\/users\/1"}],"replies":[{"embeddable":true,"href":"http:\/\/dev.capenergie.fr\/catalogue\/wp-json\/wp\/v2\/comments?post=5448"}],"version-history":[{"count":10,"href":"http:\/\/dev.capenergie.fr\/catalogue\/wp-json\/wp\/v2\/pages\/5448\/revisions"}],"predecessor-version":[{"id":5495,"href":"http:\/\/dev.capenergie.fr\/catalogue\/wp-json\/wp\/v2\/pages\/5448\/revisions\/5495"}],"up":[{"embeddable":true,"href":"http:\/\/dev.capenergie.fr\/catalogue\/wp-json\/wp\/v2\/pages\/4577"}],"wp:attachment":[{"href":"http:\/\/dev.capenergie.fr\/catalogue\/wp-json\/wp\/v2\/media?parent=5448"}],"curies":[{"name":"wp","href":"https:\/\/api.w.org\/{rel}","templated":true}]}}