{"id":5459,"date":"2025-02-20T18:13:25","date_gmt":"2025-02-20T17:13:25","guid":{"rendered":"https:\/\/www.capenergie.fr\/catalogue\/?page_id=5459"},"modified":"2025-02-20T18:19:11","modified_gmt":"2025-02-20T17:19:11","slug":"weco-a-kool","status":"publish","type":"page","link":"http:\/\/dev.capenergie.fr\/catalogue\/photovoltaique\/autoconsommation-photovoltaique\/stockage-lithium-weco\/weco-a-kool.html","title":{"rendered":"A-KOOL, l&rsquo;armoire de stockage batteries lithium s\u00e9curis\u00e9e"},"content":{"rendered":"<p><img decoding=\"async\" alt=\"Armoire de s\u00e9curit\u00e9 stockage batteries lithium weco A-KOOL\" src=\"http:\/\/images.capenergie.fr\/produit\/photovoltaique\/autoconsommation\/weco-a-kool.png\" class=\"alignleft\" width=\"125\" height=\"125\" \/><\/p>\n<p><strong>Cap Energie propose le syst\u00e8me de stockage autoconsommation armoire de s\u00e9curit\u00e9 stockage batteries lithium A-Kool de Weco. <\/strong>Cette armoire de s\u00e9curit\u00e9 stockage batteries lithium  est la <a href=\"\/catalogue\/photovoltaique\/autoconsommation-photovoltaique\/stockage-lithium-weco.html\" title=\"solution de stockage Lithium Weco\">solution de stockage Lithium Weco<\/a> A-Kool. Cette solution de stockage Lithium est con\u00e7ue pour offrir des performances fiables et efficaces dans des environnements r\u00e9sidentielles et commerciaux. Elle utilise des batteries LiFePO4, offrant une densit\u00e9 \u00e9nerg\u00e9tique \u00e9lev\u00e9e, une longue dur\u00e9e de vie des cycles, une excellente stabilit\u00e9 thermique et une s\u00e9curit\u00e9 renforc\u00e9e. Le syst\u00e8me est refroidi par air et inclut un module de suppression d&rsquo;incendie sophistiqu\u00e9 pour garantir une s\u00e9curit\u00e9 maximale. Il est \u00e9quip\u00e9 d&rsquo;une connectivit\u00e9 avec une application mobile pour un suivi en temps r\u00e9el de la performance et de la consommation d&rsquo;\u00e9nergie. Avec une capacit\u00e9 de stockage allant de 7,68 kWh \u00e0 14,3 kWh et un maximum de 15 modules + 1 HVBOX, le Weco A-Kool garantit une installation facile et une maintenance r\u00e9duite gr\u00e2ce \u00e0 sa conception IP55, qui prot\u00e8ge contre la poussi\u00e8re et les projections d&rsquo;eau. Cette <a href=\"\/catalogue\/photovoltaique\/autoconsommation-photovoltaique\/stockage-lithium-weco\/weco-tk-plus-a-kool-armoire-de-securite-stockage-batteries-lithium.html\" title=\"armoire de s\u00e9curit\u00e9 stockage batteries lithium\">armoire de s\u00e9curit\u00e9 stockage batteries lithium<\/a> existe \u00e9galement en version tout-en-un (Armoire, Batteries, c\u00e2blage et Onduleur) plug and play.<\/p>\n<h2>A-Kool de Weco, la s\u00e9curit\u00e9 et le refroidissement \u00e0 air<\/h2>\n<p>La fonction de d\u00e9tection et d&rsquo;extinction des incendies du syst\u00e8me de stockage d&rsquo;\u00e9nergie A-Kool de Weco am\u00e9liore consid\u00e9rablement la s\u00e9curit\u00e9 en identifiant et \u00e9teignant rapidement les incendies. Cette armoire de s\u00e9curit\u00e9 pour le stockage des batteries lithium r\u00e9duit les risques de dommages et assure la continuit\u00e9 de l&rsquo;alimentation \u00e9lectrique. Elle est \u00e9galement \u00e9quip\u00e9e de divers syst\u00e8mes de s\u00e9curit\u00e9, tels que des d\u00e9tecteurs d&rsquo;inondation et d&rsquo;intrusion, une protection contre la surpression, un d\u00e9tecteur de fum\u00e9e et un bouton d&rsquo;arr\u00eat d&rsquo;urgence.<\/p>\n<p><img decoding=\"async\" src=\"http:\/\/www.capenergie.fr\/catalogue\/wp-content\/uploads\/2025\/02\/weco-armoire-a-kool.jpg\" alt=\"Armoire de s\u00e9curit\u00e9 stockage batteries lithium weco A-KOOL\" width=\"100%\" class=\"aligncenter size-full wp-image-5461\" srcset=\"http:\/\/dev.capenergie.fr\/catalogue\/wp-content\/uploads\/2025\/02\/weco-armoire-a-kool.jpg 800w, http:\/\/dev.capenergie.fr\/catalogue\/wp-content\/uploads\/2025\/02\/weco-armoire-a-kool-300x275.jpg 300w, http:\/\/dev.capenergie.fr\/catalogue\/wp-content\/uploads\/2025\/02\/weco-armoire-a-kool-768x704.jpg 768w\" sizes=\"(max-width: 800px) 100vw, 800px\" \/><\/p>\n<h2>Donn\u00e9es techniques A-Kool 115, 215 et 241 de Weco<\/h2>\n<h3>Donn\u00e9es techniques pour l&rsquo;armoire de s\u00e9curit\u00e9 stockage batteries lithium<strong><\/strong> refroidit \u00e0 l&rsquo;air<\/h3>\n<p><strong>Type<\/strong> : Armoire refroidissement \u00e0 air <br \/>\n  <strong>D\u00e9clinaison<\/strong> : 115, 215 et 241<br \/>\n  <strong>Capacit\u00e9 de stockage<\/strong> : 115, 215 et 241.5 kWh<br \/>\n  <strong>Utilisation :<\/strong> int\u00e9rieure ou ext\u00e9rieure<br \/>\n  <strong>Altitude Max. :<\/strong> 3000 m <br \/>\n  <strong>Technologie de la batterie<\/strong> : Lithium<br \/>\n  <strong>S\u00e9curit\u00e9<\/strong> : D\u00e9tecteur d\u2019inondation, d\u00e9tecteur d\u2019intrusion, s\u00e9curisation surpression, d\u00e9tecteur de fum\u00e9e, bouton d\u2019arr\u00eat  d\u2019urgence<br \/>\n  <strong>Alarme<\/strong> : Sonore  et  visuel flash <br \/>\n  <strong>Syst\u00e8me de suppression des incendies<\/strong> : oui<br \/>\n  <strong>Filtre<\/strong> : Lavable<br \/>\n  <strong>Temp\u00e9rature de fonctionnement<\/strong> : -20 \u00e0 45\u00b0C<br \/>\n  <strong>Contr\u00f4le \u00e0 distance<\/strong> : WeCo NooR App<\/p>\n<p>  L&rsquo;ensemble des donn\u00e9es techniques est propos\u00e9 sur la   fiche technique \u00e0 t\u00e9l\u00e9charger ci-dessous.<\/p>\n<h2>Documentation techniques A-Kool<\/h2>\n<table id=\"tab-list-prod\" width=\"100%%\" border=\"0\">\n<tr id=\"rang-prod\">\n<td>\n   \t\t  <a href=\"http:\/\/pdf.capenergie.fr\/doc-autoconso\/weco-a-kool.pdf\" title=\"Fiche technique Weco A-KOOL\" target=\"_blank\" rel=\"noopener\"><\/p>\n<div id=\"doc-pdf\"><\/div>\n<p>\t\t  Fiche technique Weco  A-KOOL<\/a><\/td>\n<\/tr>\n<\/table>\n","protected":false},"excerpt":{"rendered":"<p>Cap Energie propose le syst\u00e8me de stockage autoconsommation armoire de s\u00e9curit\u00e9 stockage batteries lithium A-Kool de Weco. Cette armoire de s\u00e9curit\u00e9 stockage batteries lithium est la solution de stockage Lithium Weco A-Kool. Cette solution de stockage Lithium est con\u00e7ue pour offrir des performances fiables et efficaces dans des environnements r\u00e9sidentielles et commerciaux. Elle utilise des [&hellip;]<\/p>\n","protected":false},"author":1,"featured_media":0,"parent":4577,"menu_order":0,"comment_status":"closed","ping_status":"closed","template":"","meta":{"ngg_post_thumbnail":0,"footnotes":""},"class_list":["post-5459","page","type-page","status-publish","hentry"],"yoast_head":"<!-- This site is optimized with the Yoast SEO plugin v26.8 - https:\/\/yoast.com\/product\/yoast-seo-wordpress\/ -->\n<title>Weco A-KOOL armoire s\u00e9curis\u00e9e stockage batteries lithium \u00e0 l&#039;air<\/title>\n<meta name=\"description\" content=\"Weco A-KOOL, l&#039;armoire de stockage batteries Lithium s\u00e9curis\u00e9e refroidit \u00e0 l&#039;air, Syst\u00e8me de stockage d\u2019\u00e9nergie refroidi \u00e0 l\u2019air.\" \/>\n<meta name=\"robots\" content=\"noindex, follow, max-snippet:-1, max-image-preview:large, max-video-preview:-1\" \/>\n<meta property=\"og:locale\" content=\"fr_FR\" \/>\n<meta property=\"og:type\" content=\"article\" \/>\n<meta property=\"og:title\" content=\"Weco A-KOOL armoire s\u00e9curis\u00e9e stockage batteries lithium \u00e0 l&#039;air\" \/>\n<meta property=\"og:description\" content=\"Weco A-KOOL, l&#039;armoire de stockage batteries Lithium s\u00e9curis\u00e9e refroidit \u00e0 l&#039;air, Syst\u00e8me de stockage d\u2019\u00e9nergie refroidi \u00e0 l\u2019air.\" \/>\n<meta property=\"og:url\" content=\"http:\/\/dev.capenergie.fr\/catalogue\/photovoltaique\/autoconsommation-photovoltaique\/stockage-lithium-weco\/weco-a-kool.html\" \/>\n<meta property=\"article:modified_time\" content=\"2025-02-20T17:19:11+00:00\" \/>\n<meta property=\"og:image\" content=\"http:\/\/images.capenergie.fr\/produit\/photovoltaique\/autoconsommation\/weco-a-kool.png\" \/>\n<meta name=\"twitter:label1\" content=\"Dur\u00e9e de lecture estim\u00e9e\" \/>\n\t<meta name=\"twitter:data1\" content=\"3 minutes\" \/>\n<script type=\"application\/ld+json\" class=\"yoast-schema-graph\">{\"@context\":\"https:\/\/schema.org\",\"@graph\":[{\"@type\":\"WebPage\",\"@id\":\"http:\/\/dev.capenergie.fr\/catalogue\/photovoltaique\/autoconsommation-photovoltaique\/stockage-lithium-weco\/weco-a-kool.html\",\"url\":\"http:\/\/dev.capenergie.fr\/catalogue\/photovoltaique\/autoconsommation-photovoltaique\/stockage-lithium-weco\/weco-a-kool.html\",\"name\":\"Weco A-KOOL armoire s\u00e9curis\u00e9e stockage batteries lithium \u00e0 l'air\",\"isPartOf\":{\"@id\":\"http:\/\/dev.capenergie.fr\/catalogue\/#website\"},\"primaryImageOfPage\":{\"@id\":\"http:\/\/dev.capenergie.fr\/catalogue\/photovoltaique\/autoconsommation-photovoltaique\/stockage-lithium-weco\/weco-a-kool.html#primaryimage\"},\"image\":{\"@id\":\"http:\/\/dev.capenergie.fr\/catalogue\/photovoltaique\/autoconsommation-photovoltaique\/stockage-lithium-weco\/weco-a-kool.html#primaryimage\"},\"thumbnailUrl\":\"http:\/\/images.capenergie.fr\/produit\/photovoltaique\/autoconsommation\/weco-a-kool.png\",\"datePublished\":\"2025-02-20T17:13:25+00:00\",\"dateModified\":\"2025-02-20T17:19:11+00:00\",\"description\":\"Weco A-KOOL, l'armoire de stockage batteries Lithium s\u00e9curis\u00e9e refroidit \u00e0 l'air, Syst\u00e8me de stockage d\u2019\u00e9nergie refroidi \u00e0 l\u2019air.\",\"breadcrumb\":{\"@id\":\"http:\/\/dev.capenergie.fr\/catalogue\/photovoltaique\/autoconsommation-photovoltaique\/stockage-lithium-weco\/weco-a-kool.html#breadcrumb\"},\"inLanguage\":\"fr-FR\",\"potentialAction\":[{\"@type\":\"ReadAction\",\"target\":[\"http:\/\/dev.capenergie.fr\/catalogue\/photovoltaique\/autoconsommation-photovoltaique\/stockage-lithium-weco\/weco-a-kool.html\"]}]},{\"@type\":\"ImageObject\",\"inLanguage\":\"fr-FR\",\"@id\":\"http:\/\/dev.capenergie.fr\/catalogue\/photovoltaique\/autoconsommation-photovoltaique\/stockage-lithium-weco\/weco-a-kool.html#primaryimage\",\"url\":\"http:\/\/images.capenergie.fr\/produit\/photovoltaique\/autoconsommation\/weco-a-kool.png\",\"contentUrl\":\"http:\/\/images.capenergie.fr\/produit\/photovoltaique\/autoconsommation\/weco-a-kool.png\"},{\"@type\":\"BreadcrumbList\",\"@id\":\"http:\/\/dev.capenergie.fr\/catalogue\/photovoltaique\/autoconsommation-photovoltaique\/stockage-lithium-weco\/weco-a-kool.html#breadcrumb\",\"itemListElement\":[{\"@type\":\"ListItem\",\"position\":1,\"name\":\"Accueil\",\"item\":\"http:\/\/dev.capenergie.fr\/catalogue\/\"},{\"@type\":\"ListItem\",\"position\":2,\"name\":\"Distributeur Photovolta\u00efque\",\"item\":\"http:\/\/dev.capenergie.fr\/catalogue\/photovoltaique.html\"},{\"@type\":\"ListItem\",\"position\":3,\"name\":\"Autoconsommation photovolta\u00efque\",\"item\":\"http:\/\/dev.capenergie.fr\/catalogue\/photovoltaique\/autoconsommation-photovoltaique.html\"},{\"@type\":\"ListItem\",\"position\":4,\"name\":\"Stockage Lithium Weco\",\"item\":\"http:\/\/dev.capenergie.fr\/catalogue\/photovoltaique\/autoconsommation-photovoltaique\/stockage-lithium-weco.html\"},{\"@type\":\"ListItem\",\"position\":5,\"name\":\"A-KOOL, l&rsquo;armoire de stockage batteries lithium s\u00e9curis\u00e9e\"}]},{\"@type\":\"WebSite\",\"@id\":\"http:\/\/dev.capenergie.fr\/catalogue\/#website\",\"url\":\"http:\/\/dev.capenergie.fr\/catalogue\/\",\"name\":\"\",\"description\":\"\",\"potentialAction\":[{\"@type\":\"SearchAction\",\"target\":{\"@type\":\"EntryPoint\",\"urlTemplate\":\"http:\/\/dev.capenergie.fr\/catalogue\/?s={search_term_string}\"},\"query-input\":{\"@type\":\"PropertyValueSpecification\",\"valueRequired\":true,\"valueName\":\"search_term_string\"}}],\"inLanguage\":\"fr-FR\"}]}<\/script>\n<!-- \/ Yoast SEO plugin. -->","yoast_head_json":{"title":"Weco A-KOOL armoire s\u00e9curis\u00e9e stockage batteries lithium \u00e0 l'air","description":"Weco A-KOOL, l'armoire de stockage batteries Lithium s\u00e9curis\u00e9e refroidit \u00e0 l'air, Syst\u00e8me de stockage d\u2019\u00e9nergie refroidi \u00e0 l\u2019air.","robots":{"index":"noindex","follow":"follow","max-snippet":"max-snippet:-1","max-image-preview":"max-image-preview:large","max-video-preview":"max-video-preview:-1"},"og_locale":"fr_FR","og_type":"article","og_title":"Weco A-KOOL armoire s\u00e9curis\u00e9e stockage batteries lithium \u00e0 l'air","og_description":"Weco A-KOOL, l'armoire de stockage batteries Lithium s\u00e9curis\u00e9e refroidit \u00e0 l'air, Syst\u00e8me de stockage d\u2019\u00e9nergie refroidi \u00e0 l\u2019air.","og_url":"http:\/\/dev.capenergie.fr\/catalogue\/photovoltaique\/autoconsommation-photovoltaique\/stockage-lithium-weco\/weco-a-kool.html","article_modified_time":"2025-02-20T17:19:11+00:00","og_image":[{"url":"http:\/\/images.capenergie.fr\/produit\/photovoltaique\/autoconsommation\/weco-a-kool.png","type":"","width":"","height":""}],"twitter_misc":{"Dur\u00e9e de lecture estim\u00e9e":"3 minutes"},"schema":{"@context":"https:\/\/schema.org","@graph":[{"@type":"WebPage","@id":"http:\/\/dev.capenergie.fr\/catalogue\/photovoltaique\/autoconsommation-photovoltaique\/stockage-lithium-weco\/weco-a-kool.html","url":"http:\/\/dev.capenergie.fr\/catalogue\/photovoltaique\/autoconsommation-photovoltaique\/stockage-lithium-weco\/weco-a-kool.html","name":"Weco A-KOOL armoire s\u00e9curis\u00e9e stockage batteries lithium \u00e0 l'air","isPartOf":{"@id":"http:\/\/dev.capenergie.fr\/catalogue\/#website"},"primaryImageOfPage":{"@id":"http:\/\/dev.capenergie.fr\/catalogue\/photovoltaique\/autoconsommation-photovoltaique\/stockage-lithium-weco\/weco-a-kool.html#primaryimage"},"image":{"@id":"http:\/\/dev.capenergie.fr\/catalogue\/photovoltaique\/autoconsommation-photovoltaique\/stockage-lithium-weco\/weco-a-kool.html#primaryimage"},"thumbnailUrl":"http:\/\/images.capenergie.fr\/produit\/photovoltaique\/autoconsommation\/weco-a-kool.png","datePublished":"2025-02-20T17:13:25+00:00","dateModified":"2025-02-20T17:19:11+00:00","description":"Weco A-KOOL, l'armoire de stockage batteries Lithium s\u00e9curis\u00e9e refroidit \u00e0 l'air, Syst\u00e8me de stockage d\u2019\u00e9nergie refroidi \u00e0 l\u2019air.","breadcrumb":{"@id":"http:\/\/dev.capenergie.fr\/catalogue\/photovoltaique\/autoconsommation-photovoltaique\/stockage-lithium-weco\/weco-a-kool.html#breadcrumb"},"inLanguage":"fr-FR","potentialAction":[{"@type":"ReadAction","target":["http:\/\/dev.capenergie.fr\/catalogue\/photovoltaique\/autoconsommation-photovoltaique\/stockage-lithium-weco\/weco-a-kool.html"]}]},{"@type":"ImageObject","inLanguage":"fr-FR","@id":"http:\/\/dev.capenergie.fr\/catalogue\/photovoltaique\/autoconsommation-photovoltaique\/stockage-lithium-weco\/weco-a-kool.html#primaryimage","url":"http:\/\/images.capenergie.fr\/produit\/photovoltaique\/autoconsommation\/weco-a-kool.png","contentUrl":"http:\/\/images.capenergie.fr\/produit\/photovoltaique\/autoconsommation\/weco-a-kool.png"},{"@type":"BreadcrumbList","@id":"http:\/\/dev.capenergie.fr\/catalogue\/photovoltaique\/autoconsommation-photovoltaique\/stockage-lithium-weco\/weco-a-kool.html#breadcrumb","itemListElement":[{"@type":"ListItem","position":1,"name":"Accueil","item":"http:\/\/dev.capenergie.fr\/catalogue\/"},{"@type":"ListItem","position":2,"name":"Distributeur Photovolta\u00efque","item":"http:\/\/dev.capenergie.fr\/catalogue\/photovoltaique.html"},{"@type":"ListItem","position":3,"name":"Autoconsommation photovolta\u00efque","item":"http:\/\/dev.capenergie.fr\/catalogue\/photovoltaique\/autoconsommation-photovoltaique.html"},{"@type":"ListItem","position":4,"name":"Stockage Lithium Weco","item":"http:\/\/dev.capenergie.fr\/catalogue\/photovoltaique\/autoconsommation-photovoltaique\/stockage-lithium-weco.html"},{"@type":"ListItem","position":5,"name":"A-KOOL, l&rsquo;armoire de stockage batteries lithium s\u00e9curis\u00e9e"}]},{"@type":"WebSite","@id":"http:\/\/dev.capenergie.fr\/catalogue\/#website","url":"http:\/\/dev.capenergie.fr\/catalogue\/","name":"","description":"","potentialAction":[{"@type":"SearchAction","target":{"@type":"EntryPoint","urlTemplate":"http:\/\/dev.capenergie.fr\/catalogue\/?s={search_term_string}"},"query-input":{"@type":"PropertyValueSpecification","valueRequired":true,"valueName":"search_term_string"}}],"inLanguage":"fr-FR"}]}},"_links":{"self":[{"href":"http:\/\/dev.capenergie.fr\/catalogue\/wp-json\/wp\/v2\/pages\/5459","targetHints":{"allow":["GET"]}}],"collection":[{"href":"http:\/\/dev.capenergie.fr\/catalogue\/wp-json\/wp\/v2\/pages"}],"about":[{"href":"http:\/\/dev.capenergie.fr\/catalogue\/wp-json\/wp\/v2\/types\/page"}],"author":[{"embeddable":true,"href":"http:\/\/dev.capenergie.fr\/catalogue\/wp-json\/wp\/v2\/users\/1"}],"replies":[{"embeddable":true,"href":"http:\/\/dev.capenergie.fr\/catalogue\/wp-json\/wp\/v2\/comments?post=5459"}],"version-history":[{"count":5,"href":"http:\/\/dev.capenergie.fr\/catalogue\/wp-json\/wp\/v2\/pages\/5459\/revisions"}],"predecessor-version":[{"id":5466,"href":"http:\/\/dev.capenergie.fr\/catalogue\/wp-json\/wp\/v2\/pages\/5459\/revisions\/5466"}],"up":[{"embeddable":true,"href":"http:\/\/dev.capenergie.fr\/catalogue\/wp-json\/wp\/v2\/pages\/4577"}],"wp:attachment":[{"href":"http:\/\/dev.capenergie.fr\/catalogue\/wp-json\/wp\/v2\/media?parent=5459"}],"curies":[{"name":"wp","href":"https:\/\/api.w.org\/{rel}","templated":true}]}}