{"id":5467,"date":"2025-02-24T12:43:17","date_gmt":"2025-02-24T11:43:17","guid":{"rendered":"https:\/\/www.capenergie.fr\/catalogue\/?page_id=5467"},"modified":"2025-02-24T12:43:17","modified_gmt":"2025-02-24T11:43:17","slug":"li-kool-larmoire-de-stockage-batteries-lithium-securisee","status":"publish","type":"page","link":"http:\/\/dev.capenergie.fr\/catalogue\/li-kool-larmoire-de-stockage-batteries-lithium-securisee.html","title":{"rendered":"LI-KOOL, l&rsquo;armoire de stockage batteries lithium s\u00e9curis\u00e9e"},"content":{"rendered":"<p><img decoding=\"async\" alt=\"Armoire de s\u00e9curit\u00e9 stockage batterie lithium weco LI-KOOL\" src=\"http:\/\/images.capenergie.fr\/produit\/photovoltaique\/autoconsommation\/weco-li-kool.png\" class=\"alignleft\" width=\"125\" height=\"125\" \/><\/p>\n<p><strong>Cap Energie propose le syst\u00e8me de stockage autoconsommation armoire de s\u00e9curit\u00e9 stockage batteries lithium LI-Kool de Weco. <\/strong>Cette armoire de s\u00e9curit\u00e9 stockage batteries lithium  est la <a href=\"\/catalogue\/photovoltaique\/autoconsommation-photovoltaique\/stockage-lithium-weco.html\" title=\"solution de stockage Lithium Weco\">solution de stockage Lithium Weco<\/a> LI-Kool. Le Weco LI-KOOL est un syst\u00e8me avanc\u00e9 de stockage d&rsquo;\u00e9nergie dot\u00e9 d&rsquo;une gestion thermique par refroidissement liquide, garantissant un contr\u00f4le optimal de la temp\u00e9rature pour des performances am\u00e9lior\u00e9es et une dur\u00e9e de vie prolong\u00e9e. Con\u00e7u pour des applications commerciales et industrielles, il offre une capacit\u00e9 de stockage modulable de 233 kWh \u00e0 373 kWh, avec une tension nominale variant entre 874 V et 1477 V en fonction du mod\u00e8le choisi. L&rsquo;armoire, certifi\u00e9e IP54, assure une protection robuste contre la poussi\u00e8re et l&rsquo;eau, permettant une installation en ext\u00e9rieur dans diverses conditions environnementales. Cette <a href=\"\/catalogue\/photovoltaique\/autoconsommation-photovoltaique\/stockage-lithium-weco\/weco-a-kool.\" title=\"armoire de s\u00e9curit\u00e9 stockage batteries lithium\">armoire de s\u00e9curit\u00e9 stockage batteries lithium weco<\/a> existe \u00e9galement en version en mode refroidissement \u00e0 air.<\/p>\n<h2>LI-Kool de Weco, la s\u00e9curit\u00e9 et le refroidissement liquide<\/h2>\n<p>Pour renforcer la s\u00e9curit\u00e9, le LI-KOOL est \u00e9quip\u00e9 de fonctionnalit\u00e9s avanc\u00e9es telles que des alarmes de fum\u00e9e, la d\u00e9tection de flammes, des m\u00e9canismes de protection DC, des alertes de haute temp\u00e9rature et un bouton d&rsquo;arr\u00eat d&rsquo;urgence. De plus, son syst\u00e8me de gestion de batterie (BMS) int\u00e9gr\u00e9 assure une surveillance en temps r\u00e9el, accessible via l&rsquo;application mobile Weco, facilitant ainsi le suivi des performances et de la consommation \u00e9nerg\u00e9tique. Cette combinaison de technologies innovantes fait du Weco LI-KOOL une solution fiable et efficace pour les besoins \u00e9nerg\u00e9tiques exigeants.<\/p>\n<p><img decoding=\"async\" src=\"http:\/\/www.capenergie.fr\/catalogue\/wp-content\/uploads\/2025\/02\/LI-KOOL-weco.jpg\" alt=\"LI-KOOL weco\" width=\"100%\" class=\"aligncenter size-full wp-image-5470\" srcset=\"http:\/\/dev.capenergie.fr\/catalogue\/wp-content\/uploads\/2025\/02\/LI-KOOL-weco.jpg 800w, http:\/\/dev.capenergie.fr\/catalogue\/wp-content\/uploads\/2025\/02\/LI-KOOL-weco-300x271.jpg 300w, http:\/\/dev.capenergie.fr\/catalogue\/wp-content\/uploads\/2025\/02\/LI-KOOL-weco-768x693.jpg 768w\" sizes=\"(max-width: 800px) 100vw, 800px\" \/><\/p>\n<h2>Donn\u00e9es techniques LI-Kool 233 et 373 de Weco<\/h2>\n<h3>Donn\u00e9es techniques pour l&rsquo;armoire de s\u00e9curit\u00e9 stockage batteries lithium<strong><\/strong> refroidit \u00e0 l&rsquo;air<\/h3>\n<p><strong>Type<\/strong> : Armoire refroidissement liquide <br \/>\n  <strong>D\u00e9clinaison<\/strong> : 233 et 373<br \/>\n  <strong>Capacit\u00e9 de stockage<\/strong> : 233 et 373 kWh<br \/>\n  <strong>Altitude Max. :<\/strong> 2000 m <br \/>\n  <strong>Technologie de la batterie<\/strong> : Lithium fer phosphate<br \/>\n  <strong>S\u00e9curit\u00e9<\/strong> : D\u00e9tection de flamme, m\u00e9canismes de protection DC, alarmes haute temp\u00e9rature, d\u00e9tecteur de fum\u00e9e, bouton d\u2019arr\u00eat  d\u2019urgence.<br \/>\n  <strong>Alarme<\/strong> : Sonore  et  visuel flash <br \/>\n  <strong>Temp\u00e9rature de fonctionnement<\/strong> : -20 \u00e0 60\u00b0C<br \/>\n  <strong>Contr\u00f4le \u00e0 distance<\/strong> : WeCo NooR App<\/p>\n<p>  L&rsquo;ensemble des donn\u00e9es techniques est propos\u00e9 sur la   fiche technique \u00e0 t\u00e9l\u00e9charger ci-dessous.<\/p>\n<h2>Documentation techniques A-Kool<\/h2>\n<table id=\"tab-list-prod\" width=\"100%%\" border=\"0\">\n<tr id=\"rang-prod\">\n<td>\n   \t\t  <a href=\"http:\/\/pdf.capenergie.fr\/doc-autoconso\/weco-li-kool.pdf\" title=\"Fiche technique Weco LI-KOOL\" target=\"_blank\" rel=\"noopener\"><\/p>\n<div id=\"doc-pdf\"><\/div>\n<p>\t\t  Fiche technique Weco  LI-KOOL<\/a><\/td>\n<\/tr>\n<\/table>\n","protected":false},"excerpt":{"rendered":"<p>Cap Energie propose le syst\u00e8me de stockage autoconsommation armoire de s\u00e9curit\u00e9 stockage batteries lithium LI-Kool de Weco. Cette armoire de s\u00e9curit\u00e9 stockage batteries lithium est la solution de stockage Lithium Weco LI-Kool. Le Weco LI-KOOL est un syst\u00e8me avanc\u00e9 de stockage d&rsquo;\u00e9nergie dot\u00e9 d&rsquo;une gestion thermique par refroidissement liquide, garantissant un contr\u00f4le optimal de la [&hellip;]<\/p>\n","protected":false},"author":1,"featured_media":0,"parent":0,"menu_order":0,"comment_status":"closed","ping_status":"closed","template":"","meta":{"ngg_post_thumbnail":0,"footnotes":""},"class_list":["post-5467","page","type-page","status-publish","hentry"],"yoast_head":"<!-- This site is optimized with the Yoast SEO plugin v26.8 - https:\/\/yoast.com\/product\/yoast-seo-wordpress\/ -->\n<title>LI-KOOL armoire s\u00e9curis\u00e9e batterie lithium refroidissement liquide<\/title>\n<meta name=\"description\" content=\"Weco LI-KOOL, l&#039;armoire de stockage batteries Lithium s\u00e9curis\u00e9e refroidissement liquide, Syst\u00e8me de stockage d\u2019\u00e9nergie refroidi.\" \/>\n<meta name=\"robots\" content=\"noindex, follow, max-snippet:-1, max-image-preview:large, max-video-preview:-1\" \/>\n<meta property=\"og:locale\" content=\"fr_FR\" \/>\n<meta property=\"og:type\" content=\"article\" \/>\n<meta property=\"og:title\" content=\"LI-KOOL armoire s\u00e9curis\u00e9e batterie lithium refroidissement liquide\" \/>\n<meta property=\"og:description\" content=\"Weco LI-KOOL, l&#039;armoire de stockage batteries Lithium s\u00e9curis\u00e9e refroidissement liquide, Syst\u00e8me de stockage d\u2019\u00e9nergie refroidi.\" \/>\n<meta property=\"og:url\" content=\"http:\/\/dev.capenergie.fr\/catalogue\/li-kool-larmoire-de-stockage-batteries-lithium-securisee.html\" \/>\n<meta property=\"og:image\" content=\"http:\/\/images.capenergie.fr\/produit\/photovoltaique\/autoconsommation\/weco-li-kool.png\" \/>\n<meta name=\"twitter:label1\" content=\"Dur\u00e9e de lecture estim\u00e9e\" \/>\n\t<meta name=\"twitter:data1\" content=\"2 minutes\" \/>\n<script type=\"application\/ld+json\" class=\"yoast-schema-graph\">{\"@context\":\"https:\/\/schema.org\",\"@graph\":[{\"@type\":\"WebPage\",\"@id\":\"http:\/\/dev.capenergie.fr\/catalogue\/li-kool-larmoire-de-stockage-batteries-lithium-securisee.html\",\"url\":\"http:\/\/dev.capenergie.fr\/catalogue\/li-kool-larmoire-de-stockage-batteries-lithium-securisee.html\",\"name\":\"LI-KOOL armoire s\u00e9curis\u00e9e batterie lithium refroidissement liquide\",\"isPartOf\":{\"@id\":\"http:\/\/dev.capenergie.fr\/catalogue\/#website\"},\"primaryImageOfPage\":{\"@id\":\"http:\/\/dev.capenergie.fr\/catalogue\/li-kool-larmoire-de-stockage-batteries-lithium-securisee.html#primaryimage\"},\"image\":{\"@id\":\"http:\/\/dev.capenergie.fr\/catalogue\/li-kool-larmoire-de-stockage-batteries-lithium-securisee.html#primaryimage\"},\"thumbnailUrl\":\"http:\/\/images.capenergie.fr\/produit\/photovoltaique\/autoconsommation\/weco-li-kool.png\",\"datePublished\":\"2025-02-24T11:43:17+00:00\",\"description\":\"Weco LI-KOOL, l'armoire de stockage batteries Lithium s\u00e9curis\u00e9e refroidissement liquide, Syst\u00e8me de stockage d\u2019\u00e9nergie refroidi.\",\"breadcrumb\":{\"@id\":\"http:\/\/dev.capenergie.fr\/catalogue\/li-kool-larmoire-de-stockage-batteries-lithium-securisee.html#breadcrumb\"},\"inLanguage\":\"fr-FR\",\"potentialAction\":[{\"@type\":\"ReadAction\",\"target\":[\"http:\/\/dev.capenergie.fr\/catalogue\/li-kool-larmoire-de-stockage-batteries-lithium-securisee.html\"]}]},{\"@type\":\"ImageObject\",\"inLanguage\":\"fr-FR\",\"@id\":\"http:\/\/dev.capenergie.fr\/catalogue\/li-kool-larmoire-de-stockage-batteries-lithium-securisee.html#primaryimage\",\"url\":\"http:\/\/images.capenergie.fr\/produit\/photovoltaique\/autoconsommation\/weco-li-kool.png\",\"contentUrl\":\"http:\/\/images.capenergie.fr\/produit\/photovoltaique\/autoconsommation\/weco-li-kool.png\"},{\"@type\":\"BreadcrumbList\",\"@id\":\"http:\/\/dev.capenergie.fr\/catalogue\/li-kool-larmoire-de-stockage-batteries-lithium-securisee.html#breadcrumb\",\"itemListElement\":[{\"@type\":\"ListItem\",\"position\":1,\"name\":\"Accueil\",\"item\":\"http:\/\/dev.capenergie.fr\/catalogue\/\"},{\"@type\":\"ListItem\",\"position\":2,\"name\":\"LI-KOOL, l&rsquo;armoire de stockage batteries lithium s\u00e9curis\u00e9e\"}]},{\"@type\":\"WebSite\",\"@id\":\"http:\/\/dev.capenergie.fr\/catalogue\/#website\",\"url\":\"http:\/\/dev.capenergie.fr\/catalogue\/\",\"name\":\"\",\"description\":\"\",\"potentialAction\":[{\"@type\":\"SearchAction\",\"target\":{\"@type\":\"EntryPoint\",\"urlTemplate\":\"http:\/\/dev.capenergie.fr\/catalogue\/?s={search_term_string}\"},\"query-input\":{\"@type\":\"PropertyValueSpecification\",\"valueRequired\":true,\"valueName\":\"search_term_string\"}}],\"inLanguage\":\"fr-FR\"}]}<\/script>\n<!-- \/ Yoast SEO plugin. -->","yoast_head_json":{"title":"LI-KOOL armoire s\u00e9curis\u00e9e batterie lithium refroidissement liquide","description":"Weco LI-KOOL, l'armoire de stockage batteries Lithium s\u00e9curis\u00e9e refroidissement liquide, Syst\u00e8me de stockage d\u2019\u00e9nergie refroidi.","robots":{"index":"noindex","follow":"follow","max-snippet":"max-snippet:-1","max-image-preview":"max-image-preview:large","max-video-preview":"max-video-preview:-1"},"og_locale":"fr_FR","og_type":"article","og_title":"LI-KOOL armoire s\u00e9curis\u00e9e batterie lithium refroidissement liquide","og_description":"Weco LI-KOOL, l'armoire de stockage batteries Lithium s\u00e9curis\u00e9e refroidissement liquide, Syst\u00e8me de stockage d\u2019\u00e9nergie refroidi.","og_url":"http:\/\/dev.capenergie.fr\/catalogue\/li-kool-larmoire-de-stockage-batteries-lithium-securisee.html","og_image":[{"url":"http:\/\/images.capenergie.fr\/produit\/photovoltaique\/autoconsommation\/weco-li-kool.png","type":"","width":"","height":""}],"twitter_misc":{"Dur\u00e9e de lecture estim\u00e9e":"2 minutes"},"schema":{"@context":"https:\/\/schema.org","@graph":[{"@type":"WebPage","@id":"http:\/\/dev.capenergie.fr\/catalogue\/li-kool-larmoire-de-stockage-batteries-lithium-securisee.html","url":"http:\/\/dev.capenergie.fr\/catalogue\/li-kool-larmoire-de-stockage-batteries-lithium-securisee.html","name":"LI-KOOL armoire s\u00e9curis\u00e9e batterie lithium refroidissement liquide","isPartOf":{"@id":"http:\/\/dev.capenergie.fr\/catalogue\/#website"},"primaryImageOfPage":{"@id":"http:\/\/dev.capenergie.fr\/catalogue\/li-kool-larmoire-de-stockage-batteries-lithium-securisee.html#primaryimage"},"image":{"@id":"http:\/\/dev.capenergie.fr\/catalogue\/li-kool-larmoire-de-stockage-batteries-lithium-securisee.html#primaryimage"},"thumbnailUrl":"http:\/\/images.capenergie.fr\/produit\/photovoltaique\/autoconsommation\/weco-li-kool.png","datePublished":"2025-02-24T11:43:17+00:00","description":"Weco LI-KOOL, l'armoire de stockage batteries Lithium s\u00e9curis\u00e9e refroidissement liquide, Syst\u00e8me de stockage d\u2019\u00e9nergie refroidi.","breadcrumb":{"@id":"http:\/\/dev.capenergie.fr\/catalogue\/li-kool-larmoire-de-stockage-batteries-lithium-securisee.html#breadcrumb"},"inLanguage":"fr-FR","potentialAction":[{"@type":"ReadAction","target":["http:\/\/dev.capenergie.fr\/catalogue\/li-kool-larmoire-de-stockage-batteries-lithium-securisee.html"]}]},{"@type":"ImageObject","inLanguage":"fr-FR","@id":"http:\/\/dev.capenergie.fr\/catalogue\/li-kool-larmoire-de-stockage-batteries-lithium-securisee.html#primaryimage","url":"http:\/\/images.capenergie.fr\/produit\/photovoltaique\/autoconsommation\/weco-li-kool.png","contentUrl":"http:\/\/images.capenergie.fr\/produit\/photovoltaique\/autoconsommation\/weco-li-kool.png"},{"@type":"BreadcrumbList","@id":"http:\/\/dev.capenergie.fr\/catalogue\/li-kool-larmoire-de-stockage-batteries-lithium-securisee.html#breadcrumb","itemListElement":[{"@type":"ListItem","position":1,"name":"Accueil","item":"http:\/\/dev.capenergie.fr\/catalogue\/"},{"@type":"ListItem","position":2,"name":"LI-KOOL, l&rsquo;armoire de stockage batteries lithium s\u00e9curis\u00e9e"}]},{"@type":"WebSite","@id":"http:\/\/dev.capenergie.fr\/catalogue\/#website","url":"http:\/\/dev.capenergie.fr\/catalogue\/","name":"","description":"","potentialAction":[{"@type":"SearchAction","target":{"@type":"EntryPoint","urlTemplate":"http:\/\/dev.capenergie.fr\/catalogue\/?s={search_term_string}"},"query-input":{"@type":"PropertyValueSpecification","valueRequired":true,"valueName":"search_term_string"}}],"inLanguage":"fr-FR"}]}},"_links":{"self":[{"href":"http:\/\/dev.capenergie.fr\/catalogue\/wp-json\/wp\/v2\/pages\/5467","targetHints":{"allow":["GET"]}}],"collection":[{"href":"http:\/\/dev.capenergie.fr\/catalogue\/wp-json\/wp\/v2\/pages"}],"about":[{"href":"http:\/\/dev.capenergie.fr\/catalogue\/wp-json\/wp\/v2\/types\/page"}],"author":[{"embeddable":true,"href":"http:\/\/dev.capenergie.fr\/catalogue\/wp-json\/wp\/v2\/users\/1"}],"replies":[{"embeddable":true,"href":"http:\/\/dev.capenergie.fr\/catalogue\/wp-json\/wp\/v2\/comments?post=5467"}],"version-history":[{"count":3,"href":"http:\/\/dev.capenergie.fr\/catalogue\/wp-json\/wp\/v2\/pages\/5467\/revisions"}],"predecessor-version":[{"id":5471,"href":"http:\/\/dev.capenergie.fr\/catalogue\/wp-json\/wp\/v2\/pages\/5467\/revisions\/5471"}],"wp:attachment":[{"href":"http:\/\/dev.capenergie.fr\/catalogue\/wp-json\/wp\/v2\/media?parent=5467"}],"curies":[{"name":"wp","href":"https:\/\/api.w.org\/{rel}","templated":true}]}}