{"id":729,"date":"2013-01-11T12:16:08","date_gmt":"2013-01-11T11:16:08","guid":{"rendered":"http:\/\/www.capenergie.fr\/catalogue3\/?page_id=729"},"modified":"2017-04-20T11:46:26","modified_gmt":"2017-04-20T09:46:26","slug":"air-solaire-grammer-solar","status":"publish","type":"page","link":"http:\/\/dev.capenergie.fr\/catalogue\/air-solaire-grammer-solar.html","title":{"rendered":"Air solaire Grammer Solar"},"content":{"rendered":"<div  id=\"content-box2\">\n<p><strong>Pour le chauffage et la d\u00e9shumidification Cap Energie propose le Syst\u00e8me Air solaire de <a href=\"\/catalogue\/thermique.html\" title=\"Grammer solar\">Grammer solar<\/a>, Facile, efficace, autonome <\/strong>!<br \/>\n  R\u00e9duire les  frais de chauffage, stopper les probl\u00e8mes d\u00b4humidit\u00e9, \u00e9radiquer les probl\u00e8mes d\u00fbs \u00e0 une mauvaise ventilation&#8230;<\/p>\n<\/div>\n<div>\n<h2>Air solaire Grammer<\/h2>\n<p>\n  La technologie Air Solaire offre <strong>une solution facile et efficace \u00e0 tous ces probl\u00e8mes<\/strong>.<br \/>\n  Que ce soit pour votre r\u00e9sidence principale ou secondaire, il y a toujours un capteur \u00e0 air adapt\u00e9 \u00e0 votre cas.<br \/>\n  Les capteurs AIRSOLAIRE s\u2019<strong>installent sur n\u2019importe quel toit ou mur<\/strong> expos\u00e9 au soleil!<br \/>\n  AIRSOLAIRE est <strong>ind\u00e9pendant du syst\u00e8me de chauffage<\/strong> en place et s\u2019adapte \u00e0 tout syst\u00e8me existant.<br \/>\n  En rajoutant un <strong>\u00e9changeur air-eau<\/strong> on peut utiliser ce chauffage m\u00eame en \u00e9t\u00e9 pour produire l\u2019eau chaude sanitaire.<br \/>\n  Tout cela sans risques de fuite, surchauffe ou gel.<br \/>\n  <strong>Depuis plus de 30 ans<\/strong>, Grammer Solar travaille dans le domaine des capteurs solaires d\u2019air.<br \/>\n  En collaborant avec des instituts de recherche reconnus, Grammer a optimis\u00e9 ses produits jusqu\u2019\u00e0 obtenir le <strong>rendement maximum<\/strong> et la qualit\u00e9 la plus haute du march\u00e9.<\/p>\n<\/div>\n<p><?php\nglobal $post;\n\/\/ showposts: nombre d'article affich\u00e9\n\/\/ category: l'id de la cat\u00e9gorie\n$postslist = get_posts('showposts=99&#038;category=18&#038;order=DESC&#038;orderby=date');\nforeach($postslist as $post) :\nsetup_postdata($post);\n?><\/p>\n<div class=\"extrait-article\">\n<h2><a href=\"<?php the_permalink() ?>\u00a0\u00bb rel=\u00a0\u00bbbookmark\u00a0\u00bb title=\u00a0\u00bb<?php the_title_attribute(); ?>\u00ab\u00a0><?php the_title(); ?><\/a><\/h2>\n<p>    <?php the_excerpt(); ?><\/p>\n<\/div>\n<p><?php endforeach; ?><\/p>\n<table id=\"tab-list-prod\" width=\"100%%\" border=\"0\">\n<tr>\n<td>\n<h2>Notice Grammer<\/h2>\n<\/td>\n<\/tr>\n<tr id=\"rang-prod\">\n<td>\n<h3>Manuel de montage les produits Grammer Solar<\/h3>\n<div class=\"separator-orange\"><\/div>\n<p>        <a href=\"http:\/\/pdf.capenergie.fr\/doc-air-solaire\/air_solaire-plaquette-grammer.pdf\" target=\"_blank\"><\/p>\n<div id=\"doc-pdf\"><\/div>\n<p>Documentation technique<\/a>\n        <\/td>\n<\/tr>\n<tr id=\"rang-prod\">\n<td>\n<h3>Autres documentation Grammer Solar<\/h3>\n<div class=\"separator-orange\"><\/div>\n<p>        <a href=\"http:\/\/pdf.capenergie.fr\/doc-air-solaire\/Brochure-Grammer-lgt.pdf\" target=\"_blank\"><\/p>\n<div id=\"doc-pdf\"><\/div>\n<p>Brochure G\u00e9n\u00e9rale Grammer solar<\/a>\n        <\/td>\n<\/tr>\n<tr id=\"rang-prod\">\n<td>\n<div class=\"separator-orange\"><\/div>\n<p>        <a href=\"http:\/\/pdf.capenergie.fr\/doc-air-solaire\/air_solaire_OrientationCapteur.pdf\" target=\"_blank\"><\/p>\n<div id=\"doc-pdf\"><\/div>\n<p>Documentation Orientation des capteurs<\/a>\n        <\/td>\n<\/tr>\n<tr id=\"rang-prod\">\n<td>\n<div class=\"separator-orange\"><\/div>\n<p>        <a href=\"http:\/\/pdf.capenergie.fr\/doc-certificat\/Grammer-solar-130124_testing_confirmation_stm.pdf\" target=\"_blank\"><\/p>\n<div id=\"doc-pdf\"><\/div>\n<p>Certificat Solarkeymark : confirmation du Fraunhofer ISE<\/a>\n        <\/td>\n<\/tr>\n<tr id=\"rang-prod\">\n<td>\n<div class=\"separator-orange\"><\/div>\n<p>        <a href=\"http:\/\/pdf.capenergie.fr\/doc-certificat\/Grammer-solar-conformite.pdf\" target=\"_blank\"><\/p>\n<div id=\"doc-pdf\"><\/div>\n<p>Certificat conformit\u00e9 Solarkeymark : GLK &#8211; SLK<\/a>\n        <\/td>\n<\/tr>\n<tr id=\"rang-prod\">\n<td>\n<div class=\"separator-orange\"><\/div>\n<p>        <a href=\"http:\/\/pdf.capenergie.fr\/doc-certificat\/Grammer-solar-conformite-gel-twinsolar.pdf\" target=\"_blank\"><\/p>\n<div id=\"doc-pdf\"><\/div>\n<p>Certificat conformit\u00e9 Gel : Twinsolar<\/a>\n        <\/td>\n<\/tr>\n<tr id=\"rang-prod\">\n<td>\n<div class=\"separator-orange\"><\/div>\n<p>        <a href=\"http:\/\/pdf.capenergie.fr\/doc-certificat\/Grammer-solar-conformite-gel-slk.pdf\" target=\"_blank\"><\/p>\n<div id=\"doc-pdf\"><\/div>\n<p>Certificat conformit\u00e9 Gel : SLK<\/a>\n        <\/td>\n<\/tr>\n<\/table>\n","protected":false},"excerpt":{"rendered":"<p>Pour le chauffage et la d\u00e9shumidification Cap Energie propose le Syst\u00e8me Air solaire de Grammer solar, Facile, efficace, autonome ! R\u00e9duire les frais de chauffage, stopper les probl\u00e8mes d\u00b4humidit\u00e9, \u00e9radiquer les probl\u00e8mes d\u00fbs \u00e0 une mauvaise ventilation&#8230; Air solaire Grammer La technologie Air Solaire offre une solution facile et efficace \u00e0 tous ces probl\u00e8mes. Que [&hellip;]<\/p>\n","protected":false},"author":1,"featured_media":0,"parent":0,"menu_order":0,"comment_status":"closed","ping_status":"closed","template":"","meta":{"ngg_post_thumbnail":0,"footnotes":""},"class_list":["post-729","page","type-page","status-publish","hentry"],"yoast_head":"<!-- This site is optimized with the Yoast SEO plugin v26.8 - https:\/\/yoast.com\/product\/yoast-seo-wordpress\/ -->\n<title>Air solaire Grammer solar - syst\u00e8me solaire thermique Grammer Solar<\/title>\n<meta name=\"description\" content=\"Cap Energie Distributeur Grammer solar Twin solar, jumbo solar, grammar solar, l&#039;ensemble des syst\u00e8mes air solaire pour le chauffage, l&#039;eau chaude et la d\u00e9s-humidification de l&#039;habitat\" \/>\n<meta name=\"robots\" content=\"noindex, follow, max-snippet:-1, max-image-preview:large, max-video-preview:-1\" \/>\n<meta property=\"og:locale\" content=\"fr_FR\" \/>\n<meta property=\"og:type\" content=\"article\" \/>\n<meta property=\"og:title\" content=\"Air solaire Grammer solar - syst\u00e8me solaire thermique Grammer Solar\" \/>\n<meta property=\"og:description\" content=\"Cap Energie Distributeur Grammer solar Twin solar, jumbo solar, grammar solar, l&#039;ensemble des syst\u00e8mes air solaire pour le chauffage, l&#039;eau chaude et la d\u00e9s-humidification de l&#039;habitat\" \/>\n<meta property=\"og:url\" content=\"http:\/\/dev.capenergie.fr\/catalogue\/air-solaire-grammer-solar.html\" \/>\n<meta property=\"article:modified_time\" content=\"2017-04-20T09:46:26+00:00\" \/>\n<meta name=\"twitter:label1\" content=\"Dur\u00e9e de lecture estim\u00e9e\" \/>\n\t<meta name=\"twitter:data1\" content=\"1 minute\" \/>\n<script type=\"application\/ld+json\" class=\"yoast-schema-graph\">{\"@context\":\"https:\/\/schema.org\",\"@graph\":[{\"@type\":\"WebPage\",\"@id\":\"http:\/\/dev.capenergie.fr\/catalogue\/air-solaire-grammer-solar.html\",\"url\":\"http:\/\/dev.capenergie.fr\/catalogue\/air-solaire-grammer-solar.html\",\"name\":\"Air solaire Grammer solar - syst\u00e8me solaire thermique Grammer Solar\",\"isPartOf\":{\"@id\":\"http:\/\/dev.capenergie.fr\/catalogue\/#website\"},\"datePublished\":\"2013-01-11T11:16:08+00:00\",\"dateModified\":\"2017-04-20T09:46:26+00:00\",\"description\":\"Cap Energie Distributeur Grammer solar Twin solar, jumbo solar, grammar solar, l'ensemble des syst\u00e8mes air solaire pour le chauffage, l'eau chaude et la d\u00e9s-humidification de l'habitat\",\"breadcrumb\":{\"@id\":\"http:\/\/dev.capenergie.fr\/catalogue\/air-solaire-grammer-solar.html#breadcrumb\"},\"inLanguage\":\"fr-FR\",\"potentialAction\":[{\"@type\":\"ReadAction\",\"target\":[\"http:\/\/dev.capenergie.fr\/catalogue\/air-solaire-grammer-solar.html\"]}]},{\"@type\":\"BreadcrumbList\",\"@id\":\"http:\/\/dev.capenergie.fr\/catalogue\/air-solaire-grammer-solar.html#breadcrumb\",\"itemListElement\":[{\"@type\":\"ListItem\",\"position\":1,\"name\":\"Accueil\",\"item\":\"http:\/\/dev.capenergie.fr\/catalogue\/\"},{\"@type\":\"ListItem\",\"position\":2,\"name\":\"Air solaire Grammer Solar\"}]},{\"@type\":\"WebSite\",\"@id\":\"http:\/\/dev.capenergie.fr\/catalogue\/#website\",\"url\":\"http:\/\/dev.capenergie.fr\/catalogue\/\",\"name\":\"\",\"description\":\"\",\"potentialAction\":[{\"@type\":\"SearchAction\",\"target\":{\"@type\":\"EntryPoint\",\"urlTemplate\":\"http:\/\/dev.capenergie.fr\/catalogue\/?s={search_term_string}\"},\"query-input\":{\"@type\":\"PropertyValueSpecification\",\"valueRequired\":true,\"valueName\":\"search_term_string\"}}],\"inLanguage\":\"fr-FR\"}]}<\/script>\n<!-- \/ Yoast SEO plugin. -->","yoast_head_json":{"title":"Air solaire Grammer solar - syst\u00e8me solaire thermique Grammer Solar","description":"Cap Energie Distributeur Grammer solar Twin solar, jumbo solar, grammar solar, l'ensemble des syst\u00e8mes air solaire pour le chauffage, l'eau chaude et la d\u00e9s-humidification de l'habitat","robots":{"index":"noindex","follow":"follow","max-snippet":"max-snippet:-1","max-image-preview":"max-image-preview:large","max-video-preview":"max-video-preview:-1"},"og_locale":"fr_FR","og_type":"article","og_title":"Air solaire Grammer solar - syst\u00e8me solaire thermique Grammer Solar","og_description":"Cap Energie Distributeur Grammer solar Twin solar, jumbo solar, grammar solar, l'ensemble des syst\u00e8mes air solaire pour le chauffage, l'eau chaude et la d\u00e9s-humidification de l'habitat","og_url":"http:\/\/dev.capenergie.fr\/catalogue\/air-solaire-grammer-solar.html","article_modified_time":"2017-04-20T09:46:26+00:00","twitter_misc":{"Dur\u00e9e de lecture estim\u00e9e":"1 minute"},"schema":{"@context":"https:\/\/schema.org","@graph":[{"@type":"WebPage","@id":"http:\/\/dev.capenergie.fr\/catalogue\/air-solaire-grammer-solar.html","url":"http:\/\/dev.capenergie.fr\/catalogue\/air-solaire-grammer-solar.html","name":"Air solaire Grammer solar - syst\u00e8me solaire thermique Grammer Solar","isPartOf":{"@id":"http:\/\/dev.capenergie.fr\/catalogue\/#website"},"datePublished":"2013-01-11T11:16:08+00:00","dateModified":"2017-04-20T09:46:26+00:00","description":"Cap Energie Distributeur Grammer solar Twin solar, jumbo solar, grammar solar, l'ensemble des syst\u00e8mes air solaire pour le chauffage, l'eau chaude et la d\u00e9s-humidification de l'habitat","breadcrumb":{"@id":"http:\/\/dev.capenergie.fr\/catalogue\/air-solaire-grammer-solar.html#breadcrumb"},"inLanguage":"fr-FR","potentialAction":[{"@type":"ReadAction","target":["http:\/\/dev.capenergie.fr\/catalogue\/air-solaire-grammer-solar.html"]}]},{"@type":"BreadcrumbList","@id":"http:\/\/dev.capenergie.fr\/catalogue\/air-solaire-grammer-solar.html#breadcrumb","itemListElement":[{"@type":"ListItem","position":1,"name":"Accueil","item":"http:\/\/dev.capenergie.fr\/catalogue\/"},{"@type":"ListItem","position":2,"name":"Air solaire Grammer Solar"}]},{"@type":"WebSite","@id":"http:\/\/dev.capenergie.fr\/catalogue\/#website","url":"http:\/\/dev.capenergie.fr\/catalogue\/","name":"","description":"","potentialAction":[{"@type":"SearchAction","target":{"@type":"EntryPoint","urlTemplate":"http:\/\/dev.capenergie.fr\/catalogue\/?s={search_term_string}"},"query-input":{"@type":"PropertyValueSpecification","valueRequired":true,"valueName":"search_term_string"}}],"inLanguage":"fr-FR"}]}},"_links":{"self":[{"href":"http:\/\/dev.capenergie.fr\/catalogue\/wp-json\/wp\/v2\/pages\/729","targetHints":{"allow":["GET"]}}],"collection":[{"href":"http:\/\/dev.capenergie.fr\/catalogue\/wp-json\/wp\/v2\/pages"}],"about":[{"href":"http:\/\/dev.capenergie.fr\/catalogue\/wp-json\/wp\/v2\/types\/page"}],"author":[{"embeddable":true,"href":"http:\/\/dev.capenergie.fr\/catalogue\/wp-json\/wp\/v2\/users\/1"}],"replies":[{"embeddable":true,"href":"http:\/\/dev.capenergie.fr\/catalogue\/wp-json\/wp\/v2\/comments?post=729"}],"version-history":[{"count":9,"href":"http:\/\/dev.capenergie.fr\/catalogue\/wp-json\/wp\/v2\/pages\/729\/revisions"}],"predecessor-version":[{"id":3090,"href":"http:\/\/dev.capenergie.fr\/catalogue\/wp-json\/wp\/v2\/pages\/729\/revisions\/3090"}],"wp:attachment":[{"href":"http:\/\/dev.capenergie.fr\/catalogue\/wp-json\/wp\/v2\/media?parent=729"}],"curies":[{"name":"wp","href":"https:\/\/api.w.org\/{rel}","templated":true}]}}