{"id":84,"date":"2012-09-21T09:08:52","date_gmt":"2012-09-21T09:08:52","guid":{"rendered":"http:\/\/www.capenergie.fr\/catalogue3\/?page_id=84"},"modified":"2020-03-24T11:50:02","modified_gmt":"2020-03-24T10:50:02","slug":"site-isole","status":"publish","type":"page","link":"http:\/\/dev.capenergie.fr\/catalogue\/site-isole.html","title":{"rendered":"Equipements pour site isol\u00e9"},"content":{"rendered":"<table id=\"tab-list-prod\" width=\"100%%\" border=\"0\">\n<tr>\n<td>\n<h2>Installation solaire autonome<\/h2>\n<p>    <a class=\"img-product-list\" href=\"\/catalogue\/site-isole\/installation-solaire-autonome.html\" title=\"installation solaire autonome\"><img decoding=\"async\" src=\"http:\/\/images.capenergie.fr\/produit\/site-isole\/solaire-autonome.jpg\" alt=\"distributeur installation solaire autonome\" width=\"125\" height=\"125\" border=\"0\"><\/a><\/p>\n<p>Toute notre de gamme de produits pour l&rsquo;<strong>installation solaire autonome<\/strong> en site isol\u00e9 allant du panneau photovolta\u00efque <a href=\"\/\" title=\"site isol\u00e9\">site isol\u00e9<\/a> au parc de batteries, kits solaires autonomes&#8230;<br \/>\nD\u00e9couvrir notre large gamme de produits pour l&rsquo;<a href=\"\/catalogue\/site-isole\/installation-solaire-autonome.html\" title=\"installation solaire autonome\">installation solaire autonome<\/a> que notre soci\u00e9t\u00e9 commercialise depuis 2007.<\/p>\n<div id=\"butt\" align=\"center\" class=\"butt-prod1\">\n\t\t\t<a href=\"\/catalogue\/site-isole\/installation-solaire-autonome.html\" title=\"installation solaire autonome\">Installation solaire autonome<\/a>\n\t\t<\/div>\n<\/td>\n<\/tr>\n<tr>\n<td>\n<h2>Stockage \u00e9nergie solaire site isol\u00e9<\/h2>\n<p>    <a class=\"img-product-list\" href=\"\/catalogue\/site-isole\/stockage-energie-solaire.html\" title=\"Stockage \u00e9nergie solaire site isol\u00e9\"><img decoding=\"async\" src=\"http:\/\/images.capenergie.fr\/produit\/site-isole\/stockage-energie-solaire.jpg\" alt=\"distributeur stockage energie solaire autonome\" width=\"125\" height=\"125\" border=\"0\"><\/a><\/p>\n<p>Toute notre de gamme de produits pour le <strong>stockage d&rsquo;\u00e9nergie solaire autonome<\/strong> en site isol\u00e9 allant de la batterie solaire photovolta\u00efque au syst\u00e8mes de stockage Lithium.<br \/>\nD\u00e9couvrir notre large gamme de produits pour le <a href=\"\/catalogue\/site-isole\/stockage-energie-solaire.html\" title=\"Stockage \u00e9nergie solaire site isol\u00e9\">stockage d&rsquo;\u00e9nergie solaire autonome<\/a> que Capenergie commercialise depuis 2007.<\/p>\n<div id=\"butt\" align=\"center\" class=\"butt-prod1\">\n\t\t\t<a href=\"\/catalogue\/site-isole\/stockage-energie-solaire.html\" title=\"Stockage \u00e9nergie solaire autonome\">Stockage \u00e9nergie solaire site isol\u00e9<\/a>\n\t\t<\/div>\n<\/td>\n<\/tr>\n<tr>\n<td>\n<h2>Installation \u00e9olienne autonome<\/h2>\n<p>    <a class=\"img-product-list\" href=\"\/catalogue\/eolienne.html\" title=\"\u00e9olienne domestique\"><img decoding=\"async\" src=\"http:\/\/images.capenergie.fr\/produit\/site-isole\/eolienne-site-isole.jpg\" alt=\"distributeur eolienne site isol\u00e9\" width=\"125\" height=\"125\" border=\"0\"><\/a><\/p>\n<p>Toute notre de gamme de produits <a href=\"\/catalogue\/eolienne.html\" title=\"\u00e9olienne domestique\">\u00e9olienne domestique<\/a> en <strong>site isol\u00e9<\/strong> pour la production et le stockage d&rsquo;\u00e9lectricit\u00e9, le pompage d&rsquo;eau au fil du vent&#8230;\n      <\/p>\n<div id=\"butt\" align=\"center\" class=\"butt-prod1\">\n\t\t\t<a href=\"\/catalogue\/eolienne.html\" title=\"\u00e9olienne domestique\">Eolienne domestique<\/a>\n\t\t<\/div>\n<\/td>\n<\/tr>\n<tr>\n<td>\n<h2>Stockage et pompage d&rsquo;eau<\/h2>\n<p>    <a class=\"img-product-list\" href=\"\/catalogue\/site-isole\/stockage-et-pompage-deau.html\" title=\"stockage et pompage d'eau\"><img loading=\"lazy\" decoding=\"async\" src=\"http:\/\/images.capenergie.fr\/produit\/site-isole\/pompage-eau.jpg\" alt=\"distributeur pompage d'eau\" width=\"125\" height=\"125\" border=\"0\"><\/a><\/p>\n<p>Toute notre de gamme de produits haute qualit\u00e9 pour le <a href=\"\/catalogue\/site-isole\/stockage-et-pompage-deau.html\" title=\"stockage et pompage d'eau\">stockage et pompage d&rsquo;eau<\/a> d&rsquo;eau pour particulier, agriculteur, ONG&#8230;\n      <\/p>\n<div id=\"butt\" align=\"center\" class=\"butt-prod1\">\n\t\t\t<a href=\"\/catalogue\/site-isole\/stockage-et-pompage-deau.html\" title=\"stockage et pompage d'eau\">Stockage et pompage d&rsquo;eau<\/a>\n\t\t<\/div>\n<\/td>\n<\/tr>\n<tr>\n<td>\n<h2>Lampadaire solaire<\/h2>\n<p>    <a class=\"img-product-list\" href=\"\/catalogue\/eclairage-photovoltaique.html\" title=\"\u00e9clairage photovolta\u00efque\"><img loading=\"lazy\" decoding=\"async\" src=\"http:\/\/images.capenergie.fr\/produit\/site-isole\/lampadaire-solaire.jpg\" alt=\"distributeur lampadaire solaire\" width=\"125\" height=\"125\" border=\"0\"><\/a> <\/p>\n<p>Toute notre de gamme de produits <a href=\"\/catalogue\/eclairage-photovoltaique.html\" title=\"\u00e9clairage photovolta\u00efque\">\u00e9clairage photovolta\u00efque<\/a> pour particulier ou administration ou encore voie publique souhaitant des lampadaires solaires fiables et \u00e9conomiques&#8230;\n      <\/p>\n<div id=\"butt\" align=\"center\" class=\"butt-prod1\">\n\t\t\t<a href=\"\/catalogue\/eclairage-photovoltaique.html\" title=\"\u00e9clairage photovolta\u00efque\">Eclairage photovolta\u00efque<\/a>\n\t\t<\/div>\n<\/td>\n<\/tr>\n<tr>\n<td>\n<h2>Equipement nautique autonomie \u00e9nerg\u00e9tique<\/h2>\n<p>    <a class=\"img-product-list\"  href=\"\/catalogue\/site-isole\/equipement-nautique-autonomie-energetique.html\"><img loading=\"lazy\" decoding=\"async\" src=\"http:\/\/images.capenergie.fr\/produit\/site-isole\/equipement-nautique.jpg\" alt=\"distributeur Equipement nautique\" width=\"125\" height=\"125\" border=\"0\"><\/a><\/p>\n<p>Toute notre de gamme de produits pour l&rsquo;installation d&rsquo; <a href=\"\/catalogue\/site-isole\/equipement-nautique-autonomie-energetique.html\" title=\"\u00e9quipement nautique\">\u00e9quipement nautique<\/a> compos\u00e9e d&rsquo;\u00e9oliennes marines, de panneaux solaires pour bateau, r\u00e9gulateur de charge, batterie, chargeur de batterie, onduleur et terminaux&#8230; tout ce dont un professionnel du nautisme doit pouvoir se servir pour l&rsquo;autonomie \u00e9nerg\u00e9tique d&rsquo;un bateau.\n      <\/p>\n<div id=\"butt\" align=\"center\" class=\"butt-prod1\">\n\t\t  <a href=\"\/catalogue\/site-isole\/equipement-nautique-autonomie-energetique.html\" title=\"panneau solaire camping car\">Equipement nautique<\/a>\n\t\t<\/div>\n<\/td>\n<\/tr>\n<tr>\n<td>\n<h2>Panneau solaire camping car &amp; v\u00e9hicule loisir<\/h2>\n<p>    <a class=\"img-product-list\"  href=\"\/catalogue\/site-isole\/panneau-solaire-camping-car.html\" title=\"panneau solaire camping car\"><img loading=\"lazy\" decoding=\"async\" src=\"http:\/\/images.capenergie.fr\/produit\/site-isole\/panneau-solaire-camping-car.jpg\" alt=\"distributeur panneau solaire camping car\" width=\"125\" height=\"125\" border=\"0\"><\/a><\/p>\n<p>Toute notre de gamme de produits pour l&rsquo;installation de <a href=\"\/catalogue\/site-isole\/panneau-solaire-camping-car.html\" title=\"panneau solaire camping car\">panneau solaire camping car<\/a> et v\u00e9hicule de loisir type 4&#215;4, les syst\u00e8mes   portatifs con\u00e7u avec des composants haut de gamme pour une utilisation extr\u00eame.   Ces kits sont assembl\u00e9 avec les plus grandes marques d&rsquo;\u00e9quipement &#8230;\n      <\/p>\n<div id=\"butt\" align=\"center\" class=\"butt-prod1\">\n\t\t\t<a href=\"\/catalogue\/site-isole\/panneau-solaire-camping-car.html\" title=\"panneau solaire camping car\">Panneau solaire camping car<\/a>\n\t\t<\/div>\n<\/td>\n<\/tr>\n<tr>\n<td>\n<h2>Kits Sundaya<\/h2>\n<p>    <a class=\"img-product-list\"  href=\"\/catalogue\/site-isole\/sundaya.html\" title=\"Kits Sundaya\"><img loading=\"lazy\" decoding=\"async\" alt=\"sundaya\" src=\"http:\/\/images.capenergie.fr\/produit\/site-isole\/sundaya\/sundaya.jpg\" border=\"0\" width=\"125\" height=\"125\" \/><\/a><\/p>\n<p>Cap Energie officiellement distributeur des  syst\u00e8me site isol\u00e9 <a href=\"\/catalogue\/site-isole\/sundaya.html\" title=\"Sundaya\">Sundaya<\/a> compos\u00e9 d&rsquo;une gamme de kit solaire d&rsquo;\u00e9clairage. R\u00e9f\u00e9rence mondiale dans l&rsquo;\u00e9clairage en site isol\u00e9 depuis de longues ann\u00e9es, sundaya propose une multitude de solutions sous forme de Kit. Cap Energie  s\u00e9lectionne les derniers kits les plus performants en mati\u00e8re d&rsquo;autonomie et d&rsquo;\u00e9clairage.<\/p>\n<div id=\"butt\" align=\"center\" class=\"butt-prod1\">\n\t\t\t<a href=\"\/catalogue\/site-isole\/sundaya.html\" title=\"Kits Sundaya\">Kits Sundaya<\/a><\/div>\n<\/td>\n<\/tr>\n<tr>\n<td>\n<h2>Groupe \u00e9lectrog\u00e8ne en site isol\u00e9<\/h2>\n<p>    <a class=\"img-product-list\"  href=\"\/catalogue\/site-isole\/groupe-electrogene.html\" title=\"groupes \u00e9lectrog\u00e8nes pour site isol\u00e9\"><img loading=\"lazy\" decoding=\"async\" src=\"http:\/\/images.capenergie.fr\/produit\/site-isole\/groupe-electrogene.jpg\" alt=\"distributeur groupe electrogene site isol\u00e9\" width=\"125\" height=\"125\" border=\"0\"><\/a><\/p>\n<p>Cap Energie, distributeur  de <a href=\"\/catalogue\/site-isole\/groupe-electrogene.html\" title=\"groupes \u00e9lectrog\u00e8nes pour site isol\u00e9\">groupes \u00e9lectrog\u00e8nes pour site isol\u00e9<\/a> allant de 1 \u00e0 2600 kVA, Cap Energie propose aussi   bien des groupes portatifs que des unit\u00e9s grosses capacit\u00e9 destin\u00e9es aux   applications de secours et pour satisfaire les besoins en puissance   \u00ab\u00a0silencieuse\u00a0\u00bb pour l&rsquo;habitation.<\/p>\n<div id=\"butt\" align=\"center\" class=\"butt-prod1\">\n\t\t\t<a href=\"\/catalogue\/site-isole\/groupe-electrogene.html\" title=\"groupes \u00e9lectrog\u00e8nes pour site isol\u00e9\">Groupes \u00e9lectrog\u00e8nes<\/a><\/div>\n<\/td>\n<\/tr>\n<\/table>\n<div id=\"content-box2\">\n<h2>Comment \u00e9lectrifier un site isol\u00e9 ?<\/h2>\n<h3>Fonctionnement :<\/h3>\n<p>Les capteurs solaires <a href=\"\/\" title=\"site isol\u00e9 photovoltaique\">site isol\u00e9 photovoltaique<\/a> transforment les rayons du soleil en \u00e9lectricit\u00e9. L\u2019utilisation de <strong>kit solaire autonome<\/strong> est reconnue aujourd\u2019hui comme une solution tr\u00e8s efficace permettant d\u2019\u00e9viter ou de limiter l\u2019utilisation de groupes \u00e9lectrog\u00e8nes.<\/p>\n<p>Pour un <a href=\"http:\/\/pdf.capenergie.fr\/doc-site-isole\/plaquette-pack-site-iso.pdf\" title=\"kit site isol\u00e9\">kit site isol\u00e9<\/a>, il est indispensable dans la plus part des cas, que le stockage de l\u2019\u00e9nergie s\u2019effectue avec la mise en place d\u2019un parc de batteries. L\u2019objectif \u00e9tant de stocker l\u2019\u00e9lectricit\u00e9 produite pendant la journ\u00e9e afin de pouvoir la distribuer aux moments des besoins. Dans <strong>le dimensionnement photovoltaique de nos syst\u00e8mes, nous pr\u00e9voyons souvent 2 \u00e0 3 jours d\u2019autonomie en alimentation \u00e9lectrique pour le sud<\/strong> de la France et<strong> 3 \u00e0 5 jours pour les r\u00e9gions de montagne<\/strong>, ceci pour couvrir les besoins nocturne de l\u2019habitation, mais \u00e9galement dans le cas de plusieurs jours de mauvais temps, ne permettant pas de recharger les batteries. ( Nous disposons aussi en option, de syst\u00e8mes permettant de d\u00e9clencher dans ce cas pr\u00e9cis la mise en route automatique du groupe \u00e9lectrog\u00e8ne, en fonction du seuil de d\u00e9chargement des batteries du <strong>kit solaire site isol\u00e9 <\/strong>)<br \/>\n    \t    Cap Energie dispose de toute une gamme<br \/>\n    \t    d&rsquo;\u00e9clairage public destin\u00e9e au administration, municipalit\u00e9 ou particulier.<br \/>\n    \t    Cette gamme offre la possibilit\u00e9 de d&rsquo;installer \u00e0 moindre cout un \u00e9clairage dans une zone \u00e9loign\u00e9e du r\u00e9seau electrique.<br \/>\n    \t    D\u00e9couvrir la gamme <a href=\"\/catalogue\/eclairage-photovoltaique.html\" title=\"\u00e9clairage photovolta\u00efque\" target=\"_parent\" rel=\"noopener noreferrer\">\u00e9clairage photovolta\u00efque<\/a>. <\/p>\n<p>  Obtenir un renseignent cliquez sur : <a href=\"\/catalogue\/fiche-de-renseignement-site-isole.html\" target=\"_blank\" rel=\"noopener noreferrer\">projet site isol\u00e9<br \/>\n  A<\/a>cheter nos produits en ligne, rendez-vous sur notre boutique sp\u00e9ciale <a href=\"http:\/\/www.site-isole.fr\" target=\"_blank\" rel=\"noopener noreferrer\">site isol\u00e9<\/a> sur internet.<\/p>\n<\/div>\n<h3>Une installation en site isol\u00e9 se compose des \u00e9l\u00e9ments suivants :<\/h3>\n<p>\u2022 Panneau photovolta\u00efques g\u00e9n\u00e9rant un courant continu 12, 24 ou 48V<br \/>\n    \t    \u2022 Les batteries 12, 24, 48 V (soit monobloc de 12V, soit 6 modules de 2 V en s\u00e9rie pour faire du 12V et ainsi de suite pour du 48 V.<br \/>\n    \t    \u2022 Le r\u00e9gulateur de charge des batteries<br \/>\n    \t    \u2022 L\u2019onduleur transformant le courant continu en 230V alternatif<br \/>\n   \t      \u2022 Option : possibilit\u00e9 de chauffage et ventilation autonome par les produits Grammer Solar (capteurs a air autonome)<\/p>\n<p><strong>Notre \u00e9quipe de techniciens dimensionne<\/strong> ces \u00e9l\u00e9ments, avec pr\u00e9cision <strong>en fonction des besoins<\/strong>, de l\u2019occupation de votre installation : chalet de montagne, bungalow en bord de mers ainsi que la p\u00e9riode d\u2019occupation : r\u00e9sidence de vacances ou occup\u00e9e toute l\u2019ann\u00e9e\u2026le choix du mat\u00e9riel \u00e9lectrom\u00e9nager est \u00e9galement essentiel, nous vous proposerons des ampoules, ventilateurs, frigos tr\u00e8s basse consommation pour limiter les besoins \u00e9lectrique de votre installation.<\/p>\n<p>Chaque <strong>demande d\u2019\u00e9lectrification est \u00e9tudi\u00e9e individuellement<\/strong>, la pr\u00e9sence de vent ou du soleil, la situation g\u00e9ographique, la liste de vos besoins, vont nous conduire \u00e0 \u00e9laborer un devis personnalis\u00e9 pr\u00e9vu pour fonctionner en un lieu donn\u00e9 pour une consommation quotidienne d\u00e9termin\u00e9e ensemble.<\/p>\n<p>Il existe de nombreuses applications, nos syst\u00e8mes sont compl\u00e8tement modulables et peuvent \u00e9voluer dans le temps, n\u2019h\u00e9sitez pas a nous contacter !\n  \t    <\/p>\n<p><strong>Autre application :<\/strong> \u00ab au fil du soleil \u00bb<br \/>\n   \t      Il s\u2019agit d\u2019une installation sans batteries, l\u2019\u00e9lectricit\u00e9 g\u00e9n\u00e9r\u00e9e par le soleil est exploit\u00e9e imm\u00e9diatement : c\u2019est le cas du pompage de l\u2019eau, souvent retrouv\u00e9 en Afrique, nous travaillons avec les produit de la soci\u00e9t\u00e9 Grundfos pour ce type de cas.<\/p>\n<p>\nObtenir un renseignent sur un <a href=\"\/catalogue\/fiche-de-renseignement-site-isole.html\" target=\"_blank\" rel=\"noopener noreferrer\">projet site isol\u00e9<\/a> !          <\/p>\n<table>\n<tr id=\"rang-prod\">\n<td colspan=\"2\">\n   \t\t  <a href=\"http:\/\/pdf.capenergie.fr\/cata\/catalogue-site-iso-2019.pdf\" title=\"Catalogue site isol\u00e9\" target=\"_blank\" rel=\"noopener noreferrer\"><\/p>\n<div id=\"doc-pdf\"><\/div>\n<p>Catalogue site isol\u00e9<\/a><\/td>\n<\/tr>\n<tr id=\"rang-prod\">\n<td colspan=\"2\">\n\t   <a href=\"http:\/\/pdf.capenergie.fr\/doc-site-isole\/plaquette-pack-site-iso.pdf\" title=\"Plaquette Pack site isol\u00e9\" target=\"_blank\" rel=\"noopener noreferrer\"><\/p>\n<div id=\"doc-pdf\"><\/div>\n<p>Plaquette Pack site isol\u00e9<\/a><\/td>\n<\/tr>\n<p><?php \/*?>  <\/p>\n<tr id=\"rang-prod\">\n<td colspan=\"2\">\n   \t\t  <a href=\"http:\/\/pdf.capenergie.fr\/doc-site-isole\/plaquette-site-iso-2012.pdf\" title=\"Plaquette  site isol\u00e9\" target=\"_blank\" rel=\"noopener noreferrer\"><\/p>\n<div id=\"doc-pdf\"><\/div>\n<p>\t\t  Plaquette  site isol\u00e9<\/a>\n       <\/td>\n<\/tr>\n<p><?php *\/?><\/p>\n<tr id=\"rang-prod\">\n<td colspan=\"2\">\n   \t\t  <a href=\"http:\/\/pdf.capenergie.fr\/doc-site-isole\/plaquette-kit-off-road.pdf\" title=\"Plaquette Kit 4x4 et v\u00e9hicules de loisirs\" target=\"_blank\" rel=\"noopener noreferrer\"><\/p>\n<div id=\"doc-pdf\"><\/div>\n<p>\t\t  Plaquette Kit 4&#215;4 et v\u00e9hicules de loisirs<\/a>\n       <\/td>\n<\/tr>\n<tr id=\"rang-prod\">\n<td colspan=\"2\">\n   \t\t  <a href=\"http:\/\/pdf.capenergie.fr\/doc-site-isole\/formulaire_projet_site_isole.pdf\" title=\"projet site isol\u00e9\" target=\"_blank\" rel=\"noopener noreferrer\"><\/p>\n<div id=\"doc-pdf\"><\/div>\n<p>   \t\t  Renseignents sur un projet site isol\u00e9<\/a>\n       <\/td>\n<\/tr>\n<\/table>\n","protected":false},"excerpt":{"rendered":"<p>Installation solaire autonome Toute notre de gamme de produits pour l&rsquo;installation solaire autonome en site isol\u00e9 allant du panneau photovolta\u00efque site isol\u00e9 au parc de batteries, kits solaires autonomes&#8230; D\u00e9couvrir notre large gamme de produits pour l&rsquo;installation solaire autonome que notre soci\u00e9t\u00e9 commercialise depuis 2007. Installation solaire autonome Stockage \u00e9nergie solaire site isol\u00e9 Toute notre [&hellip;]<\/p>\n","protected":false},"author":1,"featured_media":0,"parent":0,"menu_order":0,"comment_status":"closed","ping_status":"closed","template":"","meta":{"ngg_post_thumbnail":0,"footnotes":""},"class_list":["post-84","page","type-page","status-publish","hentry"],"yoast_head":"<!-- This site is optimized with the Yoast SEO plugin v26.8 - https:\/\/yoast.com\/product\/yoast-seo-wordpress\/ -->\n<title>Equipements pour site isol\u00e9 et Produits site isol\u00e9 photovoltaique<\/title>\n<meta name=\"description\" content=\"Cap Energie site isol\u00e9 propose aux professionnels et particuliers toute une gamme de kit site isol\u00e9 photovoltaique ou kit solaire autonome equipements pour site isol\u00e9 et Electrification d&#039;un site isol\u00e9\" \/>\n<meta name=\"robots\" content=\"noindex, follow, max-snippet:-1, max-image-preview:large, max-video-preview:-1\" \/>\n<meta property=\"og:locale\" content=\"fr_FR\" \/>\n<meta property=\"og:type\" content=\"article\" \/>\n<meta property=\"og:title\" content=\"Equipements pour site isol\u00e9 et Produits site isol\u00e9 photovoltaique\" \/>\n<meta property=\"og:description\" content=\"Cap Energie site isol\u00e9 propose aux professionnels et particuliers toute une gamme de kit site isol\u00e9 photovoltaique ou kit solaire autonome equipements pour site isol\u00e9 et Electrification d&#039;un site isol\u00e9\" \/>\n<meta property=\"og:url\" content=\"http:\/\/dev.capenergie.fr\/catalogue\/site-isole.html\" \/>\n<meta property=\"article:modified_time\" content=\"2020-03-24T10:50:02+00:00\" \/>\n<meta property=\"og:image\" content=\"http:\/\/images.capenergie.fr\/produit\/site-isole\/solaire-autonome.jpg\" \/>\n<meta name=\"twitter:label1\" content=\"Dur\u00e9e de lecture estim\u00e9e\" \/>\n\t<meta name=\"twitter:data1\" content=\"5 minutes\" \/>\n<script type=\"application\/ld+json\" class=\"yoast-schema-graph\">{\"@context\":\"https:\/\/schema.org\",\"@graph\":[{\"@type\":\"WebPage\",\"@id\":\"http:\/\/dev.capenergie.fr\/catalogue\/site-isole.html\",\"url\":\"http:\/\/dev.capenergie.fr\/catalogue\/site-isole.html\",\"name\":\"Equipements pour site isol\u00e9 et Produits site isol\u00e9 photovoltaique\",\"isPartOf\":{\"@id\":\"http:\/\/dev.capenergie.fr\/catalogue\/#website\"},\"primaryImageOfPage\":{\"@id\":\"http:\/\/dev.capenergie.fr\/catalogue\/site-isole.html#primaryimage\"},\"image\":{\"@id\":\"http:\/\/dev.capenergie.fr\/catalogue\/site-isole.html#primaryimage\"},\"thumbnailUrl\":\"http:\/\/images.capenergie.fr\/produit\/site-isole\/solaire-autonome.jpg\",\"datePublished\":\"2012-09-21T09:08:52+00:00\",\"dateModified\":\"2020-03-24T10:50:02+00:00\",\"description\":\"Cap Energie site isol\u00e9 propose aux professionnels et particuliers toute une gamme de kit site isol\u00e9 photovoltaique ou kit solaire autonome equipements pour site isol\u00e9 et Electrification d'un site isol\u00e9\",\"breadcrumb\":{\"@id\":\"http:\/\/dev.capenergie.fr\/catalogue\/site-isole.html#breadcrumb\"},\"inLanguage\":\"fr-FR\",\"potentialAction\":[{\"@type\":\"ReadAction\",\"target\":[\"http:\/\/dev.capenergie.fr\/catalogue\/site-isole.html\"]}]},{\"@type\":\"ImageObject\",\"inLanguage\":\"fr-FR\",\"@id\":\"http:\/\/dev.capenergie.fr\/catalogue\/site-isole.html#primaryimage\",\"url\":\"http:\/\/images.capenergie.fr\/produit\/site-isole\/solaire-autonome.jpg\",\"contentUrl\":\"http:\/\/images.capenergie.fr\/produit\/site-isole\/solaire-autonome.jpg\"},{\"@type\":\"BreadcrumbList\",\"@id\":\"http:\/\/dev.capenergie.fr\/catalogue\/site-isole.html#breadcrumb\",\"itemListElement\":[{\"@type\":\"ListItem\",\"position\":1,\"name\":\"Accueil\",\"item\":\"http:\/\/dev.capenergie.fr\/catalogue\/\"},{\"@type\":\"ListItem\",\"position\":2,\"name\":\"Equipements pour site isol\u00e9\"}]},{\"@type\":\"WebSite\",\"@id\":\"http:\/\/dev.capenergie.fr\/catalogue\/#website\",\"url\":\"http:\/\/dev.capenergie.fr\/catalogue\/\",\"name\":\"\",\"description\":\"\",\"potentialAction\":[{\"@type\":\"SearchAction\",\"target\":{\"@type\":\"EntryPoint\",\"urlTemplate\":\"http:\/\/dev.capenergie.fr\/catalogue\/?s={search_term_string}\"},\"query-input\":{\"@type\":\"PropertyValueSpecification\",\"valueRequired\":true,\"valueName\":\"search_term_string\"}}],\"inLanguage\":\"fr-FR\"}]}<\/script>\n<!-- \/ Yoast SEO plugin. -->","yoast_head_json":{"title":"Equipements pour site isol\u00e9 et Produits site isol\u00e9 photovoltaique","description":"Cap Energie site isol\u00e9 propose aux professionnels et particuliers toute une gamme de kit site isol\u00e9 photovoltaique ou kit solaire autonome equipements pour site isol\u00e9 et Electrification d'un site isol\u00e9","robots":{"index":"noindex","follow":"follow","max-snippet":"max-snippet:-1","max-image-preview":"max-image-preview:large","max-video-preview":"max-video-preview:-1"},"og_locale":"fr_FR","og_type":"article","og_title":"Equipements pour site isol\u00e9 et Produits site isol\u00e9 photovoltaique","og_description":"Cap Energie site isol\u00e9 propose aux professionnels et particuliers toute une gamme de kit site isol\u00e9 photovoltaique ou kit solaire autonome equipements pour site isol\u00e9 et Electrification d'un site isol\u00e9","og_url":"http:\/\/dev.capenergie.fr\/catalogue\/site-isole.html","article_modified_time":"2020-03-24T10:50:02+00:00","og_image":[{"url":"http:\/\/images.capenergie.fr\/produit\/site-isole\/solaire-autonome.jpg","type":"","width":"","height":""}],"twitter_misc":{"Dur\u00e9e de lecture estim\u00e9e":"5 minutes"},"schema":{"@context":"https:\/\/schema.org","@graph":[{"@type":"WebPage","@id":"http:\/\/dev.capenergie.fr\/catalogue\/site-isole.html","url":"http:\/\/dev.capenergie.fr\/catalogue\/site-isole.html","name":"Equipements pour site isol\u00e9 et Produits site isol\u00e9 photovoltaique","isPartOf":{"@id":"http:\/\/dev.capenergie.fr\/catalogue\/#website"},"primaryImageOfPage":{"@id":"http:\/\/dev.capenergie.fr\/catalogue\/site-isole.html#primaryimage"},"image":{"@id":"http:\/\/dev.capenergie.fr\/catalogue\/site-isole.html#primaryimage"},"thumbnailUrl":"http:\/\/images.capenergie.fr\/produit\/site-isole\/solaire-autonome.jpg","datePublished":"2012-09-21T09:08:52+00:00","dateModified":"2020-03-24T10:50:02+00:00","description":"Cap Energie site isol\u00e9 propose aux professionnels et particuliers toute une gamme de kit site isol\u00e9 photovoltaique ou kit solaire autonome equipements pour site isol\u00e9 et Electrification d'un site isol\u00e9","breadcrumb":{"@id":"http:\/\/dev.capenergie.fr\/catalogue\/site-isole.html#breadcrumb"},"inLanguage":"fr-FR","potentialAction":[{"@type":"ReadAction","target":["http:\/\/dev.capenergie.fr\/catalogue\/site-isole.html"]}]},{"@type":"ImageObject","inLanguage":"fr-FR","@id":"http:\/\/dev.capenergie.fr\/catalogue\/site-isole.html#primaryimage","url":"http:\/\/images.capenergie.fr\/produit\/site-isole\/solaire-autonome.jpg","contentUrl":"http:\/\/images.capenergie.fr\/produit\/site-isole\/solaire-autonome.jpg"},{"@type":"BreadcrumbList","@id":"http:\/\/dev.capenergie.fr\/catalogue\/site-isole.html#breadcrumb","itemListElement":[{"@type":"ListItem","position":1,"name":"Accueil","item":"http:\/\/dev.capenergie.fr\/catalogue\/"},{"@type":"ListItem","position":2,"name":"Equipements pour site isol\u00e9"}]},{"@type":"WebSite","@id":"http:\/\/dev.capenergie.fr\/catalogue\/#website","url":"http:\/\/dev.capenergie.fr\/catalogue\/","name":"","description":"","potentialAction":[{"@type":"SearchAction","target":{"@type":"EntryPoint","urlTemplate":"http:\/\/dev.capenergie.fr\/catalogue\/?s={search_term_string}"},"query-input":{"@type":"PropertyValueSpecification","valueRequired":true,"valueName":"search_term_string"}}],"inLanguage":"fr-FR"}]}},"_links":{"self":[{"href":"http:\/\/dev.capenergie.fr\/catalogue\/wp-json\/wp\/v2\/pages\/84","targetHints":{"allow":["GET"]}}],"collection":[{"href":"http:\/\/dev.capenergie.fr\/catalogue\/wp-json\/wp\/v2\/pages"}],"about":[{"href":"http:\/\/dev.capenergie.fr\/catalogue\/wp-json\/wp\/v2\/types\/page"}],"author":[{"embeddable":true,"href":"http:\/\/dev.capenergie.fr\/catalogue\/wp-json\/wp\/v2\/users\/1"}],"replies":[{"embeddable":true,"href":"http:\/\/dev.capenergie.fr\/catalogue\/wp-json\/wp\/v2\/comments?post=84"}],"version-history":[{"count":26,"href":"http:\/\/dev.capenergie.fr\/catalogue\/wp-json\/wp\/v2\/pages\/84\/revisions"}],"predecessor-version":[{"id":4225,"href":"http:\/\/dev.capenergie.fr\/catalogue\/wp-json\/wp\/v2\/pages\/84\/revisions\/4225"}],"wp:attachment":[{"href":"http:\/\/dev.capenergie.fr\/catalogue\/wp-json\/wp\/v2\/media?parent=84"}],"curies":[{"name":"wp","href":"https:\/\/api.w.org\/{rel}","templated":true}]}}