{"id":93,"date":"2012-09-21T09:36:58","date_gmt":"2012-09-21T09:36:58","guid":{"rendered":"http:\/\/www.capenergie.fr\/catalogue3\/?page_id=93"},"modified":"2020-06-23T11:43:43","modified_gmt":"2020-06-23T09:43:43","slug":"thermique","status":"publish","type":"page","link":"http:\/\/dev.capenergie.fr\/catalogue\/thermique.html","title":{"rendered":"Solaire thermique"},"content":{"rendered":"<div  id=\"content-box2\">\n<p><strong>Pour l&rsquo;<a href=\"\/\" title=\"installation de solaire thermique\">installation de panneau solaire thermique<\/a> Cap Energie propose une gamme de solution compl\u00e8te<\/strong> allant du syst\u00e8me \u00e0 drainage gravitaire en circuit herm\u00e9tique aux <strong>syst\u00e8mes solaires thermiques<\/strong> dits &quot;classiques&quot; pour la production d&rsquo;eau chaude sanitaire, le chauffage de l&rsquo;habitat ou encore la piscine d\u00e8s le retour des beaux jours.<br \/>\n  Cap Energie fournit les plus grandes marques de <strong>solaire thermique<\/strong> et propose \u00e9galement un kit complet r\u00e9alis\u00e9 par Cap Energie et compos\u00e9 d&rsquo;\u00e9l\u00e9ments d\u2019excellents rapport Prix\/qualit\u00e9\/fiabilit\u00e9.<br \/>\n  Cap Energie garantie une solution de pose de panneaux solaire thermique pour toute configuration !<\/p>\n<\/div>\n<div class=\"extrait-article\">\n<h2><a title=\"Solaire thermique Grammer Solar\" rel=\"bookmark\" href=\"\/catalogue\/air-solaire-grammer-solar.html\">Solaire thermique Grammer<\/a><\/h2>\n<p><img decoding=\"async\" width=\"125\" height=\"125\" alt=\"Solaire thermique Grammer\" src=\"http:\/\/images.capenergie.fr\/produit\/thermique\/solaire-thermique_grammer.jpg\" title=\"Solaire thermique Grammer\" class=\"img-article\"><\/p>\n<p>R\u00e9duire les frais de chauffage, stopper les probl\u00e8mes d\u00b4humidit\u00e9, \u00e9radiquer les probl\u00e8mes d\u00fbs \u00e0 une mauvaise ventilation&#8230;La technologie Air Solaire <a href=\"\/catalogue\/thermique.html\" title=\"Grammer solar\">Grammer solar<\/a> offre une solution facile et efficace \u00e0 tous ces probl\u00e8mes. Que ce soit pour votre r\u00e9sidence principale ou secondaire, il y a toujours un capteur \u00e0 air adapt\u00e9 \u00e0 (\u2026)<\/p>\n<div align=\"center\" class=\"butt-prod1\" id=\"butt\"><a href=\"\/catalogue\/air-solaire-grammer-solar.html\">Lire la suite <span class=\"meta-nav\"><\/span><\/a><\/div>\n<\/div>\n<p><?php\nglobal $post;\n\/\/ showposts: nombre d'article affich\u00e9\n\/\/ category: l'id de la cat\u00e9gorie\n$postslist = get_posts('showposts=99&#038;category=23&#038;order=DESC&#038;orderby=date');\nforeach($postslist as $post) :\nsetup_postdata($post);\n?><\/p>\n<div class=\"extrait-article\">\n<h2><a href=\"<?php the_permalink() ?>\u00a0\u00bb rel=\u00a0\u00bbbookmark\u00a0\u00bb title=\u00a0\u00bb<?php the_title_attribute(); ?>\u00ab\u00a0><?php the_title(); ?><\/a><\/h2>\n<p>    <?php the_excerpt(); ?><\/p>\n<div id=\"butt\" class=\"butt-prod1\" align=\"center\"><a href=\"<?php the_permalink() ?>\u00a0\u00bb rel=\u00a0\u00bbbookmark\u00a0\u00bb title=\u00a0\u00bb<?php the_title_attribute(); ?>\u00ab\u00a0>Lire la suite<\/a><\/div>\n<\/div>\n<p><?php endforeach; ?><\/p>\n","protected":false},"excerpt":{"rendered":"<p>Pour l&rsquo;installation de panneau solaire thermique Cap Energie propose une gamme de solution compl\u00e8te allant du syst\u00e8me \u00e0 drainage gravitaire en circuit herm\u00e9tique aux syst\u00e8mes solaires thermiques dits &quot;classiques&quot; pour la production d&rsquo;eau chaude sanitaire, le chauffage de l&rsquo;habitat ou encore la piscine d\u00e8s le retour des beaux jours. Cap Energie fournit les plus grandes [&hellip;]<\/p>\n","protected":false},"author":1,"featured_media":0,"parent":0,"menu_order":0,"comment_status":"closed","ping_status":"closed","template":"","meta":{"ngg_post_thumbnail":0,"footnotes":""},"class_list":["post-93","page","type-page","status-publish","hentry"],"yoast_head":"<!-- This site is optimized with the Yoast SEO plugin v26.8 - https:\/\/yoast.com\/product\/yoast-seo-wordpress\/ -->\n<title>Distributeur de Produits Solaire thermique<\/title>\n<meta name=\"description\" content=\"Distributeur grossiste fournisseur de produits solaire thermique ese, solaire thermique rotex, solaire thermique wolf, solaire thermic ezinc\" \/>\n<meta name=\"robots\" content=\"noindex, follow, max-snippet:-1, max-image-preview:large, max-video-preview:-1\" \/>\n<meta property=\"og:locale\" content=\"fr_FR\" \/>\n<meta property=\"og:type\" content=\"article\" \/>\n<meta property=\"og:title\" content=\"Distributeur de Produits Solaire thermique\" \/>\n<meta property=\"og:description\" content=\"Distributeur grossiste fournisseur de produits solaire thermique ese, solaire thermique rotex, solaire thermique wolf, solaire thermic ezinc\" \/>\n<meta property=\"og:url\" content=\"http:\/\/dev.capenergie.fr\/catalogue\/thermique.html\" \/>\n<meta property=\"article:modified_time\" content=\"2020-06-23T09:43:43+00:00\" \/>\n<meta property=\"og:image\" content=\"http:\/\/images.capenergie.fr\/produit\/thermique\/solaire-thermique_grammer.jpg\" \/>\n<meta name=\"twitter:label1\" content=\"Dur\u00e9e de lecture estim\u00e9e\" \/>\n\t<meta name=\"twitter:data1\" content=\"1 minute\" \/>\n<script type=\"application\/ld+json\" class=\"yoast-schema-graph\">{\"@context\":\"https:\/\/schema.org\",\"@graph\":[{\"@type\":\"WebPage\",\"@id\":\"http:\/\/dev.capenergie.fr\/catalogue\/thermique.html\",\"url\":\"http:\/\/dev.capenergie.fr\/catalogue\/thermique.html\",\"name\":\"Distributeur de Produits Solaire thermique\",\"isPartOf\":{\"@id\":\"http:\/\/dev.capenergie.fr\/catalogue\/#website\"},\"primaryImageOfPage\":{\"@id\":\"http:\/\/dev.capenergie.fr\/catalogue\/thermique.html#primaryimage\"},\"image\":{\"@id\":\"http:\/\/dev.capenergie.fr\/catalogue\/thermique.html#primaryimage\"},\"thumbnailUrl\":\"http:\/\/images.capenergie.fr\/produit\/thermique\/solaire-thermique_grammer.jpg\",\"datePublished\":\"2012-09-21T09:36:58+00:00\",\"dateModified\":\"2020-06-23T09:43:43+00:00\",\"description\":\"Distributeur grossiste fournisseur de produits solaire thermique ese, solaire thermique rotex, solaire thermique wolf, solaire thermic ezinc\",\"breadcrumb\":{\"@id\":\"http:\/\/dev.capenergie.fr\/catalogue\/thermique.html#breadcrumb\"},\"inLanguage\":\"fr-FR\",\"potentialAction\":[{\"@type\":\"ReadAction\",\"target\":[\"http:\/\/dev.capenergie.fr\/catalogue\/thermique.html\"]}]},{\"@type\":\"ImageObject\",\"inLanguage\":\"fr-FR\",\"@id\":\"http:\/\/dev.capenergie.fr\/catalogue\/thermique.html#primaryimage\",\"url\":\"http:\/\/images.capenergie.fr\/produit\/thermique\/solaire-thermique_grammer.jpg\",\"contentUrl\":\"http:\/\/images.capenergie.fr\/produit\/thermique\/solaire-thermique_grammer.jpg\"},{\"@type\":\"BreadcrumbList\",\"@id\":\"http:\/\/dev.capenergie.fr\/catalogue\/thermique.html#breadcrumb\",\"itemListElement\":[{\"@type\":\"ListItem\",\"position\":1,\"name\":\"Accueil\",\"item\":\"http:\/\/dev.capenergie.fr\/catalogue\/\"},{\"@type\":\"ListItem\",\"position\":2,\"name\":\"Solaire thermique\"}]},{\"@type\":\"WebSite\",\"@id\":\"http:\/\/dev.capenergie.fr\/catalogue\/#website\",\"url\":\"http:\/\/dev.capenergie.fr\/catalogue\/\",\"name\":\"\",\"description\":\"\",\"potentialAction\":[{\"@type\":\"SearchAction\",\"target\":{\"@type\":\"EntryPoint\",\"urlTemplate\":\"http:\/\/dev.capenergie.fr\/catalogue\/?s={search_term_string}\"},\"query-input\":{\"@type\":\"PropertyValueSpecification\",\"valueRequired\":true,\"valueName\":\"search_term_string\"}}],\"inLanguage\":\"fr-FR\"}]}<\/script>\n<!-- \/ Yoast SEO plugin. -->","yoast_head_json":{"title":"Distributeur de Produits Solaire thermique","description":"Distributeur grossiste fournisseur de produits solaire thermique ese, solaire thermique rotex, solaire thermique wolf, solaire thermic ezinc","robots":{"index":"noindex","follow":"follow","max-snippet":"max-snippet:-1","max-image-preview":"max-image-preview:large","max-video-preview":"max-video-preview:-1"},"og_locale":"fr_FR","og_type":"article","og_title":"Distributeur de Produits Solaire thermique","og_description":"Distributeur grossiste fournisseur de produits solaire thermique ese, solaire thermique rotex, solaire thermique wolf, solaire thermic ezinc","og_url":"http:\/\/dev.capenergie.fr\/catalogue\/thermique.html","article_modified_time":"2020-06-23T09:43:43+00:00","og_image":[{"url":"http:\/\/images.capenergie.fr\/produit\/thermique\/solaire-thermique_grammer.jpg","type":"","width":"","height":""}],"twitter_misc":{"Dur\u00e9e de lecture estim\u00e9e":"1 minute"},"schema":{"@context":"https:\/\/schema.org","@graph":[{"@type":"WebPage","@id":"http:\/\/dev.capenergie.fr\/catalogue\/thermique.html","url":"http:\/\/dev.capenergie.fr\/catalogue\/thermique.html","name":"Distributeur de Produits Solaire thermique","isPartOf":{"@id":"http:\/\/dev.capenergie.fr\/catalogue\/#website"},"primaryImageOfPage":{"@id":"http:\/\/dev.capenergie.fr\/catalogue\/thermique.html#primaryimage"},"image":{"@id":"http:\/\/dev.capenergie.fr\/catalogue\/thermique.html#primaryimage"},"thumbnailUrl":"http:\/\/images.capenergie.fr\/produit\/thermique\/solaire-thermique_grammer.jpg","datePublished":"2012-09-21T09:36:58+00:00","dateModified":"2020-06-23T09:43:43+00:00","description":"Distributeur grossiste fournisseur de produits solaire thermique ese, solaire thermique rotex, solaire thermique wolf, solaire thermic ezinc","breadcrumb":{"@id":"http:\/\/dev.capenergie.fr\/catalogue\/thermique.html#breadcrumb"},"inLanguage":"fr-FR","potentialAction":[{"@type":"ReadAction","target":["http:\/\/dev.capenergie.fr\/catalogue\/thermique.html"]}]},{"@type":"ImageObject","inLanguage":"fr-FR","@id":"http:\/\/dev.capenergie.fr\/catalogue\/thermique.html#primaryimage","url":"http:\/\/images.capenergie.fr\/produit\/thermique\/solaire-thermique_grammer.jpg","contentUrl":"http:\/\/images.capenergie.fr\/produit\/thermique\/solaire-thermique_grammer.jpg"},{"@type":"BreadcrumbList","@id":"http:\/\/dev.capenergie.fr\/catalogue\/thermique.html#breadcrumb","itemListElement":[{"@type":"ListItem","position":1,"name":"Accueil","item":"http:\/\/dev.capenergie.fr\/catalogue\/"},{"@type":"ListItem","position":2,"name":"Solaire thermique"}]},{"@type":"WebSite","@id":"http:\/\/dev.capenergie.fr\/catalogue\/#website","url":"http:\/\/dev.capenergie.fr\/catalogue\/","name":"","description":"","potentialAction":[{"@type":"SearchAction","target":{"@type":"EntryPoint","urlTemplate":"http:\/\/dev.capenergie.fr\/catalogue\/?s={search_term_string}"},"query-input":{"@type":"PropertyValueSpecification","valueRequired":true,"valueName":"search_term_string"}}],"inLanguage":"fr-FR"}]}},"_links":{"self":[{"href":"http:\/\/dev.capenergie.fr\/catalogue\/wp-json\/wp\/v2\/pages\/93","targetHints":{"allow":["GET"]}}],"collection":[{"href":"http:\/\/dev.capenergie.fr\/catalogue\/wp-json\/wp\/v2\/pages"}],"about":[{"href":"http:\/\/dev.capenergie.fr\/catalogue\/wp-json\/wp\/v2\/types\/page"}],"author":[{"embeddable":true,"href":"http:\/\/dev.capenergie.fr\/catalogue\/wp-json\/wp\/v2\/users\/1"}],"replies":[{"embeddable":true,"href":"http:\/\/dev.capenergie.fr\/catalogue\/wp-json\/wp\/v2\/comments?post=93"}],"version-history":[{"count":9,"href":"http:\/\/dev.capenergie.fr\/catalogue\/wp-json\/wp\/v2\/pages\/93\/revisions"}],"predecessor-version":[{"id":4152,"href":"http:\/\/dev.capenergie.fr\/catalogue\/wp-json\/wp\/v2\/pages\/93\/revisions\/4152"}],"wp:attachment":[{"href":"http:\/\/dev.capenergie.fr\/catalogue\/wp-json\/wp\/v2\/media?parent=93"}],"curies":[{"name":"wp","href":"https:\/\/api.w.org\/{rel}","templated":true}]}}