{"id":978,"date":"2013-02-22T10:40:47","date_gmt":"2013-02-22T09:40:47","guid":{"rendered":"http:\/\/www.capenergie.fr\/catalogue\/?page_id=978"},"modified":"2013-02-22T11:43:18","modified_gmt":"2013-02-22T10:43:18","slug":"extension-de-garantie","status":"publish","type":"page","link":"http:\/\/dev.capenergie.fr\/catalogue\/extension-de-garantie.html","title":{"rendered":"Extension de garantie"},"content":{"rendered":"\n<div class=\"wpcf7 no-js\" id=\"wpcf7-f977-o1\" lang=\"en-US\" dir=\"ltr\" data-wpcf7-id=\"977\">\n<div class=\"screen-reader-response\"><p role=\"status\" aria-live=\"polite\" aria-atomic=\"true\"><\/p> <ul><\/ul><\/div>\n<form action=\"\/catalogue\/wp-json\/wp\/v2\/pages\/978#wpcf7-f977-o1\" method=\"post\" class=\"wpcf7-form init\" aria-label=\"Contact form\" novalidate=\"novalidate\" data-status=\"init\">\n<fieldset class=\"hidden-fields-container\"><input type=\"hidden\" name=\"_wpcf7\" value=\"977\" \/><input type=\"hidden\" name=\"_wpcf7_version\" value=\"6.1.5\" \/><input type=\"hidden\" name=\"_wpcf7_locale\" value=\"en_US\" \/><input type=\"hidden\" name=\"_wpcf7_unit_tag\" value=\"wpcf7-f977-o1\" \/><input type=\"hidden\" name=\"_wpcf7_container_post\" value=\"0\" \/><input type=\"hidden\" name=\"_wpcf7_posted_data_hash\" value=\"\" \/><input type=\"hidden\" name=\"_wpcf7_recaptcha_response\" value=\"\" \/>\n<\/fieldset>\n<div id=\"content-box2\">\n\t<p>Formulaire automatique du site internet \"www.capenergie.fr\" pour demande d'extension de garantie aupr\u00e8s du fabricant.\n\t<\/p>\n\t<p style=\"color:#F00\"><strong>Pour les certifications Fronius .<\/strong><br \/>\nLa commande doit imp\u00e9rativement \u00eatre effectuer dans les 6 mois suivant la date de mise en service de l\u2019installation.<br \/>\nVous devrez nous fournir un justificatif de la date de mise en service ( Proc\u00e8s verbal de mise en service de l\u2019installation ) dat\u00e9 de moins de 6 mois accompagn\u00e9 du devis sign\u00e9 ainsi que du r\u00e8glement.\n\t<\/p>\n<\/div>\n<H2>DEMANDEUR\n<\/h2>\n<p>Date de la demande (obligatoire)\n<\/p>\n<p><span class=\"wpcf7-form-control-wrap\" data-name=\"date-demande\"><input size=\"40\" maxlength=\"400\" class=\"wpcf7-form-control wpcf7-text wpcf7-validates-as-required\" aria-required=\"true\" aria-invalid=\"false\" value=\"\" type=\"text\" name=\"date-demande\" \/><\/span>\n<\/p>\n<p>Soci\u00e9t\u00e9 (obligatoire)\n<\/p>\n<p><span class=\"wpcf7-form-control-wrap\" data-name=\"societe\"><input size=\"40\" maxlength=\"400\" class=\"wpcf7-form-control wpcf7-text wpcf7-validates-as-required\" aria-required=\"true\" aria-invalid=\"false\" value=\"\" type=\"text\" name=\"societe\" \/><\/span>\n<\/p>\n<p>Votre nom (obligatoire)\n<\/p>\n<p><span class=\"wpcf7-form-control-wrap\" data-name=\"your-name\"><input size=\"40\" maxlength=\"400\" class=\"wpcf7-form-control wpcf7-text wpcf7-validates-as-required\" aria-required=\"true\" aria-invalid=\"false\" value=\"\" type=\"text\" name=\"your-name\" \/><\/span>\n<\/p>\n<p>Votre pr\u00e9nom (obligatoire)\n<\/p>\n<p><span class=\"wpcf7-form-control-wrap\" data-name=\"your-lastname\"><input size=\"40\" maxlength=\"400\" class=\"wpcf7-form-control wpcf7-text wpcf7-validates-as-required\" aria-required=\"true\" aria-invalid=\"false\" value=\"\" type=\"text\" name=\"your-lastname\" \/><\/span>\n<\/p>\n<p>Votre email (obligatoire)\n<\/p>\n<p><span class=\"wpcf7-form-control-wrap\" data-name=\"your-email\"><input size=\"40\" maxlength=\"400\" class=\"wpcf7-form-control wpcf7-email wpcf7-validates-as-required wpcf7-text wpcf7-validates-as-email\" aria-required=\"true\" aria-invalid=\"false\" value=\"\" type=\"email\" name=\"your-email\" \/><\/span>\n<\/p>\n<p>Coordonn\u00e9es t\u00e9l\u00e9phoniques (obligatoire)\n<\/p>\n<p><span class=\"wpcf7-form-control-wrap\" data-name=\"your-phone\"><input size=\"40\" maxlength=\"400\" class=\"wpcf7-form-control wpcf7-text wpcf7-validates-as-required\" aria-required=\"true\" aria-invalid=\"false\" value=\"\" type=\"text\" name=\"your-phone\" \/><\/span>\n<\/p>\n<p>Code postal (obligatoire)\n<\/p>\n<p><span class=\"wpcf7-form-control-wrap\" data-name=\"code-postal\"><input size=\"40\" maxlength=\"400\" class=\"wpcf7-form-control wpcf7-text wpcf7-validates-as-required\" aria-required=\"true\" aria-invalid=\"false\" value=\"\" type=\"text\" name=\"code-postal\" \/><\/span>\n<\/p>\n<div class=\"separator-orange\">\n<\/div>\n<H2>REFERENCE CHANTIER FINAL\n<\/h2>\n<p>Nom du client (obligatoire)\n<\/p>\n<p><span class=\"wpcf7-form-control-wrap\" data-name=\"name-customer\"><input size=\"40\" maxlength=\"400\" class=\"wpcf7-form-control wpcf7-text wpcf7-validates-as-required\" aria-required=\"true\" aria-invalid=\"false\" value=\"\" type=\"text\" name=\"name-customer\" \/><\/span>\n<\/p>\n<p>Pr\u00e9nom (obligatoire)\n<\/p>\n<p><span class=\"wpcf7-form-control-wrap\" data-name=\"lastname-customer\"><input size=\"40\" maxlength=\"400\" class=\"wpcf7-form-control wpcf7-text wpcf7-validates-as-required\" aria-required=\"true\" aria-invalid=\"false\" value=\"\" type=\"text\" name=\"lastname-customer\" \/><\/span>\n<\/p>\n<p>Adresse (obligatoire)\n<\/p>\n<p><span class=\"wpcf7-form-control-wrap\" data-name=\"adress-customer\"><input size=\"40\" maxlength=\"400\" class=\"wpcf7-form-control wpcf7-text wpcf7-validates-as-required\" aria-required=\"true\" aria-invalid=\"false\" value=\"\" type=\"text\" name=\"adress-customer\" \/><\/span>\n<\/p>\n<p>Ville (obligatoire)\n<\/p>\n<p><span class=\"wpcf7-form-control-wrap\" data-name=\"ville-customer\"><input size=\"40\" maxlength=\"400\" class=\"wpcf7-form-control wpcf7-text wpcf7-validates-as-required\" aria-required=\"true\" aria-invalid=\"false\" value=\"\" type=\"text\" name=\"ville-customer\" \/><\/span>\n<\/p>\n<p>Code postal (obligatoire)\n<\/p>\n<p><span class=\"wpcf7-form-control-wrap\" data-name=\"code-postal-customer\"><input size=\"40\" maxlength=\"400\" class=\"wpcf7-form-control wpcf7-text wpcf7-validates-as-required\" aria-required=\"true\" aria-invalid=\"false\" value=\"\" type=\"text\" name=\"code-postal-customer\" \/><\/span>\n<\/p>\n<p>Coordonn\u00e9es t\u00e9l\u00e9phoniques (obligatoire)\n<\/p>\n<p><span class=\"wpcf7-form-control-wrap\" data-name=\"phone-customer\"><input size=\"40\" maxlength=\"400\" class=\"wpcf7-form-control wpcf7-text\" aria-invalid=\"false\" value=\"\" type=\"text\" name=\"phone-customer\" \/><\/span>\n<\/p>\n<div class=\"separator-orange\">\n<\/div>\n<H2>INFORMATIONS PRODUITS\n<\/h2>\n<p>Marque de l'onduleur (obligatoire)\n<\/p>\n<p><span class=\"wpcf7-form-control-wrap\" data-name=\"marque-onduleur\"><select class=\"wpcf7-form-control wpcf7-select wpcf7-validates-as-required\" aria-required=\"true\" aria-invalid=\"false\" name=\"marque-onduleur\"><option value=\"S\u00e9lectionner la marque de l&#039;onduleur\">S\u00e9lectionner la marque de l&#039;onduleur<\/option><option value=\"Diehl\">Diehl<\/option><option value=\"Fronius\">Fronius<\/option><option value=\"Kostal\">Kostal<\/option><option value=\"SMA\">SMA<\/option><option value=\"Mastervolt\">Mastervolt<\/option><option value=\"Powerone\">Powerone<\/option><option value=\"Solarmax\">Solarmax<\/option><\/select><\/span>\n<\/p>\n<p>Mod\u00e8le (obligatoire)\n<\/p>\n<p><span class=\"wpcf7-form-control-wrap\" data-name=\"modele\"><input size=\"40\" maxlength=\"400\" class=\"wpcf7-form-control wpcf7-text wpcf7-validates-as-required\" aria-required=\"true\" aria-invalid=\"false\" value=\"\" type=\"text\" name=\"modele\" \/><\/span>\n<\/p>\n<p>Num\u00e9ro de S\u00e9rie (obligatoire)\n<\/p>\n<p><span class=\"wpcf7-form-control-wrap\" data-name=\"serie\"><input size=\"40\" maxlength=\"400\" class=\"wpcf7-form-control wpcf7-text wpcf7-validates-as-required\" aria-required=\"true\" aria-invalid=\"false\" value=\"\" type=\"text\" name=\"serie\" \/><\/span>\n<\/p>\n<p>Date de pose (obligatoire)\n<\/p>\n<p><span class=\"wpcf7-form-control-wrap\" data-name=\"date-pose\"><input size=\"40\" maxlength=\"400\" class=\"wpcf7-form-control wpcf7-text wpcf7-validates-as-required\" aria-required=\"true\" aria-invalid=\"false\" value=\"\" type=\"text\" name=\"date-pose\" \/><\/span>\n<\/p>\n<p>Date de raccordement (obligatoire)\n<\/p>\n<p><span class=\"wpcf7-form-control-wrap\" data-name=\"date-raccordement\"><input size=\"40\" maxlength=\"400\" class=\"wpcf7-form-control wpcf7-text wpcf7-validates-as-required\" aria-required=\"true\" aria-invalid=\"false\" value=\"\" type=\"text\" name=\"date-raccordement\" \/><\/span>\n<\/p>\n<p>Duree d'extension souhaitee (obligatoire)\n<\/p>\n<p><span class=\"wpcf7-form-control-wrap\" data-name=\"duree\"><input size=\"40\" maxlength=\"400\" class=\"wpcf7-form-control wpcf7-text wpcf7-validates-as-required\" aria-required=\"true\" aria-invalid=\"false\" value=\"\" type=\"text\" name=\"duree\" \/><\/span>\n<\/p>\n<div class=\"separator-orange\">\n<\/div>\n<H2>A REMPLIR UNIQUEMENT POUR LES ONDULEURS SOLARMAX\n<\/h2>\n<p>Nombre de string\n<\/p>\n<p><span class=\"wpcf7-form-control-wrap\" data-name=\"string\"><select class=\"wpcf7-form-control wpcf7-select\" aria-invalid=\"false\" name=\"string\"><option value=\"S\u00e9lectionner\">S\u00e9lectionner<\/option><option value=\"1\">1<\/option><option value=\"2\">2<\/option><option value=\"3\">3<\/option><option value=\"4\">4<\/option><option value=\"5\">5<\/option><option value=\"6\">6<\/option><option value=\"7\">7<\/option><option value=\"8\">8<\/option><option value=\"9\">9<\/option><option value=\"10\">10<\/option><option value=\"11\">11<\/option><option value=\"12\">12<\/option><option value=\"13\">13<\/option><option value=\"14\">14<\/option><option value=\"15\">15<\/option><option value=\"16\">16<\/option><option value=\"17\">17<\/option><option value=\"18\">18<\/option><option value=\"19\">19<\/option><option value=\"20\">20<\/option><option value=\"+20\">+20<\/option><\/select><\/span>\n<\/p>\n<p>Nombre de panneaux\n<\/p>\n<p><span class=\"wpcf7-form-control-wrap\" data-name=\"nbr-panneau\"><input size=\"40\" maxlength=\"400\" class=\"wpcf7-form-control wpcf7-text\" aria-invalid=\"false\" value=\"\" type=\"text\" name=\"nbr-panneau\" \/><\/span>\n<\/p>\n<p>Marque des panneaux\n<\/p>\n<p><span class=\"wpcf7-form-control-wrap\" data-name=\"mrq-panneau\"><input size=\"40\" maxlength=\"400\" class=\"wpcf7-form-control wpcf7-text\" aria-invalid=\"false\" value=\"\" type=\"text\" name=\"mrq-panneau\" \/><\/span>\n<\/p>\n<p>Mod\u00e8le des panneaux\n<\/p>\n<p><span class=\"wpcf7-form-control-wrap\" data-name=\"mdl-panneau\"><input size=\"40\" maxlength=\"400\" class=\"wpcf7-form-control wpcf7-text\" aria-invalid=\"false\" value=\"\" type=\"text\" name=\"mdl-panneau\" \/><\/span>\n<\/p>\n<div class=\"separator-orange\">\n<\/div>\n<p><input class=\"wpcf7-form-control wpcf7-submit has-spinner\" type=\"submit\" value=\"Envoyer\" \/>\n<\/p><p style=\"display: none !important;\" class=\"akismet-fields-container\" data-prefix=\"_wpcf7_ak_\"><label>&#916;<textarea name=\"_wpcf7_ak_hp_textarea\" cols=\"45\" rows=\"8\" maxlength=\"100\"><\/textarea><\/label><input type=\"hidden\" id=\"ak_js_1\" name=\"_wpcf7_ak_js\" value=\"219\"\/><script>document.getElementById( \"ak_js_1\" ).setAttribute( \"value\", ( new Date() ).getTime() );<\/script><\/p><div class=\"wpcf7-response-output\" aria-hidden=\"true\"><\/div>\n<\/form>\n<\/div>\n\n","protected":false},"excerpt":{"rendered":"","protected":false},"author":1,"featured_media":0,"parent":0,"menu_order":0,"comment_status":"closed","ping_status":"closed","template":"sidebar-page.php","meta":{"ngg_post_thumbnail":0,"footnotes":""},"class_list":["post-978","page","type-page","status-publish","hentry"],"yoast_head":"<!-- This site is optimized with the Yoast SEO plugin v26.8 - https:\/\/yoast.com\/product\/yoast-seo-wordpress\/ -->\n<title>Certification, formulaire pour extension de garantie fabricant<\/title>\n<meta name=\"description\" content=\"Certification, formulaire pour extension de garantie fabricant pour les onduleurs de la Gamme Cap Energie. un service Cap Energie pour ses installateurs photovolta\u00efques\" \/>\n<meta name=\"robots\" content=\"noindex, follow, max-snippet:-1, max-image-preview:large, max-video-preview:-1\" \/>\n<meta property=\"og:locale\" content=\"fr_FR\" \/>\n<meta property=\"og:type\" content=\"article\" \/>\n<meta property=\"og:title\" content=\"Certification, formulaire pour extension de garantie fabricant\" \/>\n<meta property=\"og:description\" content=\"Certification, formulaire pour extension de garantie fabricant pour les onduleurs de la Gamme Cap Energie. un service Cap Energie pour ses installateurs photovolta\u00efques\" \/>\n<meta property=\"og:url\" content=\"http:\/\/dev.capenergie.fr\/catalogue\/extension-de-garantie.html\" \/>\n<meta property=\"article:modified_time\" content=\"2013-02-22T10:43:18+00:00\" \/>\n<script type=\"application\/ld+json\" class=\"yoast-schema-graph\">{\"@context\":\"https:\/\/schema.org\",\"@graph\":[{\"@type\":\"WebPage\",\"@id\":\"http:\/\/dev.capenergie.fr\/catalogue\/extension-de-garantie.html\",\"url\":\"http:\/\/dev.capenergie.fr\/catalogue\/extension-de-garantie.html\",\"name\":\"Certification, formulaire pour extension de garantie fabricant\",\"isPartOf\":{\"@id\":\"http:\/\/dev.capenergie.fr\/catalogue\/#website\"},\"datePublished\":\"2013-02-22T09:40:47+00:00\",\"dateModified\":\"2013-02-22T10:43:18+00:00\",\"description\":\"Certification, formulaire pour extension de garantie fabricant pour les onduleurs de la Gamme Cap Energie. un service Cap Energie pour ses installateurs photovolta\u00efques\",\"breadcrumb\":{\"@id\":\"http:\/\/dev.capenergie.fr\/catalogue\/extension-de-garantie.html#breadcrumb\"},\"inLanguage\":\"fr-FR\",\"potentialAction\":[{\"@type\":\"ReadAction\",\"target\":[\"http:\/\/dev.capenergie.fr\/catalogue\/extension-de-garantie.html\"]}]},{\"@type\":\"BreadcrumbList\",\"@id\":\"http:\/\/dev.capenergie.fr\/catalogue\/extension-de-garantie.html#breadcrumb\",\"itemListElement\":[{\"@type\":\"ListItem\",\"position\":1,\"name\":\"Accueil\",\"item\":\"http:\/\/dev.capenergie.fr\/catalogue\/\"},{\"@type\":\"ListItem\",\"position\":2,\"name\":\"Extension de garantie\"}]},{\"@type\":\"WebSite\",\"@id\":\"http:\/\/dev.capenergie.fr\/catalogue\/#website\",\"url\":\"http:\/\/dev.capenergie.fr\/catalogue\/\",\"name\":\"\",\"description\":\"\",\"potentialAction\":[{\"@type\":\"SearchAction\",\"target\":{\"@type\":\"EntryPoint\",\"urlTemplate\":\"http:\/\/dev.capenergie.fr\/catalogue\/?s={search_term_string}\"},\"query-input\":{\"@type\":\"PropertyValueSpecification\",\"valueRequired\":true,\"valueName\":\"search_term_string\"}}],\"inLanguage\":\"fr-FR\"}]}<\/script>\n<!-- \/ Yoast SEO plugin. -->","yoast_head_json":{"title":"Certification, formulaire pour extension de garantie fabricant","description":"Certification, formulaire pour extension de garantie fabricant pour les onduleurs de la Gamme Cap Energie. un service Cap Energie pour ses installateurs photovolta\u00efques","robots":{"index":"noindex","follow":"follow","max-snippet":"max-snippet:-1","max-image-preview":"max-image-preview:large","max-video-preview":"max-video-preview:-1"},"og_locale":"fr_FR","og_type":"article","og_title":"Certification, formulaire pour extension de garantie fabricant","og_description":"Certification, formulaire pour extension de garantie fabricant pour les onduleurs de la Gamme Cap Energie. un service Cap Energie pour ses installateurs photovolta\u00efques","og_url":"http:\/\/dev.capenergie.fr\/catalogue\/extension-de-garantie.html","article_modified_time":"2013-02-22T10:43:18+00:00","schema":{"@context":"https:\/\/schema.org","@graph":[{"@type":"WebPage","@id":"http:\/\/dev.capenergie.fr\/catalogue\/extension-de-garantie.html","url":"http:\/\/dev.capenergie.fr\/catalogue\/extension-de-garantie.html","name":"Certification, formulaire pour extension de garantie fabricant","isPartOf":{"@id":"http:\/\/dev.capenergie.fr\/catalogue\/#website"},"datePublished":"2013-02-22T09:40:47+00:00","dateModified":"2013-02-22T10:43:18+00:00","description":"Certification, formulaire pour extension de garantie fabricant pour les onduleurs de la Gamme Cap Energie. un service Cap Energie pour ses installateurs photovolta\u00efques","breadcrumb":{"@id":"http:\/\/dev.capenergie.fr\/catalogue\/extension-de-garantie.html#breadcrumb"},"inLanguage":"fr-FR","potentialAction":[{"@type":"ReadAction","target":["http:\/\/dev.capenergie.fr\/catalogue\/extension-de-garantie.html"]}]},{"@type":"BreadcrumbList","@id":"http:\/\/dev.capenergie.fr\/catalogue\/extension-de-garantie.html#breadcrumb","itemListElement":[{"@type":"ListItem","position":1,"name":"Accueil","item":"http:\/\/dev.capenergie.fr\/catalogue\/"},{"@type":"ListItem","position":2,"name":"Extension de garantie"}]},{"@type":"WebSite","@id":"http:\/\/dev.capenergie.fr\/catalogue\/#website","url":"http:\/\/dev.capenergie.fr\/catalogue\/","name":"","description":"","potentialAction":[{"@type":"SearchAction","target":{"@type":"EntryPoint","urlTemplate":"http:\/\/dev.capenergie.fr\/catalogue\/?s={search_term_string}"},"query-input":{"@type":"PropertyValueSpecification","valueRequired":true,"valueName":"search_term_string"}}],"inLanguage":"fr-FR"}]}},"_links":{"self":[{"href":"http:\/\/dev.capenergie.fr\/catalogue\/wp-json\/wp\/v2\/pages\/978","targetHints":{"allow":["GET"]}}],"collection":[{"href":"http:\/\/dev.capenergie.fr\/catalogue\/wp-json\/wp\/v2\/pages"}],"about":[{"href":"http:\/\/dev.capenergie.fr\/catalogue\/wp-json\/wp\/v2\/types\/page"}],"author":[{"embeddable":true,"href":"http:\/\/dev.capenergie.fr\/catalogue\/wp-json\/wp\/v2\/users\/1"}],"replies":[{"embeddable":true,"href":"http:\/\/dev.capenergie.fr\/catalogue\/wp-json\/wp\/v2\/comments?post=978"}],"version-history":[{"count":5,"href":"http:\/\/dev.capenergie.fr\/catalogue\/wp-json\/wp\/v2\/pages\/978\/revisions"}],"predecessor-version":[{"id":984,"href":"http:\/\/dev.capenergie.fr\/catalogue\/wp-json\/wp\/v2\/pages\/978\/revisions\/984"}],"wp:attachment":[{"href":"http:\/\/dev.capenergie.fr\/catalogue\/wp-json\/wp\/v2\/media?parent=978"}],"curies":[{"name":"wp","href":"https:\/\/api.w.org\/{rel}","templated":true}]}}